{"id":40924,"date":"2024-05-15T09:18:24","date_gmt":"2024-05-15T07:18:24","guid":{"rendered":"https:\/\/librairie7l.com\/?post_type=product&#038;p=40924"},"modified":"2026-05-03T18:42:25","modified_gmt":"2026-05-03T16:42:25","slug":"plantes-magiques-vertus-et-sortileges-de-la-nature","status":"publish","type":"product","link":"https:\/\/librairie7l.com\/en\/produit\/plantes-magiques-vertus-et-sortileges-de-la-nature\/","title":{"rendered":"PLANTES MAGIQUES &#8211; VERTUS ET SORTIL\u00c8GES DE LA NATURE"},"content":{"rendered":"<p>La magie s&#8217;invite partout, en particulier parmi les plantes !<br \/>\nLa magie s&#8217;invite partout, en particulier parmi les plantes. Des druides aux sorci\u00e8res, de la pythie de Delphes aux chamanes de Sib\u00e9rie, les cueillettes sp\u00e9cifiques, les rituels divinatoires ou purificatoires, les incantations sont de mise pour exploiter leurs vertus r\u00e9elles ou suppos\u00e9es. Millepertuis qualifi\u00e9 de &#8221; chasse-diable &#8220;, belladone empoisonneuse, peyotl hallucinatoire, mandragore dont la racine anthropomorphe condense un grand nombre de mythes&#8230; c&#8217;est un herbier redoutable qui se d\u00e9voile dans cet ouvrage !<\/p>\n","protected":false},"excerpt":{"rendered":"<p>La magie s&#8217;invite partout, en particulier parmi les plantes ! La magie s&#8217;invite partout, en particulier parmi les plantes. Des druides aux sorci\u00e8res, de la pythie de Delphes aux chamanes de Sib\u00e9rie, les cueillettes sp\u00e9cifiques, les rituels divinatoires ou purificatoires, les incantations sont de mise pour exploiter leurs vertus r\u00e9elles ou suppos\u00e9es. Millepertuis qualifi\u00e9 de [&hellip;]<\/p>\n","protected":false},"featured_media":40922,"template":"","meta":[],"product_cat":[2948,2956],"product_tag":[],"acf":[],"yoast_head":"<!-- This site is optimized with the Yoast SEO plugin v20.11 - https:\/\/yoast.com\/wordpress\/plugins\/seo\/ -->\n<title>Plantes magiques - Vertus et sortil\u00e8ges de la nature - Librairie 7L<\/title>\n<meta name=\"robots\" content=\"index, follow, max-snippet:-1, max-image-preview:large, max-video-preview:-1\" \/>\n<link rel=\"canonical\" href=\"https:\/\/librairie7l.com\/en\/produit\/plantes-magiques-vertus-et-sortileges-de-la-nature\/\" \/>\n<meta property=\"og:locale\" content=\"en_US\" \/>\n<meta property=\"og:type\" content=\"article\" \/>\n<meta property=\"og:title\" content=\"Plantes magiques - Vertus et sortil\u00e8ges de la nature - Librairie 7L\" \/>\n<meta property=\"og:description\" content=\"La magie s&#8217;invite partout, en particulier parmi les plantes ! La magie s&#8217;invite partout, en particulier parmi les plantes. Des druides aux sorci\u00e8res, de la pythie de Delphes aux chamanes de Sib\u00e9rie, les cueillettes sp\u00e9cifiques, les rituels divinatoires ou purificatoires, les incantations sont de mise pour exploiter leurs vertus r\u00e9elles ou suppos\u00e9es. Millepertuis qualifi\u00e9 de [&hellip;]\" \/>\n<meta property=\"og:url\" content=\"https:\/\/librairie7l.com\/en\/produit\/plantes-magiques-vertus-et-sortileges-de-la-nature\/\" \/>\n<meta property=\"og:site_name\" content=\"Librairie 7L\" \/>\n<meta property=\"article:modified_time\" content=\"2026-05-03T16:42:25+00:00\" \/>\n<meta property=\"og:image\" content=\"https:\/\/librairie7l.com\/wp-content\/uploads\/2024\/02\/9782717729672_1_75.jpg\" \/>\n\t<meta property=\"og:image:width\" content=\"600\" \/>\n\t<meta property=\"og:image:height\" content=\"840\" \/>\n\t<meta property=\"og:image:type\" content=\"image\/jpeg\" \/>\n<meta name=\"twitter:card\" content=\"summary_large_image\" \/>\n<script type=\"application\/ld+json\" class=\"yoast-schema-graph\">{\"@context\":\"https:\/\/schema.org\",\"@graph\":[{\"@type\":\"WebPage\",\"@id\":\"https:\/\/librairie7l.com\/en\/produit\/plantes-magiques-vertus-et-sortileges-de-la-nature\/\",\"url\":\"https:\/\/librairie7l.com\/en\/produit\/plantes-magiques-vertus-et-sortileges-de-la-nature\/\",\"name\":\"Plantes magiques - Vertus et sortil\u00e8ges de la nature - Librairie 7L\",\"isPartOf\":{\"@id\":\"https:\/\/librairie7l.com\/en\/#website\"},\"datePublished\":\"2024-05-15T07:18:24+00:00\",\"dateModified\":\"2026-05-03T16:42:25+00:00\",\"breadcrumb\":{\"@id\":\"https:\/\/librairie7l.com\/en\/produit\/plantes-magiques-vertus-et-sortileges-de-la-nature\/#breadcrumb\"},\"inLanguage\":\"en-US\",\"potentialAction\":[{\"@type\":\"ReadAction\",\"target\":[\"https:\/\/librairie7l.com\/en\/produit\/plantes-magiques-vertus-et-sortileges-de-la-nature\/\"]}]},{\"@type\":\"BreadcrumbList\",\"@id\":\"https:\/\/librairie7l.com\/en\/produit\/plantes-magiques-vertus-et-sortileges-de-la-nature\/#breadcrumb\",\"itemListElement\":[{\"@type\":\"ListItem\",\"position\":1,\"name\":\"Accueil\",\"item\":\"https:\/\/librairie7l.com\/en\/\"},{\"@type\":\"ListItem\",\"position\":2,\"name\":\"Shop\",\"item\":\"https:\/\/librairie7l.com\/en\/shop\/\"},{\"@type\":\"ListItem\",\"position\":3,\"name\":\"PLANTES MAGIQUES &#8211; VERTUS ET SORTIL\u00c8GES DE LA NATURE\"}]},{\"@type\":\"WebSite\",\"@id\":\"https:\/\/librairie7l.com\/en\/#website\",\"url\":\"https:\/\/librairie7l.com\/en\/\",\"name\":\"Librairie 7L\",\"description\":\"Librairie fond\u00e9e en 1999 par Karl Lagerfeld \u00e0 Paris\",\"publisher\":{\"@id\":\"https:\/\/librairie7l.com\/en\/#organization\"},\"potentialAction\":[{\"@type\":\"SearchAction\",\"target\":{\"@type\":\"EntryPoint\",\"urlTemplate\":\"https:\/\/librairie7l.com\/en\/?s={search_term_string}\"},\"query-input\":\"required name=search_term_string\"}],\"inLanguage\":\"en-US\"},{\"@type\":\"Organization\",\"@id\":\"https:\/\/librairie7l.com\/en\/#organization\",\"name\":\"Librairie 7L\",\"url\":\"https:\/\/librairie7l.com\/en\/\",\"logo\":{\"@type\":\"ImageObject\",\"inLanguage\":\"en-US\",\"@id\":\"https:\/\/librairie7l.com\/en\/#\/schema\/logo\/image\/\",\"url\":\"https:\/\/librairie7l.com\/wp-content\/uploads\/2022\/08\/logo-1.png\",\"contentUrl\":\"https:\/\/librairie7l.com\/wp-content\/uploads\/2022\/08\/logo-1.png\",\"width\":227,\"height\":301,\"caption\":\"Librairie 7L\"},\"image\":{\"@id\":\"https:\/\/librairie7l.com\/en\/#\/schema\/logo\/image\/\"}}]}<\/script>\n<!-- \/ Yoast SEO plugin. -->","yoast_head_json":{"title":"Plantes magiques - Vertus et sortil\u00e8ges de la nature - Librairie 7L","robots":{"index":"index","follow":"follow","max-snippet":"max-snippet:-1","max-image-preview":"max-image-preview:large","max-video-preview":"max-video-preview:-1"},"canonical":"https:\/\/librairie7l.com\/en\/produit\/plantes-magiques-vertus-et-sortileges-de-la-nature\/","og_locale":"en_US","og_type":"article","og_title":"Plantes magiques - Vertus et sortil\u00e8ges de la nature - Librairie 7L","og_description":"La magie s&#8217;invite partout, en particulier parmi les plantes ! La magie s&#8217;invite partout, en particulier parmi les plantes. Des druides aux sorci\u00e8res, de la pythie de Delphes aux chamanes de Sib\u00e9rie, les cueillettes sp\u00e9cifiques, les rituels divinatoires ou purificatoires, les incantations sont de mise pour exploiter leurs vertus r\u00e9elles ou suppos\u00e9es. Millepertuis qualifi\u00e9 de [&hellip;]","og_url":"https:\/\/librairie7l.com\/en\/produit\/plantes-magiques-vertus-et-sortileges-de-la-nature\/","og_site_name":"Librairie 7L","article_modified_time":"2026-05-03T16:42:25+00:00","og_image":[{"width":600,"height":840,"url":"https:\/\/librairie7l.com\/wp-content\/uploads\/2024\/02\/9782717729672_1_75.jpg","type":"image\/jpeg"}],"twitter_card":"summary_large_image","schema":{"@context":"https:\/\/schema.org","@graph":[{"@type":"WebPage","@id":"https:\/\/librairie7l.com\/en\/produit\/plantes-magiques-vertus-et-sortileges-de-la-nature\/","url":"https:\/\/librairie7l.com\/en\/produit\/plantes-magiques-vertus-et-sortileges-de-la-nature\/","name":"Plantes magiques - Vertus et sortil\u00e8ges de la nature - Librairie 7L","isPartOf":{"@id":"https:\/\/librairie7l.com\/en\/#website"},"datePublished":"2024-05-15T07:18:24+00:00","dateModified":"2026-05-03T16:42:25+00:00","breadcrumb":{"@id":"https:\/\/librairie7l.com\/en\/produit\/plantes-magiques-vertus-et-sortileges-de-la-nature\/#breadcrumb"},"inLanguage":"en-US","potentialAction":[{"@type":"ReadAction","target":["https:\/\/librairie7l.com\/en\/produit\/plantes-magiques-vertus-et-sortileges-de-la-nature\/"]}]},{"@type":"BreadcrumbList","@id":"https:\/\/librairie7l.com\/en\/produit\/plantes-magiques-vertus-et-sortileges-de-la-nature\/#breadcrumb","itemListElement":[{"@type":"ListItem","position":1,"name":"Accueil","item":"https:\/\/librairie7l.com\/en\/"},{"@type":"ListItem","position":2,"name":"Shop","item":"https:\/\/librairie7l.com\/en\/shop\/"},{"@type":"ListItem","position":3,"name":"PLANTES MAGIQUES &#8211; VERTUS ET SORTIL\u00c8GES DE LA NATURE"}]},{"@type":"WebSite","@id":"https:\/\/librairie7l.com\/en\/#website","url":"https:\/\/librairie7l.com\/en\/","name":"Librairie 7L","description":"Librairie fond\u00e9e en 1999 par Karl Lagerfeld \u00e0 Paris","publisher":{"@id":"https:\/\/librairie7l.com\/en\/#organization"},"potentialAction":[{"@type":"SearchAction","target":{"@type":"EntryPoint","urlTemplate":"https:\/\/librairie7l.com\/en\/?s={search_term_string}"},"query-input":"required name=search_term_string"}],"inLanguage":"en-US"},{"@type":"Organization","@id":"https:\/\/librairie7l.com\/en\/#organization","name":"Librairie 7L","url":"https:\/\/librairie7l.com\/en\/","logo":{"@type":"ImageObject","inLanguage":"en-US","@id":"https:\/\/librairie7l.com\/en\/#\/schema\/logo\/image\/","url":"https:\/\/librairie7l.com\/wp-content\/uploads\/2022\/08\/logo-1.png","contentUrl":"https:\/\/librairie7l.com\/wp-content\/uploads\/2022\/08\/logo-1.png","width":227,"height":301,"caption":"Librairie 7L"},"image":{"@id":"https:\/\/librairie7l.com\/en\/#\/schema\/logo\/image\/"}}]}},"_links":{"self":[{"href":"https:\/\/librairie7l.com\/en\/wp-json\/wp\/v2\/product\/40924"}],"collection":[{"href":"https:\/\/librairie7l.com\/en\/wp-json\/wp\/v2\/product"}],"about":[{"href":"https:\/\/librairie7l.com\/en\/wp-json\/wp\/v2\/types\/product"}],"wp:featuredmedia":[{"embeddable":true,"href":"https:\/\/librairie7l.com\/en\/wp-json\/wp\/v2\/media\/40922"}],"wp:attachment":[{"href":"https:\/\/librairie7l.com\/en\/wp-json\/wp\/v2\/media?parent=40924"}],"wp:term":[{"taxonomy":"product_cat","embeddable":true,"href":"https:\/\/librairie7l.com\/en\/wp-json\/wp\/v2\/product_cat?post=40924"},{"taxonomy":"product_tag","embeddable":true,"href":"https:\/\/librairie7l.com\/en\/wp-json\/wp\/v2\/product_tag?post=40924"}],"curies":[{"name":"wp","href":"https:\/\/api.w.org\/{rel}","templated":true}]}}