{"id":40928,"date":"2024-05-15T09:18:28","date_gmt":"2024-05-15T07:18:28","guid":{"rendered":"https:\/\/librairie7l.com\/?post_type=product&#038;p=40928"},"modified":"2026-04-30T15:26:20","modified_gmt":"2026-04-30T13:26:20","slug":"sport-limportant-cest-de-participer","status":"publish","type":"product","link":"https:\/\/librairie7l.com\/en\/produit\/sport-limportant-cest-de-participer\/","title":{"rendered":"SPORT &#8211; L&#8217;IMPORTANT C&#8217;EST DE PARTICIPER !"},"content":{"rendered":"<p>\u00c0 la Belle \u00c9poque, le sport devient un spectacle incontournable, qui tient ses promesses de sensationnalisme et son public en haleine.<br \/>\nDes disciplines classiques aux jeux de foire cocasses, la photographie immortalise ce ph\u00e9nom\u00e8ne grandissant.<br \/>\n\u00c0 la Belle \u00c9poque, le sport devient un spectacle incontournable, qui tient ses promesses de sensationnalisme et son public en haleine. Des disciplines classiques aux jeux de foire cocasses, la photographie immortalise ce ph\u00e9nom\u00e8ne grandissant. Dans la profusion des images des grandes agences de presse comme Rol ou Meurisse, se r\u00e9v\u00e8lent ainsi des pratiques insolites et des comp\u00e9titions loufoques. Le v\u00e9lo se marie au plongeon, le football \u00e0 la motocyclette, le tennis au patin \u00e0 glace..<\/p>\n","protected":false},"excerpt":{"rendered":"<p>\u00c0 la Belle \u00c9poque, le sport devient un spectacle incontournable, qui tient ses promesses de sensationnalisme et son public en haleine. Des disciplines classiques aux jeux de foire cocasses, la photographie immortalise ce ph\u00e9nom\u00e8ne grandissant. \u00c0 la Belle \u00c9poque, le sport devient un spectacle incontournable, qui tient ses promesses de sensationnalisme et son public en [&hellip;]<\/p>\n","protected":false},"featured_media":40926,"template":"","meta":[],"product_cat":[2948,2953],"product_tag":[],"acf":[],"yoast_head":"<!-- This site is optimized with the Yoast SEO plugin v20.11 - https:\/\/yoast.com\/wordpress\/plugins\/seo\/ -->\n<title>Sport - L&#039;Important c&#039;est de participer ! - Librairie 7L<\/title>\n<meta name=\"robots\" content=\"index, follow, max-snippet:-1, max-image-preview:large, max-video-preview:-1\" \/>\n<link rel=\"canonical\" href=\"https:\/\/librairie7l.com\/en\/produit\/sport-limportant-cest-de-participer\/\" \/>\n<meta property=\"og:locale\" content=\"en_US\" \/>\n<meta property=\"og:type\" content=\"article\" \/>\n<meta property=\"og:title\" content=\"Sport - L&#039;Important c&#039;est de participer ! - Librairie 7L\" \/>\n<meta property=\"og:description\" content=\"\u00c0 la Belle \u00c9poque, le sport devient un spectacle incontournable, qui tient ses promesses de sensationnalisme et son public en haleine. Des disciplines classiques aux jeux de foire cocasses, la photographie immortalise ce ph\u00e9nom\u00e8ne grandissant. \u00c0 la Belle \u00c9poque, le sport devient un spectacle incontournable, qui tient ses promesses de sensationnalisme et son public en [&hellip;]\" \/>\n<meta property=\"og:url\" content=\"https:\/\/librairie7l.com\/en\/produit\/sport-limportant-cest-de-participer\/\" \/>\n<meta property=\"og:site_name\" content=\"Librairie 7L\" \/>\n<meta property=\"article:modified_time\" content=\"2026-04-30T13:26:20+00:00\" \/>\n<meta property=\"og:image\" content=\"https:\/\/librairie7l.com\/wp-content\/uploads\/2024\/02\/9782717729665_1_75.jpg\" \/>\n\t<meta property=\"og:image:width\" content=\"600\" \/>\n\t<meta property=\"og:image:height\" content=\"868\" \/>\n\t<meta property=\"og:image:type\" content=\"image\/jpeg\" \/>\n<meta name=\"twitter:card\" content=\"summary_large_image\" \/>\n<meta name=\"twitter:label1\" content=\"Est. reading time\" \/>\n\t<meta name=\"twitter:data1\" content=\"1 minute\" \/>\n<script type=\"application\/ld+json\" class=\"yoast-schema-graph\">{\"@context\":\"https:\/\/schema.org\",\"@graph\":[{\"@type\":\"WebPage\",\"@id\":\"https:\/\/librairie7l.com\/en\/produit\/sport-limportant-cest-de-participer\/\",\"url\":\"https:\/\/librairie7l.com\/en\/produit\/sport-limportant-cest-de-participer\/\",\"name\":\"Sport - L'Important c'est de participer ! - Librairie 7L\",\"isPartOf\":{\"@id\":\"https:\/\/librairie7l.com\/en\/#website\"},\"datePublished\":\"2024-05-15T07:18:28+00:00\",\"dateModified\":\"2026-04-30T13:26:20+00:00\",\"breadcrumb\":{\"@id\":\"https:\/\/librairie7l.com\/en\/produit\/sport-limportant-cest-de-participer\/#breadcrumb\"},\"inLanguage\":\"en-US\",\"potentialAction\":[{\"@type\":\"ReadAction\",\"target\":[\"https:\/\/librairie7l.com\/en\/produit\/sport-limportant-cest-de-participer\/\"]}]},{\"@type\":\"BreadcrumbList\",\"@id\":\"https:\/\/librairie7l.com\/en\/produit\/sport-limportant-cest-de-participer\/#breadcrumb\",\"itemListElement\":[{\"@type\":\"ListItem\",\"position\":1,\"name\":\"Accueil\",\"item\":\"https:\/\/librairie7l.com\/en\/\"},{\"@type\":\"ListItem\",\"position\":2,\"name\":\"Shop\",\"item\":\"https:\/\/librairie7l.com\/en\/shop\/\"},{\"@type\":\"ListItem\",\"position\":3,\"name\":\"SPORT &#8211; L&#8217;IMPORTANT C&#8217;EST DE PARTICIPER !\"}]},{\"@type\":\"WebSite\",\"@id\":\"https:\/\/librairie7l.com\/en\/#website\",\"url\":\"https:\/\/librairie7l.com\/en\/\",\"name\":\"Librairie 7L\",\"description\":\"Librairie fond\u00e9e en 1999 par Karl Lagerfeld \u00e0 Paris\",\"publisher\":{\"@id\":\"https:\/\/librairie7l.com\/en\/#organization\"},\"potentialAction\":[{\"@type\":\"SearchAction\",\"target\":{\"@type\":\"EntryPoint\",\"urlTemplate\":\"https:\/\/librairie7l.com\/en\/?s={search_term_string}\"},\"query-input\":\"required name=search_term_string\"}],\"inLanguage\":\"en-US\"},{\"@type\":\"Organization\",\"@id\":\"https:\/\/librairie7l.com\/en\/#organization\",\"name\":\"Librairie 7L\",\"url\":\"https:\/\/librairie7l.com\/en\/\",\"logo\":{\"@type\":\"ImageObject\",\"inLanguage\":\"en-US\",\"@id\":\"https:\/\/librairie7l.com\/en\/#\/schema\/logo\/image\/\",\"url\":\"https:\/\/librairie7l.com\/wp-content\/uploads\/2022\/08\/logo-1.png\",\"contentUrl\":\"https:\/\/librairie7l.com\/wp-content\/uploads\/2022\/08\/logo-1.png\",\"width\":227,\"height\":301,\"caption\":\"Librairie 7L\"},\"image\":{\"@id\":\"https:\/\/librairie7l.com\/en\/#\/schema\/logo\/image\/\"}}]}<\/script>\n<!-- \/ Yoast SEO plugin. -->","yoast_head_json":{"title":"Sport - L'Important c'est de participer ! - Librairie 7L","robots":{"index":"index","follow":"follow","max-snippet":"max-snippet:-1","max-image-preview":"max-image-preview:large","max-video-preview":"max-video-preview:-1"},"canonical":"https:\/\/librairie7l.com\/en\/produit\/sport-limportant-cest-de-participer\/","og_locale":"en_US","og_type":"article","og_title":"Sport - L'Important c'est de participer ! - Librairie 7L","og_description":"\u00c0 la Belle \u00c9poque, le sport devient un spectacle incontournable, qui tient ses promesses de sensationnalisme et son public en haleine. Des disciplines classiques aux jeux de foire cocasses, la photographie immortalise ce ph\u00e9nom\u00e8ne grandissant. \u00c0 la Belle \u00c9poque, le sport devient un spectacle incontournable, qui tient ses promesses de sensationnalisme et son public en [&hellip;]","og_url":"https:\/\/librairie7l.com\/en\/produit\/sport-limportant-cest-de-participer\/","og_site_name":"Librairie 7L","article_modified_time":"2026-04-30T13:26:20+00:00","og_image":[{"width":600,"height":868,"url":"https:\/\/librairie7l.com\/wp-content\/uploads\/2024\/02\/9782717729665_1_75.jpg","type":"image\/jpeg"}],"twitter_card":"summary_large_image","twitter_misc":{"Est. reading time":"1 minute"},"schema":{"@context":"https:\/\/schema.org","@graph":[{"@type":"WebPage","@id":"https:\/\/librairie7l.com\/en\/produit\/sport-limportant-cest-de-participer\/","url":"https:\/\/librairie7l.com\/en\/produit\/sport-limportant-cest-de-participer\/","name":"Sport - L'Important c'est de participer ! - Librairie 7L","isPartOf":{"@id":"https:\/\/librairie7l.com\/en\/#website"},"datePublished":"2024-05-15T07:18:28+00:00","dateModified":"2026-04-30T13:26:20+00:00","breadcrumb":{"@id":"https:\/\/librairie7l.com\/en\/produit\/sport-limportant-cest-de-participer\/#breadcrumb"},"inLanguage":"en-US","potentialAction":[{"@type":"ReadAction","target":["https:\/\/librairie7l.com\/en\/produit\/sport-limportant-cest-de-participer\/"]}]},{"@type":"BreadcrumbList","@id":"https:\/\/librairie7l.com\/en\/produit\/sport-limportant-cest-de-participer\/#breadcrumb","itemListElement":[{"@type":"ListItem","position":1,"name":"Accueil","item":"https:\/\/librairie7l.com\/en\/"},{"@type":"ListItem","position":2,"name":"Shop","item":"https:\/\/librairie7l.com\/en\/shop\/"},{"@type":"ListItem","position":3,"name":"SPORT &#8211; L&#8217;IMPORTANT C&#8217;EST DE PARTICIPER !"}]},{"@type":"WebSite","@id":"https:\/\/librairie7l.com\/en\/#website","url":"https:\/\/librairie7l.com\/en\/","name":"Librairie 7L","description":"Librairie fond\u00e9e en 1999 par Karl Lagerfeld \u00e0 Paris","publisher":{"@id":"https:\/\/librairie7l.com\/en\/#organization"},"potentialAction":[{"@type":"SearchAction","target":{"@type":"EntryPoint","urlTemplate":"https:\/\/librairie7l.com\/en\/?s={search_term_string}"},"query-input":"required name=search_term_string"}],"inLanguage":"en-US"},{"@type":"Organization","@id":"https:\/\/librairie7l.com\/en\/#organization","name":"Librairie 7L","url":"https:\/\/librairie7l.com\/en\/","logo":{"@type":"ImageObject","inLanguage":"en-US","@id":"https:\/\/librairie7l.com\/en\/#\/schema\/logo\/image\/","url":"https:\/\/librairie7l.com\/wp-content\/uploads\/2022\/08\/logo-1.png","contentUrl":"https:\/\/librairie7l.com\/wp-content\/uploads\/2022\/08\/logo-1.png","width":227,"height":301,"caption":"Librairie 7L"},"image":{"@id":"https:\/\/librairie7l.com\/en\/#\/schema\/logo\/image\/"}}]}},"_links":{"self":[{"href":"https:\/\/librairie7l.com\/en\/wp-json\/wp\/v2\/product\/40928"}],"collection":[{"href":"https:\/\/librairie7l.com\/en\/wp-json\/wp\/v2\/product"}],"about":[{"href":"https:\/\/librairie7l.com\/en\/wp-json\/wp\/v2\/types\/product"}],"wp:featuredmedia":[{"embeddable":true,"href":"https:\/\/librairie7l.com\/en\/wp-json\/wp\/v2\/media\/40926"}],"wp:attachment":[{"href":"https:\/\/librairie7l.com\/en\/wp-json\/wp\/v2\/media?parent=40928"}],"wp:term":[{"taxonomy":"product_cat","embeddable":true,"href":"https:\/\/librairie7l.com\/en\/wp-json\/wp\/v2\/product_cat?post=40928"},{"taxonomy":"product_tag","embeddable":true,"href":"https:\/\/librairie7l.com\/en\/wp-json\/wp\/v2\/product_tag?post=40928"}],"curies":[{"name":"wp","href":"https:\/\/api.w.org\/{rel}","templated":true}]}}