{"id":40930,"date":"2024-05-15T09:18:30","date_gmt":"2024-05-15T07:18:30","guid":{"rendered":"https:\/\/librairie7l.com\/?post_type=product&#038;p=40930"},"modified":"2026-04-22T17:05:33","modified_gmt":"2026-04-22T15:05:33","slug":"paysages-sismiques","status":"publish","type":"product","link":"https:\/\/librairie7l.com\/en\/produit\/paysages-sismiques\/","title":{"rendered":"PAYSAGES SISMIQUES"},"content":{"rendered":"<p>N\u00e9 d&#8217;une rencontre entre le photographe Thomas Gizolme et le chercheur en g\u00e9ophysique Alexandre Schubnel, cet ouvrage, au croisement entre art et sciences, interroge le regard photographique. <\/p>\n<p>P\u00e9n\u00e9trer au coeur du manteau terrestre et voir ce qui se passe lors d&#8217;un s\u00e9isme : fusion, dilatation, fragmentation, explosion, sous l&#8217;effet de la chaleur les roches se m\u00e9tamorphosent et r\u00e9v\u00e8lent leurs myst\u00e8res. Afin de comprendre et donc d&#8217;anticiper ces drames que sont les tremblements de terre et les tsunamis, le laboratoire de g\u00e9ologie de l&#8217;\u00c9cole normale sup\u00e9rieure de Paris reproduit ces ph\u00e9nom\u00e8nes physiques en vase clos. \u00c0 cet effet, une machine a \u00e9t\u00e9 \u00e9labor\u00e9e pour recr\u00e9er la lib\u00e9ration d&#8217;\u00e9nergie exerc\u00e9e par des roches port\u00e9es \u00e0 tr\u00e8s haute temp\u00e9rature et un appareil photographique a \u00e9t\u00e9 imagin\u00e9 pour prendre des images lors de ces exp\u00e9riences de fusion de la mati\u00e8re. Destin\u00e9es aux chercheurs, ces photographies donnent \u00e0 voir un monde inconnu : \u00e0 des centaines de kilom\u00e8tres sous nos pieds existent des paysages fantastiques. L&#8217;oeil p\u00e9n\u00e8tre par effraction dans la mati\u00e8re, immerg\u00e9 dans l&#8217;infiniment petit, \u00e0 l&#8217;\u00e9chelle atomique du nano (le milliardi\u00e8me). Les roches &#8211; calcaire, basalte, marbre, granite&#8230; &#8211; r\u00e9v\u00e8lent alors leurs \u00e9toiles, cristaux, structures alv\u00e9olaires&#8230; Ces images nous font d\u00e9couvrir un univers qui \u00e9voque \u00e0 la fois des fonds sous-marins et des galaxies lointaines. <\/p>\n<p>\u00c9nigmatique et captivante, l&#8217;image scientifique transforme notre id\u00e9e du monde. Des gravures du xve si\u00e8cle des premiers observateurs du cosmos aux photographies du trou noir prises au centre de la galaxie M87, les images scientifiques t\u00e9moignent de notre fascination pour le micro et le macrocosme, autant que des avanc\u00e9es de la recherche fondamentale. Parce qu&#8217;elles montrent ce que l&#8217;oeil seul ne peut voir, parce qu&#8217;elles questionnent le m\u00e9dium photographique autant que la curiosit\u00e9 du photographe, ces images des profondeurs de la Terre envo\u00fbtent et nous emportent aux confins du merveilleux <\/p>\n<p> Textes :<br \/>\n&#8211; Alexandre Schubnel, directeur du laboratoire de g\u00e9ologie de l&#8217;ENS<br \/>\n&#8211; Thomas Gilzome, photographe<\/p>\n<p> P\u00e9n\u00e9trer au coeur du manteau terrestre et voir ce qui se passe lors d&#8217;un s\u00e9isme : fusion, dilatation, fragmentation, explosion, sous l&#8217;effet de la chaleur les roches se m\u00e9tamorphosent et r\u00e9v\u00e8lent leurs myst\u00e8res. Afin de comprendre et donc d&#8217;anticiper ces drames que sont les tremblements de terre et les tsunamis, le laboratoire de g\u00e9ologie de l&#8217;\u00c9cole normale sup\u00e9rieure de Paris reproduit ces ph\u00e9nom\u00e8nes physiques en vase clos. \u00c0 cet effet, une machine a \u00e9t\u00e9 \u00e9labor\u00e9e pour recr\u00e9er la lib\u00e9ration d&#8217;\u00e9nergie exerc\u00e9e par des roches port\u00e9es \u00e0 tr\u00e8s haute temp\u00e9rature et un appareil photographique a \u00e9t\u00e9 imagin\u00e9 pour prendre des images lors de ces exp\u00e9riences de fusion de la mati\u00e8re. Destin\u00e9es aux chercheurs, ces photographies donnent \u00e0 voir un monde inconnu : \u00e0 des centaines de kilom\u00e8tres sous nos pieds existent des paysages fantastiques. L&#8217;oeil p\u00e9n\u00e8tre par effraction dans la mati\u00e8re, immerg\u00e9 dans l&#8217;infiniment petit, \u00e0 l&#8217;\u00e9chelle atomique du nano (le milliardi\u00e8me). Les roches &#8211; calcaire, basalte, marbre, granite&#8230; &#8211; r\u00e9v\u00e8lent alors leurs \u00e9toiles, cristaux, structures alv\u00e9olaires&#8230; Ces images nous font d\u00e9couvrir un univers qui \u00e9voque \u00e0 la fois des fonds sous-marins et des galaxies lointaines. <\/p>\n<p>\u00c9nigmatique et captivante, l&#8217;image scientifique transforme notre id\u00e9e du monde. Des gravures du xve si\u00e8cle des premiers observateurs du cosmos aux photographies du trou noir prises au centre de la galaxie M87, les images scientifiques t\u00e9moignent de notre fascination pour le micro et le macrocosme, autant que des avanc\u00e9es de la recherche fondamentale. Parce qu&#8217;elles montrent ce que l&#8217;oeil seul ne peut voir, parce qu&#8217;elles questionnent le m\u00e9dium photographique autant que la curiosit\u00e9 du photographe, ces images des profondeurs de la Terre envo\u00fbtent et nous emportent aux confins du merveilleux<\/p>\n","protected":false},"excerpt":{"rendered":"<p>N\u00e9 d&#8217;une rencontre entre le photographe Thomas Gizolme et le chercheur en g\u00e9ophysique Alexandre Schubnel, cet ouvrage, au croisement entre art et sciences, interroge le regard photographique. P\u00e9n\u00e9trer au coeur du manteau terrestre et voir ce qui se passe lors d&#8217;un s\u00e9isme : fusion, dilatation, fragmentation, explosion, sous l&#8217;effet de la chaleur les roches se [&hellip;]<\/p>\n","protected":false},"featured_media":41136,"template":"","meta":[],"product_cat":[2948,2958],"product_tag":[],"acf":[],"yoast_head":"<!-- This site is optimized with the Yoast SEO plugin v20.11 - https:\/\/yoast.com\/wordpress\/plugins\/seo\/ -->\n<title>Paysages sismiques - Librairie 7L<\/title>\n<meta name=\"robots\" content=\"index, follow, max-snippet:-1, max-image-preview:large, max-video-preview:-1\" \/>\n<link rel=\"canonical\" href=\"https:\/\/librairie7l.com\/en\/produit\/paysages-sismiques\/\" \/>\n<meta property=\"og:locale\" content=\"en_US\" \/>\n<meta property=\"og:type\" content=\"article\" \/>\n<meta property=\"og:title\" content=\"Paysages sismiques - Librairie 7L\" \/>\n<meta property=\"og:description\" content=\"N\u00e9 d&#8217;une rencontre entre le photographe Thomas Gizolme et le chercheur en g\u00e9ophysique Alexandre Schubnel, cet ouvrage, au croisement entre art et sciences, interroge le regard photographique. P\u00e9n\u00e9trer au coeur du manteau terrestre et voir ce qui se passe lors d&#8217;un s\u00e9isme : fusion, dilatation, fragmentation, explosion, sous l&#8217;effet de la chaleur les roches se [&hellip;]\" \/>\n<meta property=\"og:url\" content=\"https:\/\/librairie7l.com\/en\/produit\/paysages-sismiques\/\" \/>\n<meta property=\"og:site_name\" content=\"Librairie 7L\" \/>\n<meta property=\"article:modified_time\" content=\"2026-04-22T15:05:33+00:00\" \/>\n<meta property=\"og:image\" content=\"https:\/\/librairie7l.com\/wp-content\/uploads\/2024\/05\/9782365112932_1_75.jpg\" \/>\n\t<meta property=\"og:image:width\" content=\"400\" \/>\n\t<meta property=\"og:image:height\" content=\"561\" \/>\n\t<meta property=\"og:image:type\" content=\"image\/jpeg\" \/>\n<meta name=\"twitter:card\" content=\"summary_large_image\" \/>\n<meta name=\"twitter:label1\" content=\"Est. reading time\" \/>\n\t<meta name=\"twitter:data1\" content=\"3 minutes\" \/>\n<script type=\"application\/ld+json\" class=\"yoast-schema-graph\">{\"@context\":\"https:\/\/schema.org\",\"@graph\":[{\"@type\":\"WebPage\",\"@id\":\"https:\/\/librairie7l.com\/en\/produit\/paysages-sismiques\/\",\"url\":\"https:\/\/librairie7l.com\/en\/produit\/paysages-sismiques\/\",\"name\":\"Paysages sismiques - Librairie 7L\",\"isPartOf\":{\"@id\":\"https:\/\/librairie7l.com\/en\/#website\"},\"datePublished\":\"2024-05-15T07:18:30+00:00\",\"dateModified\":\"2026-04-22T15:05:33+00:00\",\"breadcrumb\":{\"@id\":\"https:\/\/librairie7l.com\/en\/produit\/paysages-sismiques\/#breadcrumb\"},\"inLanguage\":\"en-US\",\"potentialAction\":[{\"@type\":\"ReadAction\",\"target\":[\"https:\/\/librairie7l.com\/en\/produit\/paysages-sismiques\/\"]}]},{\"@type\":\"BreadcrumbList\",\"@id\":\"https:\/\/librairie7l.com\/en\/produit\/paysages-sismiques\/#breadcrumb\",\"itemListElement\":[{\"@type\":\"ListItem\",\"position\":1,\"name\":\"Accueil\",\"item\":\"https:\/\/librairie7l.com\/en\/\"},{\"@type\":\"ListItem\",\"position\":2,\"name\":\"Shop\",\"item\":\"https:\/\/librairie7l.com\/en\/shop\/\"},{\"@type\":\"ListItem\",\"position\":3,\"name\":\"PAYSAGES SISMIQUES\"}]},{\"@type\":\"WebSite\",\"@id\":\"https:\/\/librairie7l.com\/en\/#website\",\"url\":\"https:\/\/librairie7l.com\/en\/\",\"name\":\"Librairie 7L\",\"description\":\"Librairie fond\u00e9e en 1999 par Karl Lagerfeld \u00e0 Paris\",\"publisher\":{\"@id\":\"https:\/\/librairie7l.com\/en\/#organization\"},\"potentialAction\":[{\"@type\":\"SearchAction\",\"target\":{\"@type\":\"EntryPoint\",\"urlTemplate\":\"https:\/\/librairie7l.com\/en\/?s={search_term_string}\"},\"query-input\":\"required name=search_term_string\"}],\"inLanguage\":\"en-US\"},{\"@type\":\"Organization\",\"@id\":\"https:\/\/librairie7l.com\/en\/#organization\",\"name\":\"Librairie 7L\",\"url\":\"https:\/\/librairie7l.com\/en\/\",\"logo\":{\"@type\":\"ImageObject\",\"inLanguage\":\"en-US\",\"@id\":\"https:\/\/librairie7l.com\/en\/#\/schema\/logo\/image\/\",\"url\":\"https:\/\/librairie7l.com\/wp-content\/uploads\/2022\/08\/logo-1.png\",\"contentUrl\":\"https:\/\/librairie7l.com\/wp-content\/uploads\/2022\/08\/logo-1.png\",\"width\":227,\"height\":301,\"caption\":\"Librairie 7L\"},\"image\":{\"@id\":\"https:\/\/librairie7l.com\/en\/#\/schema\/logo\/image\/\"}}]}<\/script>\n<!-- \/ Yoast SEO plugin. -->","yoast_head_json":{"title":"Paysages sismiques - Librairie 7L","robots":{"index":"index","follow":"follow","max-snippet":"max-snippet:-1","max-image-preview":"max-image-preview:large","max-video-preview":"max-video-preview:-1"},"canonical":"https:\/\/librairie7l.com\/en\/produit\/paysages-sismiques\/","og_locale":"en_US","og_type":"article","og_title":"Paysages sismiques - Librairie 7L","og_description":"N\u00e9 d&#8217;une rencontre entre le photographe Thomas Gizolme et le chercheur en g\u00e9ophysique Alexandre Schubnel, cet ouvrage, au croisement entre art et sciences, interroge le regard photographique. P\u00e9n\u00e9trer au coeur du manteau terrestre et voir ce qui se passe lors d&#8217;un s\u00e9isme : fusion, dilatation, fragmentation, explosion, sous l&#8217;effet de la chaleur les roches se [&hellip;]","og_url":"https:\/\/librairie7l.com\/en\/produit\/paysages-sismiques\/","og_site_name":"Librairie 7L","article_modified_time":"2026-04-22T15:05:33+00:00","og_image":[{"width":400,"height":561,"url":"https:\/\/librairie7l.com\/wp-content\/uploads\/2024\/05\/9782365112932_1_75.jpg","type":"image\/jpeg"}],"twitter_card":"summary_large_image","twitter_misc":{"Est. reading time":"3 minutes"},"schema":{"@context":"https:\/\/schema.org","@graph":[{"@type":"WebPage","@id":"https:\/\/librairie7l.com\/en\/produit\/paysages-sismiques\/","url":"https:\/\/librairie7l.com\/en\/produit\/paysages-sismiques\/","name":"Paysages sismiques - Librairie 7L","isPartOf":{"@id":"https:\/\/librairie7l.com\/en\/#website"},"datePublished":"2024-05-15T07:18:30+00:00","dateModified":"2026-04-22T15:05:33+00:00","breadcrumb":{"@id":"https:\/\/librairie7l.com\/en\/produit\/paysages-sismiques\/#breadcrumb"},"inLanguage":"en-US","potentialAction":[{"@type":"ReadAction","target":["https:\/\/librairie7l.com\/en\/produit\/paysages-sismiques\/"]}]},{"@type":"BreadcrumbList","@id":"https:\/\/librairie7l.com\/en\/produit\/paysages-sismiques\/#breadcrumb","itemListElement":[{"@type":"ListItem","position":1,"name":"Accueil","item":"https:\/\/librairie7l.com\/en\/"},{"@type":"ListItem","position":2,"name":"Shop","item":"https:\/\/librairie7l.com\/en\/shop\/"},{"@type":"ListItem","position":3,"name":"PAYSAGES SISMIQUES"}]},{"@type":"WebSite","@id":"https:\/\/librairie7l.com\/en\/#website","url":"https:\/\/librairie7l.com\/en\/","name":"Librairie 7L","description":"Librairie fond\u00e9e en 1999 par Karl Lagerfeld \u00e0 Paris","publisher":{"@id":"https:\/\/librairie7l.com\/en\/#organization"},"potentialAction":[{"@type":"SearchAction","target":{"@type":"EntryPoint","urlTemplate":"https:\/\/librairie7l.com\/en\/?s={search_term_string}"},"query-input":"required name=search_term_string"}],"inLanguage":"en-US"},{"@type":"Organization","@id":"https:\/\/librairie7l.com\/en\/#organization","name":"Librairie 7L","url":"https:\/\/librairie7l.com\/en\/","logo":{"@type":"ImageObject","inLanguage":"en-US","@id":"https:\/\/librairie7l.com\/en\/#\/schema\/logo\/image\/","url":"https:\/\/librairie7l.com\/wp-content\/uploads\/2022\/08\/logo-1.png","contentUrl":"https:\/\/librairie7l.com\/wp-content\/uploads\/2022\/08\/logo-1.png","width":227,"height":301,"caption":"Librairie 7L"},"image":{"@id":"https:\/\/librairie7l.com\/en\/#\/schema\/logo\/image\/"}}]}},"_links":{"self":[{"href":"https:\/\/librairie7l.com\/en\/wp-json\/wp\/v2\/product\/40930"}],"collection":[{"href":"https:\/\/librairie7l.com\/en\/wp-json\/wp\/v2\/product"}],"about":[{"href":"https:\/\/librairie7l.com\/en\/wp-json\/wp\/v2\/types\/product"}],"wp:featuredmedia":[{"embeddable":true,"href":"https:\/\/librairie7l.com\/en\/wp-json\/wp\/v2\/media\/41136"}],"wp:attachment":[{"href":"https:\/\/librairie7l.com\/en\/wp-json\/wp\/v2\/media?parent=40930"}],"wp:term":[{"taxonomy":"product_cat","embeddable":true,"href":"https:\/\/librairie7l.com\/en\/wp-json\/wp\/v2\/product_cat?post=40930"},{"taxonomy":"product_tag","embeddable":true,"href":"https:\/\/librairie7l.com\/en\/wp-json\/wp\/v2\/product_tag?post=40930"}],"curies":[{"name":"wp","href":"https:\/\/api.w.org\/{rel}","templated":true}]}}