{"id":40942,"date":"2024-05-15T09:18:44","date_gmt":"2024-05-15T07:18:44","guid":{"rendered":"https:\/\/librairie7l.com\/?post_type=product&#038;p=40942"},"modified":"2026-04-09T15:29:19","modified_gmt":"2026-04-09T13:29:19","slug":"vasarely-legacy","status":"publish","type":"product","link":"https:\/\/librairie7l.com\/en\/produit\/vasarely-legacy\/","title":{"rendered":"VASARELY LEGACY"},"content":{"rendered":"<p>Si Victor Vasarely a marqu\u00e9 de son sceau cin\u00e9tique les ann\u00e9es 1960 et 1970, ce n&#8217;est pas uniquement parce qu&#8217;il a cr\u00e9\u00e9 un langage plastique qui a incarn\u00e9 l&#8217;id\u00e9e m\u00eame de modernit\u00e9 ou qu&#8217;il a ouvert la voie au mouvement de l&#8217;art optique &#8211; dont l&#8217;h\u00e9ritage est encore tr\u00e8s vivant aujourd&#8217;hui, comme en t\u00e9moigne la s\u00e9lection d&#8217;artistes dans ce livre.<br \/>\nC&#8217;est surtout parce qu&#8217;il a \u00e9t\u00e9 port\u00e9 par une vision du r\u00f4le de l&#8217;art, conscient de la responsabilit\u00e9 de l&#8217;artiste tout comme celle de l&#8217;architecte de promouvoir l&#8217;art dans la cit\u00e9, et qu&#8217;il a pens\u00e9 la cr\u00e9ation de fa\u00e7on globale. Jusqu&#8217;au bout, Vasarely a poursuivi un seul objectif bas\u00e9 sur la g\u00e9n\u00e9rosit\u00e9 comme il le r\u00e9sume : \u00ab Il est plus noble de donner \u00e0 tout le monde que d&#8217;accaparer tout pour soi et pour ses proches. \u00bb<br \/>\n38 artistes rendent hommage \u00e0 l&#8217;h\u00e9ritage de Vasarely : Ghizlane Agzenai, Akatre, Verena Bachl, Vanessa Barragao, Damien B\u00e9n\u00e9teau, Aleksandar Bezinovic, Lee Broom, Clara Daguin, Caroline Derveaux, Djeff, Paco Rabanne par Julien Dossena, Ememem, Malika Favre, Jean-Paul Gaultier, Katy Ann Gilmore, Adam Hillman, Jo Hummel, Arthur Kenzo, Sebastiaan Knot, Anna Kruhelska, Zach Lieberman, Lauren Ko, Shigeki Matsuyama, Thandiwe Muriu, Nonotak, Olly Fathers, Felipe Pantone, Reyn, SpY, Esther Stocker, Superflex, Alex Trochut, Valentin van der Meulen, Iris van Herpen, Dries van Noten, Camille Walala, Richard Yasmine, Daniel Zucco.<\/p>\n","protected":false},"excerpt":{"rendered":"<p>Si Victor Vasarely a marqu\u00e9 de son sceau cin\u00e9tique les ann\u00e9es 1960 et 1970, ce n&#8217;est pas uniquement parce qu&#8217;il a cr\u00e9\u00e9 un langage plastique qui a incarn\u00e9 l&#8217;id\u00e9e m\u00eame de modernit\u00e9 ou qu&#8217;il a ouvert la voie au mouvement de l&#8217;art optique &#8211; dont l&#8217;h\u00e9ritage est encore tr\u00e8s vivant aujourd&#8217;hui, comme en t\u00e9moigne la [&hellip;]<\/p>\n","protected":false},"featured_media":40940,"template":"","meta":[],"product_cat":[2948,2953],"product_tag":[],"acf":[],"yoast_head":"<!-- This site is optimized with the Yoast SEO plugin v20.11 - https:\/\/yoast.com\/wordpress\/plugins\/seo\/ -->\n<title>Vasarely legacy - Librairie 7L<\/title>\n<meta name=\"robots\" content=\"index, follow, max-snippet:-1, max-image-preview:large, max-video-preview:-1\" \/>\n<link rel=\"canonical\" href=\"https:\/\/librairie7l.com\/en\/produit\/vasarely-legacy\/\" \/>\n<meta property=\"og:locale\" content=\"en_US\" \/>\n<meta property=\"og:type\" content=\"article\" \/>\n<meta property=\"og:title\" content=\"Vasarely legacy - Librairie 7L\" \/>\n<meta property=\"og:description\" content=\"Si Victor Vasarely a marqu\u00e9 de son sceau cin\u00e9tique les ann\u00e9es 1960 et 1970, ce n&#8217;est pas uniquement parce qu&#8217;il a cr\u00e9\u00e9 un langage plastique qui a incarn\u00e9 l&#8217;id\u00e9e m\u00eame de modernit\u00e9 ou qu&#8217;il a ouvert la voie au mouvement de l&#8217;art optique &#8211; dont l&#8217;h\u00e9ritage est encore tr\u00e8s vivant aujourd&#8217;hui, comme en t\u00e9moigne la [&hellip;]\" \/>\n<meta property=\"og:url\" content=\"https:\/\/librairie7l.com\/en\/produit\/vasarely-legacy\/\" \/>\n<meta property=\"og:site_name\" content=\"Librairie 7L\" \/>\n<meta property=\"article:modified_time\" content=\"2026-04-09T13:29:19+00:00\" \/>\n<meta property=\"og:image\" content=\"https:\/\/librairie7l.com\/wp-content\/uploads\/2024\/03\/9782382031926_1_75.jpg\" \/>\n\t<meta property=\"og:image:width\" content=\"563\" \/>\n\t<meta property=\"og:image:height\" content=\"800\" \/>\n\t<meta property=\"og:image:type\" content=\"image\/jpeg\" \/>\n<meta name=\"twitter:card\" content=\"summary_large_image\" \/>\n<meta name=\"twitter:label1\" content=\"Est. reading time\" \/>\n\t<meta name=\"twitter:data1\" content=\"1 minute\" \/>\n<script type=\"application\/ld+json\" class=\"yoast-schema-graph\">{\"@context\":\"https:\/\/schema.org\",\"@graph\":[{\"@type\":\"WebPage\",\"@id\":\"https:\/\/librairie7l.com\/en\/produit\/vasarely-legacy\/\",\"url\":\"https:\/\/librairie7l.com\/en\/produit\/vasarely-legacy\/\",\"name\":\"Vasarely legacy - Librairie 7L\",\"isPartOf\":{\"@id\":\"https:\/\/librairie7l.com\/en\/#website\"},\"datePublished\":\"2024-05-15T07:18:44+00:00\",\"dateModified\":\"2026-04-09T13:29:19+00:00\",\"breadcrumb\":{\"@id\":\"https:\/\/librairie7l.com\/en\/produit\/vasarely-legacy\/#breadcrumb\"},\"inLanguage\":\"en-US\",\"potentialAction\":[{\"@type\":\"ReadAction\",\"target\":[\"https:\/\/librairie7l.com\/en\/produit\/vasarely-legacy\/\"]}]},{\"@type\":\"BreadcrumbList\",\"@id\":\"https:\/\/librairie7l.com\/en\/produit\/vasarely-legacy\/#breadcrumb\",\"itemListElement\":[{\"@type\":\"ListItem\",\"position\":1,\"name\":\"Accueil\",\"item\":\"https:\/\/librairie7l.com\/en\/\"},{\"@type\":\"ListItem\",\"position\":2,\"name\":\"Shop\",\"item\":\"https:\/\/librairie7l.com\/en\/shop\/\"},{\"@type\":\"ListItem\",\"position\":3,\"name\":\"VASARELY LEGACY\"}]},{\"@type\":\"WebSite\",\"@id\":\"https:\/\/librairie7l.com\/en\/#website\",\"url\":\"https:\/\/librairie7l.com\/en\/\",\"name\":\"Librairie 7L\",\"description\":\"Librairie fond\u00e9e en 1999 par Karl Lagerfeld \u00e0 Paris\",\"publisher\":{\"@id\":\"https:\/\/librairie7l.com\/en\/#organization\"},\"potentialAction\":[{\"@type\":\"SearchAction\",\"target\":{\"@type\":\"EntryPoint\",\"urlTemplate\":\"https:\/\/librairie7l.com\/en\/?s={search_term_string}\"},\"query-input\":\"required name=search_term_string\"}],\"inLanguage\":\"en-US\"},{\"@type\":\"Organization\",\"@id\":\"https:\/\/librairie7l.com\/en\/#organization\",\"name\":\"Librairie 7L\",\"url\":\"https:\/\/librairie7l.com\/en\/\",\"logo\":{\"@type\":\"ImageObject\",\"inLanguage\":\"en-US\",\"@id\":\"https:\/\/librairie7l.com\/en\/#\/schema\/logo\/image\/\",\"url\":\"https:\/\/librairie7l.com\/wp-content\/uploads\/2022\/08\/logo-1.png\",\"contentUrl\":\"https:\/\/librairie7l.com\/wp-content\/uploads\/2022\/08\/logo-1.png\",\"width\":227,\"height\":301,\"caption\":\"Librairie 7L\"},\"image\":{\"@id\":\"https:\/\/librairie7l.com\/en\/#\/schema\/logo\/image\/\"}}]}<\/script>\n<!-- \/ Yoast SEO plugin. -->","yoast_head_json":{"title":"Vasarely legacy - Librairie 7L","robots":{"index":"index","follow":"follow","max-snippet":"max-snippet:-1","max-image-preview":"max-image-preview:large","max-video-preview":"max-video-preview:-1"},"canonical":"https:\/\/librairie7l.com\/en\/produit\/vasarely-legacy\/","og_locale":"en_US","og_type":"article","og_title":"Vasarely legacy - Librairie 7L","og_description":"Si Victor Vasarely a marqu\u00e9 de son sceau cin\u00e9tique les ann\u00e9es 1960 et 1970, ce n&#8217;est pas uniquement parce qu&#8217;il a cr\u00e9\u00e9 un langage plastique qui a incarn\u00e9 l&#8217;id\u00e9e m\u00eame de modernit\u00e9 ou qu&#8217;il a ouvert la voie au mouvement de l&#8217;art optique &#8211; dont l&#8217;h\u00e9ritage est encore tr\u00e8s vivant aujourd&#8217;hui, comme en t\u00e9moigne la [&hellip;]","og_url":"https:\/\/librairie7l.com\/en\/produit\/vasarely-legacy\/","og_site_name":"Librairie 7L","article_modified_time":"2026-04-09T13:29:19+00:00","og_image":[{"width":563,"height":800,"url":"https:\/\/librairie7l.com\/wp-content\/uploads\/2024\/03\/9782382031926_1_75.jpg","type":"image\/jpeg"}],"twitter_card":"summary_large_image","twitter_misc":{"Est. reading time":"1 minute"},"schema":{"@context":"https:\/\/schema.org","@graph":[{"@type":"WebPage","@id":"https:\/\/librairie7l.com\/en\/produit\/vasarely-legacy\/","url":"https:\/\/librairie7l.com\/en\/produit\/vasarely-legacy\/","name":"Vasarely legacy - Librairie 7L","isPartOf":{"@id":"https:\/\/librairie7l.com\/en\/#website"},"datePublished":"2024-05-15T07:18:44+00:00","dateModified":"2026-04-09T13:29:19+00:00","breadcrumb":{"@id":"https:\/\/librairie7l.com\/en\/produit\/vasarely-legacy\/#breadcrumb"},"inLanguage":"en-US","potentialAction":[{"@type":"ReadAction","target":["https:\/\/librairie7l.com\/en\/produit\/vasarely-legacy\/"]}]},{"@type":"BreadcrumbList","@id":"https:\/\/librairie7l.com\/en\/produit\/vasarely-legacy\/#breadcrumb","itemListElement":[{"@type":"ListItem","position":1,"name":"Accueil","item":"https:\/\/librairie7l.com\/en\/"},{"@type":"ListItem","position":2,"name":"Shop","item":"https:\/\/librairie7l.com\/en\/shop\/"},{"@type":"ListItem","position":3,"name":"VASARELY LEGACY"}]},{"@type":"WebSite","@id":"https:\/\/librairie7l.com\/en\/#website","url":"https:\/\/librairie7l.com\/en\/","name":"Librairie 7L","description":"Librairie fond\u00e9e en 1999 par Karl Lagerfeld \u00e0 Paris","publisher":{"@id":"https:\/\/librairie7l.com\/en\/#organization"},"potentialAction":[{"@type":"SearchAction","target":{"@type":"EntryPoint","urlTemplate":"https:\/\/librairie7l.com\/en\/?s={search_term_string}"},"query-input":"required name=search_term_string"}],"inLanguage":"en-US"},{"@type":"Organization","@id":"https:\/\/librairie7l.com\/en\/#organization","name":"Librairie 7L","url":"https:\/\/librairie7l.com\/en\/","logo":{"@type":"ImageObject","inLanguage":"en-US","@id":"https:\/\/librairie7l.com\/en\/#\/schema\/logo\/image\/","url":"https:\/\/librairie7l.com\/wp-content\/uploads\/2022\/08\/logo-1.png","contentUrl":"https:\/\/librairie7l.com\/wp-content\/uploads\/2022\/08\/logo-1.png","width":227,"height":301,"caption":"Librairie 7L"},"image":{"@id":"https:\/\/librairie7l.com\/en\/#\/schema\/logo\/image\/"}}]}},"_links":{"self":[{"href":"https:\/\/librairie7l.com\/en\/wp-json\/wp\/v2\/product\/40942"}],"collection":[{"href":"https:\/\/librairie7l.com\/en\/wp-json\/wp\/v2\/product"}],"about":[{"href":"https:\/\/librairie7l.com\/en\/wp-json\/wp\/v2\/types\/product"}],"wp:featuredmedia":[{"embeddable":true,"href":"https:\/\/librairie7l.com\/en\/wp-json\/wp\/v2\/media\/40940"}],"wp:attachment":[{"href":"https:\/\/librairie7l.com\/en\/wp-json\/wp\/v2\/media?parent=40942"}],"wp:term":[{"taxonomy":"product_cat","embeddable":true,"href":"https:\/\/librairie7l.com\/en\/wp-json\/wp\/v2\/product_cat?post=40942"},{"taxonomy":"product_tag","embeddable":true,"href":"https:\/\/librairie7l.com\/en\/wp-json\/wp\/v2\/product_tag?post=40942"}],"curies":[{"name":"wp","href":"https:\/\/api.w.org\/{rel}","templated":true}]}}