{"id":40950,"date":"2024-05-15T09:18:53","date_gmt":"2024-05-15T07:18:53","guid":{"rendered":"https:\/\/librairie7l.com\/?post_type=product&#038;p=40950"},"modified":"2026-04-11T22:07:50","modified_gmt":"2026-04-11T20:07:50","slug":"beatrice-serre-mosaique-le-champ-des-possibles","status":"publish","type":"product","link":"https:\/\/librairie7l.com\/en\/produit\/beatrice-serre-mosaique-le-champ-des-possibles\/","title":{"rendered":"BEATRICE SERRE &#8211; MOSA\u00cfQUE : LE CHAMP DES POSSIBLES"},"content":{"rendered":"<p>Les \u00e9ditions de l&#8217;Amateur publient la premi\u00e8re monographie consacr\u00e9e \u00e0 B\u00e9atrice Serre, une artiste singuli\u00e8re qui a boulevers\u00e9 l&#8217;art de la mosa\u00efque. Ne cessant d&#8217;explorer les techniques et savoirs-faire li\u00e9s \u00e0 cette pratique ancestrale l&#8217;artiste B\u00e9atrice Serre ouvre de nouveaux champs d&#8217;expression \u00e0 la mosa\u00efque. Son travail atypique et inspir\u00e9 s&#8217;illustre, entre autres, par un usage singulier des mat\u00e9riaux, associant la p\u00e2te de verre et le m\u00e9tal aux pierres semi-pr\u00e9cieuses. Les cr\u00e9ations de B\u00e9atrice Serre &#8211; panneaux muraux, miroirs, pi\u00e8ces de mobilier &#8211; sont pr\u00e9sent\u00e9es aujourd&#8217;hui dans des galeries en France et \u00e0 l&#8217;\u00e9tranger. Elle a pour clients des collectionneurs, des d\u00e9corateurs de renomm\u00e9e internationale et des maisons de luxe comme Cartier qui a fait appel \u00e0 elle pour son magasin des Champs \u00c9lys\u00e9es. Publi\u00e9 \u00e0 l&#8217;occasion de l&#8217;exposition que la Galerie Yves Gastou consacre \u00e0 B\u00e9atrice Serre, cet ouvrage de 200 pages pr\u00e9sentera ses pi\u00e8ces les plus embl\u00e9matiques, en faisant la part belle aux d\u00e9tails et aux gros plans pour mieux illustrer l&#8217;audace et \u00e0 la finesse de ses cr\u00e9ations.<\/p>\n","protected":false},"excerpt":{"rendered":"<p>Les \u00e9ditions de l&#8217;Amateur publient la premi\u00e8re monographie consacr\u00e9e \u00e0 B\u00e9atrice Serre, une artiste singuli\u00e8re qui a boulevers\u00e9 l&#8217;art de la mosa\u00efque. Ne cessant d&#8217;explorer les techniques et savoirs-faire li\u00e9s \u00e0 cette pratique ancestrale l&#8217;artiste B\u00e9atrice Serre ouvre de nouveaux champs d&#8217;expression \u00e0 la mosa\u00efque. Son travail atypique et inspir\u00e9 s&#8217;illustre, entre autres, par un [&hellip;]<\/p>\n","protected":false},"featured_media":40948,"template":"","meta":[],"product_cat":[2948,2952],"product_tag":[],"acf":[],"yoast_head":"<!-- This site is optimized with the Yoast SEO plugin v20.11 - https:\/\/yoast.com\/wordpress\/plugins\/seo\/ -->\n<title>Beatrice Serre - mosa\u00efque : Le champ des possibles - Librairie 7L<\/title>\n<meta name=\"robots\" content=\"index, follow, max-snippet:-1, max-image-preview:large, max-video-preview:-1\" \/>\n<link rel=\"canonical\" href=\"https:\/\/librairie7l.com\/en\/produit\/beatrice-serre-mosaique-le-champ-des-possibles\/\" \/>\n<meta property=\"og:locale\" content=\"en_US\" \/>\n<meta property=\"og:type\" content=\"article\" \/>\n<meta property=\"og:title\" content=\"Beatrice Serre - mosa\u00efque : Le champ des possibles - Librairie 7L\" \/>\n<meta property=\"og:description\" content=\"Les \u00e9ditions de l&#8217;Amateur publient la premi\u00e8re monographie consacr\u00e9e \u00e0 B\u00e9atrice Serre, une artiste singuli\u00e8re qui a boulevers\u00e9 l&#8217;art de la mosa\u00efque. Ne cessant d&#8217;explorer les techniques et savoirs-faire li\u00e9s \u00e0 cette pratique ancestrale l&#8217;artiste B\u00e9atrice Serre ouvre de nouveaux champs d&#8217;expression \u00e0 la mosa\u00efque. Son travail atypique et inspir\u00e9 s&#8217;illustre, entre autres, par un [&hellip;]\" \/>\n<meta property=\"og:url\" content=\"https:\/\/librairie7l.com\/en\/produit\/beatrice-serre-mosaique-le-champ-des-possibles\/\" \/>\n<meta property=\"og:site_name\" content=\"Librairie 7L\" \/>\n<meta property=\"article:modified_time\" content=\"2026-04-11T20:07:50+00:00\" \/>\n<meta property=\"og:image\" content=\"https:\/\/librairie7l.com\/wp-content\/uploads\/2023\/11\/9791037511812_1_75.jpg\" \/>\n\t<meta property=\"og:image:width\" content=\"600\" \/>\n\t<meta property=\"og:image:height\" content=\"757\" \/>\n\t<meta property=\"og:image:type\" content=\"image\/jpeg\" \/>\n<meta name=\"twitter:card\" content=\"summary_large_image\" \/>\n<meta name=\"twitter:label1\" content=\"Est. reading time\" \/>\n\t<meta name=\"twitter:data1\" content=\"1 minute\" \/>\n<script type=\"application\/ld+json\" class=\"yoast-schema-graph\">{\"@context\":\"https:\/\/schema.org\",\"@graph\":[{\"@type\":\"WebPage\",\"@id\":\"https:\/\/librairie7l.com\/en\/produit\/beatrice-serre-mosaique-le-champ-des-possibles\/\",\"url\":\"https:\/\/librairie7l.com\/en\/produit\/beatrice-serre-mosaique-le-champ-des-possibles\/\",\"name\":\"Beatrice Serre - mosa\u00efque : Le champ des possibles - Librairie 7L\",\"isPartOf\":{\"@id\":\"https:\/\/librairie7l.com\/en\/#website\"},\"datePublished\":\"2024-05-15T07:18:53+00:00\",\"dateModified\":\"2026-04-11T20:07:50+00:00\",\"breadcrumb\":{\"@id\":\"https:\/\/librairie7l.com\/en\/produit\/beatrice-serre-mosaique-le-champ-des-possibles\/#breadcrumb\"},\"inLanguage\":\"en-US\",\"potentialAction\":[{\"@type\":\"ReadAction\",\"target\":[\"https:\/\/librairie7l.com\/en\/produit\/beatrice-serre-mosaique-le-champ-des-possibles\/\"]}]},{\"@type\":\"BreadcrumbList\",\"@id\":\"https:\/\/librairie7l.com\/en\/produit\/beatrice-serre-mosaique-le-champ-des-possibles\/#breadcrumb\",\"itemListElement\":[{\"@type\":\"ListItem\",\"position\":1,\"name\":\"Accueil\",\"item\":\"https:\/\/librairie7l.com\/en\/\"},{\"@type\":\"ListItem\",\"position\":2,\"name\":\"Shop\",\"item\":\"https:\/\/librairie7l.com\/en\/shop\/\"},{\"@type\":\"ListItem\",\"position\":3,\"name\":\"BEATRICE SERRE &#8211; MOSA\u00cfQUE : LE CHAMP DES POSSIBLES\"}]},{\"@type\":\"WebSite\",\"@id\":\"https:\/\/librairie7l.com\/en\/#website\",\"url\":\"https:\/\/librairie7l.com\/en\/\",\"name\":\"Librairie 7L\",\"description\":\"Librairie fond\u00e9e en 1999 par Karl Lagerfeld \u00e0 Paris\",\"publisher\":{\"@id\":\"https:\/\/librairie7l.com\/en\/#organization\"},\"potentialAction\":[{\"@type\":\"SearchAction\",\"target\":{\"@type\":\"EntryPoint\",\"urlTemplate\":\"https:\/\/librairie7l.com\/en\/?s={search_term_string}\"},\"query-input\":\"required name=search_term_string\"}],\"inLanguage\":\"en-US\"},{\"@type\":\"Organization\",\"@id\":\"https:\/\/librairie7l.com\/en\/#organization\",\"name\":\"Librairie 7L\",\"url\":\"https:\/\/librairie7l.com\/en\/\",\"logo\":{\"@type\":\"ImageObject\",\"inLanguage\":\"en-US\",\"@id\":\"https:\/\/librairie7l.com\/en\/#\/schema\/logo\/image\/\",\"url\":\"https:\/\/librairie7l.com\/wp-content\/uploads\/2022\/08\/logo-1.png\",\"contentUrl\":\"https:\/\/librairie7l.com\/wp-content\/uploads\/2022\/08\/logo-1.png\",\"width\":227,\"height\":301,\"caption\":\"Librairie 7L\"},\"image\":{\"@id\":\"https:\/\/librairie7l.com\/en\/#\/schema\/logo\/image\/\"}}]}<\/script>\n<!-- \/ Yoast SEO plugin. -->","yoast_head_json":{"title":"Beatrice Serre - mosa\u00efque : Le champ des possibles - Librairie 7L","robots":{"index":"index","follow":"follow","max-snippet":"max-snippet:-1","max-image-preview":"max-image-preview:large","max-video-preview":"max-video-preview:-1"},"canonical":"https:\/\/librairie7l.com\/en\/produit\/beatrice-serre-mosaique-le-champ-des-possibles\/","og_locale":"en_US","og_type":"article","og_title":"Beatrice Serre - mosa\u00efque : Le champ des possibles - Librairie 7L","og_description":"Les \u00e9ditions de l&#8217;Amateur publient la premi\u00e8re monographie consacr\u00e9e \u00e0 B\u00e9atrice Serre, une artiste singuli\u00e8re qui a boulevers\u00e9 l&#8217;art de la mosa\u00efque. Ne cessant d&#8217;explorer les techniques et savoirs-faire li\u00e9s \u00e0 cette pratique ancestrale l&#8217;artiste B\u00e9atrice Serre ouvre de nouveaux champs d&#8217;expression \u00e0 la mosa\u00efque. Son travail atypique et inspir\u00e9 s&#8217;illustre, entre autres, par un [&hellip;]","og_url":"https:\/\/librairie7l.com\/en\/produit\/beatrice-serre-mosaique-le-champ-des-possibles\/","og_site_name":"Librairie 7L","article_modified_time":"2026-04-11T20:07:50+00:00","og_image":[{"width":600,"height":757,"url":"https:\/\/librairie7l.com\/wp-content\/uploads\/2023\/11\/9791037511812_1_75.jpg","type":"image\/jpeg"}],"twitter_card":"summary_large_image","twitter_misc":{"Est. reading time":"1 minute"},"schema":{"@context":"https:\/\/schema.org","@graph":[{"@type":"WebPage","@id":"https:\/\/librairie7l.com\/en\/produit\/beatrice-serre-mosaique-le-champ-des-possibles\/","url":"https:\/\/librairie7l.com\/en\/produit\/beatrice-serre-mosaique-le-champ-des-possibles\/","name":"Beatrice Serre - mosa\u00efque : Le champ des possibles - Librairie 7L","isPartOf":{"@id":"https:\/\/librairie7l.com\/en\/#website"},"datePublished":"2024-05-15T07:18:53+00:00","dateModified":"2026-04-11T20:07:50+00:00","breadcrumb":{"@id":"https:\/\/librairie7l.com\/en\/produit\/beatrice-serre-mosaique-le-champ-des-possibles\/#breadcrumb"},"inLanguage":"en-US","potentialAction":[{"@type":"ReadAction","target":["https:\/\/librairie7l.com\/en\/produit\/beatrice-serre-mosaique-le-champ-des-possibles\/"]}]},{"@type":"BreadcrumbList","@id":"https:\/\/librairie7l.com\/en\/produit\/beatrice-serre-mosaique-le-champ-des-possibles\/#breadcrumb","itemListElement":[{"@type":"ListItem","position":1,"name":"Accueil","item":"https:\/\/librairie7l.com\/en\/"},{"@type":"ListItem","position":2,"name":"Shop","item":"https:\/\/librairie7l.com\/en\/shop\/"},{"@type":"ListItem","position":3,"name":"BEATRICE SERRE &#8211; MOSA\u00cfQUE : LE CHAMP DES POSSIBLES"}]},{"@type":"WebSite","@id":"https:\/\/librairie7l.com\/en\/#website","url":"https:\/\/librairie7l.com\/en\/","name":"Librairie 7L","description":"Librairie fond\u00e9e en 1999 par Karl Lagerfeld \u00e0 Paris","publisher":{"@id":"https:\/\/librairie7l.com\/en\/#organization"},"potentialAction":[{"@type":"SearchAction","target":{"@type":"EntryPoint","urlTemplate":"https:\/\/librairie7l.com\/en\/?s={search_term_string}"},"query-input":"required name=search_term_string"}],"inLanguage":"en-US"},{"@type":"Organization","@id":"https:\/\/librairie7l.com\/en\/#organization","name":"Librairie 7L","url":"https:\/\/librairie7l.com\/en\/","logo":{"@type":"ImageObject","inLanguage":"en-US","@id":"https:\/\/librairie7l.com\/en\/#\/schema\/logo\/image\/","url":"https:\/\/librairie7l.com\/wp-content\/uploads\/2022\/08\/logo-1.png","contentUrl":"https:\/\/librairie7l.com\/wp-content\/uploads\/2022\/08\/logo-1.png","width":227,"height":301,"caption":"Librairie 7L"},"image":{"@id":"https:\/\/librairie7l.com\/en\/#\/schema\/logo\/image\/"}}]}},"_links":{"self":[{"href":"https:\/\/librairie7l.com\/en\/wp-json\/wp\/v2\/product\/40950"}],"collection":[{"href":"https:\/\/librairie7l.com\/en\/wp-json\/wp\/v2\/product"}],"about":[{"href":"https:\/\/librairie7l.com\/en\/wp-json\/wp\/v2\/types\/product"}],"wp:featuredmedia":[{"embeddable":true,"href":"https:\/\/librairie7l.com\/en\/wp-json\/wp\/v2\/media\/40948"}],"wp:attachment":[{"href":"https:\/\/librairie7l.com\/en\/wp-json\/wp\/v2\/media?parent=40950"}],"wp:term":[{"taxonomy":"product_cat","embeddable":true,"href":"https:\/\/librairie7l.com\/en\/wp-json\/wp\/v2\/product_cat?post=40950"},{"taxonomy":"product_tag","embeddable":true,"href":"https:\/\/librairie7l.com\/en\/wp-json\/wp\/v2\/product_tag?post=40950"}],"curies":[{"name":"wp","href":"https:\/\/api.w.org\/{rel}","templated":true}]}}