{"id":40958,"date":"2024-05-15T09:19:00","date_gmt":"2024-05-15T07:19:00","guid":{"rendered":"https:\/\/librairie7l.com\/?post_type=product&#038;p=40958"},"modified":"2026-04-18T07:44:37","modified_gmt":"2026-04-18T05:44:37","slug":"philosophie-de-la-maison-lespace-domestique-et-le-bonheur","status":"publish","type":"product","link":"https:\/\/librairie7l.com\/en\/produit\/philosophie-de-la-maison-lespace-domestique-et-le-bonheur\/","title":{"rendered":"PHILOSOPHIE DE LA MAISON : L&#8217;ESPACE DOMESTIQUE ET LE BONHEUR"},"content":{"rendered":"<p>Partant de l&#8217;exp\u00e9rience de ses trente d\u00e9m\u00e9nagements, dans un style de conteur tr\u00e8s personnel, croisant les disciplines et analysant des sujets apparemment ordinaires comme la cuisine, les armoires, les lits, les couloirs et jusqu&#8217;aux salles de bains, sans n\u00e9gliger la parentalit\u00e9, le sexe et le soin, Coccia aborde de mani\u00e8re passionnante un sujet ancestral et tr\u00e8s moderne, qui nous concerne tous.<\/p>\n","protected":false},"excerpt":{"rendered":"<p>Partant de l&#8217;exp\u00e9rience de ses trente d\u00e9m\u00e9nagements, dans un style de conteur tr\u00e8s personnel, croisant les disciplines et analysant des sujets apparemment ordinaires comme la cuisine, les armoires, les lits, les couloirs et jusqu&#8217;aux salles de bains, sans n\u00e9gliger la parentalit\u00e9, le sexe et le soin, Coccia aborde de mani\u00e8re passionnante un sujet ancestral et [&hellip;]<\/p>\n","protected":false},"featured_media":40956,"template":"","meta":[],"product_cat":[2948,2950],"product_tag":[],"acf":[],"yoast_head":"<!-- This site is optimized with the Yoast SEO plugin v20.11 - https:\/\/yoast.com\/wordpress\/plugins\/seo\/ -->\n<title>Philosophie de la maison : l&#039;espace domestique et le bonheur - Librairie 7L<\/title>\n<meta name=\"robots\" content=\"index, follow, max-snippet:-1, max-image-preview:large, max-video-preview:-1\" \/>\n<link rel=\"canonical\" href=\"https:\/\/librairie7l.com\/en\/produit\/philosophie-de-la-maison-lespace-domestique-et-le-bonheur\/\" \/>\n<meta property=\"og:locale\" content=\"en_US\" \/>\n<meta property=\"og:type\" content=\"article\" \/>\n<meta property=\"og:title\" content=\"Philosophie de la maison : l&#039;espace domestique et le bonheur - Librairie 7L\" \/>\n<meta property=\"og:description\" content=\"Partant de l&#8217;exp\u00e9rience de ses trente d\u00e9m\u00e9nagements, dans un style de conteur tr\u00e8s personnel, croisant les disciplines et analysant des sujets apparemment ordinaires comme la cuisine, les armoires, les lits, les couloirs et jusqu&#8217;aux salles de bains, sans n\u00e9gliger la parentalit\u00e9, le sexe et le soin, Coccia aborde de mani\u00e8re passionnante un sujet ancestral et [&hellip;]\" \/>\n<meta property=\"og:url\" content=\"https:\/\/librairie7l.com\/en\/produit\/philosophie-de-la-maison-lespace-domestique-et-le-bonheur\/\" \/>\n<meta property=\"og:site_name\" content=\"Librairie 7L\" \/>\n<meta property=\"article:modified_time\" content=\"2026-04-18T05:44:37+00:00\" \/>\n<meta property=\"og:image\" content=\"https:\/\/librairie7l.com\/wp-content\/uploads\/2021\/06\/9782743654429_1_75.jpg\" \/>\n\t<meta property=\"og:image:width\" content=\"220\" \/>\n\t<meta property=\"og:image:height\" content=\"358\" \/>\n\t<meta property=\"og:image:type\" content=\"image\/jpeg\" \/>\n<meta name=\"twitter:card\" content=\"summary_large_image\" \/>\n<script type=\"application\/ld+json\" class=\"yoast-schema-graph\">{\"@context\":\"https:\/\/schema.org\",\"@graph\":[{\"@type\":\"WebPage\",\"@id\":\"https:\/\/librairie7l.com\/en\/produit\/philosophie-de-la-maison-lespace-domestique-et-le-bonheur\/\",\"url\":\"https:\/\/librairie7l.com\/en\/produit\/philosophie-de-la-maison-lespace-domestique-et-le-bonheur\/\",\"name\":\"Philosophie de la maison : l'espace domestique et le bonheur - Librairie 7L\",\"isPartOf\":{\"@id\":\"https:\/\/librairie7l.com\/en\/#website\"},\"datePublished\":\"2024-05-15T07:19:00+00:00\",\"dateModified\":\"2026-04-18T05:44:37+00:00\",\"breadcrumb\":{\"@id\":\"https:\/\/librairie7l.com\/en\/produit\/philosophie-de-la-maison-lespace-domestique-et-le-bonheur\/#breadcrumb\"},\"inLanguage\":\"en-US\",\"potentialAction\":[{\"@type\":\"ReadAction\",\"target\":[\"https:\/\/librairie7l.com\/en\/produit\/philosophie-de-la-maison-lespace-domestique-et-le-bonheur\/\"]}]},{\"@type\":\"BreadcrumbList\",\"@id\":\"https:\/\/librairie7l.com\/en\/produit\/philosophie-de-la-maison-lespace-domestique-et-le-bonheur\/#breadcrumb\",\"itemListElement\":[{\"@type\":\"ListItem\",\"position\":1,\"name\":\"Accueil\",\"item\":\"https:\/\/librairie7l.com\/en\/\"},{\"@type\":\"ListItem\",\"position\":2,\"name\":\"Shop\",\"item\":\"https:\/\/librairie7l.com\/en\/shop\/\"},{\"@type\":\"ListItem\",\"position\":3,\"name\":\"PHILOSOPHIE DE LA MAISON : L&#8217;ESPACE DOMESTIQUE ET LE BONHEUR\"}]},{\"@type\":\"WebSite\",\"@id\":\"https:\/\/librairie7l.com\/en\/#website\",\"url\":\"https:\/\/librairie7l.com\/en\/\",\"name\":\"Librairie 7L\",\"description\":\"Librairie fond\u00e9e en 1999 par Karl Lagerfeld \u00e0 Paris\",\"publisher\":{\"@id\":\"https:\/\/librairie7l.com\/en\/#organization\"},\"potentialAction\":[{\"@type\":\"SearchAction\",\"target\":{\"@type\":\"EntryPoint\",\"urlTemplate\":\"https:\/\/librairie7l.com\/en\/?s={search_term_string}\"},\"query-input\":\"required name=search_term_string\"}],\"inLanguage\":\"en-US\"},{\"@type\":\"Organization\",\"@id\":\"https:\/\/librairie7l.com\/en\/#organization\",\"name\":\"Librairie 7L\",\"url\":\"https:\/\/librairie7l.com\/en\/\",\"logo\":{\"@type\":\"ImageObject\",\"inLanguage\":\"en-US\",\"@id\":\"https:\/\/librairie7l.com\/en\/#\/schema\/logo\/image\/\",\"url\":\"https:\/\/librairie7l.com\/wp-content\/uploads\/2022\/08\/logo-1.png\",\"contentUrl\":\"https:\/\/librairie7l.com\/wp-content\/uploads\/2022\/08\/logo-1.png\",\"width\":227,\"height\":301,\"caption\":\"Librairie 7L\"},\"image\":{\"@id\":\"https:\/\/librairie7l.com\/en\/#\/schema\/logo\/image\/\"}}]}<\/script>\n<!-- \/ Yoast SEO plugin. -->","yoast_head_json":{"title":"Philosophie de la maison : l'espace domestique et le bonheur - Librairie 7L","robots":{"index":"index","follow":"follow","max-snippet":"max-snippet:-1","max-image-preview":"max-image-preview:large","max-video-preview":"max-video-preview:-1"},"canonical":"https:\/\/librairie7l.com\/en\/produit\/philosophie-de-la-maison-lespace-domestique-et-le-bonheur\/","og_locale":"en_US","og_type":"article","og_title":"Philosophie de la maison : l'espace domestique et le bonheur - Librairie 7L","og_description":"Partant de l&#8217;exp\u00e9rience de ses trente d\u00e9m\u00e9nagements, dans un style de conteur tr\u00e8s personnel, croisant les disciplines et analysant des sujets apparemment ordinaires comme la cuisine, les armoires, les lits, les couloirs et jusqu&#8217;aux salles de bains, sans n\u00e9gliger la parentalit\u00e9, le sexe et le soin, Coccia aborde de mani\u00e8re passionnante un sujet ancestral et [&hellip;]","og_url":"https:\/\/librairie7l.com\/en\/produit\/philosophie-de-la-maison-lespace-domestique-et-le-bonheur\/","og_site_name":"Librairie 7L","article_modified_time":"2026-04-18T05:44:37+00:00","og_image":[{"width":220,"height":358,"url":"https:\/\/librairie7l.com\/wp-content\/uploads\/2021\/06\/9782743654429_1_75.jpg","type":"image\/jpeg"}],"twitter_card":"summary_large_image","schema":{"@context":"https:\/\/schema.org","@graph":[{"@type":"WebPage","@id":"https:\/\/librairie7l.com\/en\/produit\/philosophie-de-la-maison-lespace-domestique-et-le-bonheur\/","url":"https:\/\/librairie7l.com\/en\/produit\/philosophie-de-la-maison-lespace-domestique-et-le-bonheur\/","name":"Philosophie de la maison : l'espace domestique et le bonheur - Librairie 7L","isPartOf":{"@id":"https:\/\/librairie7l.com\/en\/#website"},"datePublished":"2024-05-15T07:19:00+00:00","dateModified":"2026-04-18T05:44:37+00:00","breadcrumb":{"@id":"https:\/\/librairie7l.com\/en\/produit\/philosophie-de-la-maison-lespace-domestique-et-le-bonheur\/#breadcrumb"},"inLanguage":"en-US","potentialAction":[{"@type":"ReadAction","target":["https:\/\/librairie7l.com\/en\/produit\/philosophie-de-la-maison-lespace-domestique-et-le-bonheur\/"]}]},{"@type":"BreadcrumbList","@id":"https:\/\/librairie7l.com\/en\/produit\/philosophie-de-la-maison-lespace-domestique-et-le-bonheur\/#breadcrumb","itemListElement":[{"@type":"ListItem","position":1,"name":"Accueil","item":"https:\/\/librairie7l.com\/en\/"},{"@type":"ListItem","position":2,"name":"Shop","item":"https:\/\/librairie7l.com\/en\/shop\/"},{"@type":"ListItem","position":3,"name":"PHILOSOPHIE DE LA MAISON : L&#8217;ESPACE DOMESTIQUE ET LE BONHEUR"}]},{"@type":"WebSite","@id":"https:\/\/librairie7l.com\/en\/#website","url":"https:\/\/librairie7l.com\/en\/","name":"Librairie 7L","description":"Librairie fond\u00e9e en 1999 par Karl Lagerfeld \u00e0 Paris","publisher":{"@id":"https:\/\/librairie7l.com\/en\/#organization"},"potentialAction":[{"@type":"SearchAction","target":{"@type":"EntryPoint","urlTemplate":"https:\/\/librairie7l.com\/en\/?s={search_term_string}"},"query-input":"required name=search_term_string"}],"inLanguage":"en-US"},{"@type":"Organization","@id":"https:\/\/librairie7l.com\/en\/#organization","name":"Librairie 7L","url":"https:\/\/librairie7l.com\/en\/","logo":{"@type":"ImageObject","inLanguage":"en-US","@id":"https:\/\/librairie7l.com\/en\/#\/schema\/logo\/image\/","url":"https:\/\/librairie7l.com\/wp-content\/uploads\/2022\/08\/logo-1.png","contentUrl":"https:\/\/librairie7l.com\/wp-content\/uploads\/2022\/08\/logo-1.png","width":227,"height":301,"caption":"Librairie 7L"},"image":{"@id":"https:\/\/librairie7l.com\/en\/#\/schema\/logo\/image\/"}}]}},"_links":{"self":[{"href":"https:\/\/librairie7l.com\/en\/wp-json\/wp\/v2\/product\/40958"}],"collection":[{"href":"https:\/\/librairie7l.com\/en\/wp-json\/wp\/v2\/product"}],"about":[{"href":"https:\/\/librairie7l.com\/en\/wp-json\/wp\/v2\/types\/product"}],"wp:featuredmedia":[{"embeddable":true,"href":"https:\/\/librairie7l.com\/en\/wp-json\/wp\/v2\/media\/40956"}],"wp:attachment":[{"href":"https:\/\/librairie7l.com\/en\/wp-json\/wp\/v2\/media?parent=40958"}],"wp:term":[{"taxonomy":"product_cat","embeddable":true,"href":"https:\/\/librairie7l.com\/en\/wp-json\/wp\/v2\/product_cat?post=40958"},{"taxonomy":"product_tag","embeddable":true,"href":"https:\/\/librairie7l.com\/en\/wp-json\/wp\/v2\/product_tag?post=40958"}],"curies":[{"name":"wp","href":"https:\/\/api.w.org\/{rel}","templated":true}]}}