{"id":40962,"date":"2024-05-15T09:19:04","date_gmt":"2024-05-15T07:19:04","guid":{"rendered":"https:\/\/librairie7l.com\/?post_type=product&#038;p=40962"},"modified":"2026-04-13T04:37:24","modified_gmt":"2026-04-13T02:37:24","slug":"lannee-du-jardinier","status":"publish","type":"product","link":"https:\/\/librairie7l.com\/en\/produit\/lannee-du-jardinier\/","title":{"rendered":"L&#8217;ANN\u00c9E DU JARDINIER"},"content":{"rendered":"<p>Ce livre de Karel Capek, paru \u00e0 Prague en 1929, est une v\u00e9ritable petite merveille, et non un &#8220;pensum&#8221; d&#8217;horticulture comme son titre pourrait le faire croire. En effet, il suffit de regarder les quelques dessins de Josef Capek &#8211; le fr\u00e8re de Karel &#8211; qui font partie int\u00e9grante de l&#8217;oeuvre, pour saisir tout l&#8217;humour, la tendresse et l&#8217;originalit\u00e9 de l&#8217;ouvrage.<br \/>\nFleurs et plantes sont bien pr\u00e9sent\u00e9es avec la rigueur du sp\u00e9cialiste, mais un sp\u00e9cialiste qui est aussi po\u00e8te : et qui mieux que le po\u00e8te peut nous faire sentir les fleurs, humer la terre et respirer la beaut\u00e9 d&#8217;un jardin ? Mois par mois, tel un almanach, Karel Capek nous propose de saisir notre jardin \u00e0 pleines mains, pour en faire notre paradis !<br \/>\nPour la premi\u00e8re fois, ce texte est \u00e9dit\u00e9 en belle \u00e9dition cartonn\u00e9e.<\/p>\n","protected":false},"excerpt":{"rendered":"<p>Ce livre de Karel Capek, paru \u00e0 Prague en 1929, est une v\u00e9ritable petite merveille, et non un &#8220;pensum&#8221; d&#8217;horticulture comme son titre pourrait le faire croire. En effet, il suffit de regarder les quelques dessins de Josef Capek &#8211; le fr\u00e8re de Karel &#8211; qui font partie int\u00e9grante de l&#8217;oeuvre, pour saisir tout l&#8217;humour, [&hellip;]<\/p>\n","protected":false},"featured_media":40960,"template":"","meta":[],"product_cat":[2948,2956],"product_tag":[],"acf":[],"yoast_head":"<!-- This site is optimized with the Yoast SEO plugin v20.11 - https:\/\/yoast.com\/wordpress\/plugins\/seo\/ -->\n<title>L&#039;ann\u00e9e du jardinier - Librairie 7L<\/title>\n<meta name=\"robots\" content=\"index, follow, max-snippet:-1, max-image-preview:large, max-video-preview:-1\" \/>\n<link rel=\"canonical\" href=\"https:\/\/librairie7l.com\/en\/produit\/lannee-du-jardinier\/\" \/>\n<meta property=\"og:locale\" content=\"en_US\" \/>\n<meta property=\"og:type\" content=\"article\" \/>\n<meta property=\"og:title\" content=\"L&#039;ann\u00e9e du jardinier - Librairie 7L\" \/>\n<meta property=\"og:description\" content=\"Ce livre de Karel Capek, paru \u00e0 Prague en 1929, est une v\u00e9ritable petite merveille, et non un &#8220;pensum&#8221; d&#8217;horticulture comme son titre pourrait le faire croire. En effet, il suffit de regarder les quelques dessins de Josef Capek &#8211; le fr\u00e8re de Karel &#8211; qui font partie int\u00e9grante de l&#8217;oeuvre, pour saisir tout l&#8217;humour, [&hellip;]\" \/>\n<meta property=\"og:url\" content=\"https:\/\/librairie7l.com\/en\/produit\/lannee-du-jardinier\/\" \/>\n<meta property=\"og:site_name\" content=\"Librairie 7L\" \/>\n<meta property=\"article:modified_time\" content=\"2026-04-13T02:37:24+00:00\" \/>\n<meta property=\"og:image\" content=\"https:\/\/librairie7l.com\/wp-content\/uploads\/2021\/06\/9782815946582_1_75.jpg\" \/>\n\t<meta property=\"og:image:width\" content=\"394\" \/>\n\t<meta property=\"og:image:height\" content=\"598\" \/>\n\t<meta property=\"og:image:type\" content=\"image\/jpeg\" \/>\n<meta name=\"twitter:card\" content=\"summary_large_image\" \/>\n<meta name=\"twitter:label1\" content=\"Est. reading time\" \/>\n\t<meta name=\"twitter:data1\" content=\"1 minute\" \/>\n<script type=\"application\/ld+json\" class=\"yoast-schema-graph\">{\"@context\":\"https:\/\/schema.org\",\"@graph\":[{\"@type\":\"WebPage\",\"@id\":\"https:\/\/librairie7l.com\/en\/produit\/lannee-du-jardinier\/\",\"url\":\"https:\/\/librairie7l.com\/en\/produit\/lannee-du-jardinier\/\",\"name\":\"L'ann\u00e9e du jardinier - Librairie 7L\",\"isPartOf\":{\"@id\":\"https:\/\/librairie7l.com\/en\/#website\"},\"datePublished\":\"2024-05-15T07:19:04+00:00\",\"dateModified\":\"2026-04-13T02:37:24+00:00\",\"breadcrumb\":{\"@id\":\"https:\/\/librairie7l.com\/en\/produit\/lannee-du-jardinier\/#breadcrumb\"},\"inLanguage\":\"en-US\",\"potentialAction\":[{\"@type\":\"ReadAction\",\"target\":[\"https:\/\/librairie7l.com\/en\/produit\/lannee-du-jardinier\/\"]}]},{\"@type\":\"BreadcrumbList\",\"@id\":\"https:\/\/librairie7l.com\/en\/produit\/lannee-du-jardinier\/#breadcrumb\",\"itemListElement\":[{\"@type\":\"ListItem\",\"position\":1,\"name\":\"Accueil\",\"item\":\"https:\/\/librairie7l.com\/en\/\"},{\"@type\":\"ListItem\",\"position\":2,\"name\":\"Shop\",\"item\":\"https:\/\/librairie7l.com\/en\/shop\/\"},{\"@type\":\"ListItem\",\"position\":3,\"name\":\"L&#8217;ANN\u00c9E DU JARDINIER\"}]},{\"@type\":\"WebSite\",\"@id\":\"https:\/\/librairie7l.com\/en\/#website\",\"url\":\"https:\/\/librairie7l.com\/en\/\",\"name\":\"Librairie 7L\",\"description\":\"Librairie fond\u00e9e en 1999 par Karl Lagerfeld \u00e0 Paris\",\"publisher\":{\"@id\":\"https:\/\/librairie7l.com\/en\/#organization\"},\"potentialAction\":[{\"@type\":\"SearchAction\",\"target\":{\"@type\":\"EntryPoint\",\"urlTemplate\":\"https:\/\/librairie7l.com\/en\/?s={search_term_string}\"},\"query-input\":\"required name=search_term_string\"}],\"inLanguage\":\"en-US\"},{\"@type\":\"Organization\",\"@id\":\"https:\/\/librairie7l.com\/en\/#organization\",\"name\":\"Librairie 7L\",\"url\":\"https:\/\/librairie7l.com\/en\/\",\"logo\":{\"@type\":\"ImageObject\",\"inLanguage\":\"en-US\",\"@id\":\"https:\/\/librairie7l.com\/en\/#\/schema\/logo\/image\/\",\"url\":\"https:\/\/librairie7l.com\/wp-content\/uploads\/2022\/08\/logo-1.png\",\"contentUrl\":\"https:\/\/librairie7l.com\/wp-content\/uploads\/2022\/08\/logo-1.png\",\"width\":227,\"height\":301,\"caption\":\"Librairie 7L\"},\"image\":{\"@id\":\"https:\/\/librairie7l.com\/en\/#\/schema\/logo\/image\/\"}}]}<\/script>\n<!-- \/ Yoast SEO plugin. -->","yoast_head_json":{"title":"L'ann\u00e9e du jardinier - Librairie 7L","robots":{"index":"index","follow":"follow","max-snippet":"max-snippet:-1","max-image-preview":"max-image-preview:large","max-video-preview":"max-video-preview:-1"},"canonical":"https:\/\/librairie7l.com\/en\/produit\/lannee-du-jardinier\/","og_locale":"en_US","og_type":"article","og_title":"L'ann\u00e9e du jardinier - Librairie 7L","og_description":"Ce livre de Karel Capek, paru \u00e0 Prague en 1929, est une v\u00e9ritable petite merveille, et non un &#8220;pensum&#8221; d&#8217;horticulture comme son titre pourrait le faire croire. En effet, il suffit de regarder les quelques dessins de Josef Capek &#8211; le fr\u00e8re de Karel &#8211; qui font partie int\u00e9grante de l&#8217;oeuvre, pour saisir tout l&#8217;humour, [&hellip;]","og_url":"https:\/\/librairie7l.com\/en\/produit\/lannee-du-jardinier\/","og_site_name":"Librairie 7L","article_modified_time":"2026-04-13T02:37:24+00:00","og_image":[{"width":394,"height":598,"url":"https:\/\/librairie7l.com\/wp-content\/uploads\/2021\/06\/9782815946582_1_75.jpg","type":"image\/jpeg"}],"twitter_card":"summary_large_image","twitter_misc":{"Est. reading time":"1 minute"},"schema":{"@context":"https:\/\/schema.org","@graph":[{"@type":"WebPage","@id":"https:\/\/librairie7l.com\/en\/produit\/lannee-du-jardinier\/","url":"https:\/\/librairie7l.com\/en\/produit\/lannee-du-jardinier\/","name":"L'ann\u00e9e du jardinier - Librairie 7L","isPartOf":{"@id":"https:\/\/librairie7l.com\/en\/#website"},"datePublished":"2024-05-15T07:19:04+00:00","dateModified":"2026-04-13T02:37:24+00:00","breadcrumb":{"@id":"https:\/\/librairie7l.com\/en\/produit\/lannee-du-jardinier\/#breadcrumb"},"inLanguage":"en-US","potentialAction":[{"@type":"ReadAction","target":["https:\/\/librairie7l.com\/en\/produit\/lannee-du-jardinier\/"]}]},{"@type":"BreadcrumbList","@id":"https:\/\/librairie7l.com\/en\/produit\/lannee-du-jardinier\/#breadcrumb","itemListElement":[{"@type":"ListItem","position":1,"name":"Accueil","item":"https:\/\/librairie7l.com\/en\/"},{"@type":"ListItem","position":2,"name":"Shop","item":"https:\/\/librairie7l.com\/en\/shop\/"},{"@type":"ListItem","position":3,"name":"L&#8217;ANN\u00c9E DU JARDINIER"}]},{"@type":"WebSite","@id":"https:\/\/librairie7l.com\/en\/#website","url":"https:\/\/librairie7l.com\/en\/","name":"Librairie 7L","description":"Librairie fond\u00e9e en 1999 par Karl Lagerfeld \u00e0 Paris","publisher":{"@id":"https:\/\/librairie7l.com\/en\/#organization"},"potentialAction":[{"@type":"SearchAction","target":{"@type":"EntryPoint","urlTemplate":"https:\/\/librairie7l.com\/en\/?s={search_term_string}"},"query-input":"required name=search_term_string"}],"inLanguage":"en-US"},{"@type":"Organization","@id":"https:\/\/librairie7l.com\/en\/#organization","name":"Librairie 7L","url":"https:\/\/librairie7l.com\/en\/","logo":{"@type":"ImageObject","inLanguage":"en-US","@id":"https:\/\/librairie7l.com\/en\/#\/schema\/logo\/image\/","url":"https:\/\/librairie7l.com\/wp-content\/uploads\/2022\/08\/logo-1.png","contentUrl":"https:\/\/librairie7l.com\/wp-content\/uploads\/2022\/08\/logo-1.png","width":227,"height":301,"caption":"Librairie 7L"},"image":{"@id":"https:\/\/librairie7l.com\/en\/#\/schema\/logo\/image\/"}}]}},"_links":{"self":[{"href":"https:\/\/librairie7l.com\/en\/wp-json\/wp\/v2\/product\/40962"}],"collection":[{"href":"https:\/\/librairie7l.com\/en\/wp-json\/wp\/v2\/product"}],"about":[{"href":"https:\/\/librairie7l.com\/en\/wp-json\/wp\/v2\/types\/product"}],"wp:featuredmedia":[{"embeddable":true,"href":"https:\/\/librairie7l.com\/en\/wp-json\/wp\/v2\/media\/40960"}],"wp:attachment":[{"href":"https:\/\/librairie7l.com\/en\/wp-json\/wp\/v2\/media?parent=40962"}],"wp:term":[{"taxonomy":"product_cat","embeddable":true,"href":"https:\/\/librairie7l.com\/en\/wp-json\/wp\/v2\/product_cat?post=40962"},{"taxonomy":"product_tag","embeddable":true,"href":"https:\/\/librairie7l.com\/en\/wp-json\/wp\/v2\/product_tag?post=40962"}],"curies":[{"name":"wp","href":"https:\/\/api.w.org\/{rel}","templated":true}]}}