{"id":40966,"date":"2024-05-15T09:19:07","date_gmt":"2024-05-15T07:19:07","guid":{"rendered":"https:\/\/librairie7l.com\/?post_type=product&#038;p=40966"},"modified":"2026-04-13T03:06:09","modified_gmt":"2026-04-13T01:06:09","slug":"manifeste-du-jardin-emotionnel","status":"publish","type":"product","link":"https:\/\/librairie7l.com\/en\/produit\/manifeste-du-jardin-emotionnel\/","title":{"rendered":"MANIFESTE DU JARDIN \u00c9MOTIONNEL"},"content":{"rendered":"<p>Arnaud Mauri\u00e8res et Eric Ossart sont paysagistes et jardiniers. Depuis plus de trente ans, ils cr\u00e9ent des jardins publics ou priv\u00e9s \u00e0 travers le monde et construisent parfois les maisons de leurs jardins. Ils ont publi\u00e9s de nombreux ouvrages qui t\u00e9moignent de leur volont\u00e9 de respecter l&#8217;environnement naturel et humain tout en offrant le plaisir de vivre en harmonie entre l&#8217;architecture et le v\u00e9g\u00e9tal. Leur implication dans l&#8217;enseignement du paysage et leur participation \u00e0 de nombreuses manifestations culturelles attestent une d\u00e9marche p\u00e9dagogique \u00e0 tout niveau. Le manifeste du jardin \u00e9motionnel est l&#8217;aboutissement d&#8217;une r\u00e9flexion bas\u00e9e sur l&#8217;exp\u00e9rience de leurs propres cr\u00e9ations et l&#8217;influence d&#8217;architectes et jardiniers remarquables de notre \u00e9poque.<\/p>\n<p>Le manifeste en 15 points :<br \/>\n1\/ \u00c9MOTION &#8211; La fonction naturelle du jardin est l&#8217;\u00e9motion.<br \/>\n2\/ NATURE &#8211;  Le jardin n&#8217;est pas la nature, mais la nature est dans le jardin.<br \/>\n3\/ CULTURE &#8211; L&#8217;architecture est \u00e9motionnelle par culture, le jardin par nature.<br \/>\n4\/ PARADIS &#8211; Le jardin est une nature \u00e0 l&#8217;\u00e9chelle de l&#8217;homme, le paradis est un jardin.<br \/>\n5\/ ARCHITECTURE &#8211; Architecture et jardin sont indissociables. Le rapport entre les deux d\u00e9termine un choix de vie individuel et social.<br \/>\n6\/ MODERNISME &#8211; Une r\u00e9volution moderniste, ce n&#8217;est plus le jardin qui proc\u00e8de de l&#8217;architecture mais l&#8217;architecture qui proc\u00e8de du jardin.<br \/>\n7\/ TERRE &#8211; La terre est la mati\u00e8re essentielle du jardin, c&#8217;est aussi celle de l&#8217;architecture. S&#8217;\u00e9loigner de la terre, c&#8217;est se perdre.<br \/>\n8\/ EAU &#8211; L&#8217;eau est la mati\u00e8re la plus pr\u00e9cieuse du jardin. La respecter, la ch\u00e9rir, la sublimer est le devoir de tout jardinier.<br \/>\n9\/ V\u00c9G\u00c9TAL &#8211; Le v\u00e9g\u00e9tal est primordial. Le v\u00e9g\u00e9tal est l&#8217;essence m\u00eame du jardin, il est son \u00e2me, sa part vivante et \u00e9motionnelle.<br \/>\n10\/ ART &#8211; Les artistes peuvent devenir paysagistes ou leurs oeuvres enrichir le jardin mais l&#8217;art n&#8217;est pas le propos du jardinier.<br \/>\n11\/ DESSIN &#8211; Le dessin du jardin est une trame dont la v\u00e9g\u00e9tation va s&#8217;affranchir pour constituer un paysage qui \u00e9chappe au dessein initial.<br \/>\n12\/ DESSEIN &#8211; Le dessin d&#8217;un jardin : des murs pour limiter, un seuil pour entrer, des all\u00e9es pour s&#8217;approprier le sauvage.<br \/>\n13\/ TALENT  &#8211; Le talent d&#8217;un jardinier : apprivoiser la nature qui lui est donn\u00e9e pour d\u00e9couvrir sa propre nature.<br \/>\n14\/ JARDINIER &#8211; On ne peut \u00eatre paysagiste sans \u00eatre jardinier, on ne peut \u00eatre jardinier sans planter son propre jardin.<br \/>\n15\/ \u00c9TERNIT\u00c9 &#8211; Le geste du jardinier est perp\u00e9tuel. Le jardin apprend la pluie, le vent, le soleil les saisons, le temps ; il apprend les d\u00e9faites et les conqu\u00eates ; il apprend la vie et donne \u00e0 la mort un go\u00fbt d&#8217;\u00e9ternit\u00e9.<\/p>\n","protected":false},"excerpt":{"rendered":"<p>Arnaud Mauri\u00e8res et Eric Ossart sont paysagistes et jardiniers. Depuis plus de trente ans, ils cr\u00e9ent des jardins publics ou priv\u00e9s \u00e0 travers le monde et construisent parfois les maisons de leurs jardins. Ils ont publi\u00e9s de nombreux ouvrages qui t\u00e9moignent de leur volont\u00e9 de respecter l&#8217;environnement naturel et humain tout en offrant le plaisir [&hellip;]<\/p>\n","protected":false},"featured_media":40964,"template":"","meta":[],"product_cat":[2948,2956],"product_tag":[],"acf":[],"yoast_head":"<!-- This site is optimized with the Yoast SEO plugin v20.11 - https:\/\/yoast.com\/wordpress\/plugins\/seo\/ -->\n<title>Manifeste du jardin \u00e9motionnel - Librairie 7L<\/title>\n<meta name=\"robots\" content=\"index, follow, max-snippet:-1, max-image-preview:large, max-video-preview:-1\" \/>\n<link rel=\"canonical\" href=\"https:\/\/librairie7l.com\/en\/produit\/manifeste-du-jardin-emotionnel\/\" \/>\n<meta property=\"og:locale\" content=\"en_US\" \/>\n<meta property=\"og:type\" content=\"article\" \/>\n<meta property=\"og:title\" content=\"Manifeste du jardin \u00e9motionnel - Librairie 7L\" \/>\n<meta property=\"og:description\" content=\"Arnaud Mauri\u00e8res et Eric Ossart sont paysagistes et jardiniers. Depuis plus de trente ans, ils cr\u00e9ent des jardins publics ou priv\u00e9s \u00e0 travers le monde et construisent parfois les maisons de leurs jardins. Ils ont publi\u00e9s de nombreux ouvrages qui t\u00e9moignent de leur volont\u00e9 de respecter l&#8217;environnement naturel et humain tout en offrant le plaisir [&hellip;]\" \/>\n<meta property=\"og:url\" content=\"https:\/\/librairie7l.com\/en\/produit\/manifeste-du-jardin-emotionnel\/\" \/>\n<meta property=\"og:site_name\" content=\"Librairie 7L\" \/>\n<meta property=\"article:modified_time\" content=\"2026-04-13T01:06:09+00:00\" \/>\n<meta property=\"og:image\" content=\"https:\/\/librairie7l.com\/wp-content\/uploads\/2022\/02\/9782366722802_1_75.jpg\" \/>\n\t<meta property=\"og:image:width\" content=\"600\" \/>\n\t<meta property=\"og:image:height\" content=\"973\" \/>\n\t<meta property=\"og:image:type\" content=\"image\/jpeg\" \/>\n<meta name=\"twitter:card\" content=\"summary_large_image\" \/>\n<meta name=\"twitter:label1\" content=\"Est. reading time\" \/>\n\t<meta name=\"twitter:data1\" content=\"2 minutes\" \/>\n<script type=\"application\/ld+json\" class=\"yoast-schema-graph\">{\"@context\":\"https:\/\/schema.org\",\"@graph\":[{\"@type\":\"WebPage\",\"@id\":\"https:\/\/librairie7l.com\/en\/produit\/manifeste-du-jardin-emotionnel\/\",\"url\":\"https:\/\/librairie7l.com\/en\/produit\/manifeste-du-jardin-emotionnel\/\",\"name\":\"Manifeste du jardin \u00e9motionnel - Librairie 7L\",\"isPartOf\":{\"@id\":\"https:\/\/librairie7l.com\/en\/#website\"},\"datePublished\":\"2024-05-15T07:19:07+00:00\",\"dateModified\":\"2026-04-13T01:06:09+00:00\",\"breadcrumb\":{\"@id\":\"https:\/\/librairie7l.com\/en\/produit\/manifeste-du-jardin-emotionnel\/#breadcrumb\"},\"inLanguage\":\"en-US\",\"potentialAction\":[{\"@type\":\"ReadAction\",\"target\":[\"https:\/\/librairie7l.com\/en\/produit\/manifeste-du-jardin-emotionnel\/\"]}]},{\"@type\":\"BreadcrumbList\",\"@id\":\"https:\/\/librairie7l.com\/en\/produit\/manifeste-du-jardin-emotionnel\/#breadcrumb\",\"itemListElement\":[{\"@type\":\"ListItem\",\"position\":1,\"name\":\"Accueil\",\"item\":\"https:\/\/librairie7l.com\/en\/\"},{\"@type\":\"ListItem\",\"position\":2,\"name\":\"Shop\",\"item\":\"https:\/\/librairie7l.com\/en\/shop\/\"},{\"@type\":\"ListItem\",\"position\":3,\"name\":\"MANIFESTE DU JARDIN \u00c9MOTIONNEL\"}]},{\"@type\":\"WebSite\",\"@id\":\"https:\/\/librairie7l.com\/en\/#website\",\"url\":\"https:\/\/librairie7l.com\/en\/\",\"name\":\"Librairie 7L\",\"description\":\"Librairie fond\u00e9e en 1999 par Karl Lagerfeld \u00e0 Paris\",\"publisher\":{\"@id\":\"https:\/\/librairie7l.com\/en\/#organization\"},\"potentialAction\":[{\"@type\":\"SearchAction\",\"target\":{\"@type\":\"EntryPoint\",\"urlTemplate\":\"https:\/\/librairie7l.com\/en\/?s={search_term_string}\"},\"query-input\":\"required name=search_term_string\"}],\"inLanguage\":\"en-US\"},{\"@type\":\"Organization\",\"@id\":\"https:\/\/librairie7l.com\/en\/#organization\",\"name\":\"Librairie 7L\",\"url\":\"https:\/\/librairie7l.com\/en\/\",\"logo\":{\"@type\":\"ImageObject\",\"inLanguage\":\"en-US\",\"@id\":\"https:\/\/librairie7l.com\/en\/#\/schema\/logo\/image\/\",\"url\":\"https:\/\/librairie7l.com\/wp-content\/uploads\/2022\/08\/logo-1.png\",\"contentUrl\":\"https:\/\/librairie7l.com\/wp-content\/uploads\/2022\/08\/logo-1.png\",\"width\":227,\"height\":301,\"caption\":\"Librairie 7L\"},\"image\":{\"@id\":\"https:\/\/librairie7l.com\/en\/#\/schema\/logo\/image\/\"}}]}<\/script>\n<!-- \/ Yoast SEO plugin. -->","yoast_head_json":{"title":"Manifeste du jardin \u00e9motionnel - Librairie 7L","robots":{"index":"index","follow":"follow","max-snippet":"max-snippet:-1","max-image-preview":"max-image-preview:large","max-video-preview":"max-video-preview:-1"},"canonical":"https:\/\/librairie7l.com\/en\/produit\/manifeste-du-jardin-emotionnel\/","og_locale":"en_US","og_type":"article","og_title":"Manifeste du jardin \u00e9motionnel - Librairie 7L","og_description":"Arnaud Mauri\u00e8res et Eric Ossart sont paysagistes et jardiniers. Depuis plus de trente ans, ils cr\u00e9ent des jardins publics ou priv\u00e9s \u00e0 travers le monde et construisent parfois les maisons de leurs jardins. Ils ont publi\u00e9s de nombreux ouvrages qui t\u00e9moignent de leur volont\u00e9 de respecter l&#8217;environnement naturel et humain tout en offrant le plaisir [&hellip;]","og_url":"https:\/\/librairie7l.com\/en\/produit\/manifeste-du-jardin-emotionnel\/","og_site_name":"Librairie 7L","article_modified_time":"2026-04-13T01:06:09+00:00","og_image":[{"width":600,"height":973,"url":"https:\/\/librairie7l.com\/wp-content\/uploads\/2022\/02\/9782366722802_1_75.jpg","type":"image\/jpeg"}],"twitter_card":"summary_large_image","twitter_misc":{"Est. reading time":"2 minutes"},"schema":{"@context":"https:\/\/schema.org","@graph":[{"@type":"WebPage","@id":"https:\/\/librairie7l.com\/en\/produit\/manifeste-du-jardin-emotionnel\/","url":"https:\/\/librairie7l.com\/en\/produit\/manifeste-du-jardin-emotionnel\/","name":"Manifeste du jardin \u00e9motionnel - Librairie 7L","isPartOf":{"@id":"https:\/\/librairie7l.com\/en\/#website"},"datePublished":"2024-05-15T07:19:07+00:00","dateModified":"2026-04-13T01:06:09+00:00","breadcrumb":{"@id":"https:\/\/librairie7l.com\/en\/produit\/manifeste-du-jardin-emotionnel\/#breadcrumb"},"inLanguage":"en-US","potentialAction":[{"@type":"ReadAction","target":["https:\/\/librairie7l.com\/en\/produit\/manifeste-du-jardin-emotionnel\/"]}]},{"@type":"BreadcrumbList","@id":"https:\/\/librairie7l.com\/en\/produit\/manifeste-du-jardin-emotionnel\/#breadcrumb","itemListElement":[{"@type":"ListItem","position":1,"name":"Accueil","item":"https:\/\/librairie7l.com\/en\/"},{"@type":"ListItem","position":2,"name":"Shop","item":"https:\/\/librairie7l.com\/en\/shop\/"},{"@type":"ListItem","position":3,"name":"MANIFESTE DU JARDIN \u00c9MOTIONNEL"}]},{"@type":"WebSite","@id":"https:\/\/librairie7l.com\/en\/#website","url":"https:\/\/librairie7l.com\/en\/","name":"Librairie 7L","description":"Librairie fond\u00e9e en 1999 par Karl Lagerfeld \u00e0 Paris","publisher":{"@id":"https:\/\/librairie7l.com\/en\/#organization"},"potentialAction":[{"@type":"SearchAction","target":{"@type":"EntryPoint","urlTemplate":"https:\/\/librairie7l.com\/en\/?s={search_term_string}"},"query-input":"required name=search_term_string"}],"inLanguage":"en-US"},{"@type":"Organization","@id":"https:\/\/librairie7l.com\/en\/#organization","name":"Librairie 7L","url":"https:\/\/librairie7l.com\/en\/","logo":{"@type":"ImageObject","inLanguage":"en-US","@id":"https:\/\/librairie7l.com\/en\/#\/schema\/logo\/image\/","url":"https:\/\/librairie7l.com\/wp-content\/uploads\/2022\/08\/logo-1.png","contentUrl":"https:\/\/librairie7l.com\/wp-content\/uploads\/2022\/08\/logo-1.png","width":227,"height":301,"caption":"Librairie 7L"},"image":{"@id":"https:\/\/librairie7l.com\/en\/#\/schema\/logo\/image\/"}}]}},"_links":{"self":[{"href":"https:\/\/librairie7l.com\/en\/wp-json\/wp\/v2\/product\/40966"}],"collection":[{"href":"https:\/\/librairie7l.com\/en\/wp-json\/wp\/v2\/product"}],"about":[{"href":"https:\/\/librairie7l.com\/en\/wp-json\/wp\/v2\/types\/product"}],"wp:featuredmedia":[{"embeddable":true,"href":"https:\/\/librairie7l.com\/en\/wp-json\/wp\/v2\/media\/40964"}],"wp:attachment":[{"href":"https:\/\/librairie7l.com\/en\/wp-json\/wp\/v2\/media?parent=40966"}],"wp:term":[{"taxonomy":"product_cat","embeddable":true,"href":"https:\/\/librairie7l.com\/en\/wp-json\/wp\/v2\/product_cat?post=40966"},{"taxonomy":"product_tag","embeddable":true,"href":"https:\/\/librairie7l.com\/en\/wp-json\/wp\/v2\/product_tag?post=40966"}],"curies":[{"name":"wp","href":"https:\/\/api.w.org\/{rel}","templated":true}]}}