{"id":40970,"date":"2024-05-16T09:18:09","date_gmt":"2024-05-16T07:18:09","guid":{"rendered":"https:\/\/librairie7l.com\/?post_type=product&#038;p=40970"},"modified":"2026-04-11T23:47:38","modified_gmt":"2026-04-11T21:47:38","slug":"coco-chanel-une-vie-derriere-la-marque","status":"publish","type":"product","link":"https:\/\/librairie7l.com\/en\/produit\/coco-chanel-une-vie-derriere-la-marque\/","title":{"rendered":"COCO CHANEL : UNE VIE DERRI\u00c8RE LA MARQUE"},"content":{"rendered":"<p>La mode est au fondement des industries du luxe. Grande pionni\u00e8re, Gabrielle Chanel, dite Coco (1883-1971) avait d\u00e9j\u00e0 fait de la rue Cambon le si\u00e8ge d&#8217;une maison globale, des tissus aux v\u00eatements, de la couture aux parfums et aux bijoux. Elle y avait commenc\u00e9 modestement en y proposant des chapeaux. Elle les travaillait de ses mains avec la m\u00eame m\u00e9thode qu&#8217;elle pratiquera en tous domaines : soustraire, simplifier. Son monogramme, le double \u00ab C \u00bb entrelac\u00e9, est connu aujourd&#8217;hui comme le drapeau tricolore mais si elle avait eu des armoiries, aurait figur\u00e9e au centre une paire de ciseaux. Il y a toujours trop de mots dans une phrase, trop d&#8217;ornements dans un v\u00eatement.<br \/>\nAnticipatrice, Coco Chanel fut aussi \u00e9mancipatrice. &#8220;Les femmes, jamais assez \u00e9l\u00e9gantes, sont toujours trop habill\u00e9es.&#8221; Elle leur a offert la libert\u00e9 de mouvement.<br \/>\n&#8220;Quand j&#8217;ai \u00e0 refaire, disait-elle, je refais autre chose.&#8221; Pendant l&#8217;Occupation, elle multiplia les erreurs : la maison qui porte son nom pr\u00e9f\u00e9rerait qu&#8217;elle ait \u00e9t\u00e9 agent double des Anglais plut\u00f4t qu&#8217;instrument des nazis. N\u00e9anmoins, apr\u00e8s quelques ann\u00e9es de silence, d\u00e8s 1954 elle redonna vie &#8211; et quelle vie ! \u00e0 la rue Cambon. &#8220;Mademoiselle, lui avait-on pr\u00e9dit, m\u00eame morte, vous bougerez encore.&#8221;<\/p>\n","protected":false},"excerpt":{"rendered":"<p>La mode est au fondement des industries du luxe. Grande pionni\u00e8re, Gabrielle Chanel, dite Coco (1883-1971) avait d\u00e9j\u00e0 fait de la rue Cambon le si\u00e8ge d&#8217;une maison globale, des tissus aux v\u00eatements, de la couture aux parfums et aux bijoux. Elle y avait commenc\u00e9 modestement en y proposant des chapeaux. Elle les travaillait de ses [&hellip;]<\/p>\n","protected":false},"featured_media":40968,"template":"","meta":[],"product_cat":[2948,2957],"product_tag":[],"acf":[],"yoast_head":"<!-- This site is optimized with the Yoast SEO plugin v20.11 - https:\/\/yoast.com\/wordpress\/plugins\/seo\/ -->\n<title>Coco Chanel : Une vie derri\u00e8re la marque - Librairie 7L<\/title>\n<meta name=\"robots\" content=\"index, follow, max-snippet:-1, max-image-preview:large, max-video-preview:-1\" \/>\n<link rel=\"canonical\" href=\"https:\/\/librairie7l.com\/en\/produit\/coco-chanel-une-vie-derriere-la-marque\/\" \/>\n<meta property=\"og:locale\" content=\"en_US\" \/>\n<meta property=\"og:type\" content=\"article\" \/>\n<meta property=\"og:title\" content=\"Coco Chanel : Une vie derri\u00e8re la marque - Librairie 7L\" \/>\n<meta property=\"og:description\" content=\"La mode est au fondement des industries du luxe. Grande pionni\u00e8re, Gabrielle Chanel, dite Coco (1883-1971) avait d\u00e9j\u00e0 fait de la rue Cambon le si\u00e8ge d&#8217;une maison globale, des tissus aux v\u00eatements, de la couture aux parfums et aux bijoux. Elle y avait commenc\u00e9 modestement en y proposant des chapeaux. Elle les travaillait de ses [&hellip;]\" \/>\n<meta property=\"og:url\" content=\"https:\/\/librairie7l.com\/en\/produit\/coco-chanel-une-vie-derriere-la-marque\/\" \/>\n<meta property=\"og:site_name\" content=\"Librairie 7L\" \/>\n<meta property=\"article:modified_time\" content=\"2026-04-11T21:47:38+00:00\" \/>\n<meta property=\"og:image\" content=\"https:\/\/librairie7l.com\/wp-content\/uploads\/2024\/02\/9782494178168_1_75.jpg\" \/>\n\t<meta property=\"og:image:width\" content=\"600\" \/>\n\t<meta property=\"og:image:height\" content=\"915\" \/>\n\t<meta property=\"og:image:type\" content=\"image\/jpeg\" \/>\n<meta name=\"twitter:card\" content=\"summary_large_image\" \/>\n<meta name=\"twitter:label1\" content=\"Est. reading time\" \/>\n\t<meta name=\"twitter:data1\" content=\"1 minute\" \/>\n<script type=\"application\/ld+json\" class=\"yoast-schema-graph\">{\"@context\":\"https:\/\/schema.org\",\"@graph\":[{\"@type\":\"WebPage\",\"@id\":\"https:\/\/librairie7l.com\/en\/produit\/coco-chanel-une-vie-derriere-la-marque\/\",\"url\":\"https:\/\/librairie7l.com\/en\/produit\/coco-chanel-une-vie-derriere-la-marque\/\",\"name\":\"Coco Chanel : Une vie derri\u00e8re la marque - Librairie 7L\",\"isPartOf\":{\"@id\":\"https:\/\/librairie7l.com\/en\/#website\"},\"datePublished\":\"2024-05-16T07:18:09+00:00\",\"dateModified\":\"2026-04-11T21:47:38+00:00\",\"breadcrumb\":{\"@id\":\"https:\/\/librairie7l.com\/en\/produit\/coco-chanel-une-vie-derriere-la-marque\/#breadcrumb\"},\"inLanguage\":\"en-US\",\"potentialAction\":[{\"@type\":\"ReadAction\",\"target\":[\"https:\/\/librairie7l.com\/en\/produit\/coco-chanel-une-vie-derriere-la-marque\/\"]}]},{\"@type\":\"BreadcrumbList\",\"@id\":\"https:\/\/librairie7l.com\/en\/produit\/coco-chanel-une-vie-derriere-la-marque\/#breadcrumb\",\"itemListElement\":[{\"@type\":\"ListItem\",\"position\":1,\"name\":\"Accueil\",\"item\":\"https:\/\/librairie7l.com\/en\/\"},{\"@type\":\"ListItem\",\"position\":2,\"name\":\"Shop\",\"item\":\"https:\/\/librairie7l.com\/en\/shop\/\"},{\"@type\":\"ListItem\",\"position\":3,\"name\":\"COCO CHANEL : UNE VIE DERRI\u00c8RE LA MARQUE\"}]},{\"@type\":\"WebSite\",\"@id\":\"https:\/\/librairie7l.com\/en\/#website\",\"url\":\"https:\/\/librairie7l.com\/en\/\",\"name\":\"Librairie 7L\",\"description\":\"Librairie fond\u00e9e en 1999 par Karl Lagerfeld \u00e0 Paris\",\"publisher\":{\"@id\":\"https:\/\/librairie7l.com\/en\/#organization\"},\"potentialAction\":[{\"@type\":\"SearchAction\",\"target\":{\"@type\":\"EntryPoint\",\"urlTemplate\":\"https:\/\/librairie7l.com\/en\/?s={search_term_string}\"},\"query-input\":\"required name=search_term_string\"}],\"inLanguage\":\"en-US\"},{\"@type\":\"Organization\",\"@id\":\"https:\/\/librairie7l.com\/en\/#organization\",\"name\":\"Librairie 7L\",\"url\":\"https:\/\/librairie7l.com\/en\/\",\"logo\":{\"@type\":\"ImageObject\",\"inLanguage\":\"en-US\",\"@id\":\"https:\/\/librairie7l.com\/en\/#\/schema\/logo\/image\/\",\"url\":\"https:\/\/librairie7l.com\/wp-content\/uploads\/2022\/08\/logo-1.png\",\"contentUrl\":\"https:\/\/librairie7l.com\/wp-content\/uploads\/2022\/08\/logo-1.png\",\"width\":227,\"height\":301,\"caption\":\"Librairie 7L\"},\"image\":{\"@id\":\"https:\/\/librairie7l.com\/en\/#\/schema\/logo\/image\/\"}}]}<\/script>\n<!-- \/ Yoast SEO plugin. -->","yoast_head_json":{"title":"Coco Chanel : Une vie derri\u00e8re la marque - Librairie 7L","robots":{"index":"index","follow":"follow","max-snippet":"max-snippet:-1","max-image-preview":"max-image-preview:large","max-video-preview":"max-video-preview:-1"},"canonical":"https:\/\/librairie7l.com\/en\/produit\/coco-chanel-une-vie-derriere-la-marque\/","og_locale":"en_US","og_type":"article","og_title":"Coco Chanel : Une vie derri\u00e8re la marque - Librairie 7L","og_description":"La mode est au fondement des industries du luxe. Grande pionni\u00e8re, Gabrielle Chanel, dite Coco (1883-1971) avait d\u00e9j\u00e0 fait de la rue Cambon le si\u00e8ge d&#8217;une maison globale, des tissus aux v\u00eatements, de la couture aux parfums et aux bijoux. Elle y avait commenc\u00e9 modestement en y proposant des chapeaux. Elle les travaillait de ses [&hellip;]","og_url":"https:\/\/librairie7l.com\/en\/produit\/coco-chanel-une-vie-derriere-la-marque\/","og_site_name":"Librairie 7L","article_modified_time":"2026-04-11T21:47:38+00:00","og_image":[{"width":600,"height":915,"url":"https:\/\/librairie7l.com\/wp-content\/uploads\/2024\/02\/9782494178168_1_75.jpg","type":"image\/jpeg"}],"twitter_card":"summary_large_image","twitter_misc":{"Est. reading time":"1 minute"},"schema":{"@context":"https:\/\/schema.org","@graph":[{"@type":"WebPage","@id":"https:\/\/librairie7l.com\/en\/produit\/coco-chanel-une-vie-derriere-la-marque\/","url":"https:\/\/librairie7l.com\/en\/produit\/coco-chanel-une-vie-derriere-la-marque\/","name":"Coco Chanel : Une vie derri\u00e8re la marque - Librairie 7L","isPartOf":{"@id":"https:\/\/librairie7l.com\/en\/#website"},"datePublished":"2024-05-16T07:18:09+00:00","dateModified":"2026-04-11T21:47:38+00:00","breadcrumb":{"@id":"https:\/\/librairie7l.com\/en\/produit\/coco-chanel-une-vie-derriere-la-marque\/#breadcrumb"},"inLanguage":"en-US","potentialAction":[{"@type":"ReadAction","target":["https:\/\/librairie7l.com\/en\/produit\/coco-chanel-une-vie-derriere-la-marque\/"]}]},{"@type":"BreadcrumbList","@id":"https:\/\/librairie7l.com\/en\/produit\/coco-chanel-une-vie-derriere-la-marque\/#breadcrumb","itemListElement":[{"@type":"ListItem","position":1,"name":"Accueil","item":"https:\/\/librairie7l.com\/en\/"},{"@type":"ListItem","position":2,"name":"Shop","item":"https:\/\/librairie7l.com\/en\/shop\/"},{"@type":"ListItem","position":3,"name":"COCO CHANEL : UNE VIE DERRI\u00c8RE LA MARQUE"}]},{"@type":"WebSite","@id":"https:\/\/librairie7l.com\/en\/#website","url":"https:\/\/librairie7l.com\/en\/","name":"Librairie 7L","description":"Librairie fond\u00e9e en 1999 par Karl Lagerfeld \u00e0 Paris","publisher":{"@id":"https:\/\/librairie7l.com\/en\/#organization"},"potentialAction":[{"@type":"SearchAction","target":{"@type":"EntryPoint","urlTemplate":"https:\/\/librairie7l.com\/en\/?s={search_term_string}"},"query-input":"required name=search_term_string"}],"inLanguage":"en-US"},{"@type":"Organization","@id":"https:\/\/librairie7l.com\/en\/#organization","name":"Librairie 7L","url":"https:\/\/librairie7l.com\/en\/","logo":{"@type":"ImageObject","inLanguage":"en-US","@id":"https:\/\/librairie7l.com\/en\/#\/schema\/logo\/image\/","url":"https:\/\/librairie7l.com\/wp-content\/uploads\/2022\/08\/logo-1.png","contentUrl":"https:\/\/librairie7l.com\/wp-content\/uploads\/2022\/08\/logo-1.png","width":227,"height":301,"caption":"Librairie 7L"},"image":{"@id":"https:\/\/librairie7l.com\/en\/#\/schema\/logo\/image\/"}}]}},"_links":{"self":[{"href":"https:\/\/librairie7l.com\/en\/wp-json\/wp\/v2\/product\/40970"}],"collection":[{"href":"https:\/\/librairie7l.com\/en\/wp-json\/wp\/v2\/product"}],"about":[{"href":"https:\/\/librairie7l.com\/en\/wp-json\/wp\/v2\/types\/product"}],"wp:featuredmedia":[{"embeddable":true,"href":"https:\/\/librairie7l.com\/en\/wp-json\/wp\/v2\/media\/40968"}],"wp:attachment":[{"href":"https:\/\/librairie7l.com\/en\/wp-json\/wp\/v2\/media?parent=40970"}],"wp:term":[{"taxonomy":"product_cat","embeddable":true,"href":"https:\/\/librairie7l.com\/en\/wp-json\/wp\/v2\/product_cat?post=40970"},{"taxonomy":"product_tag","embeddable":true,"href":"https:\/\/librairie7l.com\/en\/wp-json\/wp\/v2\/product_tag?post=40970"}],"curies":[{"name":"wp","href":"https:\/\/api.w.org\/{rel}","templated":true}]}}