{"id":40988,"date":"2024-05-18T09:18:06","date_gmt":"2024-05-18T07:18:06","guid":{"rendered":"https:\/\/librairie7l.com\/?post_type=product&#038;p=40988"},"modified":"2026-04-30T16:42:54","modified_gmt":"2026-04-30T14:42:54","slug":"arabofuturs-art-science-fiction-et-nouveaux-imaginaires","status":"publish","type":"product","link":"https:\/\/librairie7l.com\/en\/produit\/arabofuturs-art-science-fiction-et-nouveaux-imaginaires\/","title":{"rendered":"ARABOFUTURS : ART, SCIENCE-FICTION ET NOUVEAUX IMAGINAIRES"},"content":{"rendered":"<p>Futuro-Arab invite \u00e0 rentrer de plain-pied dans le monde onirique de l&#8217;anticipation arabe. Cet ouvrage ouvre la porte vers de nouvelles formes d&#8217;inconnu et t\u00e9moigne de la richesse esth\u00e9tique, intellectuelle et narrative de la science-fiction dans le monde arabe et ses diasporas.<\/p>\n<p>Il accompagne l&#8217;exposition \u00e9ponyme qui pr\u00e9sentera plus de 20 artistes vid\u00e9astes, plasticiens, performeurs, qui renouvellent les perspectives, red\u00e9finissent les identit\u00e9s et cherchent \u00e0 offrir des nouveaux possibles au r\u00e9el.<\/p>\n<p>Mondialisation, modernit\u00e9, \u00e9cologie, migrations, genre et d\u00e9colonisation sont quelques-uns des sujets de pr\u00e9dilection de cette sc\u00e8ne dans laquelle les artistes utilisent des motifs de la science-fiction ou du fantastique pour remettre en cause les certitudes et les acquis.<\/p>\n<p>Au-del\u00e0 de la pr\u00e9sentation des oeuvres expos\u00e9es et de la d\u00e9marche artistique de chacun, cet ouvrage est une introduction aux recherches les plus actuelles sur les cr\u00e9ations SF et les nouvelles narrations pr\u00e9sentes dans tous les champs de l&#8217;art et port\u00e9es par les artistes de culture arabe.<\/p>\n<p>Des chercheurs et des universitaires francophones, anglophones et arabophones, sp\u00e9cialistes des sciences sociales, de linguistique, de litt\u00e9rature, de cin\u00e9ma ou d&#8217;arts plastiques, de culture classique autant que contemporaine, ont \u00e9t\u00e9 convi\u00e9 \u00e0 \u00e9crire des textes qui viennent \u00e9clairer cette tendance forte et peu connue en France de l&#8217;art contemporain arabe.<\/p>\n","protected":false},"excerpt":{"rendered":"<p>Futuro-Arab invite \u00e0 rentrer de plain-pied dans le monde onirique de l&#8217;anticipation arabe. Cet ouvrage ouvre la porte vers de nouvelles formes d&#8217;inconnu et t\u00e9moigne de la richesse esth\u00e9tique, intellectuelle et narrative de la science-fiction dans le monde arabe et ses diasporas. Il accompagne l&#8217;exposition \u00e9ponyme qui pr\u00e9sentera plus de 20 artistes vid\u00e9astes, plasticiens, performeurs, [&hellip;]<\/p>\n","protected":false},"featured_media":41142,"template":"","meta":[],"product_cat":[2948,2953],"product_tag":[],"acf":[],"yoast_head":"<!-- This site is optimized with the Yoast SEO plugin v20.11 - https:\/\/yoast.com\/wordpress\/plugins\/seo\/ -->\n<title>Arabofuturs : art, science-fiction et nouveaux imaginaires - Librairie 7L<\/title>\n<meta name=\"robots\" content=\"index, follow, max-snippet:-1, max-image-preview:large, max-video-preview:-1\" \/>\n<link rel=\"canonical\" href=\"https:\/\/librairie7l.com\/en\/produit\/arabofuturs-art-science-fiction-et-nouveaux-imaginaires\/\" \/>\n<meta property=\"og:locale\" content=\"en_US\" \/>\n<meta property=\"og:type\" content=\"article\" \/>\n<meta property=\"og:title\" content=\"Arabofuturs : art, science-fiction et nouveaux imaginaires - Librairie 7L\" \/>\n<meta property=\"og:description\" content=\"Futuro-Arab invite \u00e0 rentrer de plain-pied dans le monde onirique de l&#8217;anticipation arabe. Cet ouvrage ouvre la porte vers de nouvelles formes d&#8217;inconnu et t\u00e9moigne de la richesse esth\u00e9tique, intellectuelle et narrative de la science-fiction dans le monde arabe et ses diasporas. Il accompagne l&#8217;exposition \u00e9ponyme qui pr\u00e9sentera plus de 20 artistes vid\u00e9astes, plasticiens, performeurs, [&hellip;]\" \/>\n<meta property=\"og:url\" content=\"https:\/\/librairie7l.com\/en\/produit\/arabofuturs-art-science-fiction-et-nouveaux-imaginaires\/\" \/>\n<meta property=\"og:site_name\" content=\"Librairie 7L\" \/>\n<meta property=\"article:modified_time\" content=\"2026-04-30T14:42:54+00:00\" \/>\n<meta property=\"og:image\" content=\"https:\/\/librairie7l.com\/wp-content\/uploads\/2024\/05\/9782490505678_1_75.jpg\" \/>\n\t<meta property=\"og:image:width\" content=\"350\" \/>\n\t<meta property=\"og:image:height\" content=\"500\" \/>\n\t<meta property=\"og:image:type\" content=\"image\/jpeg\" \/>\n<meta name=\"twitter:card\" content=\"summary_large_image\" \/>\n<meta name=\"twitter:label1\" content=\"Est. reading time\" \/>\n\t<meta name=\"twitter:data1\" content=\"1 minute\" \/>\n<script type=\"application\/ld+json\" class=\"yoast-schema-graph\">{\"@context\":\"https:\/\/schema.org\",\"@graph\":[{\"@type\":\"WebPage\",\"@id\":\"https:\/\/librairie7l.com\/en\/produit\/arabofuturs-art-science-fiction-et-nouveaux-imaginaires\/\",\"url\":\"https:\/\/librairie7l.com\/en\/produit\/arabofuturs-art-science-fiction-et-nouveaux-imaginaires\/\",\"name\":\"Arabofuturs : art, science-fiction et nouveaux imaginaires - Librairie 7L\",\"isPartOf\":{\"@id\":\"https:\/\/librairie7l.com\/en\/#website\"},\"datePublished\":\"2024-05-18T07:18:06+00:00\",\"dateModified\":\"2026-04-30T14:42:54+00:00\",\"breadcrumb\":{\"@id\":\"https:\/\/librairie7l.com\/en\/produit\/arabofuturs-art-science-fiction-et-nouveaux-imaginaires\/#breadcrumb\"},\"inLanguage\":\"en-US\",\"potentialAction\":[{\"@type\":\"ReadAction\",\"target\":[\"https:\/\/librairie7l.com\/en\/produit\/arabofuturs-art-science-fiction-et-nouveaux-imaginaires\/\"]}]},{\"@type\":\"BreadcrumbList\",\"@id\":\"https:\/\/librairie7l.com\/en\/produit\/arabofuturs-art-science-fiction-et-nouveaux-imaginaires\/#breadcrumb\",\"itemListElement\":[{\"@type\":\"ListItem\",\"position\":1,\"name\":\"Accueil\",\"item\":\"https:\/\/librairie7l.com\/en\/\"},{\"@type\":\"ListItem\",\"position\":2,\"name\":\"Shop\",\"item\":\"https:\/\/librairie7l.com\/en\/shop\/\"},{\"@type\":\"ListItem\",\"position\":3,\"name\":\"ARABOFUTURS : ART, SCIENCE-FICTION ET NOUVEAUX IMAGINAIRES\"}]},{\"@type\":\"WebSite\",\"@id\":\"https:\/\/librairie7l.com\/en\/#website\",\"url\":\"https:\/\/librairie7l.com\/en\/\",\"name\":\"Librairie 7L\",\"description\":\"Librairie fond\u00e9e en 1999 par Karl Lagerfeld \u00e0 Paris\",\"publisher\":{\"@id\":\"https:\/\/librairie7l.com\/en\/#organization\"},\"potentialAction\":[{\"@type\":\"SearchAction\",\"target\":{\"@type\":\"EntryPoint\",\"urlTemplate\":\"https:\/\/librairie7l.com\/en\/?s={search_term_string}\"},\"query-input\":\"required name=search_term_string\"}],\"inLanguage\":\"en-US\"},{\"@type\":\"Organization\",\"@id\":\"https:\/\/librairie7l.com\/en\/#organization\",\"name\":\"Librairie 7L\",\"url\":\"https:\/\/librairie7l.com\/en\/\",\"logo\":{\"@type\":\"ImageObject\",\"inLanguage\":\"en-US\",\"@id\":\"https:\/\/librairie7l.com\/en\/#\/schema\/logo\/image\/\",\"url\":\"https:\/\/librairie7l.com\/wp-content\/uploads\/2022\/08\/logo-1.png\",\"contentUrl\":\"https:\/\/librairie7l.com\/wp-content\/uploads\/2022\/08\/logo-1.png\",\"width\":227,\"height\":301,\"caption\":\"Librairie 7L\"},\"image\":{\"@id\":\"https:\/\/librairie7l.com\/en\/#\/schema\/logo\/image\/\"}}]}<\/script>\n<!-- \/ Yoast SEO plugin. -->","yoast_head_json":{"title":"Arabofuturs : art, science-fiction et nouveaux imaginaires - Librairie 7L","robots":{"index":"index","follow":"follow","max-snippet":"max-snippet:-1","max-image-preview":"max-image-preview:large","max-video-preview":"max-video-preview:-1"},"canonical":"https:\/\/librairie7l.com\/en\/produit\/arabofuturs-art-science-fiction-et-nouveaux-imaginaires\/","og_locale":"en_US","og_type":"article","og_title":"Arabofuturs : art, science-fiction et nouveaux imaginaires - Librairie 7L","og_description":"Futuro-Arab invite \u00e0 rentrer de plain-pied dans le monde onirique de l&#8217;anticipation arabe. Cet ouvrage ouvre la porte vers de nouvelles formes d&#8217;inconnu et t\u00e9moigne de la richesse esth\u00e9tique, intellectuelle et narrative de la science-fiction dans le monde arabe et ses diasporas. Il accompagne l&#8217;exposition \u00e9ponyme qui pr\u00e9sentera plus de 20 artistes vid\u00e9astes, plasticiens, performeurs, [&hellip;]","og_url":"https:\/\/librairie7l.com\/en\/produit\/arabofuturs-art-science-fiction-et-nouveaux-imaginaires\/","og_site_name":"Librairie 7L","article_modified_time":"2026-04-30T14:42:54+00:00","og_image":[{"width":350,"height":500,"url":"https:\/\/librairie7l.com\/wp-content\/uploads\/2024\/05\/9782490505678_1_75.jpg","type":"image\/jpeg"}],"twitter_card":"summary_large_image","twitter_misc":{"Est. reading time":"1 minute"},"schema":{"@context":"https:\/\/schema.org","@graph":[{"@type":"WebPage","@id":"https:\/\/librairie7l.com\/en\/produit\/arabofuturs-art-science-fiction-et-nouveaux-imaginaires\/","url":"https:\/\/librairie7l.com\/en\/produit\/arabofuturs-art-science-fiction-et-nouveaux-imaginaires\/","name":"Arabofuturs : art, science-fiction et nouveaux imaginaires - Librairie 7L","isPartOf":{"@id":"https:\/\/librairie7l.com\/en\/#website"},"datePublished":"2024-05-18T07:18:06+00:00","dateModified":"2026-04-30T14:42:54+00:00","breadcrumb":{"@id":"https:\/\/librairie7l.com\/en\/produit\/arabofuturs-art-science-fiction-et-nouveaux-imaginaires\/#breadcrumb"},"inLanguage":"en-US","potentialAction":[{"@type":"ReadAction","target":["https:\/\/librairie7l.com\/en\/produit\/arabofuturs-art-science-fiction-et-nouveaux-imaginaires\/"]}]},{"@type":"BreadcrumbList","@id":"https:\/\/librairie7l.com\/en\/produit\/arabofuturs-art-science-fiction-et-nouveaux-imaginaires\/#breadcrumb","itemListElement":[{"@type":"ListItem","position":1,"name":"Accueil","item":"https:\/\/librairie7l.com\/en\/"},{"@type":"ListItem","position":2,"name":"Shop","item":"https:\/\/librairie7l.com\/en\/shop\/"},{"@type":"ListItem","position":3,"name":"ARABOFUTURS : ART, SCIENCE-FICTION ET NOUVEAUX IMAGINAIRES"}]},{"@type":"WebSite","@id":"https:\/\/librairie7l.com\/en\/#website","url":"https:\/\/librairie7l.com\/en\/","name":"Librairie 7L","description":"Librairie fond\u00e9e en 1999 par Karl Lagerfeld \u00e0 Paris","publisher":{"@id":"https:\/\/librairie7l.com\/en\/#organization"},"potentialAction":[{"@type":"SearchAction","target":{"@type":"EntryPoint","urlTemplate":"https:\/\/librairie7l.com\/en\/?s={search_term_string}"},"query-input":"required name=search_term_string"}],"inLanguage":"en-US"},{"@type":"Organization","@id":"https:\/\/librairie7l.com\/en\/#organization","name":"Librairie 7L","url":"https:\/\/librairie7l.com\/en\/","logo":{"@type":"ImageObject","inLanguage":"en-US","@id":"https:\/\/librairie7l.com\/en\/#\/schema\/logo\/image\/","url":"https:\/\/librairie7l.com\/wp-content\/uploads\/2022\/08\/logo-1.png","contentUrl":"https:\/\/librairie7l.com\/wp-content\/uploads\/2022\/08\/logo-1.png","width":227,"height":301,"caption":"Librairie 7L"},"image":{"@id":"https:\/\/librairie7l.com\/en\/#\/schema\/logo\/image\/"}}]}},"_links":{"self":[{"href":"https:\/\/librairie7l.com\/en\/wp-json\/wp\/v2\/product\/40988"}],"collection":[{"href":"https:\/\/librairie7l.com\/en\/wp-json\/wp\/v2\/product"}],"about":[{"href":"https:\/\/librairie7l.com\/en\/wp-json\/wp\/v2\/types\/product"}],"wp:featuredmedia":[{"embeddable":true,"href":"https:\/\/librairie7l.com\/en\/wp-json\/wp\/v2\/media\/41142"}],"wp:attachment":[{"href":"https:\/\/librairie7l.com\/en\/wp-json\/wp\/v2\/media?parent=40988"}],"wp:term":[{"taxonomy":"product_cat","embeddable":true,"href":"https:\/\/librairie7l.com\/en\/wp-json\/wp\/v2\/product_cat?post=40988"},{"taxonomy":"product_tag","embeddable":true,"href":"https:\/\/librairie7l.com\/en\/wp-json\/wp\/v2\/product_tag?post=40988"}],"curies":[{"name":"wp","href":"https:\/\/api.w.org\/{rel}","templated":true}]}}