{"id":40994,"date":"2024-05-18T09:18:12","date_gmt":"2024-05-18T07:18:12","guid":{"rendered":"https:\/\/librairie7l.com\/?post_type=product&#038;p=40994"},"modified":"2026-04-12T01:37:29","modified_gmt":"2026-04-11T23:37:29","slug":"les-annes-sagan-1954-1985","status":"publish","type":"product","link":"https:\/\/librairie7l.com\/en\/produit\/les-annes-sagan-1954-1985\/","title":{"rendered":"LES ANNES SAGAN, 1954-1985"},"content":{"rendered":"<p>Dans une France des ann\u00e9es 50, quelque peu corset\u00e9e sous la pr\u00e9sidence de Ren\u00e9 Coty, une femme issue de la bourgeoisie industrielle,  va renverser la table des convenances :<br \/>\nFran\u00e7oise Sagan, \u00e0 peine \u00e2g\u00e9e de 18 ans, publie au printemps 1954, \u00e0  la sortie d&#8217;un hiver glacial, un petit roman sur les amours libres d&#8217;une  jeune fille de bonne famille qui devient en quelques mois un best-seller  mondial. Deux ans plus tard, une jeune actrice, Brigitte Bardot, devient  sous la cam\u00e9ra de Roger Vadim la Femme lib\u00e9r\u00e9e. \u00c9lev\u00e9e au rang de  star internationale, elle transforme par la m\u00eame occasion un petit port  de p\u00eache en un lieu de vill\u00e9giature iconique. Le mythe de Saint-Tropez  est n\u00e9, fr\u00e9quent\u00e9 par les deux femmes qui incarnent, chacune dans  leur domaine, le statut envi\u00e9 d&#8217;ic\u00f4nes fran\u00e7aises pour les d\u00e9cennies  suivantes, ouvrant la p\u00e9riode \u00e9blouissante des 30 glorieuses.<br \/>\nBonjour Tristesse fait en quelques ann\u00e9es de Fran\u00e7oise Sagan,  l&#8217;autrice la plus lue dans le monde, avec plus de trois millions  d&#8217;exemplaires vendus. \u00abCe charmant petit monstre\u00bb comme l&#8217;a  adoub\u00e9 Fran\u00e7ois Mauriac dans une c\u00e9l\u00e8bre tribune du Figaro devient  ainsi le monstre sacr\u00e9 de la litt\u00e9rature fran\u00e7aise et l&#8217;\u00e9g\u00e9rie d&#8217;une  g\u00e9n\u00e9ration \u00e9prise d&#8217;un nouveau souffle de libert\u00e9, celle d&#8217;un Paris de  la rive gauche ivre de f\u00eates et d&#8217;exc\u00e8s en tout genre. Fran\u00e7oise Sagan,  dont on c\u00e9l\u00e8bre cette \u00abfameuse petite musique\u00bb au fil de ses romans,  a travers\u00e9 toutes ces ann\u00e9es avec gait\u00e9 et l\u00e9g\u00e8ret\u00e9, entour\u00e9 de ses  amis, de ses maris et de ses compagnes. Cette forme d&#8217;insouciance  cache en r\u00e9alit\u00e9 une farouche soif d&#8217;\u00e9mancipation doubl\u00e9e d&#8217;une  grande g\u00e9n\u00e9rosit\u00e9, qu&#8217;elle revendiqua jusqu&#8217;\u00e0 la fin de sa vie.<\/p>\n","protected":false},"excerpt":{"rendered":"<p>Dans une France des ann\u00e9es 50, quelque peu corset\u00e9e sous la pr\u00e9sidence de Ren\u00e9 Coty, une femme issue de la bourgeoisie industrielle, va renverser la table des convenances : Fran\u00e7oise Sagan, \u00e0 peine \u00e2g\u00e9e de 18 ans, publie au printemps 1954, \u00e0 la sortie d&#8217;un hiver glacial, un petit roman sur les amours libres d&#8217;une [&hellip;]<\/p>\n","protected":false},"featured_media":41208,"template":"","meta":[],"product_cat":[2948,2958],"product_tag":[],"acf":[],"yoast_head":"<!-- This site is optimized with the Yoast SEO plugin v20.11 - https:\/\/yoast.com\/wordpress\/plugins\/seo\/ -->\n<title>Les annes Sagan, 1954-1985 - Librairie 7L<\/title>\n<meta name=\"robots\" content=\"index, follow, max-snippet:-1, max-image-preview:large, max-video-preview:-1\" \/>\n<link rel=\"canonical\" href=\"https:\/\/librairie7l.com\/en\/produit\/les-annes-sagan-1954-1985\/\" \/>\n<meta property=\"og:locale\" content=\"en_US\" \/>\n<meta property=\"og:type\" content=\"article\" \/>\n<meta property=\"og:title\" content=\"Les annes Sagan, 1954-1985 - Librairie 7L\" \/>\n<meta property=\"og:description\" content=\"Dans une France des ann\u00e9es 50, quelque peu corset\u00e9e sous la pr\u00e9sidence de Ren\u00e9 Coty, une femme issue de la bourgeoisie industrielle, va renverser la table des convenances : Fran\u00e7oise Sagan, \u00e0 peine \u00e2g\u00e9e de 18 ans, publie au printemps 1954, \u00e0 la sortie d&#8217;un hiver glacial, un petit roman sur les amours libres d&#8217;une [&hellip;]\" \/>\n<meta property=\"og:url\" content=\"https:\/\/librairie7l.com\/en\/produit\/les-annes-sagan-1954-1985\/\" \/>\n<meta property=\"og:site_name\" content=\"Librairie 7L\" \/>\n<meta property=\"article:modified_time\" content=\"2026-04-11T23:37:29+00:00\" \/>\n<meta property=\"og:image\" content=\"https:\/\/librairie7l.com\/wp-content\/uploads\/2024\/05\/9782353403912_1_75.jpg\" \/>\n\t<meta property=\"og:image:width\" content=\"457\" \/>\n\t<meta property=\"og:image:height\" content=\"595\" \/>\n\t<meta property=\"og:image:type\" content=\"image\/jpeg\" \/>\n<meta name=\"twitter:card\" content=\"summary_large_image\" \/>\n<meta name=\"twitter:label1\" content=\"Est. reading time\" \/>\n\t<meta name=\"twitter:data1\" content=\"2 minutes\" \/>\n<script type=\"application\/ld+json\" class=\"yoast-schema-graph\">{\"@context\":\"https:\/\/schema.org\",\"@graph\":[{\"@type\":\"WebPage\",\"@id\":\"https:\/\/librairie7l.com\/en\/produit\/les-annes-sagan-1954-1985\/\",\"url\":\"https:\/\/librairie7l.com\/en\/produit\/les-annes-sagan-1954-1985\/\",\"name\":\"Les annes Sagan, 1954-1985 - Librairie 7L\",\"isPartOf\":{\"@id\":\"https:\/\/librairie7l.com\/en\/#website\"},\"datePublished\":\"2024-05-18T07:18:12+00:00\",\"dateModified\":\"2026-04-11T23:37:29+00:00\",\"breadcrumb\":{\"@id\":\"https:\/\/librairie7l.com\/en\/produit\/les-annes-sagan-1954-1985\/#breadcrumb\"},\"inLanguage\":\"en-US\",\"potentialAction\":[{\"@type\":\"ReadAction\",\"target\":[\"https:\/\/librairie7l.com\/en\/produit\/les-annes-sagan-1954-1985\/\"]}]},{\"@type\":\"BreadcrumbList\",\"@id\":\"https:\/\/librairie7l.com\/en\/produit\/les-annes-sagan-1954-1985\/#breadcrumb\",\"itemListElement\":[{\"@type\":\"ListItem\",\"position\":1,\"name\":\"Accueil\",\"item\":\"https:\/\/librairie7l.com\/en\/\"},{\"@type\":\"ListItem\",\"position\":2,\"name\":\"Shop\",\"item\":\"https:\/\/librairie7l.com\/en\/shop\/\"},{\"@type\":\"ListItem\",\"position\":3,\"name\":\"LES ANNES SAGAN, 1954-1985\"}]},{\"@type\":\"WebSite\",\"@id\":\"https:\/\/librairie7l.com\/en\/#website\",\"url\":\"https:\/\/librairie7l.com\/en\/\",\"name\":\"Librairie 7L\",\"description\":\"Librairie fond\u00e9e en 1999 par Karl Lagerfeld \u00e0 Paris\",\"publisher\":{\"@id\":\"https:\/\/librairie7l.com\/en\/#organization\"},\"potentialAction\":[{\"@type\":\"SearchAction\",\"target\":{\"@type\":\"EntryPoint\",\"urlTemplate\":\"https:\/\/librairie7l.com\/en\/?s={search_term_string}\"},\"query-input\":\"required name=search_term_string\"}],\"inLanguage\":\"en-US\"},{\"@type\":\"Organization\",\"@id\":\"https:\/\/librairie7l.com\/en\/#organization\",\"name\":\"Librairie 7L\",\"url\":\"https:\/\/librairie7l.com\/en\/\",\"logo\":{\"@type\":\"ImageObject\",\"inLanguage\":\"en-US\",\"@id\":\"https:\/\/librairie7l.com\/en\/#\/schema\/logo\/image\/\",\"url\":\"https:\/\/librairie7l.com\/wp-content\/uploads\/2022\/08\/logo-1.png\",\"contentUrl\":\"https:\/\/librairie7l.com\/wp-content\/uploads\/2022\/08\/logo-1.png\",\"width\":227,\"height\":301,\"caption\":\"Librairie 7L\"},\"image\":{\"@id\":\"https:\/\/librairie7l.com\/en\/#\/schema\/logo\/image\/\"}}]}<\/script>\n<!-- \/ Yoast SEO plugin. -->","yoast_head_json":{"title":"Les annes Sagan, 1954-1985 - Librairie 7L","robots":{"index":"index","follow":"follow","max-snippet":"max-snippet:-1","max-image-preview":"max-image-preview:large","max-video-preview":"max-video-preview:-1"},"canonical":"https:\/\/librairie7l.com\/en\/produit\/les-annes-sagan-1954-1985\/","og_locale":"en_US","og_type":"article","og_title":"Les annes Sagan, 1954-1985 - Librairie 7L","og_description":"Dans une France des ann\u00e9es 50, quelque peu corset\u00e9e sous la pr\u00e9sidence de Ren\u00e9 Coty, une femme issue de la bourgeoisie industrielle, va renverser la table des convenances : Fran\u00e7oise Sagan, \u00e0 peine \u00e2g\u00e9e de 18 ans, publie au printemps 1954, \u00e0 la sortie d&#8217;un hiver glacial, un petit roman sur les amours libres d&#8217;une [&hellip;]","og_url":"https:\/\/librairie7l.com\/en\/produit\/les-annes-sagan-1954-1985\/","og_site_name":"Librairie 7L","article_modified_time":"2026-04-11T23:37:29+00:00","og_image":[{"width":457,"height":595,"url":"https:\/\/librairie7l.com\/wp-content\/uploads\/2024\/05\/9782353403912_1_75.jpg","type":"image\/jpeg"}],"twitter_card":"summary_large_image","twitter_misc":{"Est. reading time":"2 minutes"},"schema":{"@context":"https:\/\/schema.org","@graph":[{"@type":"WebPage","@id":"https:\/\/librairie7l.com\/en\/produit\/les-annes-sagan-1954-1985\/","url":"https:\/\/librairie7l.com\/en\/produit\/les-annes-sagan-1954-1985\/","name":"Les annes Sagan, 1954-1985 - Librairie 7L","isPartOf":{"@id":"https:\/\/librairie7l.com\/en\/#website"},"datePublished":"2024-05-18T07:18:12+00:00","dateModified":"2026-04-11T23:37:29+00:00","breadcrumb":{"@id":"https:\/\/librairie7l.com\/en\/produit\/les-annes-sagan-1954-1985\/#breadcrumb"},"inLanguage":"en-US","potentialAction":[{"@type":"ReadAction","target":["https:\/\/librairie7l.com\/en\/produit\/les-annes-sagan-1954-1985\/"]}]},{"@type":"BreadcrumbList","@id":"https:\/\/librairie7l.com\/en\/produit\/les-annes-sagan-1954-1985\/#breadcrumb","itemListElement":[{"@type":"ListItem","position":1,"name":"Accueil","item":"https:\/\/librairie7l.com\/en\/"},{"@type":"ListItem","position":2,"name":"Shop","item":"https:\/\/librairie7l.com\/en\/shop\/"},{"@type":"ListItem","position":3,"name":"LES ANNES SAGAN, 1954-1985"}]},{"@type":"WebSite","@id":"https:\/\/librairie7l.com\/en\/#website","url":"https:\/\/librairie7l.com\/en\/","name":"Librairie 7L","description":"Librairie fond\u00e9e en 1999 par Karl Lagerfeld \u00e0 Paris","publisher":{"@id":"https:\/\/librairie7l.com\/en\/#organization"},"potentialAction":[{"@type":"SearchAction","target":{"@type":"EntryPoint","urlTemplate":"https:\/\/librairie7l.com\/en\/?s={search_term_string}"},"query-input":"required name=search_term_string"}],"inLanguage":"en-US"},{"@type":"Organization","@id":"https:\/\/librairie7l.com\/en\/#organization","name":"Librairie 7L","url":"https:\/\/librairie7l.com\/en\/","logo":{"@type":"ImageObject","inLanguage":"en-US","@id":"https:\/\/librairie7l.com\/en\/#\/schema\/logo\/image\/","url":"https:\/\/librairie7l.com\/wp-content\/uploads\/2022\/08\/logo-1.png","contentUrl":"https:\/\/librairie7l.com\/wp-content\/uploads\/2022\/08\/logo-1.png","width":227,"height":301,"caption":"Librairie 7L"},"image":{"@id":"https:\/\/librairie7l.com\/en\/#\/schema\/logo\/image\/"}}]}},"_links":{"self":[{"href":"https:\/\/librairie7l.com\/en\/wp-json\/wp\/v2\/product\/40994"}],"collection":[{"href":"https:\/\/librairie7l.com\/en\/wp-json\/wp\/v2\/product"}],"about":[{"href":"https:\/\/librairie7l.com\/en\/wp-json\/wp\/v2\/types\/product"}],"wp:featuredmedia":[{"embeddable":true,"href":"https:\/\/librairie7l.com\/en\/wp-json\/wp\/v2\/media\/41208"}],"wp:attachment":[{"href":"https:\/\/librairie7l.com\/en\/wp-json\/wp\/v2\/media?parent=40994"}],"wp:term":[{"taxonomy":"product_cat","embeddable":true,"href":"https:\/\/librairie7l.com\/en\/wp-json\/wp\/v2\/product_cat?post=40994"},{"taxonomy":"product_tag","embeddable":true,"href":"https:\/\/librairie7l.com\/en\/wp-json\/wp\/v2\/product_tag?post=40994"}],"curies":[{"name":"wp","href":"https:\/\/api.w.org\/{rel}","templated":true}]}}