{"id":40998,"date":"2024-05-18T09:18:15","date_gmt":"2024-05-18T07:18:15","guid":{"rendered":"https:\/\/librairie7l.com\/?post_type=product&#038;p=40998"},"modified":"2026-04-09T15:32:44","modified_gmt":"2026-04-09T13:32:44","slug":"h5-voir-la-french-touch-30-ans-de-graphisme-et-de-musique-lectronique","status":"publish","type":"product","link":"https:\/\/librairie7l.com\/en\/produit\/h5-voir-la-french-touch-30-ans-de-graphisme-et-de-musique-lectronique\/","title":{"rendered":"H5, VOIR LA FRENCH TOUCH : 30 ANS DE GRAPHISME ET DE MUSIQUE LECTRONIQUE"},"content":{"rendered":"<p>Une exposition organis\u00e9e \u00e0 l&#8217;initiative de la ville de Versailles (berceau de la French Touch) dans le cadre de la 8e \u00e9dition du festival ElectroChic, regroupe des archives in\u00e9dites &#8211; dont des esquisses tir\u00e9es de la r\u00e9alisation du dernier clip de Daft Punk &#8211; plus de deux cents pochettes de disques formants une installation in situ, des extraits de publicit\u00e9s, de court-m\u00e9trages et de vid\u00e9oclips, et une installation sonore et visuelle, le tout mis en sc\u00e8ne dans une sc\u00e9nographie ludique pens\u00e9e par H5. Destin\u00e9e aux nostalgiques des dancefloor des ann\u00e9es 90 et 2000, aux amoureux du graphisme, tout comme \u00e0 un public plus large, cette exposition rend hommage \u00e0 l&#8217;histoire du collectif parisien, \u00e0 la lumi\u00e8re de 30 ans de collaborations artistiques et musicales, et pose un nouveau regard sur ce mouvement culte qu&#8217;est la French Touch. L\u00b4ouvrage sera quant \u00e0 lui compos\u00e9 de plus plusieurs textes : pr\u00e9faces, contextualisation, histoire crois\u00e9e, une quarantaine d\u00b4interviews, playlist, chronologie). Richement illustr\u00e9, ce livre d\u00b4exposition se veut \u00e9galement monographique sur toute cette partie de l\u00b4oeuvre de H5.<\/p>\n","protected":false},"excerpt":{"rendered":"<p>Une exposition organis\u00e9e \u00e0 l&#8217;initiative de la ville de Versailles (berceau de la French Touch) dans le cadre de la 8e \u00e9dition du festival ElectroChic, regroupe des archives in\u00e9dites &#8211; dont des esquisses tir\u00e9es de la r\u00e9alisation du dernier clip de Daft Punk &#8211; plus de deux cents pochettes de disques formants une installation in [&hellip;]<\/p>\n","protected":false},"featured_media":40996,"template":"","meta":[],"product_cat":[2948,2953],"product_tag":[],"acf":[],"yoast_head":"<!-- This site is optimized with the Yoast SEO plugin v20.11 - https:\/\/yoast.com\/wordpress\/plugins\/seo\/ -->\n<title>H5, voir la french touch : 30 ans de graphisme et de musique lectronique - Librairie 7L<\/title>\n<meta name=\"robots\" content=\"index, follow, max-snippet:-1, max-image-preview:large, max-video-preview:-1\" \/>\n<link rel=\"canonical\" href=\"https:\/\/librairie7l.com\/en\/produit\/h5-voir-la-french-touch-30-ans-de-graphisme-et-de-musique-lectronique\/\" \/>\n<meta property=\"og:locale\" content=\"en_US\" \/>\n<meta property=\"og:type\" content=\"article\" \/>\n<meta property=\"og:title\" content=\"H5, voir la french touch : 30 ans de graphisme et de musique lectronique - Librairie 7L\" \/>\n<meta property=\"og:description\" content=\"Une exposition organis\u00e9e \u00e0 l&#8217;initiative de la ville de Versailles (berceau de la French Touch) dans le cadre de la 8e \u00e9dition du festival ElectroChic, regroupe des archives in\u00e9dites &#8211; dont des esquisses tir\u00e9es de la r\u00e9alisation du dernier clip de Daft Punk &#8211; plus de deux cents pochettes de disques formants une installation in [&hellip;]\" \/>\n<meta property=\"og:url\" content=\"https:\/\/librairie7l.com\/en\/produit\/h5-voir-la-french-touch-30-ans-de-graphisme-et-de-musique-lectronique\/\" \/>\n<meta property=\"og:site_name\" content=\"Librairie 7L\" \/>\n<meta property=\"article:modified_time\" content=\"2026-04-09T13:32:44+00:00\" \/>\n<meta property=\"og:image\" content=\"https:\/\/librairie7l.com\/wp-content\/uploads\/2023\/12\/9782363063526_1_75.jpg\" \/>\n\t<meta property=\"og:image:width\" content=\"600\" \/>\n\t<meta property=\"og:image:height\" content=\"750\" \/>\n\t<meta property=\"og:image:type\" content=\"image\/jpeg\" \/>\n<meta name=\"twitter:card\" content=\"summary_large_image\" \/>\n<meta name=\"twitter:label1\" content=\"Est. reading time\" \/>\n\t<meta name=\"twitter:data1\" content=\"1 minute\" \/>\n<script type=\"application\/ld+json\" class=\"yoast-schema-graph\">{\"@context\":\"https:\/\/schema.org\",\"@graph\":[{\"@type\":\"WebPage\",\"@id\":\"https:\/\/librairie7l.com\/en\/produit\/h5-voir-la-french-touch-30-ans-de-graphisme-et-de-musique-lectronique\/\",\"url\":\"https:\/\/librairie7l.com\/en\/produit\/h5-voir-la-french-touch-30-ans-de-graphisme-et-de-musique-lectronique\/\",\"name\":\"H5, voir la french touch : 30 ans de graphisme et de musique lectronique - Librairie 7L\",\"isPartOf\":{\"@id\":\"https:\/\/librairie7l.com\/en\/#website\"},\"datePublished\":\"2024-05-18T07:18:15+00:00\",\"dateModified\":\"2026-04-09T13:32:44+00:00\",\"breadcrumb\":{\"@id\":\"https:\/\/librairie7l.com\/en\/produit\/h5-voir-la-french-touch-30-ans-de-graphisme-et-de-musique-lectronique\/#breadcrumb\"},\"inLanguage\":\"en-US\",\"potentialAction\":[{\"@type\":\"ReadAction\",\"target\":[\"https:\/\/librairie7l.com\/en\/produit\/h5-voir-la-french-touch-30-ans-de-graphisme-et-de-musique-lectronique\/\"]}]},{\"@type\":\"BreadcrumbList\",\"@id\":\"https:\/\/librairie7l.com\/en\/produit\/h5-voir-la-french-touch-30-ans-de-graphisme-et-de-musique-lectronique\/#breadcrumb\",\"itemListElement\":[{\"@type\":\"ListItem\",\"position\":1,\"name\":\"Accueil\",\"item\":\"https:\/\/librairie7l.com\/en\/\"},{\"@type\":\"ListItem\",\"position\":2,\"name\":\"Shop\",\"item\":\"https:\/\/librairie7l.com\/en\/shop\/\"},{\"@type\":\"ListItem\",\"position\":3,\"name\":\"H5, VOIR LA FRENCH TOUCH : 30 ANS DE GRAPHISME ET DE MUSIQUE LECTRONIQUE\"}]},{\"@type\":\"WebSite\",\"@id\":\"https:\/\/librairie7l.com\/en\/#website\",\"url\":\"https:\/\/librairie7l.com\/en\/\",\"name\":\"Librairie 7L\",\"description\":\"Librairie fond\u00e9e en 1999 par Karl Lagerfeld \u00e0 Paris\",\"publisher\":{\"@id\":\"https:\/\/librairie7l.com\/en\/#organization\"},\"potentialAction\":[{\"@type\":\"SearchAction\",\"target\":{\"@type\":\"EntryPoint\",\"urlTemplate\":\"https:\/\/librairie7l.com\/en\/?s={search_term_string}\"},\"query-input\":\"required name=search_term_string\"}],\"inLanguage\":\"en-US\"},{\"@type\":\"Organization\",\"@id\":\"https:\/\/librairie7l.com\/en\/#organization\",\"name\":\"Librairie 7L\",\"url\":\"https:\/\/librairie7l.com\/en\/\",\"logo\":{\"@type\":\"ImageObject\",\"inLanguage\":\"en-US\",\"@id\":\"https:\/\/librairie7l.com\/en\/#\/schema\/logo\/image\/\",\"url\":\"https:\/\/librairie7l.com\/wp-content\/uploads\/2022\/08\/logo-1.png\",\"contentUrl\":\"https:\/\/librairie7l.com\/wp-content\/uploads\/2022\/08\/logo-1.png\",\"width\":227,\"height\":301,\"caption\":\"Librairie 7L\"},\"image\":{\"@id\":\"https:\/\/librairie7l.com\/en\/#\/schema\/logo\/image\/\"}}]}<\/script>\n<!-- \/ Yoast SEO plugin. -->","yoast_head_json":{"title":"H5, voir la french touch : 30 ans de graphisme et de musique lectronique - Librairie 7L","robots":{"index":"index","follow":"follow","max-snippet":"max-snippet:-1","max-image-preview":"max-image-preview:large","max-video-preview":"max-video-preview:-1"},"canonical":"https:\/\/librairie7l.com\/en\/produit\/h5-voir-la-french-touch-30-ans-de-graphisme-et-de-musique-lectronique\/","og_locale":"en_US","og_type":"article","og_title":"H5, voir la french touch : 30 ans de graphisme et de musique lectronique - Librairie 7L","og_description":"Une exposition organis\u00e9e \u00e0 l&#8217;initiative de la ville de Versailles (berceau de la French Touch) dans le cadre de la 8e \u00e9dition du festival ElectroChic, regroupe des archives in\u00e9dites &#8211; dont des esquisses tir\u00e9es de la r\u00e9alisation du dernier clip de Daft Punk &#8211; plus de deux cents pochettes de disques formants une installation in [&hellip;]","og_url":"https:\/\/librairie7l.com\/en\/produit\/h5-voir-la-french-touch-30-ans-de-graphisme-et-de-musique-lectronique\/","og_site_name":"Librairie 7L","article_modified_time":"2026-04-09T13:32:44+00:00","og_image":[{"width":600,"height":750,"url":"https:\/\/librairie7l.com\/wp-content\/uploads\/2023\/12\/9782363063526_1_75.jpg","type":"image\/jpeg"}],"twitter_card":"summary_large_image","twitter_misc":{"Est. reading time":"1 minute"},"schema":{"@context":"https:\/\/schema.org","@graph":[{"@type":"WebPage","@id":"https:\/\/librairie7l.com\/en\/produit\/h5-voir-la-french-touch-30-ans-de-graphisme-et-de-musique-lectronique\/","url":"https:\/\/librairie7l.com\/en\/produit\/h5-voir-la-french-touch-30-ans-de-graphisme-et-de-musique-lectronique\/","name":"H5, voir la french touch : 30 ans de graphisme et de musique lectronique - Librairie 7L","isPartOf":{"@id":"https:\/\/librairie7l.com\/en\/#website"},"datePublished":"2024-05-18T07:18:15+00:00","dateModified":"2026-04-09T13:32:44+00:00","breadcrumb":{"@id":"https:\/\/librairie7l.com\/en\/produit\/h5-voir-la-french-touch-30-ans-de-graphisme-et-de-musique-lectronique\/#breadcrumb"},"inLanguage":"en-US","potentialAction":[{"@type":"ReadAction","target":["https:\/\/librairie7l.com\/en\/produit\/h5-voir-la-french-touch-30-ans-de-graphisme-et-de-musique-lectronique\/"]}]},{"@type":"BreadcrumbList","@id":"https:\/\/librairie7l.com\/en\/produit\/h5-voir-la-french-touch-30-ans-de-graphisme-et-de-musique-lectronique\/#breadcrumb","itemListElement":[{"@type":"ListItem","position":1,"name":"Accueil","item":"https:\/\/librairie7l.com\/en\/"},{"@type":"ListItem","position":2,"name":"Shop","item":"https:\/\/librairie7l.com\/en\/shop\/"},{"@type":"ListItem","position":3,"name":"H5, VOIR LA FRENCH TOUCH : 30 ANS DE GRAPHISME ET DE MUSIQUE LECTRONIQUE"}]},{"@type":"WebSite","@id":"https:\/\/librairie7l.com\/en\/#website","url":"https:\/\/librairie7l.com\/en\/","name":"Librairie 7L","description":"Librairie fond\u00e9e en 1999 par Karl Lagerfeld \u00e0 Paris","publisher":{"@id":"https:\/\/librairie7l.com\/en\/#organization"},"potentialAction":[{"@type":"SearchAction","target":{"@type":"EntryPoint","urlTemplate":"https:\/\/librairie7l.com\/en\/?s={search_term_string}"},"query-input":"required name=search_term_string"}],"inLanguage":"en-US"},{"@type":"Organization","@id":"https:\/\/librairie7l.com\/en\/#organization","name":"Librairie 7L","url":"https:\/\/librairie7l.com\/en\/","logo":{"@type":"ImageObject","inLanguage":"en-US","@id":"https:\/\/librairie7l.com\/en\/#\/schema\/logo\/image\/","url":"https:\/\/librairie7l.com\/wp-content\/uploads\/2022\/08\/logo-1.png","contentUrl":"https:\/\/librairie7l.com\/wp-content\/uploads\/2022\/08\/logo-1.png","width":227,"height":301,"caption":"Librairie 7L"},"image":{"@id":"https:\/\/librairie7l.com\/en\/#\/schema\/logo\/image\/"}}]}},"_links":{"self":[{"href":"https:\/\/librairie7l.com\/en\/wp-json\/wp\/v2\/product\/40998"}],"collection":[{"href":"https:\/\/librairie7l.com\/en\/wp-json\/wp\/v2\/product"}],"about":[{"href":"https:\/\/librairie7l.com\/en\/wp-json\/wp\/v2\/types\/product"}],"wp:featuredmedia":[{"embeddable":true,"href":"https:\/\/librairie7l.com\/en\/wp-json\/wp\/v2\/media\/40996"}],"wp:attachment":[{"href":"https:\/\/librairie7l.com\/en\/wp-json\/wp\/v2\/media?parent=40998"}],"wp:term":[{"taxonomy":"product_cat","embeddable":true,"href":"https:\/\/librairie7l.com\/en\/wp-json\/wp\/v2\/product_cat?post=40998"},{"taxonomy":"product_tag","embeddable":true,"href":"https:\/\/librairie7l.com\/en\/wp-json\/wp\/v2\/product_tag?post=40998"}],"curies":[{"name":"wp","href":"https:\/\/api.w.org\/{rel}","templated":true}]}}