{"id":41006,"date":"2024-05-18T09:18:20","date_gmt":"2024-05-18T07:18:20","guid":{"rendered":"https:\/\/librairie7l.com\/?post_type=product&#038;p=41006"},"modified":"2026-04-18T06:51:34","modified_gmt":"2026-04-18T04:51:34","slug":"saint-ouen-sur-seine-art-nouveau-art-dco-prospective","status":"publish","type":"product","link":"https:\/\/librairie7l.com\/en\/produit\/saint-ouen-sur-seine-art-nouveau-art-dco-prospective\/","title":{"rendered":"SAINT-OUEN-SUR-SEINE, ART NOUVEAU-ART DCO-PROSPECTIVE"},"content":{"rendered":"<p>S\u00e9lectionn\u00e9e parmi les villes qui accueillent les Jeux olympiques de 2024, Saint-Ouen-sur-Seine, qui jouxte le Nord de Paris, r\u00e9v\u00e8le ici son remarquable patrimoine architectural.<\/p>\n<p>Plus grand march\u00e9 d&#8217;antiquaires et de brocanteurs au monde, les Puces de Saint-Ouen assurent \u00e0 la ville une r\u00e9putation internationale qui lui vaut d&#8217;\u00eatre le cinqui\u00e8me site touristique de France. Saint-Ouen est aussi un creuset de l&#8217;Art Nouveau et surtout de l&#8217;Art D\u00e9co, pr\u00e9sent dans toutes les rues. La brique, les fers forg\u00e9s, les mosa\u00efques sont en majest\u00e9.<\/p>\n<p>Aujourd&#8217;hui en plein renouveau, la ville conna\u00eet une expansion d\u00e9mographique sans pr\u00e9c\u00e9dent. De son pass\u00e9 ouvrier et de l&#8217;adh\u00e9sion populaire au Red Star Football Club, elle a conserv\u00e9 une solidarit\u00e9 et une convivialit\u00e9 faubourienne qui s&#8217;expriment notamment par forte pr\u00e9sence du street art, une passion pour les sports et une gastronomie locale inventive et accessible<\/p>\n","protected":false},"excerpt":{"rendered":"<p>S\u00e9lectionn\u00e9e parmi les villes qui accueillent les Jeux olympiques de 2024, Saint-Ouen-sur-Seine, qui jouxte le Nord de Paris, r\u00e9v\u00e8le ici son remarquable patrimoine architectural. Plus grand march\u00e9 d&#8217;antiquaires et de brocanteurs au monde, les Puces de Saint-Ouen assurent \u00e0 la ville une r\u00e9putation internationale qui lui vaut d&#8217;\u00eatre le cinqui\u00e8me site touristique de France. Saint-Ouen [&hellip;]<\/p>\n","protected":false},"featured_media":41004,"template":"","meta":[],"product_cat":[2948,2950],"product_tag":[],"acf":[],"yoast_head":"<!-- This site is optimized with the Yoast SEO plugin v20.11 - https:\/\/yoast.com\/wordpress\/plugins\/seo\/ -->\n<title>Saint-Ouen-sur-Seine, art nouveau-art dco-prospective - Librairie 7L<\/title>\n<meta name=\"robots\" content=\"index, follow, max-snippet:-1, max-image-preview:large, max-video-preview:-1\" \/>\n<link rel=\"canonical\" href=\"https:\/\/librairie7l.com\/en\/produit\/saint-ouen-sur-seine-art-nouveau-art-dco-prospective\/\" \/>\n<meta property=\"og:locale\" content=\"en_US\" \/>\n<meta property=\"og:type\" content=\"article\" \/>\n<meta property=\"og:title\" content=\"Saint-Ouen-sur-Seine, art nouveau-art dco-prospective - Librairie 7L\" \/>\n<meta property=\"og:description\" content=\"S\u00e9lectionn\u00e9e parmi les villes qui accueillent les Jeux olympiques de 2024, Saint-Ouen-sur-Seine, qui jouxte le Nord de Paris, r\u00e9v\u00e8le ici son remarquable patrimoine architectural. Plus grand march\u00e9 d&#8217;antiquaires et de brocanteurs au monde, les Puces de Saint-Ouen assurent \u00e0 la ville une r\u00e9putation internationale qui lui vaut d&#8217;\u00eatre le cinqui\u00e8me site touristique de France. Saint-Ouen [&hellip;]\" \/>\n<meta property=\"og:url\" content=\"https:\/\/librairie7l.com\/en\/produit\/saint-ouen-sur-seine-art-nouveau-art-dco-prospective\/\" \/>\n<meta property=\"og:site_name\" content=\"Librairie 7L\" \/>\n<meta property=\"article:modified_time\" content=\"2026-04-18T04:51:34+00:00\" \/>\n<meta property=\"og:image\" content=\"https:\/\/librairie7l.com\/wp-content\/uploads\/2024\/01\/9782871434320_1_75.jpg\" \/>\n\t<meta property=\"og:image:width\" content=\"400\" \/>\n\t<meta property=\"og:image:height\" content=\"367\" \/>\n\t<meta property=\"og:image:type\" content=\"image\/jpeg\" \/>\n<meta name=\"twitter:card\" content=\"summary_large_image\" \/>\n<meta name=\"twitter:label1\" content=\"Est. reading time\" \/>\n\t<meta name=\"twitter:data1\" content=\"1 minute\" \/>\n<script type=\"application\/ld+json\" class=\"yoast-schema-graph\">{\"@context\":\"https:\/\/schema.org\",\"@graph\":[{\"@type\":\"WebPage\",\"@id\":\"https:\/\/librairie7l.com\/en\/produit\/saint-ouen-sur-seine-art-nouveau-art-dco-prospective\/\",\"url\":\"https:\/\/librairie7l.com\/en\/produit\/saint-ouen-sur-seine-art-nouveau-art-dco-prospective\/\",\"name\":\"Saint-Ouen-sur-Seine, art nouveau-art dco-prospective - Librairie 7L\",\"isPartOf\":{\"@id\":\"https:\/\/librairie7l.com\/en\/#website\"},\"datePublished\":\"2024-05-18T07:18:20+00:00\",\"dateModified\":\"2026-04-18T04:51:34+00:00\",\"breadcrumb\":{\"@id\":\"https:\/\/librairie7l.com\/en\/produit\/saint-ouen-sur-seine-art-nouveau-art-dco-prospective\/#breadcrumb\"},\"inLanguage\":\"en-US\",\"potentialAction\":[{\"@type\":\"ReadAction\",\"target\":[\"https:\/\/librairie7l.com\/en\/produit\/saint-ouen-sur-seine-art-nouveau-art-dco-prospective\/\"]}]},{\"@type\":\"BreadcrumbList\",\"@id\":\"https:\/\/librairie7l.com\/en\/produit\/saint-ouen-sur-seine-art-nouveau-art-dco-prospective\/#breadcrumb\",\"itemListElement\":[{\"@type\":\"ListItem\",\"position\":1,\"name\":\"Accueil\",\"item\":\"https:\/\/librairie7l.com\/en\/\"},{\"@type\":\"ListItem\",\"position\":2,\"name\":\"Shop\",\"item\":\"https:\/\/librairie7l.com\/en\/shop\/\"},{\"@type\":\"ListItem\",\"position\":3,\"name\":\"SAINT-OUEN-SUR-SEINE, ART NOUVEAU-ART DCO-PROSPECTIVE\"}]},{\"@type\":\"WebSite\",\"@id\":\"https:\/\/librairie7l.com\/en\/#website\",\"url\":\"https:\/\/librairie7l.com\/en\/\",\"name\":\"Librairie 7L\",\"description\":\"Librairie fond\u00e9e en 1999 par Karl Lagerfeld \u00e0 Paris\",\"publisher\":{\"@id\":\"https:\/\/librairie7l.com\/en\/#organization\"},\"potentialAction\":[{\"@type\":\"SearchAction\",\"target\":{\"@type\":\"EntryPoint\",\"urlTemplate\":\"https:\/\/librairie7l.com\/en\/?s={search_term_string}\"},\"query-input\":\"required name=search_term_string\"}],\"inLanguage\":\"en-US\"},{\"@type\":\"Organization\",\"@id\":\"https:\/\/librairie7l.com\/en\/#organization\",\"name\":\"Librairie 7L\",\"url\":\"https:\/\/librairie7l.com\/en\/\",\"logo\":{\"@type\":\"ImageObject\",\"inLanguage\":\"en-US\",\"@id\":\"https:\/\/librairie7l.com\/en\/#\/schema\/logo\/image\/\",\"url\":\"https:\/\/librairie7l.com\/wp-content\/uploads\/2022\/08\/logo-1.png\",\"contentUrl\":\"https:\/\/librairie7l.com\/wp-content\/uploads\/2022\/08\/logo-1.png\",\"width\":227,\"height\":301,\"caption\":\"Librairie 7L\"},\"image\":{\"@id\":\"https:\/\/librairie7l.com\/en\/#\/schema\/logo\/image\/\"}}]}<\/script>\n<!-- \/ Yoast SEO plugin. -->","yoast_head_json":{"title":"Saint-Ouen-sur-Seine, art nouveau-art dco-prospective - Librairie 7L","robots":{"index":"index","follow":"follow","max-snippet":"max-snippet:-1","max-image-preview":"max-image-preview:large","max-video-preview":"max-video-preview:-1"},"canonical":"https:\/\/librairie7l.com\/en\/produit\/saint-ouen-sur-seine-art-nouveau-art-dco-prospective\/","og_locale":"en_US","og_type":"article","og_title":"Saint-Ouen-sur-Seine, art nouveau-art dco-prospective - Librairie 7L","og_description":"S\u00e9lectionn\u00e9e parmi les villes qui accueillent les Jeux olympiques de 2024, Saint-Ouen-sur-Seine, qui jouxte le Nord de Paris, r\u00e9v\u00e8le ici son remarquable patrimoine architectural. Plus grand march\u00e9 d&#8217;antiquaires et de brocanteurs au monde, les Puces de Saint-Ouen assurent \u00e0 la ville une r\u00e9putation internationale qui lui vaut d&#8217;\u00eatre le cinqui\u00e8me site touristique de France. Saint-Ouen [&hellip;]","og_url":"https:\/\/librairie7l.com\/en\/produit\/saint-ouen-sur-seine-art-nouveau-art-dco-prospective\/","og_site_name":"Librairie 7L","article_modified_time":"2026-04-18T04:51:34+00:00","og_image":[{"width":400,"height":367,"url":"https:\/\/librairie7l.com\/wp-content\/uploads\/2024\/01\/9782871434320_1_75.jpg","type":"image\/jpeg"}],"twitter_card":"summary_large_image","twitter_misc":{"Est. reading time":"1 minute"},"schema":{"@context":"https:\/\/schema.org","@graph":[{"@type":"WebPage","@id":"https:\/\/librairie7l.com\/en\/produit\/saint-ouen-sur-seine-art-nouveau-art-dco-prospective\/","url":"https:\/\/librairie7l.com\/en\/produit\/saint-ouen-sur-seine-art-nouveau-art-dco-prospective\/","name":"Saint-Ouen-sur-Seine, art nouveau-art dco-prospective - Librairie 7L","isPartOf":{"@id":"https:\/\/librairie7l.com\/en\/#website"},"datePublished":"2024-05-18T07:18:20+00:00","dateModified":"2026-04-18T04:51:34+00:00","breadcrumb":{"@id":"https:\/\/librairie7l.com\/en\/produit\/saint-ouen-sur-seine-art-nouveau-art-dco-prospective\/#breadcrumb"},"inLanguage":"en-US","potentialAction":[{"@type":"ReadAction","target":["https:\/\/librairie7l.com\/en\/produit\/saint-ouen-sur-seine-art-nouveau-art-dco-prospective\/"]}]},{"@type":"BreadcrumbList","@id":"https:\/\/librairie7l.com\/en\/produit\/saint-ouen-sur-seine-art-nouveau-art-dco-prospective\/#breadcrumb","itemListElement":[{"@type":"ListItem","position":1,"name":"Accueil","item":"https:\/\/librairie7l.com\/en\/"},{"@type":"ListItem","position":2,"name":"Shop","item":"https:\/\/librairie7l.com\/en\/shop\/"},{"@type":"ListItem","position":3,"name":"SAINT-OUEN-SUR-SEINE, ART NOUVEAU-ART DCO-PROSPECTIVE"}]},{"@type":"WebSite","@id":"https:\/\/librairie7l.com\/en\/#website","url":"https:\/\/librairie7l.com\/en\/","name":"Librairie 7L","description":"Librairie fond\u00e9e en 1999 par Karl Lagerfeld \u00e0 Paris","publisher":{"@id":"https:\/\/librairie7l.com\/en\/#organization"},"potentialAction":[{"@type":"SearchAction","target":{"@type":"EntryPoint","urlTemplate":"https:\/\/librairie7l.com\/en\/?s={search_term_string}"},"query-input":"required name=search_term_string"}],"inLanguage":"en-US"},{"@type":"Organization","@id":"https:\/\/librairie7l.com\/en\/#organization","name":"Librairie 7L","url":"https:\/\/librairie7l.com\/en\/","logo":{"@type":"ImageObject","inLanguage":"en-US","@id":"https:\/\/librairie7l.com\/en\/#\/schema\/logo\/image\/","url":"https:\/\/librairie7l.com\/wp-content\/uploads\/2022\/08\/logo-1.png","contentUrl":"https:\/\/librairie7l.com\/wp-content\/uploads\/2022\/08\/logo-1.png","width":227,"height":301,"caption":"Librairie 7L"},"image":{"@id":"https:\/\/librairie7l.com\/en\/#\/schema\/logo\/image\/"}}]}},"_links":{"self":[{"href":"https:\/\/librairie7l.com\/en\/wp-json\/wp\/v2\/product\/41006"}],"collection":[{"href":"https:\/\/librairie7l.com\/en\/wp-json\/wp\/v2\/product"}],"about":[{"href":"https:\/\/librairie7l.com\/en\/wp-json\/wp\/v2\/types\/product"}],"wp:featuredmedia":[{"embeddable":true,"href":"https:\/\/librairie7l.com\/en\/wp-json\/wp\/v2\/media\/41004"}],"wp:attachment":[{"href":"https:\/\/librairie7l.com\/en\/wp-json\/wp\/v2\/media?parent=41006"}],"wp:term":[{"taxonomy":"product_cat","embeddable":true,"href":"https:\/\/librairie7l.com\/en\/wp-json\/wp\/v2\/product_cat?post=41006"},{"taxonomy":"product_tag","embeddable":true,"href":"https:\/\/librairie7l.com\/en\/wp-json\/wp\/v2\/product_tag?post=41006"}],"curies":[{"name":"wp","href":"https:\/\/api.w.org\/{rel}","templated":true}]}}