{"id":41014,"date":"2024-05-18T09:18:30","date_gmt":"2024-05-18T07:18:30","guid":{"rendered":"https:\/\/librairie7l.com\/?post_type=product&#038;p=41014"},"modified":"2026-04-09T17:11:49","modified_gmt":"2026-04-09T15:11:49","slug":"revenir-du-prsent-poush-la-collection-lambert","status":"publish","type":"product","link":"https:\/\/librairie7l.com\/en\/produit\/revenir-du-prsent-poush-la-collection-lambert\/","title":{"rendered":"REVENIR DU PRSENT : POUSH  LA COLLECTION LAMBERT"},"content":{"rendered":"<p>Catalogue de l&#8217;exposition de Poush \u00e0 la Collection Lambert en Avignon, \u00ab Revenir du pr\u00e9sent. Regards crois\u00e9s sur la sc\u00e8ne actuelle \u00bb (10 f\u00e9vrier &#8211; 19 mai) La Collection Lambert en Avignon et POUSH s&#8217;associent pour la r\u00e9alisation d&#8217;une exposition pr\u00e9sentant, au coeur de la cit\u00e9 papale, les travaux d&#8217;une quarantaine d&#8217;artistes-r\u00e9sident\u00b7e\u00b7s de l&#8217;incubateur d&#8217;artistes du Grand Paris. Organis\u00e9e \u00e0 travers le prisme des regards crois\u00e9s d&#8217;un centre d&#8217;art contemporain et d&#8217;un lieu collectif de cr\u00e9ation artistique, \u00ab Revenir du pr\u00e9sent \u00bb s&#8217;envisage comme une chambre d&#8217;\u00e9cho dans laquelle r\u00e9sonnent les oeuvres issues d&#8217;une multitude d&#8217;artistes et de gestes, t\u00e9moins de l&#8217;art en train de se faire ici et maintenant. Les propositions de ces cr\u00e9ateurs et cr\u00e9atrices de toutes r\u00e9gions et nationalit\u00e9s, install\u00e9\u00b7e\u00b7s dans l&#8217;effervescence des ateliers de POUSH \u00e0 Aubervilliers (93), dessinent les contours d&#8217;une sc\u00e8ne hexagonale plurielle, ouverte sur le monde, et consciente de la complexit\u00e9 des enjeux contemporains. Les curateurs, St\u00e9phane Ibars (Collection Lambert) et Yvanno\u00e9 Kruger (POUSH), se sont attach\u00e9s \u00e0 organiser une triangulation entre les nouveaux territoires parisiens, les quartiers de l&#8217;agglom\u00e9ration d&#8217;Avignon et les projets qu&#8217;ils animent. Con\u00e7u comme une travers\u00e9e au long cours, le parcours de l&#8217;exposition invite celles et ceux qui en font l&#8217;exp\u00e9rience \u00e0 \u00e9prouver une succession de climats o\u00f9 se d\u00e9ploient les repr\u00e9sentations possibles de nos rapports au monde. Rituels, chapardages, fables, r\u00eaves et autres transformations spatiales s&#8217;infiltrent dans les salles de la Collection Lambert pour d\u00e9jouer par avance la r\u00e9alit\u00e9 d&#8217;un futur forg\u00e9 dans la noirceur. Invent\u00e9e dans la droite lign\u00e9e des probl\u00e9matiques qui nourrissent les deux institutions organisatrices, l&#8217;exposition est le fruit d&#8217;une r\u00e9flexion commune sur le soutien \u00e0 la cr\u00e9ation, \u00e0 la production et sur le soin port\u00e9 non seulement \u00e0 la plus juste inscription des oeuvres dans leur contexte d&#8217;exposition mais aussi \u00e0 l&#8217;accueil des artistes et aux conseils qui leur sont propos\u00e9s dans le cadre de leurs r\u00e9flexions. La publication, seconde collaboration entre les \u00c9ditions Dilecta et POUSH, sera constitu\u00e9e d&#8217;une quarantaine de notices, une par artiste, et de trois essais &#8211; un texte \u00e0 quatre mains des deux curateurs de l&#8217;exposition, ainsi que deux textes de Marc Donnadieu et St\u00e9phanie P\u00e9court &#8211; articul\u00e9s autour de vues in situ. Avec : Mathilde Albouy, Est\u00e8la Alliaud, Hugo Avigo, Abdelhak Benallou, Djabril Boukhenaissi, Apollinaria Broche, Gr\u00e9gory Chatonsky, Salom\u00e9 Chatriot, Ga\u00eblle Choisne, Max Coulon, Morgan Courtois, Xolo Cuintle, Marlon De Azambuja, Cyril Debon, Julian Farade, Cledia Fourniau, Laura Garcia Karras, C\u00e9lia Gondol, Pascal Hachem, Arash Hanaei, Michel Jocaille, Anne Le Troter, Matisse Mesnil, Daniel Otero Torres, Luca Resta, Edgar Sarin, Ugo Schildge, Erwan Sene, Dune Varela, Ittah Yoda (liste non exhaustive). \u00c0 propos de la Collection Lambert Centre d&#8217;art contemporain n\u00e9 de l&#8217;initiative d&#8217;un marchand d&#8217;art et collectionneur, Yvon Lambert, qui a fait don \u00e0 l&#8217;\u00c9tat d&#8217;un ensemble exceptionnel d&#8217;oeuvres majeures des ann\u00e9es 1960 \u00e0 nos jours, la Collection Lambert se d\u00e9ploie au sein de deux h\u00f4tels particuliers au coeur du quartier des mus\u00e9es d&#8217;Avignon. Dirig\u00e9e par Fran\u00e7ois Quintin, l&#8217;institution y pr\u00e9sente en permanence les chefs-d&#8217;oeuvre de sa collection ainsi que des expositions temporaires originales d&#8217;artistes d&#8217;aujourd&#8217;hui, et propose un programme culturel cr\u00e9atif et engag\u00e9 envers tous les publics. Depuis plusieurs ann\u00e9es, la Collection Lambert attache une importance particuli\u00e8re au soutien \u00e0 la cr\u00e9ation \u00e9mergente, et plus particuli\u00e8rement aux artistes de la R\u00e9gion Sud. Afin de d\u00e9velopper ce soutien et d&#8217;ouvrir ses portes \u00e0 des artistes \u00e9mergents originaires de toutes les r\u00e9gions de France et de l&#8217;\u00e9tranger, la Collection Lambert s&#8217;est associ\u00e9e depuis 2019 au projet Viva Villa ! et s&#8217;engage aujourd&#8217;hui aux c\u00f4t\u00e9s de POUSH. \u00c0 propos de POUSH Cr\u00e9\u00e9 en 2020 par Herv\u00e9 Digne et Laure Confavreux-Colliex, POUSH est un lieu d&#8217;artistes pour la cr\u00e9ation et l&#8217;exposition qui propose aux artistes des ateliers de travail ainsi qu&#8217;un programme d&#8217;accompagnement en termes de direction artistique, de production et de communication. Sous la direction d&#8217;Yvanno\u00e9 Kruger, POUSH anime une programmation artistique singuli\u00e8re en proposant expositions, installations in situ et performances. POUSH est port\u00e9 par l&#8217;Association pour le d\u00e9veloppement des lieux de cr\u00e9ation d&#8217;artistes (ADLCA).<\/p>\n","protected":false},"excerpt":{"rendered":"<p>Catalogue de l&#8217;exposition de Poush \u00e0 la Collection Lambert en Avignon, \u00ab Revenir du pr\u00e9sent. Regards crois\u00e9s sur la sc\u00e8ne actuelle \u00bb (10 f\u00e9vrier &#8211; 19 mai) La Collection Lambert en Avignon et POUSH s&#8217;associent pour la r\u00e9alisation d&#8217;une exposition pr\u00e9sentant, au coeur de la cit\u00e9 papale, les travaux d&#8217;une quarantaine d&#8217;artistes-r\u00e9sident\u00b7e\u00b7s de l&#8217;incubateur d&#8217;artistes [&hellip;]<\/p>\n","protected":false},"featured_media":41012,"template":"","meta":[],"product_cat":[2948,2953],"product_tag":[],"acf":[],"yoast_head":"<!-- This site is optimized with the Yoast SEO plugin v20.11 - https:\/\/yoast.com\/wordpress\/plugins\/seo\/ -->\n<title>Revenir du prsent : Poush la Collection Lambert - Librairie 7L<\/title>\n<meta name=\"robots\" content=\"index, follow, max-snippet:-1, max-image-preview:large, max-video-preview:-1\" \/>\n<link rel=\"canonical\" href=\"https:\/\/librairie7l.com\/en\/produit\/revenir-du-prsent-poush-la-collection-lambert\/\" \/>\n<meta property=\"og:locale\" content=\"en_US\" \/>\n<meta property=\"og:type\" content=\"article\" \/>\n<meta property=\"og:title\" content=\"Revenir du prsent : Poush la Collection Lambert - Librairie 7L\" \/>\n<meta property=\"og:description\" content=\"Catalogue de l&#8217;exposition de Poush \u00e0 la Collection Lambert en Avignon, \u00ab Revenir du pr\u00e9sent. Regards crois\u00e9s sur la sc\u00e8ne actuelle \u00bb (10 f\u00e9vrier &#8211; 19 mai) La Collection Lambert en Avignon et POUSH s&#8217;associent pour la r\u00e9alisation d&#8217;une exposition pr\u00e9sentant, au coeur de la cit\u00e9 papale, les travaux d&#8217;une quarantaine d&#8217;artistes-r\u00e9sident\u00b7e\u00b7s de l&#8217;incubateur d&#8217;artistes [&hellip;]\" \/>\n<meta property=\"og:url\" content=\"https:\/\/librairie7l.com\/en\/produit\/revenir-du-prsent-poush-la-collection-lambert\/\" \/>\n<meta property=\"og:site_name\" content=\"Librairie 7L\" \/>\n<meta property=\"article:modified_time\" content=\"2026-04-09T15:11:49+00:00\" \/>\n<meta property=\"og:image\" content=\"https:\/\/librairie7l.com\/wp-content\/uploads\/2024\/01\/9782373721980_1_75.jpg\" \/>\n\t<meta property=\"og:image:width\" content=\"600\" \/>\n\t<meta property=\"og:image:height\" content=\"768\" \/>\n\t<meta property=\"og:image:type\" content=\"image\/jpeg\" \/>\n<meta name=\"twitter:card\" content=\"summary_large_image\" \/>\n<meta name=\"twitter:label1\" content=\"Est. reading time\" \/>\n\t<meta name=\"twitter:data1\" content=\"4 minutes\" \/>\n<script type=\"application\/ld+json\" class=\"yoast-schema-graph\">{\"@context\":\"https:\/\/schema.org\",\"@graph\":[{\"@type\":\"WebPage\",\"@id\":\"https:\/\/librairie7l.com\/en\/produit\/revenir-du-prsent-poush-la-collection-lambert\/\",\"url\":\"https:\/\/librairie7l.com\/en\/produit\/revenir-du-prsent-poush-la-collection-lambert\/\",\"name\":\"Revenir du prsent : Poush la Collection Lambert - Librairie 7L\",\"isPartOf\":{\"@id\":\"https:\/\/librairie7l.com\/en\/#website\"},\"datePublished\":\"2024-05-18T07:18:30+00:00\",\"dateModified\":\"2026-04-09T15:11:49+00:00\",\"breadcrumb\":{\"@id\":\"https:\/\/librairie7l.com\/en\/produit\/revenir-du-prsent-poush-la-collection-lambert\/#breadcrumb\"},\"inLanguage\":\"en-US\",\"potentialAction\":[{\"@type\":\"ReadAction\",\"target\":[\"https:\/\/librairie7l.com\/en\/produit\/revenir-du-prsent-poush-la-collection-lambert\/\"]}]},{\"@type\":\"BreadcrumbList\",\"@id\":\"https:\/\/librairie7l.com\/en\/produit\/revenir-du-prsent-poush-la-collection-lambert\/#breadcrumb\",\"itemListElement\":[{\"@type\":\"ListItem\",\"position\":1,\"name\":\"Accueil\",\"item\":\"https:\/\/librairie7l.com\/en\/\"},{\"@type\":\"ListItem\",\"position\":2,\"name\":\"Shop\",\"item\":\"https:\/\/librairie7l.com\/en\/shop\/\"},{\"@type\":\"ListItem\",\"position\":3,\"name\":\"REVENIR DU PRSENT : POUSH LA COLLECTION LAMBERT\"}]},{\"@type\":\"WebSite\",\"@id\":\"https:\/\/librairie7l.com\/en\/#website\",\"url\":\"https:\/\/librairie7l.com\/en\/\",\"name\":\"Librairie 7L\",\"description\":\"Librairie fond\u00e9e en 1999 par Karl Lagerfeld \u00e0 Paris\",\"publisher\":{\"@id\":\"https:\/\/librairie7l.com\/en\/#organization\"},\"potentialAction\":[{\"@type\":\"SearchAction\",\"target\":{\"@type\":\"EntryPoint\",\"urlTemplate\":\"https:\/\/librairie7l.com\/en\/?s={search_term_string}\"},\"query-input\":\"required name=search_term_string\"}],\"inLanguage\":\"en-US\"},{\"@type\":\"Organization\",\"@id\":\"https:\/\/librairie7l.com\/en\/#organization\",\"name\":\"Librairie 7L\",\"url\":\"https:\/\/librairie7l.com\/en\/\",\"logo\":{\"@type\":\"ImageObject\",\"inLanguage\":\"en-US\",\"@id\":\"https:\/\/librairie7l.com\/en\/#\/schema\/logo\/image\/\",\"url\":\"https:\/\/librairie7l.com\/wp-content\/uploads\/2022\/08\/logo-1.png\",\"contentUrl\":\"https:\/\/librairie7l.com\/wp-content\/uploads\/2022\/08\/logo-1.png\",\"width\":227,\"height\":301,\"caption\":\"Librairie 7L\"},\"image\":{\"@id\":\"https:\/\/librairie7l.com\/en\/#\/schema\/logo\/image\/\"}}]}<\/script>\n<!-- \/ Yoast SEO plugin. -->","yoast_head_json":{"title":"Revenir du prsent : Poush la Collection Lambert - Librairie 7L","robots":{"index":"index","follow":"follow","max-snippet":"max-snippet:-1","max-image-preview":"max-image-preview:large","max-video-preview":"max-video-preview:-1"},"canonical":"https:\/\/librairie7l.com\/en\/produit\/revenir-du-prsent-poush-la-collection-lambert\/","og_locale":"en_US","og_type":"article","og_title":"Revenir du prsent : Poush la Collection Lambert - Librairie 7L","og_description":"Catalogue de l&#8217;exposition de Poush \u00e0 la Collection Lambert en Avignon, \u00ab Revenir du pr\u00e9sent. Regards crois\u00e9s sur la sc\u00e8ne actuelle \u00bb (10 f\u00e9vrier &#8211; 19 mai) La Collection Lambert en Avignon et POUSH s&#8217;associent pour la r\u00e9alisation d&#8217;une exposition pr\u00e9sentant, au coeur de la cit\u00e9 papale, les travaux d&#8217;une quarantaine d&#8217;artistes-r\u00e9sident\u00b7e\u00b7s de l&#8217;incubateur d&#8217;artistes [&hellip;]","og_url":"https:\/\/librairie7l.com\/en\/produit\/revenir-du-prsent-poush-la-collection-lambert\/","og_site_name":"Librairie 7L","article_modified_time":"2026-04-09T15:11:49+00:00","og_image":[{"width":600,"height":768,"url":"https:\/\/librairie7l.com\/wp-content\/uploads\/2024\/01\/9782373721980_1_75.jpg","type":"image\/jpeg"}],"twitter_card":"summary_large_image","twitter_misc":{"Est. reading time":"4 minutes"},"schema":{"@context":"https:\/\/schema.org","@graph":[{"@type":"WebPage","@id":"https:\/\/librairie7l.com\/en\/produit\/revenir-du-prsent-poush-la-collection-lambert\/","url":"https:\/\/librairie7l.com\/en\/produit\/revenir-du-prsent-poush-la-collection-lambert\/","name":"Revenir du prsent : Poush la Collection Lambert - Librairie 7L","isPartOf":{"@id":"https:\/\/librairie7l.com\/en\/#website"},"datePublished":"2024-05-18T07:18:30+00:00","dateModified":"2026-04-09T15:11:49+00:00","breadcrumb":{"@id":"https:\/\/librairie7l.com\/en\/produit\/revenir-du-prsent-poush-la-collection-lambert\/#breadcrumb"},"inLanguage":"en-US","potentialAction":[{"@type":"ReadAction","target":["https:\/\/librairie7l.com\/en\/produit\/revenir-du-prsent-poush-la-collection-lambert\/"]}]},{"@type":"BreadcrumbList","@id":"https:\/\/librairie7l.com\/en\/produit\/revenir-du-prsent-poush-la-collection-lambert\/#breadcrumb","itemListElement":[{"@type":"ListItem","position":1,"name":"Accueil","item":"https:\/\/librairie7l.com\/en\/"},{"@type":"ListItem","position":2,"name":"Shop","item":"https:\/\/librairie7l.com\/en\/shop\/"},{"@type":"ListItem","position":3,"name":"REVENIR DU PRSENT : POUSH LA COLLECTION LAMBERT"}]},{"@type":"WebSite","@id":"https:\/\/librairie7l.com\/en\/#website","url":"https:\/\/librairie7l.com\/en\/","name":"Librairie 7L","description":"Librairie fond\u00e9e en 1999 par Karl Lagerfeld \u00e0 Paris","publisher":{"@id":"https:\/\/librairie7l.com\/en\/#organization"},"potentialAction":[{"@type":"SearchAction","target":{"@type":"EntryPoint","urlTemplate":"https:\/\/librairie7l.com\/en\/?s={search_term_string}"},"query-input":"required name=search_term_string"}],"inLanguage":"en-US"},{"@type":"Organization","@id":"https:\/\/librairie7l.com\/en\/#organization","name":"Librairie 7L","url":"https:\/\/librairie7l.com\/en\/","logo":{"@type":"ImageObject","inLanguage":"en-US","@id":"https:\/\/librairie7l.com\/en\/#\/schema\/logo\/image\/","url":"https:\/\/librairie7l.com\/wp-content\/uploads\/2022\/08\/logo-1.png","contentUrl":"https:\/\/librairie7l.com\/wp-content\/uploads\/2022\/08\/logo-1.png","width":227,"height":301,"caption":"Librairie 7L"},"image":{"@id":"https:\/\/librairie7l.com\/en\/#\/schema\/logo\/image\/"}}]}},"_links":{"self":[{"href":"https:\/\/librairie7l.com\/en\/wp-json\/wp\/v2\/product\/41014"}],"collection":[{"href":"https:\/\/librairie7l.com\/en\/wp-json\/wp\/v2\/product"}],"about":[{"href":"https:\/\/librairie7l.com\/en\/wp-json\/wp\/v2\/types\/product"}],"wp:featuredmedia":[{"embeddable":true,"href":"https:\/\/librairie7l.com\/en\/wp-json\/wp\/v2\/media\/41012"}],"wp:attachment":[{"href":"https:\/\/librairie7l.com\/en\/wp-json\/wp\/v2\/media?parent=41014"}],"wp:term":[{"taxonomy":"product_cat","embeddable":true,"href":"https:\/\/librairie7l.com\/en\/wp-json\/wp\/v2\/product_cat?post=41014"},{"taxonomy":"product_tag","embeddable":true,"href":"https:\/\/librairie7l.com\/en\/wp-json\/wp\/v2\/product_tag?post=41014"}],"curies":[{"name":"wp","href":"https:\/\/api.w.org\/{rel}","templated":true}]}}