{"id":41024,"date":"2024-05-20T09:18:55","date_gmt":"2024-05-20T07:18:55","guid":{"rendered":"https:\/\/librairie7l.com\/?post_type=product&#038;p=41024"},"modified":"2026-04-16T00:07:56","modified_gmt":"2026-04-15T22:07:56","slug":"an-opinionated-guide-to-women-painters","status":"publish","type":"product","link":"https:\/\/librairie7l.com\/en\/produit\/an-opinionated-guide-to-women-painters\/","title":{"rendered":"AN OPINIONATED GUIDE TO WOMEN PAINTERS"},"content":{"rendered":"<p>Depuis qu&#8217;il y a de la peinture, il y a des femmes peintres, mais vous n&#8217;en avez pas encore entendu parler. Des artistes \u00e0 l&#8217;avant-garde de l&#8217;\u00e2ge d&#8217;or hollandais aux radicales avant-gardistes de la Russie sovi\u00e9tique, en passant par les penseurs surr\u00e9alistes en exil, ce livre rassemble 65 peintres de toute l&#8217;histoire et du monde entier. Parfois ignor\u00e9, mais toujours embl\u00e9matique, ce guide aux opinions tr\u00e8s tranch\u00e9es vous dira tout ce que vous devez savoir, et rien que vous ne devez savoir, sur les femmes derri\u00e8re la toile (et pas mal sur ce qui est sur la toile aussi). Des opinions pleines d&#8217;esprit c\u00f4toient des reproductions en couleurs fid\u00e8les dans une \u00e9l\u00e9gante \u00e9dition cartonn\u00e9e qui persuadera qu&#8217;il vaut la peine de conna\u00eetre ces peintres. Ce livre est le premier d&#8217;une nouvelle s\u00e9rie de guides d&#8217;opinion sur les mouvements artistiques, les m\u00e9diums et les id\u00e9es, qui s&#8217;appuie sur le succ\u00e8s des guides d&#8217;opinion de Hoxton Mini Press sur Londres.<\/p>\n","protected":false},"excerpt":{"rendered":"<p>Depuis qu&#8217;il y a de la peinture, il y a des femmes peintres, mais vous n&#8217;en avez pas encore entendu parler. Des artistes \u00e0 l&#8217;avant-garde de l&#8217;\u00e2ge d&#8217;or hollandais aux radicales avant-gardistes de la Russie sovi\u00e9tique, en passant par les penseurs surr\u00e9alistes en exil, ce livre rassemble 65 peintres de toute l&#8217;histoire et du monde [&hellip;]<\/p>\n","protected":false},"featured_media":41367,"template":"","meta":[],"product_cat":[2948,2953],"product_tag":[],"acf":[],"yoast_head":"<!-- This site is optimized with the Yoast SEO plugin v20.11 - https:\/\/yoast.com\/wordpress\/plugins\/seo\/ -->\n<title>An opinionated guide to women painters - Librairie 7L<\/title>\n<meta name=\"robots\" content=\"index, follow, max-snippet:-1, max-image-preview:large, max-video-preview:-1\" \/>\n<link rel=\"canonical\" href=\"https:\/\/librairie7l.com\/en\/produit\/an-opinionated-guide-to-women-painters\/\" \/>\n<meta property=\"og:locale\" content=\"en_US\" \/>\n<meta property=\"og:type\" content=\"article\" \/>\n<meta property=\"og:title\" content=\"An opinionated guide to women painters - Librairie 7L\" \/>\n<meta property=\"og:description\" content=\"Depuis qu&#8217;il y a de la peinture, il y a des femmes peintres, mais vous n&#8217;en avez pas encore entendu parler. Des artistes \u00e0 l&#8217;avant-garde de l&#8217;\u00e2ge d&#8217;or hollandais aux radicales avant-gardistes de la Russie sovi\u00e9tique, en passant par les penseurs surr\u00e9alistes en exil, ce livre rassemble 65 peintres de toute l&#8217;histoire et du monde [&hellip;]\" \/>\n<meta property=\"og:url\" content=\"https:\/\/librairie7l.com\/en\/produit\/an-opinionated-guide-to-women-painters\/\" \/>\n<meta property=\"og:site_name\" content=\"Librairie 7L\" \/>\n<meta property=\"article:modified_time\" content=\"2026-04-15T22:07:56+00:00\" \/>\n<meta property=\"og:image\" content=\"https:\/\/librairie7l.com\/wp-content\/uploads\/2024\/02\/9781914314551_1_75.jpg\" \/>\n\t<meta property=\"og:image:width\" content=\"600\" \/>\n\t<meta property=\"og:image:height\" content=\"826\" \/>\n\t<meta property=\"og:image:type\" content=\"image\/jpeg\" \/>\n<meta name=\"twitter:card\" content=\"summary_large_image\" \/>\n<meta name=\"twitter:label1\" content=\"Est. reading time\" \/>\n\t<meta name=\"twitter:data1\" content=\"1 minute\" \/>\n<script type=\"application\/ld+json\" class=\"yoast-schema-graph\">{\"@context\":\"https:\/\/schema.org\",\"@graph\":[{\"@type\":\"WebPage\",\"@id\":\"https:\/\/librairie7l.com\/en\/produit\/an-opinionated-guide-to-women-painters\/\",\"url\":\"https:\/\/librairie7l.com\/en\/produit\/an-opinionated-guide-to-women-painters\/\",\"name\":\"An opinionated guide to women painters - Librairie 7L\",\"isPartOf\":{\"@id\":\"https:\/\/librairie7l.com\/en\/#website\"},\"datePublished\":\"2024-05-20T07:18:55+00:00\",\"dateModified\":\"2026-04-15T22:07:56+00:00\",\"breadcrumb\":{\"@id\":\"https:\/\/librairie7l.com\/en\/produit\/an-opinionated-guide-to-women-painters\/#breadcrumb\"},\"inLanguage\":\"en-US\",\"potentialAction\":[{\"@type\":\"ReadAction\",\"target\":[\"https:\/\/librairie7l.com\/en\/produit\/an-opinionated-guide-to-women-painters\/\"]}]},{\"@type\":\"BreadcrumbList\",\"@id\":\"https:\/\/librairie7l.com\/en\/produit\/an-opinionated-guide-to-women-painters\/#breadcrumb\",\"itemListElement\":[{\"@type\":\"ListItem\",\"position\":1,\"name\":\"Accueil\",\"item\":\"https:\/\/librairie7l.com\/en\/\"},{\"@type\":\"ListItem\",\"position\":2,\"name\":\"Shop\",\"item\":\"https:\/\/librairie7l.com\/en\/shop\/\"},{\"@type\":\"ListItem\",\"position\":3,\"name\":\"AN OPINIONATED GUIDE TO WOMEN PAINTERS\"}]},{\"@type\":\"WebSite\",\"@id\":\"https:\/\/librairie7l.com\/en\/#website\",\"url\":\"https:\/\/librairie7l.com\/en\/\",\"name\":\"Librairie 7L\",\"description\":\"Librairie fond\u00e9e en 1999 par Karl Lagerfeld \u00e0 Paris\",\"publisher\":{\"@id\":\"https:\/\/librairie7l.com\/en\/#organization\"},\"potentialAction\":[{\"@type\":\"SearchAction\",\"target\":{\"@type\":\"EntryPoint\",\"urlTemplate\":\"https:\/\/librairie7l.com\/en\/?s={search_term_string}\"},\"query-input\":\"required name=search_term_string\"}],\"inLanguage\":\"en-US\"},{\"@type\":\"Organization\",\"@id\":\"https:\/\/librairie7l.com\/en\/#organization\",\"name\":\"Librairie 7L\",\"url\":\"https:\/\/librairie7l.com\/en\/\",\"logo\":{\"@type\":\"ImageObject\",\"inLanguage\":\"en-US\",\"@id\":\"https:\/\/librairie7l.com\/en\/#\/schema\/logo\/image\/\",\"url\":\"https:\/\/librairie7l.com\/wp-content\/uploads\/2022\/08\/logo-1.png\",\"contentUrl\":\"https:\/\/librairie7l.com\/wp-content\/uploads\/2022\/08\/logo-1.png\",\"width\":227,\"height\":301,\"caption\":\"Librairie 7L\"},\"image\":{\"@id\":\"https:\/\/librairie7l.com\/en\/#\/schema\/logo\/image\/\"}}]}<\/script>\n<!-- \/ Yoast SEO plugin. -->","yoast_head_json":{"title":"An opinionated guide to women painters - Librairie 7L","robots":{"index":"index","follow":"follow","max-snippet":"max-snippet:-1","max-image-preview":"max-image-preview:large","max-video-preview":"max-video-preview:-1"},"canonical":"https:\/\/librairie7l.com\/en\/produit\/an-opinionated-guide-to-women-painters\/","og_locale":"en_US","og_type":"article","og_title":"An opinionated guide to women painters - Librairie 7L","og_description":"Depuis qu&#8217;il y a de la peinture, il y a des femmes peintres, mais vous n&#8217;en avez pas encore entendu parler. Des artistes \u00e0 l&#8217;avant-garde de l&#8217;\u00e2ge d&#8217;or hollandais aux radicales avant-gardistes de la Russie sovi\u00e9tique, en passant par les penseurs surr\u00e9alistes en exil, ce livre rassemble 65 peintres de toute l&#8217;histoire et du monde [&hellip;]","og_url":"https:\/\/librairie7l.com\/en\/produit\/an-opinionated-guide-to-women-painters\/","og_site_name":"Librairie 7L","article_modified_time":"2026-04-15T22:07:56+00:00","og_image":[{"width":600,"height":826,"url":"https:\/\/librairie7l.com\/wp-content\/uploads\/2024\/02\/9781914314551_1_75.jpg","type":"image\/jpeg"}],"twitter_card":"summary_large_image","twitter_misc":{"Est. reading time":"1 minute"},"schema":{"@context":"https:\/\/schema.org","@graph":[{"@type":"WebPage","@id":"https:\/\/librairie7l.com\/en\/produit\/an-opinionated-guide-to-women-painters\/","url":"https:\/\/librairie7l.com\/en\/produit\/an-opinionated-guide-to-women-painters\/","name":"An opinionated guide to women painters - Librairie 7L","isPartOf":{"@id":"https:\/\/librairie7l.com\/en\/#website"},"datePublished":"2024-05-20T07:18:55+00:00","dateModified":"2026-04-15T22:07:56+00:00","breadcrumb":{"@id":"https:\/\/librairie7l.com\/en\/produit\/an-opinionated-guide-to-women-painters\/#breadcrumb"},"inLanguage":"en-US","potentialAction":[{"@type":"ReadAction","target":["https:\/\/librairie7l.com\/en\/produit\/an-opinionated-guide-to-women-painters\/"]}]},{"@type":"BreadcrumbList","@id":"https:\/\/librairie7l.com\/en\/produit\/an-opinionated-guide-to-women-painters\/#breadcrumb","itemListElement":[{"@type":"ListItem","position":1,"name":"Accueil","item":"https:\/\/librairie7l.com\/en\/"},{"@type":"ListItem","position":2,"name":"Shop","item":"https:\/\/librairie7l.com\/en\/shop\/"},{"@type":"ListItem","position":3,"name":"AN OPINIONATED GUIDE TO WOMEN PAINTERS"}]},{"@type":"WebSite","@id":"https:\/\/librairie7l.com\/en\/#website","url":"https:\/\/librairie7l.com\/en\/","name":"Librairie 7L","description":"Librairie fond\u00e9e en 1999 par Karl Lagerfeld \u00e0 Paris","publisher":{"@id":"https:\/\/librairie7l.com\/en\/#organization"},"potentialAction":[{"@type":"SearchAction","target":{"@type":"EntryPoint","urlTemplate":"https:\/\/librairie7l.com\/en\/?s={search_term_string}"},"query-input":"required name=search_term_string"}],"inLanguage":"en-US"},{"@type":"Organization","@id":"https:\/\/librairie7l.com\/en\/#organization","name":"Librairie 7L","url":"https:\/\/librairie7l.com\/en\/","logo":{"@type":"ImageObject","inLanguage":"en-US","@id":"https:\/\/librairie7l.com\/en\/#\/schema\/logo\/image\/","url":"https:\/\/librairie7l.com\/wp-content\/uploads\/2022\/08\/logo-1.png","contentUrl":"https:\/\/librairie7l.com\/wp-content\/uploads\/2022\/08\/logo-1.png","width":227,"height":301,"caption":"Librairie 7L"},"image":{"@id":"https:\/\/librairie7l.com\/en\/#\/schema\/logo\/image\/"}}]}},"_links":{"self":[{"href":"https:\/\/librairie7l.com\/en\/wp-json\/wp\/v2\/product\/41024"}],"collection":[{"href":"https:\/\/librairie7l.com\/en\/wp-json\/wp\/v2\/product"}],"about":[{"href":"https:\/\/librairie7l.com\/en\/wp-json\/wp\/v2\/types\/product"}],"wp:featuredmedia":[{"embeddable":true,"href":"https:\/\/librairie7l.com\/en\/wp-json\/wp\/v2\/media\/41367"}],"wp:attachment":[{"href":"https:\/\/librairie7l.com\/en\/wp-json\/wp\/v2\/media?parent=41024"}],"wp:term":[{"taxonomy":"product_cat","embeddable":true,"href":"https:\/\/librairie7l.com\/en\/wp-json\/wp\/v2\/product_cat?post=41024"},{"taxonomy":"product_tag","embeddable":true,"href":"https:\/\/librairie7l.com\/en\/wp-json\/wp\/v2\/product_tag?post=41024"}],"curies":[{"name":"wp","href":"https:\/\/api.w.org\/{rel}","templated":true}]}}