{"id":41026,"date":"2024-05-20T09:18:58","date_gmt":"2024-05-20T07:18:58","guid":{"rendered":"https:\/\/librairie7l.com\/?post_type=product&#038;p=41026"},"modified":"2026-04-10T15:40:12","modified_gmt":"2026-04-10T13:40:12","slug":"brutalist-plants","status":"publish","type":"product","link":"https:\/\/librairie7l.com\/en\/produit\/brutalist-plants\/","title":{"rendered":"BRUTALIST PLANTS"},"content":{"rendered":"<p>Vert contre gris, plantes contre b\u00e9ton : 150 images de structures brutalistes imbriqu\u00e9es dans la nature. L&#8217;architecture brutaliste est g\u00e9n\u00e9ralement associ\u00e9e \u00e0 une esth\u00e9tique froide et aust\u00e8re, mais les architectes ont depuis longtemps trouv\u00e9 des moyens d&#8217;int\u00e9grer la verdure dans leurs projets, cr\u00e9ant ainsi un contraste saisissant entre le b\u00e9ton dur et les formes douces et organiques des plantes. Et si elle n&#8217;est pas con\u00e7ue, la nature a souvent sa propre fa\u00e7on de reconqu\u00e9rir l&#8217;environnement b\u00e2ti. Des toits verts aux murs vivants, des jardins de poche de l&#8217;Unit\u00e9 d&#8217;Habitation de Le Corbusier aux cours luxuriantes et au jardin d&#8217;hiver du Barbican Centre de Londres, Olivia Broome a rassembl\u00e9 une s\u00e9lection impressionnante d&#8217;images saisissantes provenant du monde entier. Olivia Broome g\u00e8re le compte instagram Brutalist Plants, qui jouit d&#8217;une popularit\u00e9 mondiale.<\/p>\n","protected":false},"excerpt":{"rendered":"<p>Vert contre gris, plantes contre b\u00e9ton : 150 images de structures brutalistes imbriqu\u00e9es dans la nature. L&#8217;architecture brutaliste est g\u00e9n\u00e9ralement associ\u00e9e \u00e0 une esth\u00e9tique froide et aust\u00e8re, mais les architectes ont depuis longtemps trouv\u00e9 des moyens d&#8217;int\u00e9grer la verdure dans leurs projets, cr\u00e9ant ainsi un contraste saisissant entre le b\u00e9ton dur et les formes douces [&hellip;]<\/p>\n","protected":false},"featured_media":41491,"template":"","meta":[],"product_cat":[2948,2956],"product_tag":[],"acf":[],"yoast_head":"<!-- This site is optimized with the Yoast SEO plugin v20.11 - https:\/\/yoast.com\/wordpress\/plugins\/seo\/ -->\n<title>Brutalist plants - Librairie 7L<\/title>\n<meta name=\"robots\" content=\"index, follow, max-snippet:-1, max-image-preview:large, max-video-preview:-1\" \/>\n<link rel=\"canonical\" href=\"https:\/\/librairie7l.com\/en\/produit\/brutalist-plants\/\" \/>\n<meta property=\"og:locale\" content=\"en_US\" \/>\n<meta property=\"og:type\" content=\"article\" \/>\n<meta property=\"og:title\" content=\"Brutalist plants - Librairie 7L\" \/>\n<meta property=\"og:description\" content=\"Vert contre gris, plantes contre b\u00e9ton : 150 images de structures brutalistes imbriqu\u00e9es dans la nature. L&#8217;architecture brutaliste est g\u00e9n\u00e9ralement associ\u00e9e \u00e0 une esth\u00e9tique froide et aust\u00e8re, mais les architectes ont depuis longtemps trouv\u00e9 des moyens d&#8217;int\u00e9grer la verdure dans leurs projets, cr\u00e9ant ainsi un contraste saisissant entre le b\u00e9ton dur et les formes douces [&hellip;]\" \/>\n<meta property=\"og:url\" content=\"https:\/\/librairie7l.com\/en\/produit\/brutalist-plants\/\" \/>\n<meta property=\"og:site_name\" content=\"Librairie 7L\" \/>\n<meta property=\"article:modified_time\" content=\"2026-04-10T13:40:12+00:00\" \/>\n<meta property=\"og:image\" content=\"https:\/\/librairie7l.com\/wp-content\/uploads\/2024\/06\/9781914314483_1_75.jpg\" \/>\n\t<meta property=\"og:image:width\" content=\"400\" \/>\n\t<meta property=\"og:image:height\" content=\"525\" \/>\n\t<meta property=\"og:image:type\" content=\"image\/jpeg\" \/>\n<meta name=\"twitter:card\" content=\"summary_large_image\" \/>\n<meta name=\"twitter:label1\" content=\"Est. reading time\" \/>\n\t<meta name=\"twitter:data1\" content=\"1 minute\" \/>\n<script type=\"application\/ld+json\" class=\"yoast-schema-graph\">{\"@context\":\"https:\/\/schema.org\",\"@graph\":[{\"@type\":\"WebPage\",\"@id\":\"https:\/\/librairie7l.com\/en\/produit\/brutalist-plants\/\",\"url\":\"https:\/\/librairie7l.com\/en\/produit\/brutalist-plants\/\",\"name\":\"Brutalist plants - Librairie 7L\",\"isPartOf\":{\"@id\":\"https:\/\/librairie7l.com\/en\/#website\"},\"datePublished\":\"2024-05-20T07:18:58+00:00\",\"dateModified\":\"2026-04-10T13:40:12+00:00\",\"breadcrumb\":{\"@id\":\"https:\/\/librairie7l.com\/en\/produit\/brutalist-plants\/#breadcrumb\"},\"inLanguage\":\"en-US\",\"potentialAction\":[{\"@type\":\"ReadAction\",\"target\":[\"https:\/\/librairie7l.com\/en\/produit\/brutalist-plants\/\"]}]},{\"@type\":\"BreadcrumbList\",\"@id\":\"https:\/\/librairie7l.com\/en\/produit\/brutalist-plants\/#breadcrumb\",\"itemListElement\":[{\"@type\":\"ListItem\",\"position\":1,\"name\":\"Accueil\",\"item\":\"https:\/\/librairie7l.com\/en\/\"},{\"@type\":\"ListItem\",\"position\":2,\"name\":\"Shop\",\"item\":\"https:\/\/librairie7l.com\/en\/shop\/\"},{\"@type\":\"ListItem\",\"position\":3,\"name\":\"BRUTALIST PLANTS\"}]},{\"@type\":\"WebSite\",\"@id\":\"https:\/\/librairie7l.com\/en\/#website\",\"url\":\"https:\/\/librairie7l.com\/en\/\",\"name\":\"Librairie 7L\",\"description\":\"Librairie fond\u00e9e en 1999 par Karl Lagerfeld \u00e0 Paris\",\"publisher\":{\"@id\":\"https:\/\/librairie7l.com\/en\/#organization\"},\"potentialAction\":[{\"@type\":\"SearchAction\",\"target\":{\"@type\":\"EntryPoint\",\"urlTemplate\":\"https:\/\/librairie7l.com\/en\/?s={search_term_string}\"},\"query-input\":\"required name=search_term_string\"}],\"inLanguage\":\"en-US\"},{\"@type\":\"Organization\",\"@id\":\"https:\/\/librairie7l.com\/en\/#organization\",\"name\":\"Librairie 7L\",\"url\":\"https:\/\/librairie7l.com\/en\/\",\"logo\":{\"@type\":\"ImageObject\",\"inLanguage\":\"en-US\",\"@id\":\"https:\/\/librairie7l.com\/en\/#\/schema\/logo\/image\/\",\"url\":\"https:\/\/librairie7l.com\/wp-content\/uploads\/2022\/08\/logo-1.png\",\"contentUrl\":\"https:\/\/librairie7l.com\/wp-content\/uploads\/2022\/08\/logo-1.png\",\"width\":227,\"height\":301,\"caption\":\"Librairie 7L\"},\"image\":{\"@id\":\"https:\/\/librairie7l.com\/en\/#\/schema\/logo\/image\/\"}}]}<\/script>\n<!-- \/ Yoast SEO plugin. -->","yoast_head_json":{"title":"Brutalist plants - Librairie 7L","robots":{"index":"index","follow":"follow","max-snippet":"max-snippet:-1","max-image-preview":"max-image-preview:large","max-video-preview":"max-video-preview:-1"},"canonical":"https:\/\/librairie7l.com\/en\/produit\/brutalist-plants\/","og_locale":"en_US","og_type":"article","og_title":"Brutalist plants - Librairie 7L","og_description":"Vert contre gris, plantes contre b\u00e9ton : 150 images de structures brutalistes imbriqu\u00e9es dans la nature. L&#8217;architecture brutaliste est g\u00e9n\u00e9ralement associ\u00e9e \u00e0 une esth\u00e9tique froide et aust\u00e8re, mais les architectes ont depuis longtemps trouv\u00e9 des moyens d&#8217;int\u00e9grer la verdure dans leurs projets, cr\u00e9ant ainsi un contraste saisissant entre le b\u00e9ton dur et les formes douces [&hellip;]","og_url":"https:\/\/librairie7l.com\/en\/produit\/brutalist-plants\/","og_site_name":"Librairie 7L","article_modified_time":"2026-04-10T13:40:12+00:00","og_image":[{"width":400,"height":525,"url":"https:\/\/librairie7l.com\/wp-content\/uploads\/2024\/06\/9781914314483_1_75.jpg","type":"image\/jpeg"}],"twitter_card":"summary_large_image","twitter_misc":{"Est. reading time":"1 minute"},"schema":{"@context":"https:\/\/schema.org","@graph":[{"@type":"WebPage","@id":"https:\/\/librairie7l.com\/en\/produit\/brutalist-plants\/","url":"https:\/\/librairie7l.com\/en\/produit\/brutalist-plants\/","name":"Brutalist plants - Librairie 7L","isPartOf":{"@id":"https:\/\/librairie7l.com\/en\/#website"},"datePublished":"2024-05-20T07:18:58+00:00","dateModified":"2026-04-10T13:40:12+00:00","breadcrumb":{"@id":"https:\/\/librairie7l.com\/en\/produit\/brutalist-plants\/#breadcrumb"},"inLanguage":"en-US","potentialAction":[{"@type":"ReadAction","target":["https:\/\/librairie7l.com\/en\/produit\/brutalist-plants\/"]}]},{"@type":"BreadcrumbList","@id":"https:\/\/librairie7l.com\/en\/produit\/brutalist-plants\/#breadcrumb","itemListElement":[{"@type":"ListItem","position":1,"name":"Accueil","item":"https:\/\/librairie7l.com\/en\/"},{"@type":"ListItem","position":2,"name":"Shop","item":"https:\/\/librairie7l.com\/en\/shop\/"},{"@type":"ListItem","position":3,"name":"BRUTALIST PLANTS"}]},{"@type":"WebSite","@id":"https:\/\/librairie7l.com\/en\/#website","url":"https:\/\/librairie7l.com\/en\/","name":"Librairie 7L","description":"Librairie fond\u00e9e en 1999 par Karl Lagerfeld \u00e0 Paris","publisher":{"@id":"https:\/\/librairie7l.com\/en\/#organization"},"potentialAction":[{"@type":"SearchAction","target":{"@type":"EntryPoint","urlTemplate":"https:\/\/librairie7l.com\/en\/?s={search_term_string}"},"query-input":"required name=search_term_string"}],"inLanguage":"en-US"},{"@type":"Organization","@id":"https:\/\/librairie7l.com\/en\/#organization","name":"Librairie 7L","url":"https:\/\/librairie7l.com\/en\/","logo":{"@type":"ImageObject","inLanguage":"en-US","@id":"https:\/\/librairie7l.com\/en\/#\/schema\/logo\/image\/","url":"https:\/\/librairie7l.com\/wp-content\/uploads\/2022\/08\/logo-1.png","contentUrl":"https:\/\/librairie7l.com\/wp-content\/uploads\/2022\/08\/logo-1.png","width":227,"height":301,"caption":"Librairie 7L"},"image":{"@id":"https:\/\/librairie7l.com\/en\/#\/schema\/logo\/image\/"}}]}},"_links":{"self":[{"href":"https:\/\/librairie7l.com\/en\/wp-json\/wp\/v2\/product\/41026"}],"collection":[{"href":"https:\/\/librairie7l.com\/en\/wp-json\/wp\/v2\/product"}],"about":[{"href":"https:\/\/librairie7l.com\/en\/wp-json\/wp\/v2\/types\/product"}],"wp:featuredmedia":[{"embeddable":true,"href":"https:\/\/librairie7l.com\/en\/wp-json\/wp\/v2\/media\/41491"}],"wp:attachment":[{"href":"https:\/\/librairie7l.com\/en\/wp-json\/wp\/v2\/media?parent=41026"}],"wp:term":[{"taxonomy":"product_cat","embeddable":true,"href":"https:\/\/librairie7l.com\/en\/wp-json\/wp\/v2\/product_cat?post=41026"},{"taxonomy":"product_tag","embeddable":true,"href":"https:\/\/librairie7l.com\/en\/wp-json\/wp\/v2\/product_tag?post=41026"}],"curies":[{"name":"wp","href":"https:\/\/api.w.org\/{rel}","templated":true}]}}