{"id":41071,"date":"2024-05-23T09:18:29","date_gmt":"2024-05-23T07:18:29","guid":{"rendered":"https:\/\/librairie7l.com\/?post_type=product&#038;p=41071"},"modified":"2026-04-22T21:06:50","modified_gmt":"2026-04-22T19:06:50","slug":"des-samourais-aux-mangas-lepopee-chretienne-au-japon","status":"publish","type":"product","link":"https:\/\/librairie7l.com\/en\/produit\/des-samourais-aux-mangas-lepopee-chretienne-au-japon\/","title":{"rendered":"DES SAMOURA\u00cfS AUX MANGAS : L&#8217;\u00c9POP\u00c9E CHR\u00c9TIENNE AU JAPON"},"content":{"rendered":"<p>L&#8217;histoire de la pr\u00e9sence chr\u00e9tienne au Japon offre, au cours des premiers si\u00e8cles de son existence, une dimension \u00e0 deux visages retra\u00e7ant tant\u00f4t des \u00e9v\u00e8nements les plus exaltants t\u00e9moignant d&#8217;une expansion rapide du christianisme, dans un accroissement consensuel, aux effets b\u00e9n\u00e9fiques, favoris\u00e9 par la conversion de da.myo (gouverneurs), de samoura\u00efs et tant\u00f4t une s\u00e9rie de revers, de d\u00e9sastres, commu\u00e9s en autant de trag\u00e9dies, broyant inconsid\u00e9r\u00e9ment des populations enti\u00e8res comme les premiers missionnaires venus d&#8217;Occident, au p\u00e9ril de la mer.<\/p>\n<p>Avec l&#8217;av\u00e8nement de l&#8217;\u00e8re Meiji (1868), le Japon met officiellement fin \u00e0 sa politique d&#8217;isolement entam\u00e9e depuis le d\u00e9but du XVIIe si\u00e8cle. Quelques ann\u00e9es auparavant, le P. Bernard Petitjean (1829-1884) avait pu s&#8217;\u00e9tablir \u00e0 Nagasaki et y construire une \u00e9glise, consacr\u00e9e en f\u00e9vrier 1865. Quelques semaines apr\u00e8s cette ouverture, de simples p\u00eacheurs et de modestes artisans descendants d&#8217;anciens chr\u00e9tiens japonais et intrigu\u00e9s par cette nouvelle construction surplomb\u00e9e d&#8217;une croix, se sont fait discr\u00e8tement conna\u00eetre au missionnaire. Malgr\u00e9 leur total isolement durant deux si\u00e8cles et demi et les tr\u00e8s lourdes repr\u00e9sailles pesant sur eux en cas de d\u00e9nonciation, ils ont gard\u00e9 la foi, maintenu au sein de leur communaut\u00e9 et dans le plus grand secret la transmission de certaines pri\u00e8res et rites liturgiques.<\/p>\n<p>Enfin 1889, le 11 f\u00e9vrier, la promulgation de la constitution Meiji reconnait de nombreuses libert\u00e9s aux sujets de l&#8217;Empereur parmi lesquelles est affirm\u00e9e la libert\u00e9 religieuse, permettant une nouvelle expansion du christianisme \u00e0 travers tout l&#8217;archipel.<\/p>\n<p>Pour autant, bien des difficult\u00e9s restaient encore \u00e0 surmonter&#8230;<\/p>\n","protected":false},"excerpt":{"rendered":"<p>L&#8217;histoire de la pr\u00e9sence chr\u00e9tienne au Japon offre, au cours des premiers si\u00e8cles de son existence, une dimension \u00e0 deux visages retra\u00e7ant tant\u00f4t des \u00e9v\u00e8nements les plus exaltants t\u00e9moignant d&#8217;une expansion rapide du christianisme, dans un accroissement consensuel, aux effets b\u00e9n\u00e9fiques, favoris\u00e9 par la conversion de da.myo (gouverneurs), de samoura\u00efs et tant\u00f4t une s\u00e9rie de [&hellip;]<\/p>\n","protected":false},"featured_media":41069,"template":"","meta":[],"product_cat":[2948,2952],"product_tag":[],"acf":[],"yoast_head":"<!-- This site is optimized with the Yoast SEO plugin v20.11 - https:\/\/yoast.com\/wordpress\/plugins\/seo\/ -->\n<title>Des samoura\u00efs aux mangas : L&#039;\u00e9pop\u00e9e chr\u00e9tienne au Japon - Librairie 7L<\/title>\n<meta name=\"robots\" content=\"index, follow, max-snippet:-1, max-image-preview:large, max-video-preview:-1\" \/>\n<link rel=\"canonical\" href=\"https:\/\/librairie7l.com\/en\/produit\/des-samourais-aux-mangas-lepopee-chretienne-au-japon\/\" \/>\n<meta property=\"og:locale\" content=\"en_US\" \/>\n<meta property=\"og:type\" content=\"article\" \/>\n<meta property=\"og:title\" content=\"Des samoura\u00efs aux mangas : L&#039;\u00e9pop\u00e9e chr\u00e9tienne au Japon - Librairie 7L\" \/>\n<meta property=\"og:description\" content=\"L&#8217;histoire de la pr\u00e9sence chr\u00e9tienne au Japon offre, au cours des premiers si\u00e8cles de son existence, une dimension \u00e0 deux visages retra\u00e7ant tant\u00f4t des \u00e9v\u00e8nements les plus exaltants t\u00e9moignant d&#8217;une expansion rapide du christianisme, dans un accroissement consensuel, aux effets b\u00e9n\u00e9fiques, favoris\u00e9 par la conversion de da.myo (gouverneurs), de samoura\u00efs et tant\u00f4t une s\u00e9rie de [&hellip;]\" \/>\n<meta property=\"og:url\" content=\"https:\/\/librairie7l.com\/en\/produit\/des-samourais-aux-mangas-lepopee-chretienne-au-japon\/\" \/>\n<meta property=\"og:site_name\" content=\"Librairie 7L\" \/>\n<meta property=\"article:modified_time\" content=\"2026-04-22T19:06:50+00:00\" \/>\n<meta property=\"og:image\" content=\"https:\/\/librairie7l.com\/wp-content\/uploads\/2024\/03\/9782376801252_1_75.jpg\" \/>\n\t<meta property=\"og:image:width\" content=\"600\" \/>\n\t<meta property=\"og:image:height\" content=\"768\" \/>\n\t<meta property=\"og:image:type\" content=\"image\/jpeg\" \/>\n<meta name=\"twitter:card\" content=\"summary_large_image\" \/>\n<meta name=\"twitter:label1\" content=\"Est. reading time\" \/>\n\t<meta name=\"twitter:data1\" content=\"1 minute\" \/>\n<script type=\"application\/ld+json\" class=\"yoast-schema-graph\">{\"@context\":\"https:\/\/schema.org\",\"@graph\":[{\"@type\":\"WebPage\",\"@id\":\"https:\/\/librairie7l.com\/en\/produit\/des-samourais-aux-mangas-lepopee-chretienne-au-japon\/\",\"url\":\"https:\/\/librairie7l.com\/en\/produit\/des-samourais-aux-mangas-lepopee-chretienne-au-japon\/\",\"name\":\"Des samoura\u00efs aux mangas : L'\u00e9pop\u00e9e chr\u00e9tienne au Japon - Librairie 7L\",\"isPartOf\":{\"@id\":\"https:\/\/librairie7l.com\/en\/#website\"},\"datePublished\":\"2024-05-23T07:18:29+00:00\",\"dateModified\":\"2026-04-22T19:06:50+00:00\",\"breadcrumb\":{\"@id\":\"https:\/\/librairie7l.com\/en\/produit\/des-samourais-aux-mangas-lepopee-chretienne-au-japon\/#breadcrumb\"},\"inLanguage\":\"en-US\",\"potentialAction\":[{\"@type\":\"ReadAction\",\"target\":[\"https:\/\/librairie7l.com\/en\/produit\/des-samourais-aux-mangas-lepopee-chretienne-au-japon\/\"]}]},{\"@type\":\"BreadcrumbList\",\"@id\":\"https:\/\/librairie7l.com\/en\/produit\/des-samourais-aux-mangas-lepopee-chretienne-au-japon\/#breadcrumb\",\"itemListElement\":[{\"@type\":\"ListItem\",\"position\":1,\"name\":\"Accueil\",\"item\":\"https:\/\/librairie7l.com\/en\/\"},{\"@type\":\"ListItem\",\"position\":2,\"name\":\"Shop\",\"item\":\"https:\/\/librairie7l.com\/en\/shop\/\"},{\"@type\":\"ListItem\",\"position\":3,\"name\":\"DES SAMOURA\u00cfS AUX MANGAS : L&#8217;\u00c9POP\u00c9E CHR\u00c9TIENNE AU JAPON\"}]},{\"@type\":\"WebSite\",\"@id\":\"https:\/\/librairie7l.com\/en\/#website\",\"url\":\"https:\/\/librairie7l.com\/en\/\",\"name\":\"Librairie 7L\",\"description\":\"Librairie fond\u00e9e en 1999 par Karl Lagerfeld \u00e0 Paris\",\"publisher\":{\"@id\":\"https:\/\/librairie7l.com\/en\/#organization\"},\"potentialAction\":[{\"@type\":\"SearchAction\",\"target\":{\"@type\":\"EntryPoint\",\"urlTemplate\":\"https:\/\/librairie7l.com\/en\/?s={search_term_string}\"},\"query-input\":\"required name=search_term_string\"}],\"inLanguage\":\"en-US\"},{\"@type\":\"Organization\",\"@id\":\"https:\/\/librairie7l.com\/en\/#organization\",\"name\":\"Librairie 7L\",\"url\":\"https:\/\/librairie7l.com\/en\/\",\"logo\":{\"@type\":\"ImageObject\",\"inLanguage\":\"en-US\",\"@id\":\"https:\/\/librairie7l.com\/en\/#\/schema\/logo\/image\/\",\"url\":\"https:\/\/librairie7l.com\/wp-content\/uploads\/2022\/08\/logo-1.png\",\"contentUrl\":\"https:\/\/librairie7l.com\/wp-content\/uploads\/2022\/08\/logo-1.png\",\"width\":227,\"height\":301,\"caption\":\"Librairie 7L\"},\"image\":{\"@id\":\"https:\/\/librairie7l.com\/en\/#\/schema\/logo\/image\/\"}}]}<\/script>\n<!-- \/ Yoast SEO plugin. -->","yoast_head_json":{"title":"Des samoura\u00efs aux mangas : L'\u00e9pop\u00e9e chr\u00e9tienne au Japon - Librairie 7L","robots":{"index":"index","follow":"follow","max-snippet":"max-snippet:-1","max-image-preview":"max-image-preview:large","max-video-preview":"max-video-preview:-1"},"canonical":"https:\/\/librairie7l.com\/en\/produit\/des-samourais-aux-mangas-lepopee-chretienne-au-japon\/","og_locale":"en_US","og_type":"article","og_title":"Des samoura\u00efs aux mangas : L'\u00e9pop\u00e9e chr\u00e9tienne au Japon - Librairie 7L","og_description":"L&#8217;histoire de la pr\u00e9sence chr\u00e9tienne au Japon offre, au cours des premiers si\u00e8cles de son existence, une dimension \u00e0 deux visages retra\u00e7ant tant\u00f4t des \u00e9v\u00e8nements les plus exaltants t\u00e9moignant d&#8217;une expansion rapide du christianisme, dans un accroissement consensuel, aux effets b\u00e9n\u00e9fiques, favoris\u00e9 par la conversion de da.myo (gouverneurs), de samoura\u00efs et tant\u00f4t une s\u00e9rie de [&hellip;]","og_url":"https:\/\/librairie7l.com\/en\/produit\/des-samourais-aux-mangas-lepopee-chretienne-au-japon\/","og_site_name":"Librairie 7L","article_modified_time":"2026-04-22T19:06:50+00:00","og_image":[{"width":600,"height":768,"url":"https:\/\/librairie7l.com\/wp-content\/uploads\/2024\/03\/9782376801252_1_75.jpg","type":"image\/jpeg"}],"twitter_card":"summary_large_image","twitter_misc":{"Est. reading time":"1 minute"},"schema":{"@context":"https:\/\/schema.org","@graph":[{"@type":"WebPage","@id":"https:\/\/librairie7l.com\/en\/produit\/des-samourais-aux-mangas-lepopee-chretienne-au-japon\/","url":"https:\/\/librairie7l.com\/en\/produit\/des-samourais-aux-mangas-lepopee-chretienne-au-japon\/","name":"Des samoura\u00efs aux mangas : L'\u00e9pop\u00e9e chr\u00e9tienne au Japon - Librairie 7L","isPartOf":{"@id":"https:\/\/librairie7l.com\/en\/#website"},"datePublished":"2024-05-23T07:18:29+00:00","dateModified":"2026-04-22T19:06:50+00:00","breadcrumb":{"@id":"https:\/\/librairie7l.com\/en\/produit\/des-samourais-aux-mangas-lepopee-chretienne-au-japon\/#breadcrumb"},"inLanguage":"en-US","potentialAction":[{"@type":"ReadAction","target":["https:\/\/librairie7l.com\/en\/produit\/des-samourais-aux-mangas-lepopee-chretienne-au-japon\/"]}]},{"@type":"BreadcrumbList","@id":"https:\/\/librairie7l.com\/en\/produit\/des-samourais-aux-mangas-lepopee-chretienne-au-japon\/#breadcrumb","itemListElement":[{"@type":"ListItem","position":1,"name":"Accueil","item":"https:\/\/librairie7l.com\/en\/"},{"@type":"ListItem","position":2,"name":"Shop","item":"https:\/\/librairie7l.com\/en\/shop\/"},{"@type":"ListItem","position":3,"name":"DES SAMOURA\u00cfS AUX MANGAS : L&#8217;\u00c9POP\u00c9E CHR\u00c9TIENNE AU JAPON"}]},{"@type":"WebSite","@id":"https:\/\/librairie7l.com\/en\/#website","url":"https:\/\/librairie7l.com\/en\/","name":"Librairie 7L","description":"Librairie fond\u00e9e en 1999 par Karl Lagerfeld \u00e0 Paris","publisher":{"@id":"https:\/\/librairie7l.com\/en\/#organization"},"potentialAction":[{"@type":"SearchAction","target":{"@type":"EntryPoint","urlTemplate":"https:\/\/librairie7l.com\/en\/?s={search_term_string}"},"query-input":"required name=search_term_string"}],"inLanguage":"en-US"},{"@type":"Organization","@id":"https:\/\/librairie7l.com\/en\/#organization","name":"Librairie 7L","url":"https:\/\/librairie7l.com\/en\/","logo":{"@type":"ImageObject","inLanguage":"en-US","@id":"https:\/\/librairie7l.com\/en\/#\/schema\/logo\/image\/","url":"https:\/\/librairie7l.com\/wp-content\/uploads\/2022\/08\/logo-1.png","contentUrl":"https:\/\/librairie7l.com\/wp-content\/uploads\/2022\/08\/logo-1.png","width":227,"height":301,"caption":"Librairie 7L"},"image":{"@id":"https:\/\/librairie7l.com\/en\/#\/schema\/logo\/image\/"}}]}},"_links":{"self":[{"href":"https:\/\/librairie7l.com\/en\/wp-json\/wp\/v2\/product\/41071"}],"collection":[{"href":"https:\/\/librairie7l.com\/en\/wp-json\/wp\/v2\/product"}],"about":[{"href":"https:\/\/librairie7l.com\/en\/wp-json\/wp\/v2\/types\/product"}],"wp:featuredmedia":[{"embeddable":true,"href":"https:\/\/librairie7l.com\/en\/wp-json\/wp\/v2\/media\/41069"}],"wp:attachment":[{"href":"https:\/\/librairie7l.com\/en\/wp-json\/wp\/v2\/media?parent=41071"}],"wp:term":[{"taxonomy":"product_cat","embeddable":true,"href":"https:\/\/librairie7l.com\/en\/wp-json\/wp\/v2\/product_cat?post=41071"},{"taxonomy":"product_tag","embeddable":true,"href":"https:\/\/librairie7l.com\/en\/wp-json\/wp\/v2\/product_tag?post=41071"}],"curies":[{"name":"wp","href":"https:\/\/api.w.org\/{rel}","templated":true}]}}