{"id":41088,"date":"2024-06-25T14:15:27","date_gmt":"2024-06-25T12:15:27","guid":{"rendered":"https:\/\/librairie7l.com\/?post_type=product&#038;p=41088"},"modified":"2026-05-02T08:24:24","modified_gmt":"2026-05-02T06:24:24","slug":"belle-du-seigneur","status":"publish","type":"product","link":"https:\/\/librairie7l.com\/en\/produit\/belle-du-seigneur\/","title":{"rendered":"BELLE DU SEIGNEUR"},"content":{"rendered":"<p>\u00abSolennels parmi les couples sans amour, ils dansaient, d&#8217;eux seuls pr\u00e9occup\u00e9s, go\u00fbtaient l&#8217;un \u00e0 l&#8217;autre, soigneux, profonds, perdus. B\u00e9ate d&#8217;\u00eatre tenue et guid\u00e9e, elle ignorait le monde, \u00e9coutait le bonheur dans ses veines, parfois s&#8217;admirant dans les hautes glaces des murs, \u00e9l\u00e9gante, \u00e9mouvante, exceptionnelle, femme aim\u00e9e, parfois reculant la t\u00eate pour mieux le voir qui lui murmurait des merveilles point toujours comprises, car elle le regardait trop, mais toujours de toute son \u00e2me approuv\u00e9es, qui lui murmurait qu&#8217;ils \u00e9taient amoureux, et elle avait alors un impalpable rire trembl\u00e9, voil\u00e0, oui, c&#8217;\u00e9tait cela, amoureux, et il lui murmurait qu&#8217;il se mourait de baiser et b\u00e9nir les longs cils recourb\u00e9s, mais non pas ici, plus tard, lorsqu&#8217;ils seraient seuls, et alors elle murmurait qu&#8217;ils avaient toute la vie, et soudain elle avait peur de lui avoir d\u00e9plu, trop s\u00fbre d&#8217;elle, mais non, \u00f4 bonheur, il lui souriait et contre lui la gardait et murmurait que tous les soirs ils se verraient.\u00bb Ariane devant son seigneur, son ma\u00eetre, son aim\u00e9 Solal, tous deux entour\u00e9s d&#8217;une foule de comparses : ce roman n&#8217;est rien de moins que le chef-d&#8217;oeuvre de la litt\u00e9rature amoureuse de notre \u00e9poque.<\/p>\n","protected":false},"excerpt":{"rendered":"<p>\u00abSolennels parmi les couples sans amour, ils dansaient, d&#8217;eux seuls pr\u00e9occup\u00e9s, go\u00fbtaient l&#8217;un \u00e0 l&#8217;autre, soigneux, profonds, perdus. B\u00e9ate d&#8217;\u00eatre tenue et guid\u00e9e, elle ignorait le monde, \u00e9coutait le bonheur dans ses veines, parfois s&#8217;admirant dans les hautes glaces des murs, \u00e9l\u00e9gante, \u00e9mouvante, exceptionnelle, femme aim\u00e9e, parfois reculant la t\u00eate pour mieux le voir qui [&hellip;]<\/p>\n","protected":false},"featured_media":41086,"template":"","meta":[],"product_cat":[2948,2953],"product_tag":[],"acf":[],"yoast_head":"<!-- This site is optimized with the Yoast SEO plugin v20.11 - https:\/\/yoast.com\/wordpress\/plugins\/seo\/ -->\n<title>Belle du seigneur - Librairie 7L<\/title>\n<meta name=\"robots\" content=\"index, follow, max-snippet:-1, max-image-preview:large, max-video-preview:-1\" \/>\n<link rel=\"canonical\" href=\"https:\/\/librairie7l.com\/en\/produit\/belle-du-seigneur\/\" \/>\n<meta property=\"og:locale\" content=\"en_US\" \/>\n<meta property=\"og:type\" content=\"article\" \/>\n<meta property=\"og:title\" content=\"Belle du seigneur - Librairie 7L\" \/>\n<meta property=\"og:description\" content=\"\u00abSolennels parmi les couples sans amour, ils dansaient, d&#8217;eux seuls pr\u00e9occup\u00e9s, go\u00fbtaient l&#8217;un \u00e0 l&#8217;autre, soigneux, profonds, perdus. B\u00e9ate d&#8217;\u00eatre tenue et guid\u00e9e, elle ignorait le monde, \u00e9coutait le bonheur dans ses veines, parfois s&#8217;admirant dans les hautes glaces des murs, \u00e9l\u00e9gante, \u00e9mouvante, exceptionnelle, femme aim\u00e9e, parfois reculant la t\u00eate pour mieux le voir qui [&hellip;]\" \/>\n<meta property=\"og:url\" content=\"https:\/\/librairie7l.com\/en\/produit\/belle-du-seigneur\/\" \/>\n<meta property=\"og:site_name\" content=\"Librairie 7L\" \/>\n<meta property=\"article:modified_time\" content=\"2026-05-02T06:24:24+00:00\" \/>\n<meta property=\"og:image\" content=\"https:\/\/librairie7l.com\/wp-content\/uploads\/1998\/02\/9782070404025_1_75.jpg\" \/>\n\t<meta property=\"og:image:width\" content=\"600\" \/>\n\t<meta property=\"og:image:height\" content=\"988\" \/>\n\t<meta property=\"og:image:type\" content=\"image\/jpeg\" \/>\n<meta name=\"twitter:card\" content=\"summary_large_image\" \/>\n<meta name=\"twitter:label1\" content=\"Est. reading time\" \/>\n\t<meta name=\"twitter:data1\" content=\"1 minute\" \/>\n<script type=\"application\/ld+json\" class=\"yoast-schema-graph\">{\"@context\":\"https:\/\/schema.org\",\"@graph\":[{\"@type\":\"WebPage\",\"@id\":\"https:\/\/librairie7l.com\/en\/produit\/belle-du-seigneur\/\",\"url\":\"https:\/\/librairie7l.com\/en\/produit\/belle-du-seigneur\/\",\"name\":\"Belle du seigneur - Librairie 7L\",\"isPartOf\":{\"@id\":\"https:\/\/librairie7l.com\/en\/#website\"},\"datePublished\":\"2024-06-25T12:15:27+00:00\",\"dateModified\":\"2026-05-02T06:24:24+00:00\",\"breadcrumb\":{\"@id\":\"https:\/\/librairie7l.com\/en\/produit\/belle-du-seigneur\/#breadcrumb\"},\"inLanguage\":\"en-US\",\"potentialAction\":[{\"@type\":\"ReadAction\",\"target\":[\"https:\/\/librairie7l.com\/en\/produit\/belle-du-seigneur\/\"]}]},{\"@type\":\"BreadcrumbList\",\"@id\":\"https:\/\/librairie7l.com\/en\/produit\/belle-du-seigneur\/#breadcrumb\",\"itemListElement\":[{\"@type\":\"ListItem\",\"position\":1,\"name\":\"Accueil\",\"item\":\"https:\/\/librairie7l.com\/en\/\"},{\"@type\":\"ListItem\",\"position\":2,\"name\":\"Shop\",\"item\":\"https:\/\/librairie7l.com\/en\/shop\/\"},{\"@type\":\"ListItem\",\"position\":3,\"name\":\"BELLE DU SEIGNEUR\"}]},{\"@type\":\"WebSite\",\"@id\":\"https:\/\/librairie7l.com\/en\/#website\",\"url\":\"https:\/\/librairie7l.com\/en\/\",\"name\":\"Librairie 7L\",\"description\":\"Librairie fond\u00e9e en 1999 par Karl Lagerfeld \u00e0 Paris\",\"publisher\":{\"@id\":\"https:\/\/librairie7l.com\/en\/#organization\"},\"potentialAction\":[{\"@type\":\"SearchAction\",\"target\":{\"@type\":\"EntryPoint\",\"urlTemplate\":\"https:\/\/librairie7l.com\/en\/?s={search_term_string}\"},\"query-input\":\"required name=search_term_string\"}],\"inLanguage\":\"en-US\"},{\"@type\":\"Organization\",\"@id\":\"https:\/\/librairie7l.com\/en\/#organization\",\"name\":\"Librairie 7L\",\"url\":\"https:\/\/librairie7l.com\/en\/\",\"logo\":{\"@type\":\"ImageObject\",\"inLanguage\":\"en-US\",\"@id\":\"https:\/\/librairie7l.com\/en\/#\/schema\/logo\/image\/\",\"url\":\"https:\/\/librairie7l.com\/wp-content\/uploads\/2022\/08\/logo-1.png\",\"contentUrl\":\"https:\/\/librairie7l.com\/wp-content\/uploads\/2022\/08\/logo-1.png\",\"width\":227,\"height\":301,\"caption\":\"Librairie 7L\"},\"image\":{\"@id\":\"https:\/\/librairie7l.com\/en\/#\/schema\/logo\/image\/\"}}]}<\/script>\n<!-- \/ Yoast SEO plugin. -->","yoast_head_json":{"title":"Belle du seigneur - Librairie 7L","robots":{"index":"index","follow":"follow","max-snippet":"max-snippet:-1","max-image-preview":"max-image-preview:large","max-video-preview":"max-video-preview:-1"},"canonical":"https:\/\/librairie7l.com\/en\/produit\/belle-du-seigneur\/","og_locale":"en_US","og_type":"article","og_title":"Belle du seigneur - Librairie 7L","og_description":"\u00abSolennels parmi les couples sans amour, ils dansaient, d&#8217;eux seuls pr\u00e9occup\u00e9s, go\u00fbtaient l&#8217;un \u00e0 l&#8217;autre, soigneux, profonds, perdus. B\u00e9ate d&#8217;\u00eatre tenue et guid\u00e9e, elle ignorait le monde, \u00e9coutait le bonheur dans ses veines, parfois s&#8217;admirant dans les hautes glaces des murs, \u00e9l\u00e9gante, \u00e9mouvante, exceptionnelle, femme aim\u00e9e, parfois reculant la t\u00eate pour mieux le voir qui [&hellip;]","og_url":"https:\/\/librairie7l.com\/en\/produit\/belle-du-seigneur\/","og_site_name":"Librairie 7L","article_modified_time":"2026-05-02T06:24:24+00:00","og_image":[{"width":600,"height":988,"url":"https:\/\/librairie7l.com\/wp-content\/uploads\/1998\/02\/9782070404025_1_75.jpg","type":"image\/jpeg"}],"twitter_card":"summary_large_image","twitter_misc":{"Est. reading time":"1 minute"},"schema":{"@context":"https:\/\/schema.org","@graph":[{"@type":"WebPage","@id":"https:\/\/librairie7l.com\/en\/produit\/belle-du-seigneur\/","url":"https:\/\/librairie7l.com\/en\/produit\/belle-du-seigneur\/","name":"Belle du seigneur - Librairie 7L","isPartOf":{"@id":"https:\/\/librairie7l.com\/en\/#website"},"datePublished":"2024-06-25T12:15:27+00:00","dateModified":"2026-05-02T06:24:24+00:00","breadcrumb":{"@id":"https:\/\/librairie7l.com\/en\/produit\/belle-du-seigneur\/#breadcrumb"},"inLanguage":"en-US","potentialAction":[{"@type":"ReadAction","target":["https:\/\/librairie7l.com\/en\/produit\/belle-du-seigneur\/"]}]},{"@type":"BreadcrumbList","@id":"https:\/\/librairie7l.com\/en\/produit\/belle-du-seigneur\/#breadcrumb","itemListElement":[{"@type":"ListItem","position":1,"name":"Accueil","item":"https:\/\/librairie7l.com\/en\/"},{"@type":"ListItem","position":2,"name":"Shop","item":"https:\/\/librairie7l.com\/en\/shop\/"},{"@type":"ListItem","position":3,"name":"BELLE DU SEIGNEUR"}]},{"@type":"WebSite","@id":"https:\/\/librairie7l.com\/en\/#website","url":"https:\/\/librairie7l.com\/en\/","name":"Librairie 7L","description":"Librairie fond\u00e9e en 1999 par Karl Lagerfeld \u00e0 Paris","publisher":{"@id":"https:\/\/librairie7l.com\/en\/#organization"},"potentialAction":[{"@type":"SearchAction","target":{"@type":"EntryPoint","urlTemplate":"https:\/\/librairie7l.com\/en\/?s={search_term_string}"},"query-input":"required name=search_term_string"}],"inLanguage":"en-US"},{"@type":"Organization","@id":"https:\/\/librairie7l.com\/en\/#organization","name":"Librairie 7L","url":"https:\/\/librairie7l.com\/en\/","logo":{"@type":"ImageObject","inLanguage":"en-US","@id":"https:\/\/librairie7l.com\/en\/#\/schema\/logo\/image\/","url":"https:\/\/librairie7l.com\/wp-content\/uploads\/2022\/08\/logo-1.png","contentUrl":"https:\/\/librairie7l.com\/wp-content\/uploads\/2022\/08\/logo-1.png","width":227,"height":301,"caption":"Librairie 7L"},"image":{"@id":"https:\/\/librairie7l.com\/en\/#\/schema\/logo\/image\/"}}]}},"_links":{"self":[{"href":"https:\/\/librairie7l.com\/en\/wp-json\/wp\/v2\/product\/41088"}],"collection":[{"href":"https:\/\/librairie7l.com\/en\/wp-json\/wp\/v2\/product"}],"about":[{"href":"https:\/\/librairie7l.com\/en\/wp-json\/wp\/v2\/types\/product"}],"wp:featuredmedia":[{"embeddable":true,"href":"https:\/\/librairie7l.com\/en\/wp-json\/wp\/v2\/media\/41086"}],"wp:attachment":[{"href":"https:\/\/librairie7l.com\/en\/wp-json\/wp\/v2\/media?parent=41088"}],"wp:term":[{"taxonomy":"product_cat","embeddable":true,"href":"https:\/\/librairie7l.com\/en\/wp-json\/wp\/v2\/product_cat?post=41088"},{"taxonomy":"product_tag","embeddable":true,"href":"https:\/\/librairie7l.com\/en\/wp-json\/wp\/v2\/product_tag?post=41088"}],"curies":[{"name":"wp","href":"https:\/\/api.w.org\/{rel}","templated":true}]}}