{"id":41102,"date":"2024-06-25T20:06:13","date_gmt":"2024-06-25T18:06:13","guid":{"rendered":"https:\/\/librairie7l.com\/?post_type=product&#038;p=41102"},"modified":"2026-04-18T08:04:51","modified_gmt":"2026-04-18T06:04:51","slug":"images-malgre-tout","status":"publish","type":"product","link":"https:\/\/librairie7l.com\/en\/produit\/images-malgre-tout\/","title":{"rendered":"IMAGES MALGR\u00c9 TOUT"},"content":{"rendered":"<p>Voir une image, cela peut-il nous aider \u00e0 mieux savoir notre histoire ?<br \/>\n   En ao\u00fbt 1944, les membres du Sonderkommando d&#8217;Auschwitz-Birkenau r\u00e9ussirent \u00e0 photographier clandestinement le processus d&#8217;extermination au coeur duquel ils se trouvaient prisonniers. Quatre photographies nous restent de ce moment. On tente ici d&#8217;en retracer les p\u00e9rip\u00e9ties, d&#8217;en produire une ph\u00e9nom\u00e9nologie, d&#8217;en saisir la n\u00e9cessit\u00e9 hier comme aujourd&#8217;hui. Cette analyse suppose un questionnement des conditions dans lesquelles une source visuelle peut \u00eatre utilis\u00e9e par la discipline historique. Elle d\u00e9bouche, \u00e9galement, sur une critique philosophique de l&#8217;inimaginable dont cette histoire, la Shoah, se trouve souvent qualifi\u00e9e. On tente donc de mesurer la part d&#8217;imaginable que l&#8217;exp\u00e9rience des camps suscite malgr\u00e9 tout, afin de mieux comprendre la valeur, aussi n\u00e9cessaire que lacunaire, des images dans l&#8217;histoire. Il s&#8217;agit de comprendre ce que malgr\u00e9 tout veut dire en un tel contexte.<br \/>\n   Cette position ayant fait l&#8217;objet d&#8217;une pol\u00e9mique, on r\u00e9pond, dans une seconde partie, aux objections afin de prolonger et d&#8217;approfondir l&#8217;argument lui-m\u00eame. On pr\u00e9cise le double r\u00e9gime de l&#8217;image selon la valeur d&#8217;usage o\u00f9 on a choisi de la placer. On r\u00e9fute que l&#8217;image soit toute. On observe comment elle peut toucher au r\u00e9el malgr\u00e9 tout, et d\u00e9chirer ainsi les \u00e9crans du f\u00e9tichisme. On pose la question des images d&#8217;archives et de leur &#8220;lisibilit\u00e9&#8221;. On analyse la valeur de connaissance que prend le montage, notamment dans Shoah de Claude Lanzmann et Histoire(s) du cin\u00e9ma de Jean-Luc Godard. On distingue la ressemblance du semblant (comme fausset\u00e9) et de l&#8217;assimilation (comme identit\u00e9). On interroge la notion de &#8221; r\u00e9demption par l&#8217;image &#8221; chez Walter Benjamin et Siegfried Kracauer. On red\u00e9couvre avec Hannah Arendt la place de l&#8217;imagination dans la question \u00e9thique. Et l&#8217;on r\u00e9interpr\u00e8te notre malaise dans la culture sous l&#8217;angle de l&#8217;image \u00e0 l&#8217;\u00e9poque de l&#8217;imagination d\u00e9chir\u00e9e.<\/p>\n","protected":false},"excerpt":{"rendered":"<p>Voir une image, cela peut-il nous aider \u00e0 mieux savoir notre histoire ? En ao\u00fbt 1944, les membres du Sonderkommando d&#8217;Auschwitz-Birkenau r\u00e9ussirent \u00e0 photographier clandestinement le processus d&#8217;extermination au coeur duquel ils se trouvaient prisonniers. Quatre photographies nous restent de ce moment. On tente ici d&#8217;en retracer les p\u00e9rip\u00e9ties, d&#8217;en produire une ph\u00e9nom\u00e9nologie, d&#8217;en saisir [&hellip;]<\/p>\n","protected":false},"featured_media":41100,"template":"","meta":[],"product_cat":[2948,2953],"product_tag":[],"acf":[],"yoast_head":"<!-- This site is optimized with the Yoast SEO plugin v20.11 - https:\/\/yoast.com\/wordpress\/plugins\/seo\/ -->\n<title>Images malgr\u00e9 tout - Librairie 7L<\/title>\n<meta name=\"robots\" content=\"index, follow, max-snippet:-1, max-image-preview:large, max-video-preview:-1\" \/>\n<link rel=\"canonical\" href=\"https:\/\/librairie7l.com\/en\/produit\/images-malgre-tout\/\" \/>\n<meta property=\"og:locale\" content=\"en_US\" \/>\n<meta property=\"og:type\" content=\"article\" \/>\n<meta property=\"og:title\" content=\"Images malgr\u00e9 tout - Librairie 7L\" \/>\n<meta property=\"og:description\" content=\"Voir une image, cela peut-il nous aider \u00e0 mieux savoir notre histoire ? En ao\u00fbt 1944, les membres du Sonderkommando d&#8217;Auschwitz-Birkenau r\u00e9ussirent \u00e0 photographier clandestinement le processus d&#8217;extermination au coeur duquel ils se trouvaient prisonniers. Quatre photographies nous restent de ce moment. On tente ici d&#8217;en retracer les p\u00e9rip\u00e9ties, d&#8217;en produire une ph\u00e9nom\u00e9nologie, d&#8217;en saisir [&hellip;]\" \/>\n<meta property=\"og:url\" content=\"https:\/\/librairie7l.com\/en\/produit\/images-malgre-tout\/\" \/>\n<meta property=\"og:site_name\" content=\"Librairie 7L\" \/>\n<meta property=\"article:modified_time\" content=\"2026-04-18T06:04:51+00:00\" \/>\n<meta property=\"og:image\" content=\"https:\/\/librairie7l.com\/wp-content\/uploads\/2003\/09\/9782707318589_1_75.jpg\" \/>\n\t<meta property=\"og:image:width\" content=\"368\" \/>\n\t<meta property=\"og:image:height\" content=\"615\" \/>\n\t<meta property=\"og:image:type\" content=\"image\/jpeg\" \/>\n<meta name=\"twitter:card\" content=\"summary_large_image\" \/>\n<meta name=\"twitter:label1\" content=\"Est. reading time\" \/>\n\t<meta name=\"twitter:data1\" content=\"2 minutes\" \/>\n<script type=\"application\/ld+json\" class=\"yoast-schema-graph\">{\"@context\":\"https:\/\/schema.org\",\"@graph\":[{\"@type\":\"WebPage\",\"@id\":\"https:\/\/librairie7l.com\/en\/produit\/images-malgre-tout\/\",\"url\":\"https:\/\/librairie7l.com\/en\/produit\/images-malgre-tout\/\",\"name\":\"Images malgr\u00e9 tout - Librairie 7L\",\"isPartOf\":{\"@id\":\"https:\/\/librairie7l.com\/en\/#website\"},\"datePublished\":\"2024-06-25T18:06:13+00:00\",\"dateModified\":\"2026-04-18T06:04:51+00:00\",\"breadcrumb\":{\"@id\":\"https:\/\/librairie7l.com\/en\/produit\/images-malgre-tout\/#breadcrumb\"},\"inLanguage\":\"en-US\",\"potentialAction\":[{\"@type\":\"ReadAction\",\"target\":[\"https:\/\/librairie7l.com\/en\/produit\/images-malgre-tout\/\"]}]},{\"@type\":\"BreadcrumbList\",\"@id\":\"https:\/\/librairie7l.com\/en\/produit\/images-malgre-tout\/#breadcrumb\",\"itemListElement\":[{\"@type\":\"ListItem\",\"position\":1,\"name\":\"Accueil\",\"item\":\"https:\/\/librairie7l.com\/en\/\"},{\"@type\":\"ListItem\",\"position\":2,\"name\":\"Shop\",\"item\":\"https:\/\/librairie7l.com\/en\/shop\/\"},{\"@type\":\"ListItem\",\"position\":3,\"name\":\"IMAGES MALGR\u00c9 TOUT\"}]},{\"@type\":\"WebSite\",\"@id\":\"https:\/\/librairie7l.com\/en\/#website\",\"url\":\"https:\/\/librairie7l.com\/en\/\",\"name\":\"Librairie 7L\",\"description\":\"Librairie fond\u00e9e en 1999 par Karl Lagerfeld \u00e0 Paris\",\"publisher\":{\"@id\":\"https:\/\/librairie7l.com\/en\/#organization\"},\"potentialAction\":[{\"@type\":\"SearchAction\",\"target\":{\"@type\":\"EntryPoint\",\"urlTemplate\":\"https:\/\/librairie7l.com\/en\/?s={search_term_string}\"},\"query-input\":\"required name=search_term_string\"}],\"inLanguage\":\"en-US\"},{\"@type\":\"Organization\",\"@id\":\"https:\/\/librairie7l.com\/en\/#organization\",\"name\":\"Librairie 7L\",\"url\":\"https:\/\/librairie7l.com\/en\/\",\"logo\":{\"@type\":\"ImageObject\",\"inLanguage\":\"en-US\",\"@id\":\"https:\/\/librairie7l.com\/en\/#\/schema\/logo\/image\/\",\"url\":\"https:\/\/librairie7l.com\/wp-content\/uploads\/2022\/08\/logo-1.png\",\"contentUrl\":\"https:\/\/librairie7l.com\/wp-content\/uploads\/2022\/08\/logo-1.png\",\"width\":227,\"height\":301,\"caption\":\"Librairie 7L\"},\"image\":{\"@id\":\"https:\/\/librairie7l.com\/en\/#\/schema\/logo\/image\/\"}}]}<\/script>\n<!-- \/ Yoast SEO plugin. -->","yoast_head_json":{"title":"Images malgr\u00e9 tout - Librairie 7L","robots":{"index":"index","follow":"follow","max-snippet":"max-snippet:-1","max-image-preview":"max-image-preview:large","max-video-preview":"max-video-preview:-1"},"canonical":"https:\/\/librairie7l.com\/en\/produit\/images-malgre-tout\/","og_locale":"en_US","og_type":"article","og_title":"Images malgr\u00e9 tout - Librairie 7L","og_description":"Voir une image, cela peut-il nous aider \u00e0 mieux savoir notre histoire ? En ao\u00fbt 1944, les membres du Sonderkommando d&#8217;Auschwitz-Birkenau r\u00e9ussirent \u00e0 photographier clandestinement le processus d&#8217;extermination au coeur duquel ils se trouvaient prisonniers. Quatre photographies nous restent de ce moment. On tente ici d&#8217;en retracer les p\u00e9rip\u00e9ties, d&#8217;en produire une ph\u00e9nom\u00e9nologie, d&#8217;en saisir [&hellip;]","og_url":"https:\/\/librairie7l.com\/en\/produit\/images-malgre-tout\/","og_site_name":"Librairie 7L","article_modified_time":"2026-04-18T06:04:51+00:00","og_image":[{"width":368,"height":615,"url":"https:\/\/librairie7l.com\/wp-content\/uploads\/2003\/09\/9782707318589_1_75.jpg","type":"image\/jpeg"}],"twitter_card":"summary_large_image","twitter_misc":{"Est. reading time":"2 minutes"},"schema":{"@context":"https:\/\/schema.org","@graph":[{"@type":"WebPage","@id":"https:\/\/librairie7l.com\/en\/produit\/images-malgre-tout\/","url":"https:\/\/librairie7l.com\/en\/produit\/images-malgre-tout\/","name":"Images malgr\u00e9 tout - Librairie 7L","isPartOf":{"@id":"https:\/\/librairie7l.com\/en\/#website"},"datePublished":"2024-06-25T18:06:13+00:00","dateModified":"2026-04-18T06:04:51+00:00","breadcrumb":{"@id":"https:\/\/librairie7l.com\/en\/produit\/images-malgre-tout\/#breadcrumb"},"inLanguage":"en-US","potentialAction":[{"@type":"ReadAction","target":["https:\/\/librairie7l.com\/en\/produit\/images-malgre-tout\/"]}]},{"@type":"BreadcrumbList","@id":"https:\/\/librairie7l.com\/en\/produit\/images-malgre-tout\/#breadcrumb","itemListElement":[{"@type":"ListItem","position":1,"name":"Accueil","item":"https:\/\/librairie7l.com\/en\/"},{"@type":"ListItem","position":2,"name":"Shop","item":"https:\/\/librairie7l.com\/en\/shop\/"},{"@type":"ListItem","position":3,"name":"IMAGES MALGR\u00c9 TOUT"}]},{"@type":"WebSite","@id":"https:\/\/librairie7l.com\/en\/#website","url":"https:\/\/librairie7l.com\/en\/","name":"Librairie 7L","description":"Librairie fond\u00e9e en 1999 par Karl Lagerfeld \u00e0 Paris","publisher":{"@id":"https:\/\/librairie7l.com\/en\/#organization"},"potentialAction":[{"@type":"SearchAction","target":{"@type":"EntryPoint","urlTemplate":"https:\/\/librairie7l.com\/en\/?s={search_term_string}"},"query-input":"required name=search_term_string"}],"inLanguage":"en-US"},{"@type":"Organization","@id":"https:\/\/librairie7l.com\/en\/#organization","name":"Librairie 7L","url":"https:\/\/librairie7l.com\/en\/","logo":{"@type":"ImageObject","inLanguage":"en-US","@id":"https:\/\/librairie7l.com\/en\/#\/schema\/logo\/image\/","url":"https:\/\/librairie7l.com\/wp-content\/uploads\/2022\/08\/logo-1.png","contentUrl":"https:\/\/librairie7l.com\/wp-content\/uploads\/2022\/08\/logo-1.png","width":227,"height":301,"caption":"Librairie 7L"},"image":{"@id":"https:\/\/librairie7l.com\/en\/#\/schema\/logo\/image\/"}}]}},"_links":{"self":[{"href":"https:\/\/librairie7l.com\/en\/wp-json\/wp\/v2\/product\/41102"}],"collection":[{"href":"https:\/\/librairie7l.com\/en\/wp-json\/wp\/v2\/product"}],"about":[{"href":"https:\/\/librairie7l.com\/en\/wp-json\/wp\/v2\/types\/product"}],"wp:featuredmedia":[{"embeddable":true,"href":"https:\/\/librairie7l.com\/en\/wp-json\/wp\/v2\/media\/41100"}],"wp:attachment":[{"href":"https:\/\/librairie7l.com\/en\/wp-json\/wp\/v2\/media?parent=41102"}],"wp:term":[{"taxonomy":"product_cat","embeddable":true,"href":"https:\/\/librairie7l.com\/en\/wp-json\/wp\/v2\/product_cat?post=41102"},{"taxonomy":"product_tag","embeddable":true,"href":"https:\/\/librairie7l.com\/en\/wp-json\/wp\/v2\/product_tag?post=41102"}],"curies":[{"name":"wp","href":"https:\/\/api.w.org\/{rel}","templated":true}]}}