{"id":41106,"date":"2024-06-25T20:06:17","date_gmt":"2024-06-25T18:06:17","guid":{"rendered":"https:\/\/librairie7l.com\/?post_type=product&#038;p=41106"},"modified":"2026-04-12T04:05:49","modified_gmt":"2026-04-12T02:05:49","slug":"style-artiste-et-societe","status":"publish","type":"product","link":"https:\/\/librairie7l.com\/en\/produit\/style-artiste-et-societe\/","title":{"rendered":"STYLE, ARTISTE ET SOCI\u00c9T\u00c9"},"content":{"rendered":"<p>Freud a-t-il bien fait d&#8217;interpr\u00e9ter comme on sait le \u00absouvenir\u00bb de L\u00e9onard ? Heidegger a-t-il lu comme il faut le message myst\u00e9rieux de Van Gogh peignant des chaussures ? Fromentin a-t-il \u00e9t\u00e9 porteur de modernit\u00e9 ou frapp\u00e9 de timidit\u00e9 artistique ? De quoi parle le retable de M\u00e9rode ? Que signifient les pommes chez C\u00e9zanne, et comment ce grand constructeur a-t-il r\u00eav\u00e9 ? Le peuple n&#8217;a-t-il pas parl\u00e9 \u00e0 Courbet par son imagerie de pr\u00e9dilection ? Pourquoi, comment l&#8217;Am\u00e9rique a-t-elle d\u00e9couvert l&#8217;art moderne europ\u00e9en ? Et qu&#8217;est-ce au fond qu&#8217;un style ?<\/p>\n","protected":false},"excerpt":{"rendered":"<p>Freud a-t-il bien fait d&#8217;interpr\u00e9ter comme on sait le \u00absouvenir\u00bb de L\u00e9onard ? Heidegger a-t-il lu comme il faut le message myst\u00e9rieux de Van Gogh peignant des chaussures ? Fromentin a-t-il \u00e9t\u00e9 porteur de modernit\u00e9 ou frapp\u00e9 de timidit\u00e9 artistique ? De quoi parle le retable de M\u00e9rode ? Que signifient les pommes chez C\u00e9zanne, [&hellip;]<\/p>\n","protected":false},"featured_media":41104,"template":"","meta":[],"product_cat":[2948,2953],"product_tag":[],"acf":[],"yoast_head":"<!-- This site is optimized with the Yoast SEO plugin v20.11 - https:\/\/yoast.com\/wordpress\/plugins\/seo\/ -->\n<title>Style, artiste et soci\u00e9t\u00e9 - Librairie 7L<\/title>\n<meta name=\"robots\" content=\"index, follow, max-snippet:-1, max-image-preview:large, max-video-preview:-1\" \/>\n<link rel=\"canonical\" href=\"https:\/\/librairie7l.com\/en\/produit\/style-artiste-et-societe\/\" \/>\n<meta property=\"og:locale\" content=\"en_US\" \/>\n<meta property=\"og:type\" content=\"article\" \/>\n<meta property=\"og:title\" content=\"Style, artiste et soci\u00e9t\u00e9 - Librairie 7L\" \/>\n<meta property=\"og:description\" content=\"Freud a-t-il bien fait d&#8217;interpr\u00e9ter comme on sait le \u00absouvenir\u00bb de L\u00e9onard ? Heidegger a-t-il lu comme il faut le message myst\u00e9rieux de Van Gogh peignant des chaussures ? Fromentin a-t-il \u00e9t\u00e9 porteur de modernit\u00e9 ou frapp\u00e9 de timidit\u00e9 artistique ? De quoi parle le retable de M\u00e9rode ? Que signifient les pommes chez C\u00e9zanne, [&hellip;]\" \/>\n<meta property=\"og:url\" content=\"https:\/\/librairie7l.com\/en\/produit\/style-artiste-et-societe\/\" \/>\n<meta property=\"og:site_name\" content=\"Librairie 7L\" \/>\n<meta property=\"article:modified_time\" content=\"2026-04-12T02:05:49+00:00\" \/>\n<meta property=\"og:image\" content=\"https:\/\/librairie7l.com\/wp-content\/uploads\/1998\/02\/9782070718191_1_75.jpg\" \/>\n\t<meta property=\"og:image:width\" content=\"600\" \/>\n\t<meta property=\"og:image:height\" content=\"940\" \/>\n\t<meta property=\"og:image:type\" content=\"image\/jpeg\" \/>\n<meta name=\"twitter:card\" content=\"summary_large_image\" \/>\n<script type=\"application\/ld+json\" class=\"yoast-schema-graph\">{\"@context\":\"https:\/\/schema.org\",\"@graph\":[{\"@type\":\"WebPage\",\"@id\":\"https:\/\/librairie7l.com\/en\/produit\/style-artiste-et-societe\/\",\"url\":\"https:\/\/librairie7l.com\/en\/produit\/style-artiste-et-societe\/\",\"name\":\"Style, artiste et soci\u00e9t\u00e9 - Librairie 7L\",\"isPartOf\":{\"@id\":\"https:\/\/librairie7l.com\/en\/#website\"},\"datePublished\":\"2024-06-25T18:06:17+00:00\",\"dateModified\":\"2026-04-12T02:05:49+00:00\",\"breadcrumb\":{\"@id\":\"https:\/\/librairie7l.com\/en\/produit\/style-artiste-et-societe\/#breadcrumb\"},\"inLanguage\":\"en-US\",\"potentialAction\":[{\"@type\":\"ReadAction\",\"target\":[\"https:\/\/librairie7l.com\/en\/produit\/style-artiste-et-societe\/\"]}]},{\"@type\":\"BreadcrumbList\",\"@id\":\"https:\/\/librairie7l.com\/en\/produit\/style-artiste-et-societe\/#breadcrumb\",\"itemListElement\":[{\"@type\":\"ListItem\",\"position\":1,\"name\":\"Accueil\",\"item\":\"https:\/\/librairie7l.com\/en\/\"},{\"@type\":\"ListItem\",\"position\":2,\"name\":\"Shop\",\"item\":\"https:\/\/librairie7l.com\/en\/shop\/\"},{\"@type\":\"ListItem\",\"position\":3,\"name\":\"STYLE, ARTISTE ET SOCI\u00c9T\u00c9\"}]},{\"@type\":\"WebSite\",\"@id\":\"https:\/\/librairie7l.com\/en\/#website\",\"url\":\"https:\/\/librairie7l.com\/en\/\",\"name\":\"Librairie 7L\",\"description\":\"Librairie fond\u00e9e en 1999 par Karl Lagerfeld \u00e0 Paris\",\"publisher\":{\"@id\":\"https:\/\/librairie7l.com\/en\/#organization\"},\"potentialAction\":[{\"@type\":\"SearchAction\",\"target\":{\"@type\":\"EntryPoint\",\"urlTemplate\":\"https:\/\/librairie7l.com\/en\/?s={search_term_string}\"},\"query-input\":\"required name=search_term_string\"}],\"inLanguage\":\"en-US\"},{\"@type\":\"Organization\",\"@id\":\"https:\/\/librairie7l.com\/en\/#organization\",\"name\":\"Librairie 7L\",\"url\":\"https:\/\/librairie7l.com\/en\/\",\"logo\":{\"@type\":\"ImageObject\",\"inLanguage\":\"en-US\",\"@id\":\"https:\/\/librairie7l.com\/en\/#\/schema\/logo\/image\/\",\"url\":\"https:\/\/librairie7l.com\/wp-content\/uploads\/2022\/08\/logo-1.png\",\"contentUrl\":\"https:\/\/librairie7l.com\/wp-content\/uploads\/2022\/08\/logo-1.png\",\"width\":227,\"height\":301,\"caption\":\"Librairie 7L\"},\"image\":{\"@id\":\"https:\/\/librairie7l.com\/en\/#\/schema\/logo\/image\/\"}}]}<\/script>\n<!-- \/ Yoast SEO plugin. -->","yoast_head_json":{"title":"Style, artiste et soci\u00e9t\u00e9 - Librairie 7L","robots":{"index":"index","follow":"follow","max-snippet":"max-snippet:-1","max-image-preview":"max-image-preview:large","max-video-preview":"max-video-preview:-1"},"canonical":"https:\/\/librairie7l.com\/en\/produit\/style-artiste-et-societe\/","og_locale":"en_US","og_type":"article","og_title":"Style, artiste et soci\u00e9t\u00e9 - Librairie 7L","og_description":"Freud a-t-il bien fait d&#8217;interpr\u00e9ter comme on sait le \u00absouvenir\u00bb de L\u00e9onard ? Heidegger a-t-il lu comme il faut le message myst\u00e9rieux de Van Gogh peignant des chaussures ? Fromentin a-t-il \u00e9t\u00e9 porteur de modernit\u00e9 ou frapp\u00e9 de timidit\u00e9 artistique ? De quoi parle le retable de M\u00e9rode ? Que signifient les pommes chez C\u00e9zanne, [&hellip;]","og_url":"https:\/\/librairie7l.com\/en\/produit\/style-artiste-et-societe\/","og_site_name":"Librairie 7L","article_modified_time":"2026-04-12T02:05:49+00:00","og_image":[{"width":600,"height":940,"url":"https:\/\/librairie7l.com\/wp-content\/uploads\/1998\/02\/9782070718191_1_75.jpg","type":"image\/jpeg"}],"twitter_card":"summary_large_image","schema":{"@context":"https:\/\/schema.org","@graph":[{"@type":"WebPage","@id":"https:\/\/librairie7l.com\/en\/produit\/style-artiste-et-societe\/","url":"https:\/\/librairie7l.com\/en\/produit\/style-artiste-et-societe\/","name":"Style, artiste et soci\u00e9t\u00e9 - Librairie 7L","isPartOf":{"@id":"https:\/\/librairie7l.com\/en\/#website"},"datePublished":"2024-06-25T18:06:17+00:00","dateModified":"2026-04-12T02:05:49+00:00","breadcrumb":{"@id":"https:\/\/librairie7l.com\/en\/produit\/style-artiste-et-societe\/#breadcrumb"},"inLanguage":"en-US","potentialAction":[{"@type":"ReadAction","target":["https:\/\/librairie7l.com\/en\/produit\/style-artiste-et-societe\/"]}]},{"@type":"BreadcrumbList","@id":"https:\/\/librairie7l.com\/en\/produit\/style-artiste-et-societe\/#breadcrumb","itemListElement":[{"@type":"ListItem","position":1,"name":"Accueil","item":"https:\/\/librairie7l.com\/en\/"},{"@type":"ListItem","position":2,"name":"Shop","item":"https:\/\/librairie7l.com\/en\/shop\/"},{"@type":"ListItem","position":3,"name":"STYLE, ARTISTE ET SOCI\u00c9T\u00c9"}]},{"@type":"WebSite","@id":"https:\/\/librairie7l.com\/en\/#website","url":"https:\/\/librairie7l.com\/en\/","name":"Librairie 7L","description":"Librairie fond\u00e9e en 1999 par Karl Lagerfeld \u00e0 Paris","publisher":{"@id":"https:\/\/librairie7l.com\/en\/#organization"},"potentialAction":[{"@type":"SearchAction","target":{"@type":"EntryPoint","urlTemplate":"https:\/\/librairie7l.com\/en\/?s={search_term_string}"},"query-input":"required name=search_term_string"}],"inLanguage":"en-US"},{"@type":"Organization","@id":"https:\/\/librairie7l.com\/en\/#organization","name":"Librairie 7L","url":"https:\/\/librairie7l.com\/en\/","logo":{"@type":"ImageObject","inLanguage":"en-US","@id":"https:\/\/librairie7l.com\/en\/#\/schema\/logo\/image\/","url":"https:\/\/librairie7l.com\/wp-content\/uploads\/2022\/08\/logo-1.png","contentUrl":"https:\/\/librairie7l.com\/wp-content\/uploads\/2022\/08\/logo-1.png","width":227,"height":301,"caption":"Librairie 7L"},"image":{"@id":"https:\/\/librairie7l.com\/en\/#\/schema\/logo\/image\/"}}]}},"_links":{"self":[{"href":"https:\/\/librairie7l.com\/en\/wp-json\/wp\/v2\/product\/41106"}],"collection":[{"href":"https:\/\/librairie7l.com\/en\/wp-json\/wp\/v2\/product"}],"about":[{"href":"https:\/\/librairie7l.com\/en\/wp-json\/wp\/v2\/types\/product"}],"wp:featuredmedia":[{"embeddable":true,"href":"https:\/\/librairie7l.com\/en\/wp-json\/wp\/v2\/media\/41104"}],"wp:attachment":[{"href":"https:\/\/librairie7l.com\/en\/wp-json\/wp\/v2\/media?parent=41106"}],"wp:term":[{"taxonomy":"product_cat","embeddable":true,"href":"https:\/\/librairie7l.com\/en\/wp-json\/wp\/v2\/product_cat?post=41106"},{"taxonomy":"product_tag","embeddable":true,"href":"https:\/\/librairie7l.com\/en\/wp-json\/wp\/v2\/product_tag?post=41106"}],"curies":[{"name":"wp","href":"https:\/\/api.w.org\/{rel}","templated":true}]}}