{"id":41118,"date":"2024-05-25T09:17:57","date_gmt":"2024-05-25T07:17:57","guid":{"rendered":"https:\/\/librairie7l.com\/?post_type=product&#038;p=41118"},"modified":"2026-04-12T20:26:49","modified_gmt":"2026-04-12T18:26:49","slug":"bande-dessinee-1964-2024-catalogue-de-lexposition","status":"publish","type":"product","link":"https:\/\/librairie7l.com\/en\/produit\/bande-dessinee-1964-2024-catalogue-de-lexposition\/","title":{"rendered":"BANDE DESSIN\u00c9E 1964-2024 : CATALOGUE DE L&#8217;EXPOSITION"},"content":{"rendered":"<p>V\u00e9ritable travers\u00e9e de l&#8217;histoire moderne et contemporaine de la BD, l&#8217;exposition \u00ab Bande dessin\u00e9e (1964-2024) \u00bb, pr\u00e9sent\u00e9e au niveau 6, met en dialogue pour la premi\u00e8re fois en France ses trois principaux foyers d&#8217;expression : la cr\u00e9ation europ\u00e9enne, les mangas asiatiques et les comics am\u00e9ricains. En douze th\u00e9matiques et par un jeu d&#8217;\u00e9chos inattendus entre les auteurs, elle convoque les imaginaires de la bande dessin\u00e9e, les \u00e9motions qu&#8217;elle suscite, ainsi que la diversit\u00e9 des techniques employ\u00e9es. L&#8217;aventure, le r\u00eave, le rire, la science-fiction, l&#8217;architecture ou encore le r\u00e9cit intime sont autant de th\u00e9matiques explor\u00e9es. Parmi la centaine de personnalit\u00e9s incontournables rassembl\u00e9es, une attention particuli\u00e8re est accord\u00e9e aux femmes. Le catalogue s&#8217;attache \u00e0 reproduire des planches originales, des dessins de couverture, des carnets, ainsi que des \u00e9l\u00e9ments de documentation, mettant en valeur la beaut\u00e9 du trait et la vari\u00e9t\u00e9 des techniques employ\u00e9es, au plus pr\u00e8s du processus cr\u00e9atif. L&#8217;ensemble des textes est pens\u00e9 pour offrir une approche accessible et ambitieuse sur un sujet aussi vaste et passionnant que le 9e art. Parmi eux, on peut noter notamment un entretien de Joe Sacco avec le critique Paul Gravett, ainsi qu&#8217;un essai de Tristan Garcia : \u00ab Bande dessin\u00e9e et litt\u00e9rature : des sisters arts \u00bb. <\/p>\n","protected":false},"excerpt":{"rendered":"<p>V\u00e9ritable travers\u00e9e de l&#8217;histoire moderne et contemporaine de la BD, l&#8217;exposition \u00ab Bande dessin\u00e9e (1964-2024) \u00bb, pr\u00e9sent\u00e9e au niveau 6, met en dialogue pour la premi\u00e8re fois en France ses trois principaux foyers d&#8217;expression : la cr\u00e9ation europ\u00e9enne, les mangas asiatiques et les comics am\u00e9ricains. En douze th\u00e9matiques et par un jeu d&#8217;\u00e9chos inattendus entre [&hellip;]<\/p>\n","protected":false},"featured_media":41116,"template":"","meta":[],"product_cat":[2948,2953],"product_tag":[],"acf":[],"yoast_head":"<!-- This site is optimized with the Yoast SEO plugin v20.11 - https:\/\/yoast.com\/wordpress\/plugins\/seo\/ -->\n<title>Bande dessin\u00e9e 1964-2024 : Catalogue de l&#039;exposition - Librairie 7L<\/title>\n<meta name=\"robots\" content=\"index, follow, max-snippet:-1, max-image-preview:large, max-video-preview:-1\" \/>\n<link rel=\"canonical\" href=\"https:\/\/librairie7l.com\/en\/produit\/bande-dessinee-1964-2024-catalogue-de-lexposition\/\" \/>\n<meta property=\"og:locale\" content=\"en_US\" \/>\n<meta property=\"og:type\" content=\"article\" \/>\n<meta property=\"og:title\" content=\"Bande dessin\u00e9e 1964-2024 : Catalogue de l&#039;exposition - Librairie 7L\" \/>\n<meta property=\"og:description\" content=\"V\u00e9ritable travers\u00e9e de l&#8217;histoire moderne et contemporaine de la BD, l&#8217;exposition \u00ab Bande dessin\u00e9e (1964-2024) \u00bb, pr\u00e9sent\u00e9e au niveau 6, met en dialogue pour la premi\u00e8re fois en France ses trois principaux foyers d&#8217;expression : la cr\u00e9ation europ\u00e9enne, les mangas asiatiques et les comics am\u00e9ricains. En douze th\u00e9matiques et par un jeu d&#8217;\u00e9chos inattendus entre [&hellip;]\" \/>\n<meta property=\"og:url\" content=\"https:\/\/librairie7l.com\/en\/produit\/bande-dessinee-1964-2024-catalogue-de-lexposition\/\" \/>\n<meta property=\"og:site_name\" content=\"Librairie 7L\" \/>\n<meta property=\"article:modified_time\" content=\"2026-04-12T18:26:49+00:00\" \/>\n<meta property=\"og:image\" content=\"https:\/\/librairie7l.com\/wp-content\/uploads\/2024\/01\/9782844269829_1_75.jpg\" \/>\n\t<meta property=\"og:image:width\" content=\"600\" \/>\n\t<meta property=\"og:image:height\" content=\"744\" \/>\n\t<meta property=\"og:image:type\" content=\"image\/jpeg\" \/>\n<meta name=\"twitter:card\" content=\"summary_large_image\" \/>\n<meta name=\"twitter:label1\" content=\"Est. reading time\" \/>\n\t<meta name=\"twitter:data1\" content=\"1 minute\" \/>\n<script type=\"application\/ld+json\" class=\"yoast-schema-graph\">{\"@context\":\"https:\/\/schema.org\",\"@graph\":[{\"@type\":\"WebPage\",\"@id\":\"https:\/\/librairie7l.com\/en\/produit\/bande-dessinee-1964-2024-catalogue-de-lexposition\/\",\"url\":\"https:\/\/librairie7l.com\/en\/produit\/bande-dessinee-1964-2024-catalogue-de-lexposition\/\",\"name\":\"Bande dessin\u00e9e 1964-2024 : Catalogue de l'exposition - Librairie 7L\",\"isPartOf\":{\"@id\":\"https:\/\/librairie7l.com\/en\/#website\"},\"datePublished\":\"2024-05-25T07:17:57+00:00\",\"dateModified\":\"2026-04-12T18:26:49+00:00\",\"breadcrumb\":{\"@id\":\"https:\/\/librairie7l.com\/en\/produit\/bande-dessinee-1964-2024-catalogue-de-lexposition\/#breadcrumb\"},\"inLanguage\":\"en-US\",\"potentialAction\":[{\"@type\":\"ReadAction\",\"target\":[\"https:\/\/librairie7l.com\/en\/produit\/bande-dessinee-1964-2024-catalogue-de-lexposition\/\"]}]},{\"@type\":\"BreadcrumbList\",\"@id\":\"https:\/\/librairie7l.com\/en\/produit\/bande-dessinee-1964-2024-catalogue-de-lexposition\/#breadcrumb\",\"itemListElement\":[{\"@type\":\"ListItem\",\"position\":1,\"name\":\"Accueil\",\"item\":\"https:\/\/librairie7l.com\/en\/\"},{\"@type\":\"ListItem\",\"position\":2,\"name\":\"Shop\",\"item\":\"https:\/\/librairie7l.com\/en\/shop\/\"},{\"@type\":\"ListItem\",\"position\":3,\"name\":\"BANDE DESSIN\u00c9E 1964-2024 : CATALOGUE DE L&#8217;EXPOSITION\"}]},{\"@type\":\"WebSite\",\"@id\":\"https:\/\/librairie7l.com\/en\/#website\",\"url\":\"https:\/\/librairie7l.com\/en\/\",\"name\":\"Librairie 7L\",\"description\":\"Librairie fond\u00e9e en 1999 par Karl Lagerfeld \u00e0 Paris\",\"publisher\":{\"@id\":\"https:\/\/librairie7l.com\/en\/#organization\"},\"potentialAction\":[{\"@type\":\"SearchAction\",\"target\":{\"@type\":\"EntryPoint\",\"urlTemplate\":\"https:\/\/librairie7l.com\/en\/?s={search_term_string}\"},\"query-input\":\"required name=search_term_string\"}],\"inLanguage\":\"en-US\"},{\"@type\":\"Organization\",\"@id\":\"https:\/\/librairie7l.com\/en\/#organization\",\"name\":\"Librairie 7L\",\"url\":\"https:\/\/librairie7l.com\/en\/\",\"logo\":{\"@type\":\"ImageObject\",\"inLanguage\":\"en-US\",\"@id\":\"https:\/\/librairie7l.com\/en\/#\/schema\/logo\/image\/\",\"url\":\"https:\/\/librairie7l.com\/wp-content\/uploads\/2022\/08\/logo-1.png\",\"contentUrl\":\"https:\/\/librairie7l.com\/wp-content\/uploads\/2022\/08\/logo-1.png\",\"width\":227,\"height\":301,\"caption\":\"Librairie 7L\"},\"image\":{\"@id\":\"https:\/\/librairie7l.com\/en\/#\/schema\/logo\/image\/\"}}]}<\/script>\n<!-- \/ Yoast SEO plugin. -->","yoast_head_json":{"title":"Bande dessin\u00e9e 1964-2024 : Catalogue de l'exposition - Librairie 7L","robots":{"index":"index","follow":"follow","max-snippet":"max-snippet:-1","max-image-preview":"max-image-preview:large","max-video-preview":"max-video-preview:-1"},"canonical":"https:\/\/librairie7l.com\/en\/produit\/bande-dessinee-1964-2024-catalogue-de-lexposition\/","og_locale":"en_US","og_type":"article","og_title":"Bande dessin\u00e9e 1964-2024 : Catalogue de l'exposition - Librairie 7L","og_description":"V\u00e9ritable travers\u00e9e de l&#8217;histoire moderne et contemporaine de la BD, l&#8217;exposition \u00ab Bande dessin\u00e9e (1964-2024) \u00bb, pr\u00e9sent\u00e9e au niveau 6, met en dialogue pour la premi\u00e8re fois en France ses trois principaux foyers d&#8217;expression : la cr\u00e9ation europ\u00e9enne, les mangas asiatiques et les comics am\u00e9ricains. En douze th\u00e9matiques et par un jeu d&#8217;\u00e9chos inattendus entre [&hellip;]","og_url":"https:\/\/librairie7l.com\/en\/produit\/bande-dessinee-1964-2024-catalogue-de-lexposition\/","og_site_name":"Librairie 7L","article_modified_time":"2026-04-12T18:26:49+00:00","og_image":[{"width":600,"height":744,"url":"https:\/\/librairie7l.com\/wp-content\/uploads\/2024\/01\/9782844269829_1_75.jpg","type":"image\/jpeg"}],"twitter_card":"summary_large_image","twitter_misc":{"Est. reading time":"1 minute"},"schema":{"@context":"https:\/\/schema.org","@graph":[{"@type":"WebPage","@id":"https:\/\/librairie7l.com\/en\/produit\/bande-dessinee-1964-2024-catalogue-de-lexposition\/","url":"https:\/\/librairie7l.com\/en\/produit\/bande-dessinee-1964-2024-catalogue-de-lexposition\/","name":"Bande dessin\u00e9e 1964-2024 : Catalogue de l'exposition - Librairie 7L","isPartOf":{"@id":"https:\/\/librairie7l.com\/en\/#website"},"datePublished":"2024-05-25T07:17:57+00:00","dateModified":"2026-04-12T18:26:49+00:00","breadcrumb":{"@id":"https:\/\/librairie7l.com\/en\/produit\/bande-dessinee-1964-2024-catalogue-de-lexposition\/#breadcrumb"},"inLanguage":"en-US","potentialAction":[{"@type":"ReadAction","target":["https:\/\/librairie7l.com\/en\/produit\/bande-dessinee-1964-2024-catalogue-de-lexposition\/"]}]},{"@type":"BreadcrumbList","@id":"https:\/\/librairie7l.com\/en\/produit\/bande-dessinee-1964-2024-catalogue-de-lexposition\/#breadcrumb","itemListElement":[{"@type":"ListItem","position":1,"name":"Accueil","item":"https:\/\/librairie7l.com\/en\/"},{"@type":"ListItem","position":2,"name":"Shop","item":"https:\/\/librairie7l.com\/en\/shop\/"},{"@type":"ListItem","position":3,"name":"BANDE DESSIN\u00c9E 1964-2024 : CATALOGUE DE L&#8217;EXPOSITION"}]},{"@type":"WebSite","@id":"https:\/\/librairie7l.com\/en\/#website","url":"https:\/\/librairie7l.com\/en\/","name":"Librairie 7L","description":"Librairie fond\u00e9e en 1999 par Karl Lagerfeld \u00e0 Paris","publisher":{"@id":"https:\/\/librairie7l.com\/en\/#organization"},"potentialAction":[{"@type":"SearchAction","target":{"@type":"EntryPoint","urlTemplate":"https:\/\/librairie7l.com\/en\/?s={search_term_string}"},"query-input":"required name=search_term_string"}],"inLanguage":"en-US"},{"@type":"Organization","@id":"https:\/\/librairie7l.com\/en\/#organization","name":"Librairie 7L","url":"https:\/\/librairie7l.com\/en\/","logo":{"@type":"ImageObject","inLanguage":"en-US","@id":"https:\/\/librairie7l.com\/en\/#\/schema\/logo\/image\/","url":"https:\/\/librairie7l.com\/wp-content\/uploads\/2022\/08\/logo-1.png","contentUrl":"https:\/\/librairie7l.com\/wp-content\/uploads\/2022\/08\/logo-1.png","width":227,"height":301,"caption":"Librairie 7L"},"image":{"@id":"https:\/\/librairie7l.com\/en\/#\/schema\/logo\/image\/"}}]}},"_links":{"self":[{"href":"https:\/\/librairie7l.com\/en\/wp-json\/wp\/v2\/product\/41118"}],"collection":[{"href":"https:\/\/librairie7l.com\/en\/wp-json\/wp\/v2\/product"}],"about":[{"href":"https:\/\/librairie7l.com\/en\/wp-json\/wp\/v2\/types\/product"}],"wp:featuredmedia":[{"embeddable":true,"href":"https:\/\/librairie7l.com\/en\/wp-json\/wp\/v2\/media\/41116"}],"wp:attachment":[{"href":"https:\/\/librairie7l.com\/en\/wp-json\/wp\/v2\/media?parent=41118"}],"wp:term":[{"taxonomy":"product_cat","embeddable":true,"href":"https:\/\/librairie7l.com\/en\/wp-json\/wp\/v2\/product_cat?post=41118"},{"taxonomy":"product_tag","embeddable":true,"href":"https:\/\/librairie7l.com\/en\/wp-json\/wp\/v2\/product_tag?post=41118"}],"curies":[{"name":"wp","href":"https:\/\/api.w.org\/{rel}","templated":true}]}}