{"id":41155,"date":"2024-05-29T09:18:06","date_gmt":"2024-05-29T07:18:06","guid":{"rendered":"https:\/\/librairie7l.com\/?post_type=product&#038;p=41155"},"modified":"2026-04-30T19:28:30","modified_gmt":"2026-04-30T17:28:30","slug":"entre-les-lignes","status":"publish","type":"product","link":"https:\/\/librairie7l.com\/en\/produit\/entre-les-lignes\/","title":{"rendered":"ENTRE LES LIGNES"},"content":{"rendered":"<p>Art et litt\u00e9rature ont tiss\u00e9 dans notre pays un lien ind\u00e9fectible dont la m\u00e9moire, entretenue comme une l\u00e9gende, constitue un pan fondamental de notre h\u00e9ritage. Branche singuli\u00e8re de la litt\u00e9rature inaugur\u00e9e par Diderot, la critique d&#8217;art confi\u00e9e aux litt\u00e9rateurs-po\u00e8tes fut la sc\u00e8ne privil\u00e9gi\u00e9e de ce compagnonnage qui a produit certains des plus beaux textes \u00e9crits depuis deux si\u00e8cles, de Zola \u00e0 Huysmans, de Malraux \u00e0 Beauvoir, Baudelaire en point culminant. \u00c0 rebours de toute nostalgie, Entre les lignes entend d\u00e9voiler la porosit\u00e9 entre litt\u00e9rature actuelle et art contemporain, parfois ignor\u00e9e des m\u00e9dias et de l&#8217;opinion.<br \/>\nCinq auteurs ont accept\u00e9 notre invitation et propos\u00e9 des projets auxquels nous n&#8217;aurions jamais song\u00e9. Daniel Rondeau raconte l&#8217;amiti\u00e9 qui unit l&#8217;\u00e9crivain et l&#8217;artiste, \u00e0 travers la figure d&#8217;Eduardo Arroyo. Maryline Desbiolles d\u00e9voile sa connaissance intime de l&#8217;atelier, celui de Bernard Pag\u00e8s. Christine Angot et Patrick Bouchain ont cr\u00e9\u00e9 une oeuvre en commun. Jakuta Alikavazovic livre une r\u00e9flexion sur l&#8217;ambigu\u00eft\u00e9 du temps traversant les pratiques. Jean-Baptiste Del Amo, enfin, a choisi des oeuvres qui dialoguent avec son travail d&#8217;\u00e9criture sur un th\u00e8me sp\u00e9cifique, celui de la morgue.<\/p>\n<p>La mati\u00e8re est si vaste que nous n&#8217;avons pu que l&#8217;effleurer : chaque porte ouvre sur un monde. Reste une conviction qui est au coeur de notre exposition et de cet ouvrage. La litt\u00e9rature et l&#8217;art ont certes une histoire commune, mais davantage encore un destin partag\u00e9 \u00e0 inventer.<\/p>\n","protected":false},"excerpt":{"rendered":"<p>Art et litt\u00e9rature ont tiss\u00e9 dans notre pays un lien ind\u00e9fectible dont la m\u00e9moire, entretenue comme une l\u00e9gende, constitue un pan fondamental de notre h\u00e9ritage. Branche singuli\u00e8re de la litt\u00e9rature inaugur\u00e9e par Diderot, la critique d&#8217;art confi\u00e9e aux litt\u00e9rateurs-po\u00e8tes fut la sc\u00e8ne privil\u00e9gi\u00e9e de ce compagnonnage qui a produit certains des plus beaux textes \u00e9crits [&hellip;]<\/p>\n","protected":false},"featured_media":41153,"template":"","meta":[],"product_cat":[55,2948,47,2953],"product_tag":[],"acf":[],"yoast_head":"<!-- This site is optimized with the Yoast SEO plugin v20.11 - https:\/\/yoast.com\/wordpress\/plugins\/seo\/ -->\n<title>Entre les lignes - Librairie 7L<\/title>\n<meta name=\"robots\" content=\"index, follow, max-snippet:-1, max-image-preview:large, max-video-preview:-1\" \/>\n<link rel=\"canonical\" href=\"https:\/\/librairie7l.com\/en\/produit\/entre-les-lignes\/\" \/>\n<meta property=\"og:locale\" content=\"en_US\" \/>\n<meta property=\"og:type\" content=\"article\" \/>\n<meta property=\"og:title\" content=\"Entre les lignes - Librairie 7L\" \/>\n<meta property=\"og:description\" content=\"Art et litt\u00e9rature ont tiss\u00e9 dans notre pays un lien ind\u00e9fectible dont la m\u00e9moire, entretenue comme une l\u00e9gende, constitue un pan fondamental de notre h\u00e9ritage. Branche singuli\u00e8re de la litt\u00e9rature inaugur\u00e9e par Diderot, la critique d&#8217;art confi\u00e9e aux litt\u00e9rateurs-po\u00e8tes fut la sc\u00e8ne privil\u00e9gi\u00e9e de ce compagnonnage qui a produit certains des plus beaux textes \u00e9crits [&hellip;]\" \/>\n<meta property=\"og:url\" content=\"https:\/\/librairie7l.com\/en\/produit\/entre-les-lignes\/\" \/>\n<meta property=\"og:site_name\" content=\"Librairie 7L\" \/>\n<meta property=\"article:modified_time\" content=\"2026-04-30T17:28:30+00:00\" \/>\n<meta property=\"og:image\" content=\"https:\/\/librairie7l.com\/wp-content\/uploads\/2023\/12\/9788836656974_1_75.jpg\" \/>\n\t<meta property=\"og:image:width\" content=\"600\" \/>\n\t<meta property=\"og:image:height\" content=\"808\" \/>\n\t<meta property=\"og:image:type\" content=\"image\/jpeg\" \/>\n<meta name=\"twitter:card\" content=\"summary_large_image\" \/>\n<meta name=\"twitter:label1\" content=\"Est. reading time\" \/>\n\t<meta name=\"twitter:data1\" content=\"1 minute\" \/>\n<script type=\"application\/ld+json\" class=\"yoast-schema-graph\">{\"@context\":\"https:\/\/schema.org\",\"@graph\":[{\"@type\":\"WebPage\",\"@id\":\"https:\/\/librairie7l.com\/en\/produit\/entre-les-lignes\/\",\"url\":\"https:\/\/librairie7l.com\/en\/produit\/entre-les-lignes\/\",\"name\":\"Entre les lignes - Librairie 7L\",\"isPartOf\":{\"@id\":\"https:\/\/librairie7l.com\/en\/#website\"},\"datePublished\":\"2024-05-29T07:18:06+00:00\",\"dateModified\":\"2026-04-30T17:28:30+00:00\",\"breadcrumb\":{\"@id\":\"https:\/\/librairie7l.com\/en\/produit\/entre-les-lignes\/#breadcrumb\"},\"inLanguage\":\"en-US\",\"potentialAction\":[{\"@type\":\"ReadAction\",\"target\":[\"https:\/\/librairie7l.com\/en\/produit\/entre-les-lignes\/\"]}]},{\"@type\":\"BreadcrumbList\",\"@id\":\"https:\/\/librairie7l.com\/en\/produit\/entre-les-lignes\/#breadcrumb\",\"itemListElement\":[{\"@type\":\"ListItem\",\"position\":1,\"name\":\"Accueil\",\"item\":\"https:\/\/librairie7l.com\/en\/\"},{\"@type\":\"ListItem\",\"position\":2,\"name\":\"Shop\",\"item\":\"https:\/\/librairie7l.com\/en\/shop\/\"},{\"@type\":\"ListItem\",\"position\":3,\"name\":\"ENTRE LES LIGNES\"}]},{\"@type\":\"WebSite\",\"@id\":\"https:\/\/librairie7l.com\/en\/#website\",\"url\":\"https:\/\/librairie7l.com\/en\/\",\"name\":\"Librairie 7L\",\"description\":\"Librairie fond\u00e9e en 1999 par Karl Lagerfeld \u00e0 Paris\",\"publisher\":{\"@id\":\"https:\/\/librairie7l.com\/en\/#organization\"},\"potentialAction\":[{\"@type\":\"SearchAction\",\"target\":{\"@type\":\"EntryPoint\",\"urlTemplate\":\"https:\/\/librairie7l.com\/en\/?s={search_term_string}\"},\"query-input\":\"required name=search_term_string\"}],\"inLanguage\":\"en-US\"},{\"@type\":\"Organization\",\"@id\":\"https:\/\/librairie7l.com\/en\/#organization\",\"name\":\"Librairie 7L\",\"url\":\"https:\/\/librairie7l.com\/en\/\",\"logo\":{\"@type\":\"ImageObject\",\"inLanguage\":\"en-US\",\"@id\":\"https:\/\/librairie7l.com\/en\/#\/schema\/logo\/image\/\",\"url\":\"https:\/\/librairie7l.com\/wp-content\/uploads\/2022\/08\/logo-1.png\",\"contentUrl\":\"https:\/\/librairie7l.com\/wp-content\/uploads\/2022\/08\/logo-1.png\",\"width\":227,\"height\":301,\"caption\":\"Librairie 7L\"},\"image\":{\"@id\":\"https:\/\/librairie7l.com\/en\/#\/schema\/logo\/image\/\"}}]}<\/script>\n<!-- \/ Yoast SEO plugin. -->","yoast_head_json":{"title":"Entre les lignes - Librairie 7L","robots":{"index":"index","follow":"follow","max-snippet":"max-snippet:-1","max-image-preview":"max-image-preview:large","max-video-preview":"max-video-preview:-1"},"canonical":"https:\/\/librairie7l.com\/en\/produit\/entre-les-lignes\/","og_locale":"en_US","og_type":"article","og_title":"Entre les lignes - Librairie 7L","og_description":"Art et litt\u00e9rature ont tiss\u00e9 dans notre pays un lien ind\u00e9fectible dont la m\u00e9moire, entretenue comme une l\u00e9gende, constitue un pan fondamental de notre h\u00e9ritage. Branche singuli\u00e8re de la litt\u00e9rature inaugur\u00e9e par Diderot, la critique d&#8217;art confi\u00e9e aux litt\u00e9rateurs-po\u00e8tes fut la sc\u00e8ne privil\u00e9gi\u00e9e de ce compagnonnage qui a produit certains des plus beaux textes \u00e9crits [&hellip;]","og_url":"https:\/\/librairie7l.com\/en\/produit\/entre-les-lignes\/","og_site_name":"Librairie 7L","article_modified_time":"2026-04-30T17:28:30+00:00","og_image":[{"width":600,"height":808,"url":"https:\/\/librairie7l.com\/wp-content\/uploads\/2023\/12\/9788836656974_1_75.jpg","type":"image\/jpeg"}],"twitter_card":"summary_large_image","twitter_misc":{"Est. reading time":"1 minute"},"schema":{"@context":"https:\/\/schema.org","@graph":[{"@type":"WebPage","@id":"https:\/\/librairie7l.com\/en\/produit\/entre-les-lignes\/","url":"https:\/\/librairie7l.com\/en\/produit\/entre-les-lignes\/","name":"Entre les lignes - Librairie 7L","isPartOf":{"@id":"https:\/\/librairie7l.com\/en\/#website"},"datePublished":"2024-05-29T07:18:06+00:00","dateModified":"2026-04-30T17:28:30+00:00","breadcrumb":{"@id":"https:\/\/librairie7l.com\/en\/produit\/entre-les-lignes\/#breadcrumb"},"inLanguage":"en-US","potentialAction":[{"@type":"ReadAction","target":["https:\/\/librairie7l.com\/en\/produit\/entre-les-lignes\/"]}]},{"@type":"BreadcrumbList","@id":"https:\/\/librairie7l.com\/en\/produit\/entre-les-lignes\/#breadcrumb","itemListElement":[{"@type":"ListItem","position":1,"name":"Accueil","item":"https:\/\/librairie7l.com\/en\/"},{"@type":"ListItem","position":2,"name":"Shop","item":"https:\/\/librairie7l.com\/en\/shop\/"},{"@type":"ListItem","position":3,"name":"ENTRE LES LIGNES"}]},{"@type":"WebSite","@id":"https:\/\/librairie7l.com\/en\/#website","url":"https:\/\/librairie7l.com\/en\/","name":"Librairie 7L","description":"Librairie fond\u00e9e en 1999 par Karl Lagerfeld \u00e0 Paris","publisher":{"@id":"https:\/\/librairie7l.com\/en\/#organization"},"potentialAction":[{"@type":"SearchAction","target":{"@type":"EntryPoint","urlTemplate":"https:\/\/librairie7l.com\/en\/?s={search_term_string}"},"query-input":"required name=search_term_string"}],"inLanguage":"en-US"},{"@type":"Organization","@id":"https:\/\/librairie7l.com\/en\/#organization","name":"Librairie 7L","url":"https:\/\/librairie7l.com\/en\/","logo":{"@type":"ImageObject","inLanguage":"en-US","@id":"https:\/\/librairie7l.com\/en\/#\/schema\/logo\/image\/","url":"https:\/\/librairie7l.com\/wp-content\/uploads\/2022\/08\/logo-1.png","contentUrl":"https:\/\/librairie7l.com\/wp-content\/uploads\/2022\/08\/logo-1.png","width":227,"height":301,"caption":"Librairie 7L"},"image":{"@id":"https:\/\/librairie7l.com\/en\/#\/schema\/logo\/image\/"}}]}},"_links":{"self":[{"href":"https:\/\/librairie7l.com\/en\/wp-json\/wp\/v2\/product\/41155"}],"collection":[{"href":"https:\/\/librairie7l.com\/en\/wp-json\/wp\/v2\/product"}],"about":[{"href":"https:\/\/librairie7l.com\/en\/wp-json\/wp\/v2\/types\/product"}],"wp:featuredmedia":[{"embeddable":true,"href":"https:\/\/librairie7l.com\/en\/wp-json\/wp\/v2\/media\/41153"}],"wp:attachment":[{"href":"https:\/\/librairie7l.com\/en\/wp-json\/wp\/v2\/media?parent=41155"}],"wp:term":[{"taxonomy":"product_cat","embeddable":true,"href":"https:\/\/librairie7l.com\/en\/wp-json\/wp\/v2\/product_cat?post=41155"},{"taxonomy":"product_tag","embeddable":true,"href":"https:\/\/librairie7l.com\/en\/wp-json\/wp\/v2\/product_tag?post=41155"}],"curies":[{"name":"wp","href":"https:\/\/api.w.org\/{rel}","templated":true}]}}