{"id":41159,"date":"2024-05-29T09:18:10","date_gmt":"2024-05-29T07:18:10","guid":{"rendered":"https:\/\/librairie7l.com\/?post_type=product&#038;p=41159"},"modified":"2026-04-09T18:57:01","modified_gmt":"2026-04-09T16:57:01","slug":"equarrisseur-chemins-de-lionel-sabatte","status":"publish","type":"product","link":"https:\/\/librairie7l.com\/en\/produit\/equarrisseur-chemins-de-lionel-sabatte\/","title":{"rendered":"\u00c9QUARRISSEUR : CHEMINS DE LIONEL SABATT\u00c9"},"content":{"rendered":"<p>Ce livre se pr\u00e9sente comme un libre parcours dans l&#8217;oeuvre de Lionel Sabatt\u00e9, \u00e0 travers des sections qui forment autant de r\u00e9flexions, d&#8217;analyses, d&#8217;\u00e9chos, de langage \u00e0 certaines des pratiques ou des oeuvres embl\u00e9matiques de l&#8217;artiste. On croisera ainsi des passages \u00e9voquant la poussi\u00e8re, les oxydations, les portraits singuliers, mais \u00e9galement de br\u00e8ves descriptions de la pratique en atelier, des analyses empruntant \u00e9videmment \u00e0 l&#8217;histoire de l&#8217;art, mais \u00e9galement \u00e0 la philosophie, \u00e0 l&#8217;anthropologie ou \u00e0 la litt\u00e9rature. Certaines sections seront exclusivement centr\u00e9es sur une oeuvre majeure, comme le Tissu, l&#8217;installation de 100 portraits de poussi\u00e8re ou encore une Chrysalide ou une poussi\u00e8rographie.  \u00c0 un pas de c\u00f4t\u00e9 sur la question de la valeur, mise en question par Sabatt\u00e9, r\u00e9pondront des r\u00eaveries sur le tapis volant, la taxidermie ou les volcans&#8230; On plongera ici dans la mati\u00e8re pour s&#8217;\u00e9lever ailleurs dans la cosmologie , on pourra r\u00e9fl\u00e9chir \u00e0 la notion de d\u00e9chet pour rebondir ensuite sur le post humanisme&#8230; Un itin\u00e9raire \u00e0 sauts et \u00e0 gambades, comme disait Montaigne, rassemblant nombre de questions brass\u00e9es par notre temps, que r\u00e9fl\u00e9chit, \u00e0 tous les sens du terme, la pratique joyeuse, puissante et incisive d&#8217;un des artistes les plus importants de sa g\u00e9n\u00e9ration.<\/p>\n","protected":false},"excerpt":{"rendered":"<p>Ce livre se pr\u00e9sente comme un libre parcours dans l&#8217;oeuvre de Lionel Sabatt\u00e9, \u00e0 travers des sections qui forment autant de r\u00e9flexions, d&#8217;analyses, d&#8217;\u00e9chos, de langage \u00e0 certaines des pratiques ou des oeuvres embl\u00e9matiques de l&#8217;artiste. On croisera ainsi des passages \u00e9voquant la poussi\u00e8re, les oxydations, les portraits singuliers, mais \u00e9galement de br\u00e8ves descriptions de [&hellip;]<\/p>\n","protected":false},"featured_media":41157,"template":"","meta":[],"product_cat":[2948,2953],"product_tag":[],"acf":[],"yoast_head":"<!-- This site is optimized with the Yoast SEO plugin v20.11 - https:\/\/yoast.com\/wordpress\/plugins\/seo\/ -->\n<title>\u00c9quarrisseur : Chemins de Lionel Sabatt\u00e9 - Librairie 7L<\/title>\n<meta name=\"robots\" content=\"index, follow, max-snippet:-1, max-image-preview:large, max-video-preview:-1\" \/>\n<link rel=\"canonical\" href=\"https:\/\/librairie7l.com\/en\/produit\/equarrisseur-chemins-de-lionel-sabatte\/\" \/>\n<meta property=\"og:locale\" content=\"en_US\" \/>\n<meta property=\"og:type\" content=\"article\" \/>\n<meta property=\"og:title\" content=\"\u00c9quarrisseur : Chemins de Lionel Sabatt\u00e9 - Librairie 7L\" \/>\n<meta property=\"og:description\" content=\"Ce livre se pr\u00e9sente comme un libre parcours dans l&#8217;oeuvre de Lionel Sabatt\u00e9, \u00e0 travers des sections qui forment autant de r\u00e9flexions, d&#8217;analyses, d&#8217;\u00e9chos, de langage \u00e0 certaines des pratiques ou des oeuvres embl\u00e9matiques de l&#8217;artiste. On croisera ainsi des passages \u00e9voquant la poussi\u00e8re, les oxydations, les portraits singuliers, mais \u00e9galement de br\u00e8ves descriptions de [&hellip;]\" \/>\n<meta property=\"og:url\" content=\"https:\/\/librairie7l.com\/en\/produit\/equarrisseur-chemins-de-lionel-sabatte\/\" \/>\n<meta property=\"og:site_name\" content=\"Librairie 7L\" \/>\n<meta property=\"article:modified_time\" content=\"2026-04-09T16:57:01+00:00\" \/>\n<meta property=\"og:image\" content=\"https:\/\/librairie7l.com\/wp-content\/uploads\/2023\/12\/9782363063472_1_75.jpg\" \/>\n\t<meta property=\"og:image:width\" content=\"600\" \/>\n\t<meta property=\"og:image:height\" content=\"840\" \/>\n\t<meta property=\"og:image:type\" content=\"image\/jpeg\" \/>\n<meta name=\"twitter:card\" content=\"summary_large_image\" \/>\n<meta name=\"twitter:label1\" content=\"Est. reading time\" \/>\n\t<meta name=\"twitter:data1\" content=\"1 minute\" \/>\n<script type=\"application\/ld+json\" class=\"yoast-schema-graph\">{\"@context\":\"https:\/\/schema.org\",\"@graph\":[{\"@type\":\"WebPage\",\"@id\":\"https:\/\/librairie7l.com\/en\/produit\/equarrisseur-chemins-de-lionel-sabatte\/\",\"url\":\"https:\/\/librairie7l.com\/en\/produit\/equarrisseur-chemins-de-lionel-sabatte\/\",\"name\":\"\u00c9quarrisseur : Chemins de Lionel Sabatt\u00e9 - Librairie 7L\",\"isPartOf\":{\"@id\":\"https:\/\/librairie7l.com\/en\/#website\"},\"datePublished\":\"2024-05-29T07:18:10+00:00\",\"dateModified\":\"2026-04-09T16:57:01+00:00\",\"breadcrumb\":{\"@id\":\"https:\/\/librairie7l.com\/en\/produit\/equarrisseur-chemins-de-lionel-sabatte\/#breadcrumb\"},\"inLanguage\":\"en-US\",\"potentialAction\":[{\"@type\":\"ReadAction\",\"target\":[\"https:\/\/librairie7l.com\/en\/produit\/equarrisseur-chemins-de-lionel-sabatte\/\"]}]},{\"@type\":\"BreadcrumbList\",\"@id\":\"https:\/\/librairie7l.com\/en\/produit\/equarrisseur-chemins-de-lionel-sabatte\/#breadcrumb\",\"itemListElement\":[{\"@type\":\"ListItem\",\"position\":1,\"name\":\"Accueil\",\"item\":\"https:\/\/librairie7l.com\/en\/\"},{\"@type\":\"ListItem\",\"position\":2,\"name\":\"Shop\",\"item\":\"https:\/\/librairie7l.com\/en\/shop\/\"},{\"@type\":\"ListItem\",\"position\":3,\"name\":\"\u00c9QUARRISSEUR : CHEMINS DE LIONEL SABATT\u00c9\"}]},{\"@type\":\"WebSite\",\"@id\":\"https:\/\/librairie7l.com\/en\/#website\",\"url\":\"https:\/\/librairie7l.com\/en\/\",\"name\":\"Librairie 7L\",\"description\":\"Librairie fond\u00e9e en 1999 par Karl Lagerfeld \u00e0 Paris\",\"publisher\":{\"@id\":\"https:\/\/librairie7l.com\/en\/#organization\"},\"potentialAction\":[{\"@type\":\"SearchAction\",\"target\":{\"@type\":\"EntryPoint\",\"urlTemplate\":\"https:\/\/librairie7l.com\/en\/?s={search_term_string}\"},\"query-input\":\"required name=search_term_string\"}],\"inLanguage\":\"en-US\"},{\"@type\":\"Organization\",\"@id\":\"https:\/\/librairie7l.com\/en\/#organization\",\"name\":\"Librairie 7L\",\"url\":\"https:\/\/librairie7l.com\/en\/\",\"logo\":{\"@type\":\"ImageObject\",\"inLanguage\":\"en-US\",\"@id\":\"https:\/\/librairie7l.com\/en\/#\/schema\/logo\/image\/\",\"url\":\"https:\/\/librairie7l.com\/wp-content\/uploads\/2022\/08\/logo-1.png\",\"contentUrl\":\"https:\/\/librairie7l.com\/wp-content\/uploads\/2022\/08\/logo-1.png\",\"width\":227,\"height\":301,\"caption\":\"Librairie 7L\"},\"image\":{\"@id\":\"https:\/\/librairie7l.com\/en\/#\/schema\/logo\/image\/\"}}]}<\/script>\n<!-- \/ Yoast SEO plugin. -->","yoast_head_json":{"title":"\u00c9quarrisseur : Chemins de Lionel Sabatt\u00e9 - Librairie 7L","robots":{"index":"index","follow":"follow","max-snippet":"max-snippet:-1","max-image-preview":"max-image-preview:large","max-video-preview":"max-video-preview:-1"},"canonical":"https:\/\/librairie7l.com\/en\/produit\/equarrisseur-chemins-de-lionel-sabatte\/","og_locale":"en_US","og_type":"article","og_title":"\u00c9quarrisseur : Chemins de Lionel Sabatt\u00e9 - Librairie 7L","og_description":"Ce livre se pr\u00e9sente comme un libre parcours dans l&#8217;oeuvre de Lionel Sabatt\u00e9, \u00e0 travers des sections qui forment autant de r\u00e9flexions, d&#8217;analyses, d&#8217;\u00e9chos, de langage \u00e0 certaines des pratiques ou des oeuvres embl\u00e9matiques de l&#8217;artiste. On croisera ainsi des passages \u00e9voquant la poussi\u00e8re, les oxydations, les portraits singuliers, mais \u00e9galement de br\u00e8ves descriptions de [&hellip;]","og_url":"https:\/\/librairie7l.com\/en\/produit\/equarrisseur-chemins-de-lionel-sabatte\/","og_site_name":"Librairie 7L","article_modified_time":"2026-04-09T16:57:01+00:00","og_image":[{"width":600,"height":840,"url":"https:\/\/librairie7l.com\/wp-content\/uploads\/2023\/12\/9782363063472_1_75.jpg","type":"image\/jpeg"}],"twitter_card":"summary_large_image","twitter_misc":{"Est. reading time":"1 minute"},"schema":{"@context":"https:\/\/schema.org","@graph":[{"@type":"WebPage","@id":"https:\/\/librairie7l.com\/en\/produit\/equarrisseur-chemins-de-lionel-sabatte\/","url":"https:\/\/librairie7l.com\/en\/produit\/equarrisseur-chemins-de-lionel-sabatte\/","name":"\u00c9quarrisseur : Chemins de Lionel Sabatt\u00e9 - Librairie 7L","isPartOf":{"@id":"https:\/\/librairie7l.com\/en\/#website"},"datePublished":"2024-05-29T07:18:10+00:00","dateModified":"2026-04-09T16:57:01+00:00","breadcrumb":{"@id":"https:\/\/librairie7l.com\/en\/produit\/equarrisseur-chemins-de-lionel-sabatte\/#breadcrumb"},"inLanguage":"en-US","potentialAction":[{"@type":"ReadAction","target":["https:\/\/librairie7l.com\/en\/produit\/equarrisseur-chemins-de-lionel-sabatte\/"]}]},{"@type":"BreadcrumbList","@id":"https:\/\/librairie7l.com\/en\/produit\/equarrisseur-chemins-de-lionel-sabatte\/#breadcrumb","itemListElement":[{"@type":"ListItem","position":1,"name":"Accueil","item":"https:\/\/librairie7l.com\/en\/"},{"@type":"ListItem","position":2,"name":"Shop","item":"https:\/\/librairie7l.com\/en\/shop\/"},{"@type":"ListItem","position":3,"name":"\u00c9QUARRISSEUR : CHEMINS DE LIONEL SABATT\u00c9"}]},{"@type":"WebSite","@id":"https:\/\/librairie7l.com\/en\/#website","url":"https:\/\/librairie7l.com\/en\/","name":"Librairie 7L","description":"Librairie fond\u00e9e en 1999 par Karl Lagerfeld \u00e0 Paris","publisher":{"@id":"https:\/\/librairie7l.com\/en\/#organization"},"potentialAction":[{"@type":"SearchAction","target":{"@type":"EntryPoint","urlTemplate":"https:\/\/librairie7l.com\/en\/?s={search_term_string}"},"query-input":"required name=search_term_string"}],"inLanguage":"en-US"},{"@type":"Organization","@id":"https:\/\/librairie7l.com\/en\/#organization","name":"Librairie 7L","url":"https:\/\/librairie7l.com\/en\/","logo":{"@type":"ImageObject","inLanguage":"en-US","@id":"https:\/\/librairie7l.com\/en\/#\/schema\/logo\/image\/","url":"https:\/\/librairie7l.com\/wp-content\/uploads\/2022\/08\/logo-1.png","contentUrl":"https:\/\/librairie7l.com\/wp-content\/uploads\/2022\/08\/logo-1.png","width":227,"height":301,"caption":"Librairie 7L"},"image":{"@id":"https:\/\/librairie7l.com\/en\/#\/schema\/logo\/image\/"}}]}},"_links":{"self":[{"href":"https:\/\/librairie7l.com\/en\/wp-json\/wp\/v2\/product\/41159"}],"collection":[{"href":"https:\/\/librairie7l.com\/en\/wp-json\/wp\/v2\/product"}],"about":[{"href":"https:\/\/librairie7l.com\/en\/wp-json\/wp\/v2\/types\/product"}],"wp:featuredmedia":[{"embeddable":true,"href":"https:\/\/librairie7l.com\/en\/wp-json\/wp\/v2\/media\/41157"}],"wp:attachment":[{"href":"https:\/\/librairie7l.com\/en\/wp-json\/wp\/v2\/media?parent=41159"}],"wp:term":[{"taxonomy":"product_cat","embeddable":true,"href":"https:\/\/librairie7l.com\/en\/wp-json\/wp\/v2\/product_cat?post=41159"},{"taxonomy":"product_tag","embeddable":true,"href":"https:\/\/librairie7l.com\/en\/wp-json\/wp\/v2\/product_tag?post=41159"}],"curies":[{"name":"wp","href":"https:\/\/api.w.org\/{rel}","templated":true}]}}