{"id":41175,"date":"2024-06-26T12:22:36","date_gmt":"2024-06-26T10:22:36","guid":{"rendered":"https:\/\/librairie7l.com\/?post_type=product&#038;p=41175"},"modified":"2026-04-09T01:43:16","modified_gmt":"2026-04-08T23:43:16","slug":"la-peinture-comme-modele","status":"publish","type":"product","link":"https:\/\/librairie7l.com\/en\/produit\/la-peinture-comme-modele\/","title":{"rendered":"LA PEINTURE COMME MOD\u00c8LE"},"content":{"rendered":"<p>Ouvrage de r\u00e9f\u00e9rence et le\u00e7on de m\u00e9thode, cette \u00e9tude du modernisme depuis Picasso et Matisse jusqu&#8217;aux peintres abstraits a permis de renouveler la pens\u00e9e picturale contemporaine en red\u00e9finissant ses mod\u00e8les th\u00e9oriques. Un travail d&#8217;une grande importance pour l&#8217;historiographie de l&#8217;art, traduit pour la premi\u00e8re fois en fran\u00e7ais.<\/p>\n<p>Publi\u00e9 aux \u00c9tats-Unis en 1990, La Peinture comme mod\u00e8le est vite devenu une r\u00e9f\u00e9rence pour tous ceux qui veulent comprendre l&#8217;histoire du modernisme. Qu&#8217;il s&#8217;agisse des \u00ab totems de la modernit\u00e9 \u00bb (Picasso et Matisse) ou des ma\u00eetres de l&#8217;abstraction (Mondrian et le mouvement De Stijl, Strzeminski et Kobro, Newman, Ryman), la force plus que jamais actuelle de ces pages, nourries par une connaissance intime des oeuvres et de la litt\u00e9rature qui leur est associ\u00e9e, est de proposer une approche formelle sans en passer par la doxa formaliste. \u00c0 ce titre, nombre d&#8217;analyses publi\u00e9es dans ce volume sont de v\u00e9ritables le\u00e7ons de m\u00e9thode pour les historiens de l&#8217;art et des outils indispensables \u00e0 la compr\u00e9hension de leur discipline. La pens\u00e9e picturale s&#8217;y r\u00e9v\u00e8le un op\u00e9rateur th\u00e9orique, producteur de mod\u00e8les.<br \/>\nDisponible pour la premi\u00e8re fois en fran\u00e7ais, ce livre est donc aussi une r\u00e9?exion en acte, une r\u00e9ponse \u00e0 deux questions essentielles et conjointes : qu&#8217;est-ce que regarder ? comment \u00e9crire l&#8217;histoire ?<\/p>\n","protected":false},"excerpt":{"rendered":"<p>Ouvrage de r\u00e9f\u00e9rence et le\u00e7on de m\u00e9thode, cette \u00e9tude du modernisme depuis Picasso et Matisse jusqu&#8217;aux peintres abstraits a permis de renouveler la pens\u00e9e picturale contemporaine en red\u00e9finissant ses mod\u00e8les th\u00e9oriques. Un travail d&#8217;une grande importance pour l&#8217;historiographie de l&#8217;art, traduit pour la premi\u00e8re fois en fran\u00e7ais. Publi\u00e9 aux \u00c9tats-Unis en 1990, La Peinture comme [&hellip;]<\/p>\n","protected":false},"featured_media":41173,"template":"","meta":[],"product_cat":[2948,2953],"product_tag":[],"acf":[],"yoast_head":"<!-- This site is optimized with the Yoast SEO plugin v20.11 - https:\/\/yoast.com\/wordpress\/plugins\/seo\/ -->\n<title>La peinture comme mod\u00e8le - Librairie 7L<\/title>\n<meta name=\"robots\" content=\"index, follow, max-snippet:-1, max-image-preview:large, max-video-preview:-1\" \/>\n<link rel=\"canonical\" href=\"https:\/\/librairie7l.com\/en\/produit\/la-peinture-comme-modele\/\" \/>\n<meta property=\"og:locale\" content=\"en_US\" \/>\n<meta property=\"og:type\" content=\"article\" \/>\n<meta property=\"og:title\" content=\"La peinture comme mod\u00e8le - Librairie 7L\" \/>\n<meta property=\"og:description\" content=\"Ouvrage de r\u00e9f\u00e9rence et le\u00e7on de m\u00e9thode, cette \u00e9tude du modernisme depuis Picasso et Matisse jusqu&#8217;aux peintres abstraits a permis de renouveler la pens\u00e9e picturale contemporaine en red\u00e9finissant ses mod\u00e8les th\u00e9oriques. Un travail d&#8217;une grande importance pour l&#8217;historiographie de l&#8217;art, traduit pour la premi\u00e8re fois en fran\u00e7ais. Publi\u00e9 aux \u00c9tats-Unis en 1990, La Peinture comme [&hellip;]\" \/>\n<meta property=\"og:url\" content=\"https:\/\/librairie7l.com\/en\/produit\/la-peinture-comme-modele\/\" \/>\n<meta property=\"og:site_name\" content=\"Librairie 7L\" \/>\n<meta property=\"article:modified_time\" content=\"2026-04-08T23:43:16+00:00\" \/>\n<meta property=\"og:image\" content=\"https:\/\/librairie7l.com\/wp-content\/uploads\/2017\/05\/9782840669500_1_75.jpg\" \/>\n\t<meta property=\"og:image:width\" content=\"600\" \/>\n\t<meta property=\"og:image:height\" content=\"822\" \/>\n\t<meta property=\"og:image:type\" content=\"image\/jpeg\" \/>\n<meta name=\"twitter:card\" content=\"summary_large_image\" \/>\n<meta name=\"twitter:label1\" content=\"Est. reading time\" \/>\n\t<meta name=\"twitter:data1\" content=\"1 minute\" \/>\n<script type=\"application\/ld+json\" class=\"yoast-schema-graph\">{\"@context\":\"https:\/\/schema.org\",\"@graph\":[{\"@type\":\"WebPage\",\"@id\":\"https:\/\/librairie7l.com\/en\/produit\/la-peinture-comme-modele\/\",\"url\":\"https:\/\/librairie7l.com\/en\/produit\/la-peinture-comme-modele\/\",\"name\":\"La peinture comme mod\u00e8le - Librairie 7L\",\"isPartOf\":{\"@id\":\"https:\/\/librairie7l.com\/en\/#website\"},\"datePublished\":\"2024-06-26T10:22:36+00:00\",\"dateModified\":\"2026-04-08T23:43:16+00:00\",\"breadcrumb\":{\"@id\":\"https:\/\/librairie7l.com\/en\/produit\/la-peinture-comme-modele\/#breadcrumb\"},\"inLanguage\":\"en-US\",\"potentialAction\":[{\"@type\":\"ReadAction\",\"target\":[\"https:\/\/librairie7l.com\/en\/produit\/la-peinture-comme-modele\/\"]}]},{\"@type\":\"BreadcrumbList\",\"@id\":\"https:\/\/librairie7l.com\/en\/produit\/la-peinture-comme-modele\/#breadcrumb\",\"itemListElement\":[{\"@type\":\"ListItem\",\"position\":1,\"name\":\"Accueil\",\"item\":\"https:\/\/librairie7l.com\/en\/\"},{\"@type\":\"ListItem\",\"position\":2,\"name\":\"Shop\",\"item\":\"https:\/\/librairie7l.com\/en\/shop\/\"},{\"@type\":\"ListItem\",\"position\":3,\"name\":\"LA PEINTURE COMME MOD\u00c8LE\"}]},{\"@type\":\"WebSite\",\"@id\":\"https:\/\/librairie7l.com\/en\/#website\",\"url\":\"https:\/\/librairie7l.com\/en\/\",\"name\":\"Librairie 7L\",\"description\":\"Librairie fond\u00e9e en 1999 par Karl Lagerfeld \u00e0 Paris\",\"publisher\":{\"@id\":\"https:\/\/librairie7l.com\/en\/#organization\"},\"potentialAction\":[{\"@type\":\"SearchAction\",\"target\":{\"@type\":\"EntryPoint\",\"urlTemplate\":\"https:\/\/librairie7l.com\/en\/?s={search_term_string}\"},\"query-input\":\"required name=search_term_string\"}],\"inLanguage\":\"en-US\"},{\"@type\":\"Organization\",\"@id\":\"https:\/\/librairie7l.com\/en\/#organization\",\"name\":\"Librairie 7L\",\"url\":\"https:\/\/librairie7l.com\/en\/\",\"logo\":{\"@type\":\"ImageObject\",\"inLanguage\":\"en-US\",\"@id\":\"https:\/\/librairie7l.com\/en\/#\/schema\/logo\/image\/\",\"url\":\"https:\/\/librairie7l.com\/wp-content\/uploads\/2022\/08\/logo-1.png\",\"contentUrl\":\"https:\/\/librairie7l.com\/wp-content\/uploads\/2022\/08\/logo-1.png\",\"width\":227,\"height\":301,\"caption\":\"Librairie 7L\"},\"image\":{\"@id\":\"https:\/\/librairie7l.com\/en\/#\/schema\/logo\/image\/\"}}]}<\/script>\n<!-- \/ Yoast SEO plugin. -->","yoast_head_json":{"title":"La peinture comme mod\u00e8le - Librairie 7L","robots":{"index":"index","follow":"follow","max-snippet":"max-snippet:-1","max-image-preview":"max-image-preview:large","max-video-preview":"max-video-preview:-1"},"canonical":"https:\/\/librairie7l.com\/en\/produit\/la-peinture-comme-modele\/","og_locale":"en_US","og_type":"article","og_title":"La peinture comme mod\u00e8le - Librairie 7L","og_description":"Ouvrage de r\u00e9f\u00e9rence et le\u00e7on de m\u00e9thode, cette \u00e9tude du modernisme depuis Picasso et Matisse jusqu&#8217;aux peintres abstraits a permis de renouveler la pens\u00e9e picturale contemporaine en red\u00e9finissant ses mod\u00e8les th\u00e9oriques. Un travail d&#8217;une grande importance pour l&#8217;historiographie de l&#8217;art, traduit pour la premi\u00e8re fois en fran\u00e7ais. Publi\u00e9 aux \u00c9tats-Unis en 1990, La Peinture comme [&hellip;]","og_url":"https:\/\/librairie7l.com\/en\/produit\/la-peinture-comme-modele\/","og_site_name":"Librairie 7L","article_modified_time":"2026-04-08T23:43:16+00:00","og_image":[{"width":600,"height":822,"url":"https:\/\/librairie7l.com\/wp-content\/uploads\/2017\/05\/9782840669500_1_75.jpg","type":"image\/jpeg"}],"twitter_card":"summary_large_image","twitter_misc":{"Est. reading time":"1 minute"},"schema":{"@context":"https:\/\/schema.org","@graph":[{"@type":"WebPage","@id":"https:\/\/librairie7l.com\/en\/produit\/la-peinture-comme-modele\/","url":"https:\/\/librairie7l.com\/en\/produit\/la-peinture-comme-modele\/","name":"La peinture comme mod\u00e8le - Librairie 7L","isPartOf":{"@id":"https:\/\/librairie7l.com\/en\/#website"},"datePublished":"2024-06-26T10:22:36+00:00","dateModified":"2026-04-08T23:43:16+00:00","breadcrumb":{"@id":"https:\/\/librairie7l.com\/en\/produit\/la-peinture-comme-modele\/#breadcrumb"},"inLanguage":"en-US","potentialAction":[{"@type":"ReadAction","target":["https:\/\/librairie7l.com\/en\/produit\/la-peinture-comme-modele\/"]}]},{"@type":"BreadcrumbList","@id":"https:\/\/librairie7l.com\/en\/produit\/la-peinture-comme-modele\/#breadcrumb","itemListElement":[{"@type":"ListItem","position":1,"name":"Accueil","item":"https:\/\/librairie7l.com\/en\/"},{"@type":"ListItem","position":2,"name":"Shop","item":"https:\/\/librairie7l.com\/en\/shop\/"},{"@type":"ListItem","position":3,"name":"LA PEINTURE COMME MOD\u00c8LE"}]},{"@type":"WebSite","@id":"https:\/\/librairie7l.com\/en\/#website","url":"https:\/\/librairie7l.com\/en\/","name":"Librairie 7L","description":"Librairie fond\u00e9e en 1999 par Karl Lagerfeld \u00e0 Paris","publisher":{"@id":"https:\/\/librairie7l.com\/en\/#organization"},"potentialAction":[{"@type":"SearchAction","target":{"@type":"EntryPoint","urlTemplate":"https:\/\/librairie7l.com\/en\/?s={search_term_string}"},"query-input":"required name=search_term_string"}],"inLanguage":"en-US"},{"@type":"Organization","@id":"https:\/\/librairie7l.com\/en\/#organization","name":"Librairie 7L","url":"https:\/\/librairie7l.com\/en\/","logo":{"@type":"ImageObject","inLanguage":"en-US","@id":"https:\/\/librairie7l.com\/en\/#\/schema\/logo\/image\/","url":"https:\/\/librairie7l.com\/wp-content\/uploads\/2022\/08\/logo-1.png","contentUrl":"https:\/\/librairie7l.com\/wp-content\/uploads\/2022\/08\/logo-1.png","width":227,"height":301,"caption":"Librairie 7L"},"image":{"@id":"https:\/\/librairie7l.com\/en\/#\/schema\/logo\/image\/"}}]}},"_links":{"self":[{"href":"https:\/\/librairie7l.com\/en\/wp-json\/wp\/v2\/product\/41175"}],"collection":[{"href":"https:\/\/librairie7l.com\/en\/wp-json\/wp\/v2\/product"}],"about":[{"href":"https:\/\/librairie7l.com\/en\/wp-json\/wp\/v2\/types\/product"}],"wp:featuredmedia":[{"embeddable":true,"href":"https:\/\/librairie7l.com\/en\/wp-json\/wp\/v2\/media\/41173"}],"wp:attachment":[{"href":"https:\/\/librairie7l.com\/en\/wp-json\/wp\/v2\/media?parent=41175"}],"wp:term":[{"taxonomy":"product_cat","embeddable":true,"href":"https:\/\/librairie7l.com\/en\/wp-json\/wp\/v2\/product_cat?post=41175"},{"taxonomy":"product_tag","embeddable":true,"href":"https:\/\/librairie7l.com\/en\/wp-json\/wp\/v2\/product_tag?post=41175"}],"curies":[{"name":"wp","href":"https:\/\/api.w.org\/{rel}","templated":true}]}}