{"id":41189,"date":"2024-05-30T09:18:16","date_gmt":"2024-05-30T07:18:16","guid":{"rendered":"https:\/\/librairie7l.com\/?post_type=product&#038;p=41189"},"modified":"2026-04-12T20:24:44","modified_gmt":"2026-04-12T18:24:44","slug":"histoire-de-lart","status":"publish","type":"product","link":"https:\/\/librairie7l.com\/en\/produit\/histoire-de-lart\/","title":{"rendered":"HISTOIRE DE L&#8217;ART"},"content":{"rendered":"<p>Il \u00e9tait une fois&#8230; un royaume sinistre et ennuyeux o\u00f9 les habitants passaient de tristes journ\u00e9es et ne se parlaient presque jamais entre eux. Le souverain irresponsable de ce royaume douteux \u00e9tait paresseux et passait ses journ\u00e9es \u00e0 manger des glaces devant la t\u00e9l\u00e9vision. Le roi a une fille ravissante qu&#8217;il garde enferm\u00e9e dans sa chambre en attendant qu&#8217;elle soit en \u00e2ge d&#8217;\u00e9pouser son chambellan. Le chambellan, lui, est assez impatient d&#8217;\u00e9pouser la fille du roi. Or la fen\u00eatre de la chambre de la fille du roi donne sur l&#8217;atelier du jeune peintre Luco Pax, dont la fille du roi est \u00e9perdument amoureuse. Malheureusement, elle ne peut pas sortir pour l&#8217;embrasser. Le jeune peintre est, lui aussi, amoureux.<br \/>\nVoici un d\u00e9but d&#8217;histoire, finalement, assez classique. Mais comme dans tout conte de f\u00e9es, un \u00e9l\u00e9ment magique va venir perturber le cours malheureux de l&#8217;histoire &#8211; un pinceau magique ! Luco Pax va, gr\u00e2ce \u00e0 celui-ci, voir ses tableaux prendre vie &#8211; en 2D, n&#8217;exag\u00e9rons pas ! Voici donc notre h\u00e9ros accompagn\u00e9 par un roi nu et un explorateur de papier. Au fil des chapitres, les p\u00e9rip\u00e9ties s&#8217;encha\u00eenent, du ch\u00e2teau au mus\u00e9e, du mus\u00e9e au village, du village au ch\u00e2teau. Luco Pax et la princesse tentent de vivre leur amour, aid\u00e9s de fa\u00e7on plus ou moins adroite par les personnages plats&#8230; Et ils ne seront pas les seuls \u00e0 s&#8217;aimer.<br \/>\nComme tout conte de f\u00e9es, bient\u00f4t les protagonistes triompheront et le royaume deviendra un lieu de joie et d&#8217;amour ! Toutefois, le mus\u00e9e sera peut-\u00eatre un peu chamboul\u00e9s, les tableaux en faisant un peu \u00e0 leur t\u00eate&#8230; Mais apr\u00e8s tout, la Joconde suit bien des yeux ceux qui viennent l&#8217;admirer.<\/p>\n<p>Histoire de l&#8217;Art a re\u00e7u le prix \u00ab fiction \u00bb \u00e0 la Foire du livre de jeunesse de Bologne en 1999.<\/p>\n","protected":false},"excerpt":{"rendered":"<p>Il \u00e9tait une fois&#8230; un royaume sinistre et ennuyeux o\u00f9 les habitants passaient de tristes journ\u00e9es et ne se parlaient presque jamais entre eux. Le souverain irresponsable de ce royaume douteux \u00e9tait paresseux et passait ses journ\u00e9es \u00e0 manger des glaces devant la t\u00e9l\u00e9vision. Le roi a une fille ravissante qu&#8217;il garde enferm\u00e9e dans sa [&hellip;]<\/p>\n","protected":false},"featured_media":41187,"template":"","meta":[],"product_cat":[2948,2953],"product_tag":[],"acf":[],"yoast_head":"<!-- This site is optimized with the Yoast SEO plugin v20.11 - https:\/\/yoast.com\/wordpress\/plugins\/seo\/ -->\n<title>Histoire de l&#039;art - Librairie 7L<\/title>\n<meta name=\"robots\" content=\"index, follow, max-snippet:-1, max-image-preview:large, max-video-preview:-1\" \/>\n<link rel=\"canonical\" href=\"https:\/\/librairie7l.com\/en\/produit\/histoire-de-lart\/\" \/>\n<meta property=\"og:locale\" content=\"en_US\" \/>\n<meta property=\"og:type\" content=\"article\" \/>\n<meta property=\"og:title\" content=\"Histoire de l&#039;art - Librairie 7L\" \/>\n<meta property=\"og:description\" content=\"Il \u00e9tait une fois&#8230; un royaume sinistre et ennuyeux o\u00f9 les habitants passaient de tristes journ\u00e9es et ne se parlaient presque jamais entre eux. Le souverain irresponsable de ce royaume douteux \u00e9tait paresseux et passait ses journ\u00e9es \u00e0 manger des glaces devant la t\u00e9l\u00e9vision. Le roi a une fille ravissante qu&#8217;il garde enferm\u00e9e dans sa [&hellip;]\" \/>\n<meta property=\"og:url\" content=\"https:\/\/librairie7l.com\/en\/produit\/histoire-de-lart\/\" \/>\n<meta property=\"og:site_name\" content=\"Librairie 7L\" \/>\n<meta property=\"article:modified_time\" content=\"2026-04-12T18:24:44+00:00\" \/>\n<meta property=\"og:image\" content=\"https:\/\/librairie7l.com\/wp-content\/uploads\/2024\/01\/9782352895985_1_75.jpg\" \/>\n\t<meta property=\"og:image:width\" content=\"600\" \/>\n\t<meta property=\"og:image:height\" content=\"916\" \/>\n\t<meta property=\"og:image:type\" content=\"image\/jpeg\" \/>\n<meta name=\"twitter:card\" content=\"summary_large_image\" \/>\n<meta name=\"twitter:label1\" content=\"Est. reading time\" \/>\n\t<meta name=\"twitter:data1\" content=\"2 minutes\" \/>\n<script type=\"application\/ld+json\" class=\"yoast-schema-graph\">{\"@context\":\"https:\/\/schema.org\",\"@graph\":[{\"@type\":\"WebPage\",\"@id\":\"https:\/\/librairie7l.com\/en\/produit\/histoire-de-lart\/\",\"url\":\"https:\/\/librairie7l.com\/en\/produit\/histoire-de-lart\/\",\"name\":\"Histoire de l'art - Librairie 7L\",\"isPartOf\":{\"@id\":\"https:\/\/librairie7l.com\/en\/#website\"},\"datePublished\":\"2024-05-30T07:18:16+00:00\",\"dateModified\":\"2026-04-12T18:24:44+00:00\",\"breadcrumb\":{\"@id\":\"https:\/\/librairie7l.com\/en\/produit\/histoire-de-lart\/#breadcrumb\"},\"inLanguage\":\"en-US\",\"potentialAction\":[{\"@type\":\"ReadAction\",\"target\":[\"https:\/\/librairie7l.com\/en\/produit\/histoire-de-lart\/\"]}]},{\"@type\":\"BreadcrumbList\",\"@id\":\"https:\/\/librairie7l.com\/en\/produit\/histoire-de-lart\/#breadcrumb\",\"itemListElement\":[{\"@type\":\"ListItem\",\"position\":1,\"name\":\"Accueil\",\"item\":\"https:\/\/librairie7l.com\/en\/\"},{\"@type\":\"ListItem\",\"position\":2,\"name\":\"Shop\",\"item\":\"https:\/\/librairie7l.com\/en\/shop\/\"},{\"@type\":\"ListItem\",\"position\":3,\"name\":\"HISTOIRE DE L&#8217;ART\"}]},{\"@type\":\"WebSite\",\"@id\":\"https:\/\/librairie7l.com\/en\/#website\",\"url\":\"https:\/\/librairie7l.com\/en\/\",\"name\":\"Librairie 7L\",\"description\":\"Librairie fond\u00e9e en 1999 par Karl Lagerfeld \u00e0 Paris\",\"publisher\":{\"@id\":\"https:\/\/librairie7l.com\/en\/#organization\"},\"potentialAction\":[{\"@type\":\"SearchAction\",\"target\":{\"@type\":\"EntryPoint\",\"urlTemplate\":\"https:\/\/librairie7l.com\/en\/?s={search_term_string}\"},\"query-input\":\"required name=search_term_string\"}],\"inLanguage\":\"en-US\"},{\"@type\":\"Organization\",\"@id\":\"https:\/\/librairie7l.com\/en\/#organization\",\"name\":\"Librairie 7L\",\"url\":\"https:\/\/librairie7l.com\/en\/\",\"logo\":{\"@type\":\"ImageObject\",\"inLanguage\":\"en-US\",\"@id\":\"https:\/\/librairie7l.com\/en\/#\/schema\/logo\/image\/\",\"url\":\"https:\/\/librairie7l.com\/wp-content\/uploads\/2022\/08\/logo-1.png\",\"contentUrl\":\"https:\/\/librairie7l.com\/wp-content\/uploads\/2022\/08\/logo-1.png\",\"width\":227,\"height\":301,\"caption\":\"Librairie 7L\"},\"image\":{\"@id\":\"https:\/\/librairie7l.com\/en\/#\/schema\/logo\/image\/\"}}]}<\/script>\n<!-- \/ Yoast SEO plugin. -->","yoast_head_json":{"title":"Histoire de l'art - Librairie 7L","robots":{"index":"index","follow":"follow","max-snippet":"max-snippet:-1","max-image-preview":"max-image-preview:large","max-video-preview":"max-video-preview:-1"},"canonical":"https:\/\/librairie7l.com\/en\/produit\/histoire-de-lart\/","og_locale":"en_US","og_type":"article","og_title":"Histoire de l'art - Librairie 7L","og_description":"Il \u00e9tait une fois&#8230; un royaume sinistre et ennuyeux o\u00f9 les habitants passaient de tristes journ\u00e9es et ne se parlaient presque jamais entre eux. Le souverain irresponsable de ce royaume douteux \u00e9tait paresseux et passait ses journ\u00e9es \u00e0 manger des glaces devant la t\u00e9l\u00e9vision. Le roi a une fille ravissante qu&#8217;il garde enferm\u00e9e dans sa [&hellip;]","og_url":"https:\/\/librairie7l.com\/en\/produit\/histoire-de-lart\/","og_site_name":"Librairie 7L","article_modified_time":"2026-04-12T18:24:44+00:00","og_image":[{"width":600,"height":916,"url":"https:\/\/librairie7l.com\/wp-content\/uploads\/2024\/01\/9782352895985_1_75.jpg","type":"image\/jpeg"}],"twitter_card":"summary_large_image","twitter_misc":{"Est. reading time":"2 minutes"},"schema":{"@context":"https:\/\/schema.org","@graph":[{"@type":"WebPage","@id":"https:\/\/librairie7l.com\/en\/produit\/histoire-de-lart\/","url":"https:\/\/librairie7l.com\/en\/produit\/histoire-de-lart\/","name":"Histoire de l'art - Librairie 7L","isPartOf":{"@id":"https:\/\/librairie7l.com\/en\/#website"},"datePublished":"2024-05-30T07:18:16+00:00","dateModified":"2026-04-12T18:24:44+00:00","breadcrumb":{"@id":"https:\/\/librairie7l.com\/en\/produit\/histoire-de-lart\/#breadcrumb"},"inLanguage":"en-US","potentialAction":[{"@type":"ReadAction","target":["https:\/\/librairie7l.com\/en\/produit\/histoire-de-lart\/"]}]},{"@type":"BreadcrumbList","@id":"https:\/\/librairie7l.com\/en\/produit\/histoire-de-lart\/#breadcrumb","itemListElement":[{"@type":"ListItem","position":1,"name":"Accueil","item":"https:\/\/librairie7l.com\/en\/"},{"@type":"ListItem","position":2,"name":"Shop","item":"https:\/\/librairie7l.com\/en\/shop\/"},{"@type":"ListItem","position":3,"name":"HISTOIRE DE L&#8217;ART"}]},{"@type":"WebSite","@id":"https:\/\/librairie7l.com\/en\/#website","url":"https:\/\/librairie7l.com\/en\/","name":"Librairie 7L","description":"Librairie fond\u00e9e en 1999 par Karl Lagerfeld \u00e0 Paris","publisher":{"@id":"https:\/\/librairie7l.com\/en\/#organization"},"potentialAction":[{"@type":"SearchAction","target":{"@type":"EntryPoint","urlTemplate":"https:\/\/librairie7l.com\/en\/?s={search_term_string}"},"query-input":"required name=search_term_string"}],"inLanguage":"en-US"},{"@type":"Organization","@id":"https:\/\/librairie7l.com\/en\/#organization","name":"Librairie 7L","url":"https:\/\/librairie7l.com\/en\/","logo":{"@type":"ImageObject","inLanguage":"en-US","@id":"https:\/\/librairie7l.com\/en\/#\/schema\/logo\/image\/","url":"https:\/\/librairie7l.com\/wp-content\/uploads\/2022\/08\/logo-1.png","contentUrl":"https:\/\/librairie7l.com\/wp-content\/uploads\/2022\/08\/logo-1.png","width":227,"height":301,"caption":"Librairie 7L"},"image":{"@id":"https:\/\/librairie7l.com\/en\/#\/schema\/logo\/image\/"}}]}},"_links":{"self":[{"href":"https:\/\/librairie7l.com\/en\/wp-json\/wp\/v2\/product\/41189"}],"collection":[{"href":"https:\/\/librairie7l.com\/en\/wp-json\/wp\/v2\/product"}],"about":[{"href":"https:\/\/librairie7l.com\/en\/wp-json\/wp\/v2\/types\/product"}],"wp:featuredmedia":[{"embeddable":true,"href":"https:\/\/librairie7l.com\/en\/wp-json\/wp\/v2\/media\/41187"}],"wp:attachment":[{"href":"https:\/\/librairie7l.com\/en\/wp-json\/wp\/v2\/media?parent=41189"}],"wp:term":[{"taxonomy":"product_cat","embeddable":true,"href":"https:\/\/librairie7l.com\/en\/wp-json\/wp\/v2\/product_cat?post=41189"},{"taxonomy":"product_tag","embeddable":true,"href":"https:\/\/librairie7l.com\/en\/wp-json\/wp\/v2\/product_tag?post=41189"}],"curies":[{"name":"wp","href":"https:\/\/api.w.org\/{rel}","templated":true}]}}