{"id":41235,"date":"2024-06-04T09:18:06","date_gmt":"2024-06-04T07:18:06","guid":{"rendered":"https:\/\/librairie7l.com\/?post_type=product&#038;p=41235"},"modified":"2026-04-23T14:55:12","modified_gmt":"2026-04-23T12:55:12","slug":"alain-girel-ou-le-paradis-retrouve","status":"publish","type":"product","link":"https:\/\/librairie7l.com\/en\/produit\/alain-girel-ou-le-paradis-retrouve\/","title":{"rendered":"ALAIN GIREL OU LE PARADIS RETROUVE"},"content":{"rendered":"<p>L&#8217;art d&#8217;Alain Girel, g\u00e9n\u00e9reux et passionn\u00e9 \u00e0 l&#8217;image de l&#8217;homme qu&#8217;il \u00e9tait, prend toute sa mesure dans ce livre-hommage qui invite \u00e0 partager son \u00ab entreprise de r\u00e9-enchantement du monde \u00bb et \u00e0 d\u00e9couvrir \u00e0 travers chacune de ses oeuvres \u00ab un coin de ciel du paradis retrouv\u00e9 \u00bb. Loin d&#8217;\u00eatre la simple biographie d&#8217;un artiste majeur de l&#8217;expression c\u00e9ramique contemporaine, ce parcours propose un voyage au coeur de l&#8217;art et de la vie. \t\t\t\t\t\t            Jean Girel, c\u00e9ramiste, y trace le portrait de son fr\u00e8re Alain : un artiste libre, un \u00ab classique du baroque \u00bb, dont les oeuvres ont fascin\u00e9 de grands cr\u00e9ateurs et des amateurs audacieux. Retra\u00e7ant les grands moments de sa carri\u00e8re, il montre comment l&#8217;univers d&#8217;Alain Girel s&#8217;est construit. G\u00e9rard Gay-Barbier a pos\u00e9 un regard de po\u00e8te sur l&#8217;oeuvre dont il \u00e9gr\u00e8ne les \u00ab petites musiques \u00bb : putti, baroque, Toscanes, cypr\u00e8s, empreintes, nuages, rondeurs, naissance&#8230; Atypique et pionnier dans son oeuvre personnelle, Alain Girel l&#8217;\u00e9tait aussi dans son engagement pour la d\u00e9fense des m\u00e9tiers d&#8217;art : Danielle Le Goff t\u00e9moigne ici de son investissement.<\/p>\n","protected":false},"excerpt":{"rendered":"<p>L&#8217;art d&#8217;Alain Girel, g\u00e9n\u00e9reux et passionn\u00e9 \u00e0 l&#8217;image de l&#8217;homme qu&#8217;il \u00e9tait, prend toute sa mesure dans ce livre-hommage qui invite \u00e0 partager son \u00ab entreprise de r\u00e9-enchantement du monde \u00bb et \u00e0 d\u00e9couvrir \u00e0 travers chacune de ses oeuvres \u00ab un coin de ciel du paradis retrouv\u00e9 \u00bb. Loin d&#8217;\u00eatre la simple biographie d&#8217;un [&hellip;]<\/p>\n","protected":false},"featured_media":41233,"template":"","meta":[],"product_cat":[2948,2952],"product_tag":[],"acf":[],"yoast_head":"<!-- This site is optimized with the Yoast SEO plugin v20.11 - https:\/\/yoast.com\/wordpress\/plugins\/seo\/ -->\n<title>Alain girel ou le paradis retrouve - Librairie 7L<\/title>\n<meta name=\"robots\" content=\"index, follow, max-snippet:-1, max-image-preview:large, max-video-preview:-1\" \/>\n<link rel=\"canonical\" href=\"https:\/\/librairie7l.com\/en\/produit\/alain-girel-ou-le-paradis-retrouve\/\" \/>\n<meta property=\"og:locale\" content=\"en_US\" \/>\n<meta property=\"og:type\" content=\"article\" \/>\n<meta property=\"og:title\" content=\"Alain girel ou le paradis retrouve - Librairie 7L\" \/>\n<meta property=\"og:description\" content=\"L&#8217;art d&#8217;Alain Girel, g\u00e9n\u00e9reux et passionn\u00e9 \u00e0 l&#8217;image de l&#8217;homme qu&#8217;il \u00e9tait, prend toute sa mesure dans ce livre-hommage qui invite \u00e0 partager son \u00ab entreprise de r\u00e9-enchantement du monde \u00bb et \u00e0 d\u00e9couvrir \u00e0 travers chacune de ses oeuvres \u00ab un coin de ciel du paradis retrouv\u00e9 \u00bb. Loin d&#8217;\u00eatre la simple biographie d&#8217;un [&hellip;]\" \/>\n<meta property=\"og:url\" content=\"https:\/\/librairie7l.com\/en\/produit\/alain-girel-ou-le-paradis-retrouve\/\" \/>\n<meta property=\"og:site_name\" content=\"Librairie 7L\" \/>\n<meta property=\"article:modified_time\" content=\"2026-04-23T12:55:12+00:00\" \/>\n<meta property=\"og:image\" content=\"https:\/\/librairie7l.com\/wp-content\/uploads\/2022\/01\/9791096404223_1_75.jpg\" \/>\n\t<meta property=\"og:image:width\" content=\"600\" \/>\n\t<meta property=\"og:image:height\" content=\"656\" \/>\n\t<meta property=\"og:image:type\" content=\"image\/jpeg\" \/>\n<meta name=\"twitter:card\" content=\"summary_large_image\" \/>\n<meta name=\"twitter:label1\" content=\"Est. reading time\" \/>\n\t<meta name=\"twitter:data1\" content=\"1 minute\" \/>\n<script type=\"application\/ld+json\" class=\"yoast-schema-graph\">{\"@context\":\"https:\/\/schema.org\",\"@graph\":[{\"@type\":\"WebPage\",\"@id\":\"https:\/\/librairie7l.com\/en\/produit\/alain-girel-ou-le-paradis-retrouve\/\",\"url\":\"https:\/\/librairie7l.com\/en\/produit\/alain-girel-ou-le-paradis-retrouve\/\",\"name\":\"Alain girel ou le paradis retrouve - Librairie 7L\",\"isPartOf\":{\"@id\":\"https:\/\/librairie7l.com\/en\/#website\"},\"datePublished\":\"2024-06-04T07:18:06+00:00\",\"dateModified\":\"2026-04-23T12:55:12+00:00\",\"breadcrumb\":{\"@id\":\"https:\/\/librairie7l.com\/en\/produit\/alain-girel-ou-le-paradis-retrouve\/#breadcrumb\"},\"inLanguage\":\"en-US\",\"potentialAction\":[{\"@type\":\"ReadAction\",\"target\":[\"https:\/\/librairie7l.com\/en\/produit\/alain-girel-ou-le-paradis-retrouve\/\"]}]},{\"@type\":\"BreadcrumbList\",\"@id\":\"https:\/\/librairie7l.com\/en\/produit\/alain-girel-ou-le-paradis-retrouve\/#breadcrumb\",\"itemListElement\":[{\"@type\":\"ListItem\",\"position\":1,\"name\":\"Accueil\",\"item\":\"https:\/\/librairie7l.com\/en\/\"},{\"@type\":\"ListItem\",\"position\":2,\"name\":\"Shop\",\"item\":\"https:\/\/librairie7l.com\/en\/shop\/\"},{\"@type\":\"ListItem\",\"position\":3,\"name\":\"ALAIN GIREL OU LE PARADIS RETROUVE\"}]},{\"@type\":\"WebSite\",\"@id\":\"https:\/\/librairie7l.com\/en\/#website\",\"url\":\"https:\/\/librairie7l.com\/en\/\",\"name\":\"Librairie 7L\",\"description\":\"Librairie fond\u00e9e en 1999 par Karl Lagerfeld \u00e0 Paris\",\"publisher\":{\"@id\":\"https:\/\/librairie7l.com\/en\/#organization\"},\"potentialAction\":[{\"@type\":\"SearchAction\",\"target\":{\"@type\":\"EntryPoint\",\"urlTemplate\":\"https:\/\/librairie7l.com\/en\/?s={search_term_string}\"},\"query-input\":\"required name=search_term_string\"}],\"inLanguage\":\"en-US\"},{\"@type\":\"Organization\",\"@id\":\"https:\/\/librairie7l.com\/en\/#organization\",\"name\":\"Librairie 7L\",\"url\":\"https:\/\/librairie7l.com\/en\/\",\"logo\":{\"@type\":\"ImageObject\",\"inLanguage\":\"en-US\",\"@id\":\"https:\/\/librairie7l.com\/en\/#\/schema\/logo\/image\/\",\"url\":\"https:\/\/librairie7l.com\/wp-content\/uploads\/2022\/08\/logo-1.png\",\"contentUrl\":\"https:\/\/librairie7l.com\/wp-content\/uploads\/2022\/08\/logo-1.png\",\"width\":227,\"height\":301,\"caption\":\"Librairie 7L\"},\"image\":{\"@id\":\"https:\/\/librairie7l.com\/en\/#\/schema\/logo\/image\/\"}}]}<\/script>\n<!-- \/ Yoast SEO plugin. -->","yoast_head_json":{"title":"Alain girel ou le paradis retrouve - Librairie 7L","robots":{"index":"index","follow":"follow","max-snippet":"max-snippet:-1","max-image-preview":"max-image-preview:large","max-video-preview":"max-video-preview:-1"},"canonical":"https:\/\/librairie7l.com\/en\/produit\/alain-girel-ou-le-paradis-retrouve\/","og_locale":"en_US","og_type":"article","og_title":"Alain girel ou le paradis retrouve - Librairie 7L","og_description":"L&#8217;art d&#8217;Alain Girel, g\u00e9n\u00e9reux et passionn\u00e9 \u00e0 l&#8217;image de l&#8217;homme qu&#8217;il \u00e9tait, prend toute sa mesure dans ce livre-hommage qui invite \u00e0 partager son \u00ab entreprise de r\u00e9-enchantement du monde \u00bb et \u00e0 d\u00e9couvrir \u00e0 travers chacune de ses oeuvres \u00ab un coin de ciel du paradis retrouv\u00e9 \u00bb. Loin d&#8217;\u00eatre la simple biographie d&#8217;un [&hellip;]","og_url":"https:\/\/librairie7l.com\/en\/produit\/alain-girel-ou-le-paradis-retrouve\/","og_site_name":"Librairie 7L","article_modified_time":"2026-04-23T12:55:12+00:00","og_image":[{"width":600,"height":656,"url":"https:\/\/librairie7l.com\/wp-content\/uploads\/2022\/01\/9791096404223_1_75.jpg","type":"image\/jpeg"}],"twitter_card":"summary_large_image","twitter_misc":{"Est. reading time":"1 minute"},"schema":{"@context":"https:\/\/schema.org","@graph":[{"@type":"WebPage","@id":"https:\/\/librairie7l.com\/en\/produit\/alain-girel-ou-le-paradis-retrouve\/","url":"https:\/\/librairie7l.com\/en\/produit\/alain-girel-ou-le-paradis-retrouve\/","name":"Alain girel ou le paradis retrouve - Librairie 7L","isPartOf":{"@id":"https:\/\/librairie7l.com\/en\/#website"},"datePublished":"2024-06-04T07:18:06+00:00","dateModified":"2026-04-23T12:55:12+00:00","breadcrumb":{"@id":"https:\/\/librairie7l.com\/en\/produit\/alain-girel-ou-le-paradis-retrouve\/#breadcrumb"},"inLanguage":"en-US","potentialAction":[{"@type":"ReadAction","target":["https:\/\/librairie7l.com\/en\/produit\/alain-girel-ou-le-paradis-retrouve\/"]}]},{"@type":"BreadcrumbList","@id":"https:\/\/librairie7l.com\/en\/produit\/alain-girel-ou-le-paradis-retrouve\/#breadcrumb","itemListElement":[{"@type":"ListItem","position":1,"name":"Accueil","item":"https:\/\/librairie7l.com\/en\/"},{"@type":"ListItem","position":2,"name":"Shop","item":"https:\/\/librairie7l.com\/en\/shop\/"},{"@type":"ListItem","position":3,"name":"ALAIN GIREL OU LE PARADIS RETROUVE"}]},{"@type":"WebSite","@id":"https:\/\/librairie7l.com\/en\/#website","url":"https:\/\/librairie7l.com\/en\/","name":"Librairie 7L","description":"Librairie fond\u00e9e en 1999 par Karl Lagerfeld \u00e0 Paris","publisher":{"@id":"https:\/\/librairie7l.com\/en\/#organization"},"potentialAction":[{"@type":"SearchAction","target":{"@type":"EntryPoint","urlTemplate":"https:\/\/librairie7l.com\/en\/?s={search_term_string}"},"query-input":"required name=search_term_string"}],"inLanguage":"en-US"},{"@type":"Organization","@id":"https:\/\/librairie7l.com\/en\/#organization","name":"Librairie 7L","url":"https:\/\/librairie7l.com\/en\/","logo":{"@type":"ImageObject","inLanguage":"en-US","@id":"https:\/\/librairie7l.com\/en\/#\/schema\/logo\/image\/","url":"https:\/\/librairie7l.com\/wp-content\/uploads\/2022\/08\/logo-1.png","contentUrl":"https:\/\/librairie7l.com\/wp-content\/uploads\/2022\/08\/logo-1.png","width":227,"height":301,"caption":"Librairie 7L"},"image":{"@id":"https:\/\/librairie7l.com\/en\/#\/schema\/logo\/image\/"}}]}},"_links":{"self":[{"href":"https:\/\/librairie7l.com\/en\/wp-json\/wp\/v2\/product\/41235"}],"collection":[{"href":"https:\/\/librairie7l.com\/en\/wp-json\/wp\/v2\/product"}],"about":[{"href":"https:\/\/librairie7l.com\/en\/wp-json\/wp\/v2\/types\/product"}],"wp:featuredmedia":[{"embeddable":true,"href":"https:\/\/librairie7l.com\/en\/wp-json\/wp\/v2\/media\/41233"}],"wp:attachment":[{"href":"https:\/\/librairie7l.com\/en\/wp-json\/wp\/v2\/media?parent=41235"}],"wp:term":[{"taxonomy":"product_cat","embeddable":true,"href":"https:\/\/librairie7l.com\/en\/wp-json\/wp\/v2\/product_cat?post=41235"},{"taxonomy":"product_tag","embeddable":true,"href":"https:\/\/librairie7l.com\/en\/wp-json\/wp\/v2\/product_tag?post=41235"}],"curies":[{"name":"wp","href":"https:\/\/api.w.org\/{rel}","templated":true}]}}