{"id":41239,"date":"2024-06-04T09:18:09","date_gmt":"2024-06-04T07:18:09","guid":{"rendered":"https:\/\/librairie7l.com\/?post_type=product&#038;p=41239"},"modified":"2026-04-10T08:21:24","modified_gmt":"2026-04-10T06:21:24","slug":"jacqueline-lerat","status":"publish","type":"product","link":"https:\/\/librairie7l.com\/en\/produit\/jacqueline-lerat\/","title":{"rendered":"JACQUELINE LERAT"},"content":{"rendered":"<p>Ce premier livre sur Jacqueline Lerat (1920-2009) permet, avec l&#8217;appui de ses amis, de retracer soixante-dix ans de passion pour la cr\u00e9ation c\u00e9ramique. A la Borne o\u00f9 elle trouve d\u00e9finitivement sa mati\u00e8re, le gr\u00e8s cuit en grand feu, elle d\u00e9couvre l&#8217;art populaire puis l&#8217;art roman. Install\u00e9e \u00e0 Bourges avec son mari le sculpteur Jean Lerat, elle explore d\u00e8s les ann\u00e9es 1960, une voie ouvrant l&#8217;art c\u00e9ramique \u00e0 une modernit\u00e9 qu&#8217;elle suit avec int\u00e9r\u00eat dans les autres domaines artistiques. De 1966 \u00e0 1988, d&#8217;abord avec Jean, elle anime l&#8217;atelier de c\u00e9ramique du d\u00e9partement Art \u00e0 l&#8217;Ecole nationale des Beaux-Arts de Bourges, participant \u00e0 cette lib\u00e9ration de la forme qui s&#8217;affirme dans les ann\u00e9es 1970.<br \/>\nApr\u00e8s la disparition de Jean en 1992, elle continue seule sa cr\u00e9ation marqu\u00e9e par son d\u00e9sir d&#8217;\u00eatre dans le mouvement des choses et jusqu&#8217;\u00e0 son dernier souffle en 2009, elle fait de son travail \u00e0 l&#8217;atelier une priorit\u00e9, en harmonie avec son jardin et nourrie par ses lectures de po\u00e8tes et de philosophes contemporains. Cette derni\u00e8re p\u00e9riode, bien repr\u00e9sent\u00e9e par des sculptures souvent anthropomorphes, t\u00e9moigne du d\u00e9fi d&#8217;inscrire sa relation au monde dans une oeuvre de terre.<\/p>\n","protected":false},"excerpt":{"rendered":"<p>Ce premier livre sur Jacqueline Lerat (1920-2009) permet, avec l&#8217;appui de ses amis, de retracer soixante-dix ans de passion pour la cr\u00e9ation c\u00e9ramique. A la Borne o\u00f9 elle trouve d\u00e9finitivement sa mati\u00e8re, le gr\u00e8s cuit en grand feu, elle d\u00e9couvre l&#8217;art populaire puis l&#8217;art roman. Install\u00e9e \u00e0 Bourges avec son mari le sculpteur Jean Lerat, [&hellip;]<\/p>\n","protected":false},"featured_media":41237,"template":"","meta":[],"product_cat":[2948,2952],"product_tag":[],"acf":[],"yoast_head":"<!-- This site is optimized with the Yoast SEO plugin v20.11 - https:\/\/yoast.com\/wordpress\/plugins\/seo\/ -->\n<title>Jacqueline Lerat - Librairie 7L<\/title>\n<meta name=\"robots\" content=\"index, follow, max-snippet:-1, max-image-preview:large, max-video-preview:-1\" \/>\n<link rel=\"canonical\" href=\"https:\/\/librairie7l.com\/en\/produit\/jacqueline-lerat\/\" \/>\n<meta property=\"og:locale\" content=\"en_US\" \/>\n<meta property=\"og:type\" content=\"article\" \/>\n<meta property=\"og:title\" content=\"Jacqueline Lerat - Librairie 7L\" \/>\n<meta property=\"og:description\" content=\"Ce premier livre sur Jacqueline Lerat (1920-2009) permet, avec l&#8217;appui de ses amis, de retracer soixante-dix ans de passion pour la cr\u00e9ation c\u00e9ramique. A la Borne o\u00f9 elle trouve d\u00e9finitivement sa mati\u00e8re, le gr\u00e8s cuit en grand feu, elle d\u00e9couvre l&#8217;art populaire puis l&#8217;art roman. Install\u00e9e \u00e0 Bourges avec son mari le sculpteur Jean Lerat, [&hellip;]\" \/>\n<meta property=\"og:url\" content=\"https:\/\/librairie7l.com\/en\/produit\/jacqueline-lerat\/\" \/>\n<meta property=\"og:site_name\" content=\"Librairie 7L\" \/>\n<meta property=\"article:modified_time\" content=\"2026-04-10T06:21:24+00:00\" \/>\n<meta property=\"og:image\" content=\"https:\/\/librairie7l.com\/wp-content\/uploads\/2020\/02\/9782908988536_1_75.jpg\" \/>\n\t<meta property=\"og:image:width\" content=\"456\" \/>\n\t<meta property=\"og:image:height\" content=\"500\" \/>\n\t<meta property=\"og:image:type\" content=\"image\/jpeg\" \/>\n<meta name=\"twitter:card\" content=\"summary_large_image\" \/>\n<meta name=\"twitter:label1\" content=\"Est. reading time\" \/>\n\t<meta name=\"twitter:data1\" content=\"1 minute\" \/>\n<script type=\"application\/ld+json\" class=\"yoast-schema-graph\">{\"@context\":\"https:\/\/schema.org\",\"@graph\":[{\"@type\":\"WebPage\",\"@id\":\"https:\/\/librairie7l.com\/en\/produit\/jacqueline-lerat\/\",\"url\":\"https:\/\/librairie7l.com\/en\/produit\/jacqueline-lerat\/\",\"name\":\"Jacqueline Lerat - Librairie 7L\",\"isPartOf\":{\"@id\":\"https:\/\/librairie7l.com\/en\/#website\"},\"datePublished\":\"2024-06-04T07:18:09+00:00\",\"dateModified\":\"2026-04-10T06:21:24+00:00\",\"breadcrumb\":{\"@id\":\"https:\/\/librairie7l.com\/en\/produit\/jacqueline-lerat\/#breadcrumb\"},\"inLanguage\":\"en-US\",\"potentialAction\":[{\"@type\":\"ReadAction\",\"target\":[\"https:\/\/librairie7l.com\/en\/produit\/jacqueline-lerat\/\"]}]},{\"@type\":\"BreadcrumbList\",\"@id\":\"https:\/\/librairie7l.com\/en\/produit\/jacqueline-lerat\/#breadcrumb\",\"itemListElement\":[{\"@type\":\"ListItem\",\"position\":1,\"name\":\"Accueil\",\"item\":\"https:\/\/librairie7l.com\/en\/\"},{\"@type\":\"ListItem\",\"position\":2,\"name\":\"Shop\",\"item\":\"https:\/\/librairie7l.com\/en\/shop\/\"},{\"@type\":\"ListItem\",\"position\":3,\"name\":\"JACQUELINE LERAT\"}]},{\"@type\":\"WebSite\",\"@id\":\"https:\/\/librairie7l.com\/en\/#website\",\"url\":\"https:\/\/librairie7l.com\/en\/\",\"name\":\"Librairie 7L\",\"description\":\"Librairie fond\u00e9e en 1999 par Karl Lagerfeld \u00e0 Paris\",\"publisher\":{\"@id\":\"https:\/\/librairie7l.com\/en\/#organization\"},\"potentialAction\":[{\"@type\":\"SearchAction\",\"target\":{\"@type\":\"EntryPoint\",\"urlTemplate\":\"https:\/\/librairie7l.com\/en\/?s={search_term_string}\"},\"query-input\":\"required name=search_term_string\"}],\"inLanguage\":\"en-US\"},{\"@type\":\"Organization\",\"@id\":\"https:\/\/librairie7l.com\/en\/#organization\",\"name\":\"Librairie 7L\",\"url\":\"https:\/\/librairie7l.com\/en\/\",\"logo\":{\"@type\":\"ImageObject\",\"inLanguage\":\"en-US\",\"@id\":\"https:\/\/librairie7l.com\/en\/#\/schema\/logo\/image\/\",\"url\":\"https:\/\/librairie7l.com\/wp-content\/uploads\/2022\/08\/logo-1.png\",\"contentUrl\":\"https:\/\/librairie7l.com\/wp-content\/uploads\/2022\/08\/logo-1.png\",\"width\":227,\"height\":301,\"caption\":\"Librairie 7L\"},\"image\":{\"@id\":\"https:\/\/librairie7l.com\/en\/#\/schema\/logo\/image\/\"}}]}<\/script>\n<!-- \/ Yoast SEO plugin. -->","yoast_head_json":{"title":"Jacqueline Lerat - Librairie 7L","robots":{"index":"index","follow":"follow","max-snippet":"max-snippet:-1","max-image-preview":"max-image-preview:large","max-video-preview":"max-video-preview:-1"},"canonical":"https:\/\/librairie7l.com\/en\/produit\/jacqueline-lerat\/","og_locale":"en_US","og_type":"article","og_title":"Jacqueline Lerat - Librairie 7L","og_description":"Ce premier livre sur Jacqueline Lerat (1920-2009) permet, avec l&#8217;appui de ses amis, de retracer soixante-dix ans de passion pour la cr\u00e9ation c\u00e9ramique. A la Borne o\u00f9 elle trouve d\u00e9finitivement sa mati\u00e8re, le gr\u00e8s cuit en grand feu, elle d\u00e9couvre l&#8217;art populaire puis l&#8217;art roman. Install\u00e9e \u00e0 Bourges avec son mari le sculpteur Jean Lerat, [&hellip;]","og_url":"https:\/\/librairie7l.com\/en\/produit\/jacqueline-lerat\/","og_site_name":"Librairie 7L","article_modified_time":"2026-04-10T06:21:24+00:00","og_image":[{"width":456,"height":500,"url":"https:\/\/librairie7l.com\/wp-content\/uploads\/2020\/02\/9782908988536_1_75.jpg","type":"image\/jpeg"}],"twitter_card":"summary_large_image","twitter_misc":{"Est. reading time":"1 minute"},"schema":{"@context":"https:\/\/schema.org","@graph":[{"@type":"WebPage","@id":"https:\/\/librairie7l.com\/en\/produit\/jacqueline-lerat\/","url":"https:\/\/librairie7l.com\/en\/produit\/jacqueline-lerat\/","name":"Jacqueline Lerat - Librairie 7L","isPartOf":{"@id":"https:\/\/librairie7l.com\/en\/#website"},"datePublished":"2024-06-04T07:18:09+00:00","dateModified":"2026-04-10T06:21:24+00:00","breadcrumb":{"@id":"https:\/\/librairie7l.com\/en\/produit\/jacqueline-lerat\/#breadcrumb"},"inLanguage":"en-US","potentialAction":[{"@type":"ReadAction","target":["https:\/\/librairie7l.com\/en\/produit\/jacqueline-lerat\/"]}]},{"@type":"BreadcrumbList","@id":"https:\/\/librairie7l.com\/en\/produit\/jacqueline-lerat\/#breadcrumb","itemListElement":[{"@type":"ListItem","position":1,"name":"Accueil","item":"https:\/\/librairie7l.com\/en\/"},{"@type":"ListItem","position":2,"name":"Shop","item":"https:\/\/librairie7l.com\/en\/shop\/"},{"@type":"ListItem","position":3,"name":"JACQUELINE LERAT"}]},{"@type":"WebSite","@id":"https:\/\/librairie7l.com\/en\/#website","url":"https:\/\/librairie7l.com\/en\/","name":"Librairie 7L","description":"Librairie fond\u00e9e en 1999 par Karl Lagerfeld \u00e0 Paris","publisher":{"@id":"https:\/\/librairie7l.com\/en\/#organization"},"potentialAction":[{"@type":"SearchAction","target":{"@type":"EntryPoint","urlTemplate":"https:\/\/librairie7l.com\/en\/?s={search_term_string}"},"query-input":"required name=search_term_string"}],"inLanguage":"en-US"},{"@type":"Organization","@id":"https:\/\/librairie7l.com\/en\/#organization","name":"Librairie 7L","url":"https:\/\/librairie7l.com\/en\/","logo":{"@type":"ImageObject","inLanguage":"en-US","@id":"https:\/\/librairie7l.com\/en\/#\/schema\/logo\/image\/","url":"https:\/\/librairie7l.com\/wp-content\/uploads\/2022\/08\/logo-1.png","contentUrl":"https:\/\/librairie7l.com\/wp-content\/uploads\/2022\/08\/logo-1.png","width":227,"height":301,"caption":"Librairie 7L"},"image":{"@id":"https:\/\/librairie7l.com\/en\/#\/schema\/logo\/image\/"}}]}},"_links":{"self":[{"href":"https:\/\/librairie7l.com\/en\/wp-json\/wp\/v2\/product\/41239"}],"collection":[{"href":"https:\/\/librairie7l.com\/en\/wp-json\/wp\/v2\/product"}],"about":[{"href":"https:\/\/librairie7l.com\/en\/wp-json\/wp\/v2\/types\/product"}],"wp:featuredmedia":[{"embeddable":true,"href":"https:\/\/librairie7l.com\/en\/wp-json\/wp\/v2\/media\/41237"}],"wp:attachment":[{"href":"https:\/\/librairie7l.com\/en\/wp-json\/wp\/v2\/media?parent=41239"}],"wp:term":[{"taxonomy":"product_cat","embeddable":true,"href":"https:\/\/librairie7l.com\/en\/wp-json\/wp\/v2\/product_cat?post=41239"},{"taxonomy":"product_tag","embeddable":true,"href":"https:\/\/librairie7l.com\/en\/wp-json\/wp\/v2\/product_tag?post=41239"}],"curies":[{"name":"wp","href":"https:\/\/api.w.org\/{rel}","templated":true}]}}