{"id":41243,"date":"2024-06-04T09:18:13","date_gmt":"2024-06-04T07:18:13","guid":{"rendered":"https:\/\/librairie7l.com\/?post_type=product&#038;p=41243"},"modified":"2026-05-09T07:46:20","modified_gmt":"2026-05-09T05:46:20","slug":"geraldine-gonzalez-lorfevre-de-la-lumiere","status":"publish","type":"product","link":"https:\/\/librairie7l.com\/en\/produit\/geraldine-gonzalez-lorfevre-de-la-lumiere\/","title":{"rendered":"G\u00c9RALDINE GONZALEZ, L&#8217;ORF\u00c8VRE DE LA LUMI\u00c8RE"},"content":{"rendered":"<p>L&#8217;art voyage parfois \u00e0 la vitesse de la lumi\u00e8re&#8230; Il \u00e9mane des sculptures de G\u00e9raldine Gonzalez, \u00e0 mi-chemin de l&#8217;anamorphose et de l&#8217;illumination, un climat d&#8217;apesanteur. Leur \u00e9clat d\u00e9fie les lois de la gravit\u00e9 et leur aura agit sur notre imagination \u00e0 la mani\u00e8re de ces miroirs qui pr\u00e9f\u00e8rent l&#8217;invisible au monde pr\u00e9sum\u00e9 visible. &#8220;Cr\u00e9er un conte de f\u00e9es o\u00f9 les f\u00e9es n&#8217;apparaissent pas&#8221;. Comme Jean Cocteau avec La Belle et la B\u00eate, G\u00e9raldine Gonzalez construit un univers o\u00f9 le naturel c\u00f4toie le surnaturel et o\u00f9 le sentiment de l\u00e9ger d\u00e9s\u00e9quilibre est produit par une \u00e9trange familiarit\u00e9. Derri\u00e8re chaque scintillement, quelque spectre pourrait bien s&#8217;avancer.<\/p>\n","protected":false},"excerpt":{"rendered":"<p>L&#8217;art voyage parfois \u00e0 la vitesse de la lumi\u00e8re&#8230; Il \u00e9mane des sculptures de G\u00e9raldine Gonzalez, \u00e0 mi-chemin de l&#8217;anamorphose et de l&#8217;illumination, un climat d&#8217;apesanteur. Leur \u00e9clat d\u00e9fie les lois de la gravit\u00e9 et leur aura agit sur notre imagination \u00e0 la mani\u00e8re de ces miroirs qui pr\u00e9f\u00e8rent l&#8217;invisible au monde pr\u00e9sum\u00e9 visible. &#8220;Cr\u00e9er [&hellip;]<\/p>\n","protected":false},"featured_media":41241,"template":"","meta":[],"product_cat":[2948,2952],"product_tag":[],"acf":[],"yoast_head":"<!-- This site is optimized with the Yoast SEO plugin v20.11 - https:\/\/yoast.com\/wordpress\/plugins\/seo\/ -->\n<title>G\u00e9raldine Gonzalez, l&#039;orf\u00e8vre de la lumi\u00e8re - Librairie 7L<\/title>\n<meta name=\"robots\" content=\"index, follow, max-snippet:-1, max-image-preview:large, max-video-preview:-1\" \/>\n<link rel=\"canonical\" href=\"https:\/\/librairie7l.com\/en\/produit\/geraldine-gonzalez-lorfevre-de-la-lumiere\/\" \/>\n<meta property=\"og:locale\" content=\"en_US\" \/>\n<meta property=\"og:type\" content=\"article\" \/>\n<meta property=\"og:title\" content=\"G\u00e9raldine Gonzalez, l&#039;orf\u00e8vre de la lumi\u00e8re - Librairie 7L\" \/>\n<meta property=\"og:description\" content=\"L&#8217;art voyage parfois \u00e0 la vitesse de la lumi\u00e8re&#8230; Il \u00e9mane des sculptures de G\u00e9raldine Gonzalez, \u00e0 mi-chemin de l&#8217;anamorphose et de l&#8217;illumination, un climat d&#8217;apesanteur. Leur \u00e9clat d\u00e9fie les lois de la gravit\u00e9 et leur aura agit sur notre imagination \u00e0 la mani\u00e8re de ces miroirs qui pr\u00e9f\u00e8rent l&#8217;invisible au monde pr\u00e9sum\u00e9 visible. &#8220;Cr\u00e9er [&hellip;]\" \/>\n<meta property=\"og:url\" content=\"https:\/\/librairie7l.com\/en\/produit\/geraldine-gonzalez-lorfevre-de-la-lumiere\/\" \/>\n<meta property=\"og:site_name\" content=\"Librairie 7L\" \/>\n<meta property=\"article:modified_time\" content=\"2026-05-09T05:46:20+00:00\" \/>\n<meta property=\"og:image\" content=\"https:\/\/librairie7l.com\/wp-content\/uploads\/2019\/12\/9791096404179_1_75.jpg\" \/>\n\t<meta property=\"og:image:width\" content=\"400\" \/>\n\t<meta property=\"og:image:height\" content=\"491\" \/>\n\t<meta property=\"og:image:type\" content=\"image\/jpeg\" \/>\n<meta name=\"twitter:card\" content=\"summary_large_image\" \/>\n<meta name=\"twitter:label1\" content=\"Est. reading time\" \/>\n\t<meta name=\"twitter:data1\" content=\"1 minute\" \/>\n<script type=\"application\/ld+json\" class=\"yoast-schema-graph\">{\"@context\":\"https:\/\/schema.org\",\"@graph\":[{\"@type\":\"WebPage\",\"@id\":\"https:\/\/librairie7l.com\/en\/produit\/geraldine-gonzalez-lorfevre-de-la-lumiere\/\",\"url\":\"https:\/\/librairie7l.com\/en\/produit\/geraldine-gonzalez-lorfevre-de-la-lumiere\/\",\"name\":\"G\u00e9raldine Gonzalez, l'orf\u00e8vre de la lumi\u00e8re - Librairie 7L\",\"isPartOf\":{\"@id\":\"https:\/\/librairie7l.com\/en\/#website\"},\"datePublished\":\"2024-06-04T07:18:13+00:00\",\"dateModified\":\"2026-05-09T05:46:20+00:00\",\"breadcrumb\":{\"@id\":\"https:\/\/librairie7l.com\/en\/produit\/geraldine-gonzalez-lorfevre-de-la-lumiere\/#breadcrumb\"},\"inLanguage\":\"en-US\",\"potentialAction\":[{\"@type\":\"ReadAction\",\"target\":[\"https:\/\/librairie7l.com\/en\/produit\/geraldine-gonzalez-lorfevre-de-la-lumiere\/\"]}]},{\"@type\":\"BreadcrumbList\",\"@id\":\"https:\/\/librairie7l.com\/en\/produit\/geraldine-gonzalez-lorfevre-de-la-lumiere\/#breadcrumb\",\"itemListElement\":[{\"@type\":\"ListItem\",\"position\":1,\"name\":\"Accueil\",\"item\":\"https:\/\/librairie7l.com\/en\/\"},{\"@type\":\"ListItem\",\"position\":2,\"name\":\"Shop\",\"item\":\"https:\/\/librairie7l.com\/en\/shop\/\"},{\"@type\":\"ListItem\",\"position\":3,\"name\":\"G\u00c9RALDINE GONZALEZ, L&#8217;ORF\u00c8VRE DE LA LUMI\u00c8RE\"}]},{\"@type\":\"WebSite\",\"@id\":\"https:\/\/librairie7l.com\/en\/#website\",\"url\":\"https:\/\/librairie7l.com\/en\/\",\"name\":\"Librairie 7L\",\"description\":\"Librairie fond\u00e9e en 1999 par Karl Lagerfeld \u00e0 Paris\",\"publisher\":{\"@id\":\"https:\/\/librairie7l.com\/en\/#organization\"},\"potentialAction\":[{\"@type\":\"SearchAction\",\"target\":{\"@type\":\"EntryPoint\",\"urlTemplate\":\"https:\/\/librairie7l.com\/en\/?s={search_term_string}\"},\"query-input\":\"required name=search_term_string\"}],\"inLanguage\":\"en-US\"},{\"@type\":\"Organization\",\"@id\":\"https:\/\/librairie7l.com\/en\/#organization\",\"name\":\"Librairie 7L\",\"url\":\"https:\/\/librairie7l.com\/en\/\",\"logo\":{\"@type\":\"ImageObject\",\"inLanguage\":\"en-US\",\"@id\":\"https:\/\/librairie7l.com\/en\/#\/schema\/logo\/image\/\",\"url\":\"https:\/\/librairie7l.com\/wp-content\/uploads\/2022\/08\/logo-1.png\",\"contentUrl\":\"https:\/\/librairie7l.com\/wp-content\/uploads\/2022\/08\/logo-1.png\",\"width\":227,\"height\":301,\"caption\":\"Librairie 7L\"},\"image\":{\"@id\":\"https:\/\/librairie7l.com\/en\/#\/schema\/logo\/image\/\"}}]}<\/script>\n<!-- \/ Yoast SEO plugin. -->","yoast_head_json":{"title":"G\u00e9raldine Gonzalez, l'orf\u00e8vre de la lumi\u00e8re - Librairie 7L","robots":{"index":"index","follow":"follow","max-snippet":"max-snippet:-1","max-image-preview":"max-image-preview:large","max-video-preview":"max-video-preview:-1"},"canonical":"https:\/\/librairie7l.com\/en\/produit\/geraldine-gonzalez-lorfevre-de-la-lumiere\/","og_locale":"en_US","og_type":"article","og_title":"G\u00e9raldine Gonzalez, l'orf\u00e8vre de la lumi\u00e8re - Librairie 7L","og_description":"L&#8217;art voyage parfois \u00e0 la vitesse de la lumi\u00e8re&#8230; Il \u00e9mane des sculptures de G\u00e9raldine Gonzalez, \u00e0 mi-chemin de l&#8217;anamorphose et de l&#8217;illumination, un climat d&#8217;apesanteur. Leur \u00e9clat d\u00e9fie les lois de la gravit\u00e9 et leur aura agit sur notre imagination \u00e0 la mani\u00e8re de ces miroirs qui pr\u00e9f\u00e8rent l&#8217;invisible au monde pr\u00e9sum\u00e9 visible. &#8220;Cr\u00e9er [&hellip;]","og_url":"https:\/\/librairie7l.com\/en\/produit\/geraldine-gonzalez-lorfevre-de-la-lumiere\/","og_site_name":"Librairie 7L","article_modified_time":"2026-05-09T05:46:20+00:00","og_image":[{"width":400,"height":491,"url":"https:\/\/librairie7l.com\/wp-content\/uploads\/2019\/12\/9791096404179_1_75.jpg","type":"image\/jpeg"}],"twitter_card":"summary_large_image","twitter_misc":{"Est. reading time":"1 minute"},"schema":{"@context":"https:\/\/schema.org","@graph":[{"@type":"WebPage","@id":"https:\/\/librairie7l.com\/en\/produit\/geraldine-gonzalez-lorfevre-de-la-lumiere\/","url":"https:\/\/librairie7l.com\/en\/produit\/geraldine-gonzalez-lorfevre-de-la-lumiere\/","name":"G\u00e9raldine Gonzalez, l'orf\u00e8vre de la lumi\u00e8re - Librairie 7L","isPartOf":{"@id":"https:\/\/librairie7l.com\/en\/#website"},"datePublished":"2024-06-04T07:18:13+00:00","dateModified":"2026-05-09T05:46:20+00:00","breadcrumb":{"@id":"https:\/\/librairie7l.com\/en\/produit\/geraldine-gonzalez-lorfevre-de-la-lumiere\/#breadcrumb"},"inLanguage":"en-US","potentialAction":[{"@type":"ReadAction","target":["https:\/\/librairie7l.com\/en\/produit\/geraldine-gonzalez-lorfevre-de-la-lumiere\/"]}]},{"@type":"BreadcrumbList","@id":"https:\/\/librairie7l.com\/en\/produit\/geraldine-gonzalez-lorfevre-de-la-lumiere\/#breadcrumb","itemListElement":[{"@type":"ListItem","position":1,"name":"Accueil","item":"https:\/\/librairie7l.com\/en\/"},{"@type":"ListItem","position":2,"name":"Shop","item":"https:\/\/librairie7l.com\/en\/shop\/"},{"@type":"ListItem","position":3,"name":"G\u00c9RALDINE GONZALEZ, L&#8217;ORF\u00c8VRE DE LA LUMI\u00c8RE"}]},{"@type":"WebSite","@id":"https:\/\/librairie7l.com\/en\/#website","url":"https:\/\/librairie7l.com\/en\/","name":"Librairie 7L","description":"Librairie fond\u00e9e en 1999 par Karl Lagerfeld \u00e0 Paris","publisher":{"@id":"https:\/\/librairie7l.com\/en\/#organization"},"potentialAction":[{"@type":"SearchAction","target":{"@type":"EntryPoint","urlTemplate":"https:\/\/librairie7l.com\/en\/?s={search_term_string}"},"query-input":"required name=search_term_string"}],"inLanguage":"en-US"},{"@type":"Organization","@id":"https:\/\/librairie7l.com\/en\/#organization","name":"Librairie 7L","url":"https:\/\/librairie7l.com\/en\/","logo":{"@type":"ImageObject","inLanguage":"en-US","@id":"https:\/\/librairie7l.com\/en\/#\/schema\/logo\/image\/","url":"https:\/\/librairie7l.com\/wp-content\/uploads\/2022\/08\/logo-1.png","contentUrl":"https:\/\/librairie7l.com\/wp-content\/uploads\/2022\/08\/logo-1.png","width":227,"height":301,"caption":"Librairie 7L"},"image":{"@id":"https:\/\/librairie7l.com\/en\/#\/schema\/logo\/image\/"}}]}},"_links":{"self":[{"href":"https:\/\/librairie7l.com\/en\/wp-json\/wp\/v2\/product\/41243"}],"collection":[{"href":"https:\/\/librairie7l.com\/en\/wp-json\/wp\/v2\/product"}],"about":[{"href":"https:\/\/librairie7l.com\/en\/wp-json\/wp\/v2\/types\/product"}],"wp:featuredmedia":[{"embeddable":true,"href":"https:\/\/librairie7l.com\/en\/wp-json\/wp\/v2\/media\/41241"}],"wp:attachment":[{"href":"https:\/\/librairie7l.com\/en\/wp-json\/wp\/v2\/media?parent=41243"}],"wp:term":[{"taxonomy":"product_cat","embeddable":true,"href":"https:\/\/librairie7l.com\/en\/wp-json\/wp\/v2\/product_cat?post=41243"},{"taxonomy":"product_tag","embeddable":true,"href":"https:\/\/librairie7l.com\/en\/wp-json\/wp\/v2\/product_tag?post=41243"}],"curies":[{"name":"wp","href":"https:\/\/api.w.org\/{rel}","templated":true}]}}