{"id":41251,"date":"2024-06-04T09:18:18","date_gmt":"2024-06-04T07:18:18","guid":{"rendered":"https:\/\/librairie7l.com\/?post_type=product&#038;p=41251"},"modified":"2026-04-12T08:52:24","modified_gmt":"2026-04-12T06:52:24","slug":"hans-coper","status":"publish","type":"product","link":"https:\/\/librairie7l.com\/en\/produit\/hans-coper\/","title":{"rendered":"HANS COPER"},"content":{"rendered":"<p>Hans Coper (1920-1981) figure parmi les artistes c\u00e9ramistes les plus importants du XX\u00e8me si\u00e8cle.<br \/>\nCette biographie document\u00e9e \u00e9crite avec sobri\u00e9t\u00e9 donne des \u00e9l\u00e9ments d&#8217;appr\u00e9ciation sur l&#8217;homme, son temp\u00e9rament et ses m\u00e9thodes de travail. Hans Coper eut une grande influence sur la c\u00e9ramique anglaise d\u00e8s les ann\u00e9es cinquante par ses expositions mais aussi par son talent de p\u00e9dagogue qu&#8217;il exer\u00e7a au Royal College of Art \u00e0 Londres et qui marqua une g\u00e9n\u00e9ration d&#8217;\u00e9tudiants.<\/p>\n","protected":false},"excerpt":{"rendered":"<p>Hans Coper (1920-1981) figure parmi les artistes c\u00e9ramistes les plus importants du XX\u00e8me si\u00e8cle. Cette biographie document\u00e9e \u00e9crite avec sobri\u00e9t\u00e9 donne des \u00e9l\u00e9ments d&#8217;appr\u00e9ciation sur l&#8217;homme, son temp\u00e9rament et ses m\u00e9thodes de travail. Hans Coper eut une grande influence sur la c\u00e9ramique anglaise d\u00e8s les ann\u00e9es cinquante par ses expositions mais aussi par son talent [&hellip;]<\/p>\n","protected":false},"featured_media":41249,"template":"","meta":[],"product_cat":[2948,2952],"product_tag":[],"acf":[],"yoast_head":"<!-- This site is optimized with the Yoast SEO plugin v20.11 - https:\/\/yoast.com\/wordpress\/plugins\/seo\/ -->\n<title>Hans Coper - Librairie 7L<\/title>\n<meta name=\"robots\" content=\"index, follow, max-snippet:-1, max-image-preview:large, max-video-preview:-1\" \/>\n<link rel=\"canonical\" href=\"https:\/\/librairie7l.com\/en\/produit\/hans-coper\/\" \/>\n<meta property=\"og:locale\" content=\"en_US\" \/>\n<meta property=\"og:type\" content=\"article\" \/>\n<meta property=\"og:title\" content=\"Hans Coper - Librairie 7L\" \/>\n<meta property=\"og:description\" content=\"Hans Coper (1920-1981) figure parmi les artistes c\u00e9ramistes les plus importants du XX\u00e8me si\u00e8cle. Cette biographie document\u00e9e \u00e9crite avec sobri\u00e9t\u00e9 donne des \u00e9l\u00e9ments d&#8217;appr\u00e9ciation sur l&#8217;homme, son temp\u00e9rament et ses m\u00e9thodes de travail. Hans Coper eut une grande influence sur la c\u00e9ramique anglaise d\u00e8s les ann\u00e9es cinquante par ses expositions mais aussi par son talent [&hellip;]\" \/>\n<meta property=\"og:url\" content=\"https:\/\/librairie7l.com\/en\/produit\/hans-coper\/\" \/>\n<meta property=\"og:site_name\" content=\"Librairie 7L\" \/>\n<meta property=\"article:modified_time\" content=\"2026-04-12T06:52:24+00:00\" \/>\n<meta property=\"og:image\" content=\"https:\/\/librairie7l.com\/wp-content\/uploads\/2020\/03\/9782908988321_1_75.jpg\" \/>\n\t<meta property=\"og:image:width\" content=\"375\" \/>\n\t<meta property=\"og:image:height\" content=\"500\" \/>\n\t<meta property=\"og:image:type\" content=\"image\/jpeg\" \/>\n<meta name=\"twitter:card\" content=\"summary_large_image\" \/>\n<script type=\"application\/ld+json\" class=\"yoast-schema-graph\">{\"@context\":\"https:\/\/schema.org\",\"@graph\":[{\"@type\":\"WebPage\",\"@id\":\"https:\/\/librairie7l.com\/en\/produit\/hans-coper\/\",\"url\":\"https:\/\/librairie7l.com\/en\/produit\/hans-coper\/\",\"name\":\"Hans Coper - Librairie 7L\",\"isPartOf\":{\"@id\":\"https:\/\/librairie7l.com\/en\/#website\"},\"datePublished\":\"2024-06-04T07:18:18+00:00\",\"dateModified\":\"2026-04-12T06:52:24+00:00\",\"breadcrumb\":{\"@id\":\"https:\/\/librairie7l.com\/en\/produit\/hans-coper\/#breadcrumb\"},\"inLanguage\":\"en-US\",\"potentialAction\":[{\"@type\":\"ReadAction\",\"target\":[\"https:\/\/librairie7l.com\/en\/produit\/hans-coper\/\"]}]},{\"@type\":\"BreadcrumbList\",\"@id\":\"https:\/\/librairie7l.com\/en\/produit\/hans-coper\/#breadcrumb\",\"itemListElement\":[{\"@type\":\"ListItem\",\"position\":1,\"name\":\"Accueil\",\"item\":\"https:\/\/librairie7l.com\/en\/\"},{\"@type\":\"ListItem\",\"position\":2,\"name\":\"Shop\",\"item\":\"https:\/\/librairie7l.com\/en\/shop\/\"},{\"@type\":\"ListItem\",\"position\":3,\"name\":\"HANS COPER\"}]},{\"@type\":\"WebSite\",\"@id\":\"https:\/\/librairie7l.com\/en\/#website\",\"url\":\"https:\/\/librairie7l.com\/en\/\",\"name\":\"Librairie 7L\",\"description\":\"Librairie fond\u00e9e en 1999 par Karl Lagerfeld \u00e0 Paris\",\"publisher\":{\"@id\":\"https:\/\/librairie7l.com\/en\/#organization\"},\"potentialAction\":[{\"@type\":\"SearchAction\",\"target\":{\"@type\":\"EntryPoint\",\"urlTemplate\":\"https:\/\/librairie7l.com\/en\/?s={search_term_string}\"},\"query-input\":\"required name=search_term_string\"}],\"inLanguage\":\"en-US\"},{\"@type\":\"Organization\",\"@id\":\"https:\/\/librairie7l.com\/en\/#organization\",\"name\":\"Librairie 7L\",\"url\":\"https:\/\/librairie7l.com\/en\/\",\"logo\":{\"@type\":\"ImageObject\",\"inLanguage\":\"en-US\",\"@id\":\"https:\/\/librairie7l.com\/en\/#\/schema\/logo\/image\/\",\"url\":\"https:\/\/librairie7l.com\/wp-content\/uploads\/2022\/08\/logo-1.png\",\"contentUrl\":\"https:\/\/librairie7l.com\/wp-content\/uploads\/2022\/08\/logo-1.png\",\"width\":227,\"height\":301,\"caption\":\"Librairie 7L\"},\"image\":{\"@id\":\"https:\/\/librairie7l.com\/en\/#\/schema\/logo\/image\/\"}}]}<\/script>\n<!-- \/ Yoast SEO plugin. -->","yoast_head_json":{"title":"Hans Coper - Librairie 7L","robots":{"index":"index","follow":"follow","max-snippet":"max-snippet:-1","max-image-preview":"max-image-preview:large","max-video-preview":"max-video-preview:-1"},"canonical":"https:\/\/librairie7l.com\/en\/produit\/hans-coper\/","og_locale":"en_US","og_type":"article","og_title":"Hans Coper - Librairie 7L","og_description":"Hans Coper (1920-1981) figure parmi les artistes c\u00e9ramistes les plus importants du XX\u00e8me si\u00e8cle. Cette biographie document\u00e9e \u00e9crite avec sobri\u00e9t\u00e9 donne des \u00e9l\u00e9ments d&#8217;appr\u00e9ciation sur l&#8217;homme, son temp\u00e9rament et ses m\u00e9thodes de travail. Hans Coper eut une grande influence sur la c\u00e9ramique anglaise d\u00e8s les ann\u00e9es cinquante par ses expositions mais aussi par son talent [&hellip;]","og_url":"https:\/\/librairie7l.com\/en\/produit\/hans-coper\/","og_site_name":"Librairie 7L","article_modified_time":"2026-04-12T06:52:24+00:00","og_image":[{"width":375,"height":500,"url":"https:\/\/librairie7l.com\/wp-content\/uploads\/2020\/03\/9782908988321_1_75.jpg","type":"image\/jpeg"}],"twitter_card":"summary_large_image","schema":{"@context":"https:\/\/schema.org","@graph":[{"@type":"WebPage","@id":"https:\/\/librairie7l.com\/en\/produit\/hans-coper\/","url":"https:\/\/librairie7l.com\/en\/produit\/hans-coper\/","name":"Hans Coper - Librairie 7L","isPartOf":{"@id":"https:\/\/librairie7l.com\/en\/#website"},"datePublished":"2024-06-04T07:18:18+00:00","dateModified":"2026-04-12T06:52:24+00:00","breadcrumb":{"@id":"https:\/\/librairie7l.com\/en\/produit\/hans-coper\/#breadcrumb"},"inLanguage":"en-US","potentialAction":[{"@type":"ReadAction","target":["https:\/\/librairie7l.com\/en\/produit\/hans-coper\/"]}]},{"@type":"BreadcrumbList","@id":"https:\/\/librairie7l.com\/en\/produit\/hans-coper\/#breadcrumb","itemListElement":[{"@type":"ListItem","position":1,"name":"Accueil","item":"https:\/\/librairie7l.com\/en\/"},{"@type":"ListItem","position":2,"name":"Shop","item":"https:\/\/librairie7l.com\/en\/shop\/"},{"@type":"ListItem","position":3,"name":"HANS COPER"}]},{"@type":"WebSite","@id":"https:\/\/librairie7l.com\/en\/#website","url":"https:\/\/librairie7l.com\/en\/","name":"Librairie 7L","description":"Librairie fond\u00e9e en 1999 par Karl Lagerfeld \u00e0 Paris","publisher":{"@id":"https:\/\/librairie7l.com\/en\/#organization"},"potentialAction":[{"@type":"SearchAction","target":{"@type":"EntryPoint","urlTemplate":"https:\/\/librairie7l.com\/en\/?s={search_term_string}"},"query-input":"required name=search_term_string"}],"inLanguage":"en-US"},{"@type":"Organization","@id":"https:\/\/librairie7l.com\/en\/#organization","name":"Librairie 7L","url":"https:\/\/librairie7l.com\/en\/","logo":{"@type":"ImageObject","inLanguage":"en-US","@id":"https:\/\/librairie7l.com\/en\/#\/schema\/logo\/image\/","url":"https:\/\/librairie7l.com\/wp-content\/uploads\/2022\/08\/logo-1.png","contentUrl":"https:\/\/librairie7l.com\/wp-content\/uploads\/2022\/08\/logo-1.png","width":227,"height":301,"caption":"Librairie 7L"},"image":{"@id":"https:\/\/librairie7l.com\/en\/#\/schema\/logo\/image\/"}}]}},"_links":{"self":[{"href":"https:\/\/librairie7l.com\/en\/wp-json\/wp\/v2\/product\/41251"}],"collection":[{"href":"https:\/\/librairie7l.com\/en\/wp-json\/wp\/v2\/product"}],"about":[{"href":"https:\/\/librairie7l.com\/en\/wp-json\/wp\/v2\/types\/product"}],"wp:featuredmedia":[{"embeddable":true,"href":"https:\/\/librairie7l.com\/en\/wp-json\/wp\/v2\/media\/41249"}],"wp:attachment":[{"href":"https:\/\/librairie7l.com\/en\/wp-json\/wp\/v2\/media?parent=41251"}],"wp:term":[{"taxonomy":"product_cat","embeddable":true,"href":"https:\/\/librairie7l.com\/en\/wp-json\/wp\/v2\/product_cat?post=41251"},{"taxonomy":"product_tag","embeddable":true,"href":"https:\/\/librairie7l.com\/en\/wp-json\/wp\/v2\/product_tag?post=41251"}],"curies":[{"name":"wp","href":"https:\/\/api.w.org\/{rel}","templated":true}]}}