{"id":41259,"date":"2024-06-04T09:18:25","date_gmt":"2024-06-04T07:18:25","guid":{"rendered":"https:\/\/librairie7l.com\/?post_type=product&#038;p=41259"},"modified":"2026-04-10T08:19:28","modified_gmt":"2026-04-10T06:19:28","slug":"hydra","status":"publish","type":"product","link":"https:\/\/librairie7l.com\/en\/produit\/hydra\/","title":{"rendered":"HYDRA"},"content":{"rendered":"<p>Hydra est une magnifique et c\u00e9l\u00e8bre \u00eele grecque du golfe Saronique, situ\u00e9e au sud d &#8216;Ath\u00e8nes, dans la mer \u00c9g\u00e9e, en face de la p\u00e9ninsule de l&#8217;Argolide. Ses marchands et ses armateurs ont fait la fortune de l&#8217;\u00eele \u00e0 partir de la fin du XVIII&#8217; si\u00e8cle, puis ont jou\u00e9 un r\u00f4le d\u00e9terminant au moment de la guerre d&#8217;ind\u00e9pendance. Ils y ont construit des maisons simples et \u00e9l\u00e9gantes qui conservent toutes une atmosph\u00e8re unique. Catherine Panchout a visit\u00e9 et photographi\u00e9 ces maisons pendant douze ann\u00e9es, et elle r\u00e9unit pour la premi\u00e8re fois l&#8217;ensemble de ses photogra\u00b7 phies dans un bel ouvrage.<br \/>\nLes anecdotes racont\u00e9es par les habitants de ces maisons se superposent par fragments \u00e0 la perception de cette ville, \u00e9nigmatique lorsqu&#8217;on y arrive pour la premi\u00e8re fois. Les m\u00eames histoires reviennent toujours: leur coup de foudre pour J&#8217;\u00eele et le charme de la maison auquel ils n&#8217;ont pas r\u00e9sist\u00e9, la magie des couchers de soleil lorsque la lumi\u00e8re devient rose et mauve et que la silhouette du P\u00e9loponn\u00e8se se dessine en ombre chinoise derri\u00e8re les nombreux \u00eelots, la po\u00e9sie du port lorsque les centaines de petites lumi\u00e8res s&#8217;allument de toutes parts, les sou\u00b7 venirs inoubliables des soir\u00e9es \u00e9clair\u00e9es aux bougies et lampes \u00e0 huile lorsque l&#8217;\u00eele \u00e9tait sans \u00e9lectricit\u00e9. Tous ont pr\u00e9serv\u00e9 J&#8217;\u00e2me des maisons et la m\u00e9moire des lieux avec beaucoup de simplicit\u00e9, le mobilier trouv\u00e9 \u00e0 l&#8217;int\u00e9rieur a souvent \u00e9t\u00e9 gard\u00e9 tel quel, et le temps semble s&#8217;\u00eatre parfois arr\u00eat\u00e9 . ..<br \/>\nCatherine Panchout est photographe depuis 1982. Elle a collabor\u00e9 avec de prestigieux magazines de mode et de d\u00e9coration (Interiors, L&#8217;OEil, C\u00f4t\u00e9 Ouest, AD &#8230; ) avant de se consacrer \u00e0 des reportages sur les univers d &#8216;artistes et sur l&#8217;architecture et la d\u00e9coration.<\/p>\n","protected":false},"excerpt":{"rendered":"<p>Hydra est une magnifique et c\u00e9l\u00e8bre \u00eele grecque du golfe Saronique, situ\u00e9e au sud d &#8216;Ath\u00e8nes, dans la mer \u00c9g\u00e9e, en face de la p\u00e9ninsule de l&#8217;Argolide. Ses marchands et ses armateurs ont fait la fortune de l&#8217;\u00eele \u00e0 partir de la fin du XVIII&#8217; si\u00e8cle, puis ont jou\u00e9 un r\u00f4le d\u00e9terminant au moment de [&hellip;]<\/p>\n","protected":false},"featured_media":41257,"template":"","meta":[],"product_cat":[2948,2951],"product_tag":[],"acf":[],"yoast_head":"<!-- This site is optimized with the Yoast SEO plugin v20.11 - https:\/\/yoast.com\/wordpress\/plugins\/seo\/ -->\n<title>Hydra - Librairie 7L<\/title>\n<meta name=\"robots\" content=\"index, follow, max-snippet:-1, max-image-preview:large, max-video-preview:-1\" \/>\n<link rel=\"canonical\" href=\"https:\/\/librairie7l.com\/en\/produit\/hydra\/\" \/>\n<meta property=\"og:locale\" content=\"en_US\" \/>\n<meta property=\"og:type\" content=\"article\" \/>\n<meta property=\"og:title\" content=\"Hydra - Librairie 7L\" \/>\n<meta property=\"og:description\" content=\"Hydra est une magnifique et c\u00e9l\u00e8bre \u00eele grecque du golfe Saronique, situ\u00e9e au sud d &#8216;Ath\u00e8nes, dans la mer \u00c9g\u00e9e, en face de la p\u00e9ninsule de l&#8217;Argolide. Ses marchands et ses armateurs ont fait la fortune de l&#8217;\u00eele \u00e0 partir de la fin du XVIII&#8217; si\u00e8cle, puis ont jou\u00e9 un r\u00f4le d\u00e9terminant au moment de [&hellip;]\" \/>\n<meta property=\"og:url\" content=\"https:\/\/librairie7l.com\/en\/produit\/hydra\/\" \/>\n<meta property=\"og:site_name\" content=\"Librairie 7L\" \/>\n<meta property=\"article:modified_time\" content=\"2026-04-10T06:19:28+00:00\" \/>\n<meta property=\"og:image\" content=\"https:\/\/librairie7l.com\/wp-content\/uploads\/2014\/12\/9782353402120_1_75.jpg\" \/>\n\t<meta property=\"og:image:width\" content=\"1082\" \/>\n\t<meta property=\"og:image:height\" content=\"1000\" \/>\n\t<meta property=\"og:image:type\" content=\"image\/jpeg\" \/>\n<meta name=\"twitter:card\" content=\"summary_large_image\" \/>\n<meta name=\"twitter:label1\" content=\"Est. reading time\" \/>\n\t<meta name=\"twitter:data1\" content=\"2 minutes\" \/>\n<script type=\"application\/ld+json\" class=\"yoast-schema-graph\">{\"@context\":\"https:\/\/schema.org\",\"@graph\":[{\"@type\":\"WebPage\",\"@id\":\"https:\/\/librairie7l.com\/en\/produit\/hydra\/\",\"url\":\"https:\/\/librairie7l.com\/en\/produit\/hydra\/\",\"name\":\"Hydra - Librairie 7L\",\"isPartOf\":{\"@id\":\"https:\/\/librairie7l.com\/en\/#website\"},\"datePublished\":\"2024-06-04T07:18:25+00:00\",\"dateModified\":\"2026-04-10T06:19:28+00:00\",\"breadcrumb\":{\"@id\":\"https:\/\/librairie7l.com\/en\/produit\/hydra\/#breadcrumb\"},\"inLanguage\":\"en-US\",\"potentialAction\":[{\"@type\":\"ReadAction\",\"target\":[\"https:\/\/librairie7l.com\/en\/produit\/hydra\/\"]}]},{\"@type\":\"BreadcrumbList\",\"@id\":\"https:\/\/librairie7l.com\/en\/produit\/hydra\/#breadcrumb\",\"itemListElement\":[{\"@type\":\"ListItem\",\"position\":1,\"name\":\"Accueil\",\"item\":\"https:\/\/librairie7l.com\/en\/\"},{\"@type\":\"ListItem\",\"position\":2,\"name\":\"Shop\",\"item\":\"https:\/\/librairie7l.com\/en\/shop\/\"},{\"@type\":\"ListItem\",\"position\":3,\"name\":\"HYDRA\"}]},{\"@type\":\"WebSite\",\"@id\":\"https:\/\/librairie7l.com\/en\/#website\",\"url\":\"https:\/\/librairie7l.com\/en\/\",\"name\":\"Librairie 7L\",\"description\":\"Librairie fond\u00e9e en 1999 par Karl Lagerfeld \u00e0 Paris\",\"publisher\":{\"@id\":\"https:\/\/librairie7l.com\/en\/#organization\"},\"potentialAction\":[{\"@type\":\"SearchAction\",\"target\":{\"@type\":\"EntryPoint\",\"urlTemplate\":\"https:\/\/librairie7l.com\/en\/?s={search_term_string}\"},\"query-input\":\"required name=search_term_string\"}],\"inLanguage\":\"en-US\"},{\"@type\":\"Organization\",\"@id\":\"https:\/\/librairie7l.com\/en\/#organization\",\"name\":\"Librairie 7L\",\"url\":\"https:\/\/librairie7l.com\/en\/\",\"logo\":{\"@type\":\"ImageObject\",\"inLanguage\":\"en-US\",\"@id\":\"https:\/\/librairie7l.com\/en\/#\/schema\/logo\/image\/\",\"url\":\"https:\/\/librairie7l.com\/wp-content\/uploads\/2022\/08\/logo-1.png\",\"contentUrl\":\"https:\/\/librairie7l.com\/wp-content\/uploads\/2022\/08\/logo-1.png\",\"width\":227,\"height\":301,\"caption\":\"Librairie 7L\"},\"image\":{\"@id\":\"https:\/\/librairie7l.com\/en\/#\/schema\/logo\/image\/\"}}]}<\/script>\n<!-- \/ Yoast SEO plugin. -->","yoast_head_json":{"title":"Hydra - Librairie 7L","robots":{"index":"index","follow":"follow","max-snippet":"max-snippet:-1","max-image-preview":"max-image-preview:large","max-video-preview":"max-video-preview:-1"},"canonical":"https:\/\/librairie7l.com\/en\/produit\/hydra\/","og_locale":"en_US","og_type":"article","og_title":"Hydra - Librairie 7L","og_description":"Hydra est une magnifique et c\u00e9l\u00e8bre \u00eele grecque du golfe Saronique, situ\u00e9e au sud d &#8216;Ath\u00e8nes, dans la mer \u00c9g\u00e9e, en face de la p\u00e9ninsule de l&#8217;Argolide. Ses marchands et ses armateurs ont fait la fortune de l&#8217;\u00eele \u00e0 partir de la fin du XVIII&#8217; si\u00e8cle, puis ont jou\u00e9 un r\u00f4le d\u00e9terminant au moment de [&hellip;]","og_url":"https:\/\/librairie7l.com\/en\/produit\/hydra\/","og_site_name":"Librairie 7L","article_modified_time":"2026-04-10T06:19:28+00:00","og_image":[{"width":1082,"height":1000,"url":"https:\/\/librairie7l.com\/wp-content\/uploads\/2014\/12\/9782353402120_1_75.jpg","type":"image\/jpeg"}],"twitter_card":"summary_large_image","twitter_misc":{"Est. reading time":"2 minutes"},"schema":{"@context":"https:\/\/schema.org","@graph":[{"@type":"WebPage","@id":"https:\/\/librairie7l.com\/en\/produit\/hydra\/","url":"https:\/\/librairie7l.com\/en\/produit\/hydra\/","name":"Hydra - Librairie 7L","isPartOf":{"@id":"https:\/\/librairie7l.com\/en\/#website"},"datePublished":"2024-06-04T07:18:25+00:00","dateModified":"2026-04-10T06:19:28+00:00","breadcrumb":{"@id":"https:\/\/librairie7l.com\/en\/produit\/hydra\/#breadcrumb"},"inLanguage":"en-US","potentialAction":[{"@type":"ReadAction","target":["https:\/\/librairie7l.com\/en\/produit\/hydra\/"]}]},{"@type":"BreadcrumbList","@id":"https:\/\/librairie7l.com\/en\/produit\/hydra\/#breadcrumb","itemListElement":[{"@type":"ListItem","position":1,"name":"Accueil","item":"https:\/\/librairie7l.com\/en\/"},{"@type":"ListItem","position":2,"name":"Shop","item":"https:\/\/librairie7l.com\/en\/shop\/"},{"@type":"ListItem","position":3,"name":"HYDRA"}]},{"@type":"WebSite","@id":"https:\/\/librairie7l.com\/en\/#website","url":"https:\/\/librairie7l.com\/en\/","name":"Librairie 7L","description":"Librairie fond\u00e9e en 1999 par Karl Lagerfeld \u00e0 Paris","publisher":{"@id":"https:\/\/librairie7l.com\/en\/#organization"},"potentialAction":[{"@type":"SearchAction","target":{"@type":"EntryPoint","urlTemplate":"https:\/\/librairie7l.com\/en\/?s={search_term_string}"},"query-input":"required name=search_term_string"}],"inLanguage":"en-US"},{"@type":"Organization","@id":"https:\/\/librairie7l.com\/en\/#organization","name":"Librairie 7L","url":"https:\/\/librairie7l.com\/en\/","logo":{"@type":"ImageObject","inLanguage":"en-US","@id":"https:\/\/librairie7l.com\/en\/#\/schema\/logo\/image\/","url":"https:\/\/librairie7l.com\/wp-content\/uploads\/2022\/08\/logo-1.png","contentUrl":"https:\/\/librairie7l.com\/wp-content\/uploads\/2022\/08\/logo-1.png","width":227,"height":301,"caption":"Librairie 7L"},"image":{"@id":"https:\/\/librairie7l.com\/en\/#\/schema\/logo\/image\/"}}]}},"_links":{"self":[{"href":"https:\/\/librairie7l.com\/en\/wp-json\/wp\/v2\/product\/41259"}],"collection":[{"href":"https:\/\/librairie7l.com\/en\/wp-json\/wp\/v2\/product"}],"about":[{"href":"https:\/\/librairie7l.com\/en\/wp-json\/wp\/v2\/types\/product"}],"wp:featuredmedia":[{"embeddable":true,"href":"https:\/\/librairie7l.com\/en\/wp-json\/wp\/v2\/media\/41257"}],"wp:attachment":[{"href":"https:\/\/librairie7l.com\/en\/wp-json\/wp\/v2\/media?parent=41259"}],"wp:term":[{"taxonomy":"product_cat","embeddable":true,"href":"https:\/\/librairie7l.com\/en\/wp-json\/wp\/v2\/product_cat?post=41259"},{"taxonomy":"product_tag","embeddable":true,"href":"https:\/\/librairie7l.com\/en\/wp-json\/wp\/v2\/product_tag?post=41259"}],"curies":[{"name":"wp","href":"https:\/\/api.w.org\/{rel}","templated":true}]}}