{"id":41263,"date":"2024-06-04T09:18:28","date_gmt":"2024-06-04T07:18:28","guid":{"rendered":"https:\/\/librairie7l.com\/?post_type=product&#038;p=41263"},"modified":"2026-05-09T15:39:30","modified_gmt":"2026-05-09T13:39:30","slug":"ursula-morley-price-mouvements","status":"publish","type":"product","link":"https:\/\/librairie7l.com\/en\/produit\/ursula-morley-price-mouvements\/","title":{"rendered":"URSULA MORLEY-PRICE, MOUVEMENTS"},"content":{"rendered":"<p>Ursula Morley-Price s&#8217;est fait conna\u00eetre dans les ann\u00e9es 1980 et 1990 par ses formes ondulantes captant l&#8217;image po\u00e9tique des effet de la brise ou de l&#8217;onde. Toujours influenc\u00e9e par la recherche du mouvement, elle s&#8217;inspire aussi des d\u00e9corations japonaises de son enfance ou des collerettes des peintures hollandaises ou flamandes. L&#8217;artiste mod\u00e8le le gr\u00e8s au colombin, l&#8217;\u00e9tirant jusqu&#8217;\u00e0 la finesse du papier, qu&#8217;elle rev\u00eat d&#8217;un \u00e9mail patin\u00e9. Dans la transuillit\u00e9 de son atelier charentais, elle r\u00e9alise patiemment des pi\u00e8ces uniques qu&#8217;elle expose chez McKenzie Fine Art \u00e0 New York et \u00e0 la Galerie Pierre \u00e0 Paris<\/p>\n","protected":false},"excerpt":{"rendered":"<p>Ursula Morley-Price s&#8217;est fait conna\u00eetre dans les ann\u00e9es 1980 et 1990 par ses formes ondulantes captant l&#8217;image po\u00e9tique des effet de la brise ou de l&#8217;onde. Toujours influenc\u00e9e par la recherche du mouvement, elle s&#8217;inspire aussi des d\u00e9corations japonaises de son enfance ou des collerettes des peintures hollandaises ou flamandes. L&#8217;artiste mod\u00e8le le gr\u00e8s au [&hellip;]<\/p>\n","protected":false},"featured_media":41261,"template":"","meta":[],"product_cat":[2948,2952],"product_tag":[],"acf":[],"yoast_head":"<!-- This site is optimized with the Yoast SEO plugin v20.11 - https:\/\/yoast.com\/wordpress\/plugins\/seo\/ -->\n<title>Ursula Morley-Price, mouvements - Librairie 7L<\/title>\n<meta name=\"robots\" content=\"index, follow, max-snippet:-1, max-image-preview:large, max-video-preview:-1\" \/>\n<link rel=\"canonical\" href=\"https:\/\/librairie7l.com\/en\/produit\/ursula-morley-price-mouvements\/\" \/>\n<meta property=\"og:locale\" content=\"en_US\" \/>\n<meta property=\"og:type\" content=\"article\" \/>\n<meta property=\"og:title\" content=\"Ursula Morley-Price, mouvements - Librairie 7L\" \/>\n<meta property=\"og:description\" content=\"Ursula Morley-Price s&#8217;est fait conna\u00eetre dans les ann\u00e9es 1980 et 1990 par ses formes ondulantes captant l&#8217;image po\u00e9tique des effet de la brise ou de l&#8217;onde. Toujours influenc\u00e9e par la recherche du mouvement, elle s&#8217;inspire aussi des d\u00e9corations japonaises de son enfance ou des collerettes des peintures hollandaises ou flamandes. L&#8217;artiste mod\u00e8le le gr\u00e8s au [&hellip;]\" \/>\n<meta property=\"og:url\" content=\"https:\/\/librairie7l.com\/en\/produit\/ursula-morley-price-mouvements\/\" \/>\n<meta property=\"og:site_name\" content=\"Librairie 7L\" \/>\n<meta property=\"article:modified_time\" content=\"2026-05-09T13:39:30+00:00\" \/>\n<meta property=\"og:image\" content=\"https:\/\/librairie7l.com\/wp-content\/uploads\/2020\/01\/9791096404162_1_75.jpg\" \/>\n\t<meta property=\"og:image:width\" content=\"400\" \/>\n\t<meta property=\"og:image:height\" content=\"564\" \/>\n\t<meta property=\"og:image:type\" content=\"image\/jpeg\" \/>\n<meta name=\"twitter:card\" content=\"summary_large_image\" \/>\n<meta name=\"twitter:label1\" content=\"Est. reading time\" \/>\n\t<meta name=\"twitter:data1\" content=\"1 minute\" \/>\n<script type=\"application\/ld+json\" class=\"yoast-schema-graph\">{\"@context\":\"https:\/\/schema.org\",\"@graph\":[{\"@type\":\"WebPage\",\"@id\":\"https:\/\/librairie7l.com\/en\/produit\/ursula-morley-price-mouvements\/\",\"url\":\"https:\/\/librairie7l.com\/en\/produit\/ursula-morley-price-mouvements\/\",\"name\":\"Ursula Morley-Price, mouvements - Librairie 7L\",\"isPartOf\":{\"@id\":\"https:\/\/librairie7l.com\/en\/#website\"},\"datePublished\":\"2024-06-04T07:18:28+00:00\",\"dateModified\":\"2026-05-09T13:39:30+00:00\",\"breadcrumb\":{\"@id\":\"https:\/\/librairie7l.com\/en\/produit\/ursula-morley-price-mouvements\/#breadcrumb\"},\"inLanguage\":\"en-US\",\"potentialAction\":[{\"@type\":\"ReadAction\",\"target\":[\"https:\/\/librairie7l.com\/en\/produit\/ursula-morley-price-mouvements\/\"]}]},{\"@type\":\"BreadcrumbList\",\"@id\":\"https:\/\/librairie7l.com\/en\/produit\/ursula-morley-price-mouvements\/#breadcrumb\",\"itemListElement\":[{\"@type\":\"ListItem\",\"position\":1,\"name\":\"Accueil\",\"item\":\"https:\/\/librairie7l.com\/en\/\"},{\"@type\":\"ListItem\",\"position\":2,\"name\":\"Shop\",\"item\":\"https:\/\/librairie7l.com\/en\/shop\/\"},{\"@type\":\"ListItem\",\"position\":3,\"name\":\"URSULA MORLEY-PRICE, MOUVEMENTS\"}]},{\"@type\":\"WebSite\",\"@id\":\"https:\/\/librairie7l.com\/en\/#website\",\"url\":\"https:\/\/librairie7l.com\/en\/\",\"name\":\"Librairie 7L\",\"description\":\"Librairie fond\u00e9e en 1999 par Karl Lagerfeld \u00e0 Paris\",\"publisher\":{\"@id\":\"https:\/\/librairie7l.com\/en\/#organization\"},\"potentialAction\":[{\"@type\":\"SearchAction\",\"target\":{\"@type\":\"EntryPoint\",\"urlTemplate\":\"https:\/\/librairie7l.com\/en\/?s={search_term_string}\"},\"query-input\":\"required name=search_term_string\"}],\"inLanguage\":\"en-US\"},{\"@type\":\"Organization\",\"@id\":\"https:\/\/librairie7l.com\/en\/#organization\",\"name\":\"Librairie 7L\",\"url\":\"https:\/\/librairie7l.com\/en\/\",\"logo\":{\"@type\":\"ImageObject\",\"inLanguage\":\"en-US\",\"@id\":\"https:\/\/librairie7l.com\/en\/#\/schema\/logo\/image\/\",\"url\":\"https:\/\/librairie7l.com\/wp-content\/uploads\/2022\/08\/logo-1.png\",\"contentUrl\":\"https:\/\/librairie7l.com\/wp-content\/uploads\/2022\/08\/logo-1.png\",\"width\":227,\"height\":301,\"caption\":\"Librairie 7L\"},\"image\":{\"@id\":\"https:\/\/librairie7l.com\/en\/#\/schema\/logo\/image\/\"}}]}<\/script>\n<!-- \/ Yoast SEO plugin. -->","yoast_head_json":{"title":"Ursula Morley-Price, mouvements - Librairie 7L","robots":{"index":"index","follow":"follow","max-snippet":"max-snippet:-1","max-image-preview":"max-image-preview:large","max-video-preview":"max-video-preview:-1"},"canonical":"https:\/\/librairie7l.com\/en\/produit\/ursula-morley-price-mouvements\/","og_locale":"en_US","og_type":"article","og_title":"Ursula Morley-Price, mouvements - Librairie 7L","og_description":"Ursula Morley-Price s&#8217;est fait conna\u00eetre dans les ann\u00e9es 1980 et 1990 par ses formes ondulantes captant l&#8217;image po\u00e9tique des effet de la brise ou de l&#8217;onde. Toujours influenc\u00e9e par la recherche du mouvement, elle s&#8217;inspire aussi des d\u00e9corations japonaises de son enfance ou des collerettes des peintures hollandaises ou flamandes. L&#8217;artiste mod\u00e8le le gr\u00e8s au [&hellip;]","og_url":"https:\/\/librairie7l.com\/en\/produit\/ursula-morley-price-mouvements\/","og_site_name":"Librairie 7L","article_modified_time":"2026-05-09T13:39:30+00:00","og_image":[{"width":400,"height":564,"url":"https:\/\/librairie7l.com\/wp-content\/uploads\/2020\/01\/9791096404162_1_75.jpg","type":"image\/jpeg"}],"twitter_card":"summary_large_image","twitter_misc":{"Est. reading time":"1 minute"},"schema":{"@context":"https:\/\/schema.org","@graph":[{"@type":"WebPage","@id":"https:\/\/librairie7l.com\/en\/produit\/ursula-morley-price-mouvements\/","url":"https:\/\/librairie7l.com\/en\/produit\/ursula-morley-price-mouvements\/","name":"Ursula Morley-Price, mouvements - Librairie 7L","isPartOf":{"@id":"https:\/\/librairie7l.com\/en\/#website"},"datePublished":"2024-06-04T07:18:28+00:00","dateModified":"2026-05-09T13:39:30+00:00","breadcrumb":{"@id":"https:\/\/librairie7l.com\/en\/produit\/ursula-morley-price-mouvements\/#breadcrumb"},"inLanguage":"en-US","potentialAction":[{"@type":"ReadAction","target":["https:\/\/librairie7l.com\/en\/produit\/ursula-morley-price-mouvements\/"]}]},{"@type":"BreadcrumbList","@id":"https:\/\/librairie7l.com\/en\/produit\/ursula-morley-price-mouvements\/#breadcrumb","itemListElement":[{"@type":"ListItem","position":1,"name":"Accueil","item":"https:\/\/librairie7l.com\/en\/"},{"@type":"ListItem","position":2,"name":"Shop","item":"https:\/\/librairie7l.com\/en\/shop\/"},{"@type":"ListItem","position":3,"name":"URSULA MORLEY-PRICE, MOUVEMENTS"}]},{"@type":"WebSite","@id":"https:\/\/librairie7l.com\/en\/#website","url":"https:\/\/librairie7l.com\/en\/","name":"Librairie 7L","description":"Librairie fond\u00e9e en 1999 par Karl Lagerfeld \u00e0 Paris","publisher":{"@id":"https:\/\/librairie7l.com\/en\/#organization"},"potentialAction":[{"@type":"SearchAction","target":{"@type":"EntryPoint","urlTemplate":"https:\/\/librairie7l.com\/en\/?s={search_term_string}"},"query-input":"required name=search_term_string"}],"inLanguage":"en-US"},{"@type":"Organization","@id":"https:\/\/librairie7l.com\/en\/#organization","name":"Librairie 7L","url":"https:\/\/librairie7l.com\/en\/","logo":{"@type":"ImageObject","inLanguage":"en-US","@id":"https:\/\/librairie7l.com\/en\/#\/schema\/logo\/image\/","url":"https:\/\/librairie7l.com\/wp-content\/uploads\/2022\/08\/logo-1.png","contentUrl":"https:\/\/librairie7l.com\/wp-content\/uploads\/2022\/08\/logo-1.png","width":227,"height":301,"caption":"Librairie 7L"},"image":{"@id":"https:\/\/librairie7l.com\/en\/#\/schema\/logo\/image\/"}}]}},"_links":{"self":[{"href":"https:\/\/librairie7l.com\/en\/wp-json\/wp\/v2\/product\/41263"}],"collection":[{"href":"https:\/\/librairie7l.com\/en\/wp-json\/wp\/v2\/product"}],"about":[{"href":"https:\/\/librairie7l.com\/en\/wp-json\/wp\/v2\/types\/product"}],"wp:featuredmedia":[{"embeddable":true,"href":"https:\/\/librairie7l.com\/en\/wp-json\/wp\/v2\/media\/41261"}],"wp:attachment":[{"href":"https:\/\/librairie7l.com\/en\/wp-json\/wp\/v2\/media?parent=41263"}],"wp:term":[{"taxonomy":"product_cat","embeddable":true,"href":"https:\/\/librairie7l.com\/en\/wp-json\/wp\/v2\/product_cat?post=41263"},{"taxonomy":"product_tag","embeddable":true,"href":"https:\/\/librairie7l.com\/en\/wp-json\/wp\/v2\/product_tag?post=41263"}],"curies":[{"name":"wp","href":"https:\/\/api.w.org\/{rel}","templated":true}]}}