{"id":41271,"date":"2024-06-04T09:18:35","date_gmt":"2024-06-04T07:18:35","guid":{"rendered":"https:\/\/librairie7l.com\/?post_type=product&#038;p=41271"},"modified":"2026-04-07T20:06:55","modified_gmt":"2026-04-07T18:06:55","slug":"gisele-buthod-garcon-reminiscesnces","status":"publish","type":"product","link":"https:\/\/librairie7l.com\/en\/produit\/gisele-buthod-garcon-reminiscesnces\/","title":{"rendered":"GIS\u00c8LE BUTHOD-GAR\u00c7ON, R\u00c9MINISCESNCES"},"content":{"rendered":"<p>Install\u00e9e \u00e0 Saint-Quentin-la-Poterie dans le Gard, Gis\u00e8le Buthod- Gar\u00e7on est une aventuri\u00e8re du raku contemporain. Depuis trente ans, elle en traque les possibilit\u00e9s, ouvrant sans cesse de nouvelles pistes. Elle  a ainsi construit une oeuvre c\u00e9ramique dont chaque \u00e9tape porte le germe d&#8217;une d\u00e9couverte ult\u00e9rieure, dans un mouvement allant du contenant \u00e0 la sculpture. La diversit\u00e9 des avanc\u00e9es successives n&#8217;emp\u00eache pas la coh\u00e9rence d&#8217;une \u00e9criture au fil conducteur toujours identifiable : une palette de gris subtils, du plus laiteux au plus sombre, o\u00f9 se fondent parfois jaunes, verts ou roses, habille et r\u00e9v\u00e8le des formes marqu\u00e9es par la pr\u00e9sence du corps, dans un accord servant l&#8217;intention initiale. Amoureuse de l&#8217;\u00e9mail, mais nourrie \u00e0 la source des arts premiers, Gis\u00e8le Buthod-Gar\u00e7on cr\u00e9e des pi\u00e8ces d&#8217;un raffinement sensuel m\u00eame sur les surfaces brutes. Son dernier travail, pr\u00e9sent\u00e9 au Mus\u00e9e La Piscine de Roubaix, est l&#8217;expression d&#8217;une sensibilit\u00e9 exigeante qui conjugue ici de fa\u00e7on accomplie ses qualit\u00e9s de pr\u00e9sence, de libert\u00e9 et d&#8217;\u00e9quilibre.<\/p>\n","protected":false},"excerpt":{"rendered":"<p>Install\u00e9e \u00e0 Saint-Quentin-la-Poterie dans le Gard, Gis\u00e8le Buthod- Gar\u00e7on est une aventuri\u00e8re du raku contemporain. Depuis trente ans, elle en traque les possibilit\u00e9s, ouvrant sans cesse de nouvelles pistes. Elle a ainsi construit une oeuvre c\u00e9ramique dont chaque \u00e9tape porte le germe d&#8217;une d\u00e9couverte ult\u00e9rieure, dans un mouvement allant du contenant \u00e0 la sculpture. La [&hellip;]<\/p>\n","protected":false},"featured_media":41269,"template":"","meta":[],"product_cat":[2948,2952],"product_tag":[],"acf":[],"yoast_head":"<!-- This site is optimized with the Yoast SEO plugin v20.11 - https:\/\/yoast.com\/wordpress\/plugins\/seo\/ -->\n<title>Gis\u00e8le Buthod-Gar\u00e7on, r\u00e9miniscesnces - Librairie 7L<\/title>\n<meta name=\"robots\" content=\"index, follow, max-snippet:-1, max-image-preview:large, max-video-preview:-1\" \/>\n<link rel=\"canonical\" href=\"https:\/\/librairie7l.com\/en\/produit\/gisele-buthod-garcon-reminiscesnces\/\" \/>\n<meta property=\"og:locale\" content=\"en_US\" \/>\n<meta property=\"og:type\" content=\"article\" \/>\n<meta property=\"og:title\" content=\"Gis\u00e8le Buthod-Gar\u00e7on, r\u00e9miniscesnces - Librairie 7L\" \/>\n<meta property=\"og:description\" content=\"Install\u00e9e \u00e0 Saint-Quentin-la-Poterie dans le Gard, Gis\u00e8le Buthod- Gar\u00e7on est une aventuri\u00e8re du raku contemporain. Depuis trente ans, elle en traque les possibilit\u00e9s, ouvrant sans cesse de nouvelles pistes. Elle a ainsi construit une oeuvre c\u00e9ramique dont chaque \u00e9tape porte le germe d&#8217;une d\u00e9couverte ult\u00e9rieure, dans un mouvement allant du contenant \u00e0 la sculpture. La [&hellip;]\" \/>\n<meta property=\"og:url\" content=\"https:\/\/librairie7l.com\/en\/produit\/gisele-buthod-garcon-reminiscesnces\/\" \/>\n<meta property=\"og:site_name\" content=\"Librairie 7L\" \/>\n<meta property=\"article:modified_time\" content=\"2026-04-07T18:06:55+00:00\" \/>\n<meta property=\"og:image\" content=\"https:\/\/librairie7l.com\/wp-content\/uploads\/2020\/02\/9782908988802_1_75.jpg\" \/>\n\t<meta property=\"og:image:width\" content=\"525\" \/>\n\t<meta property=\"og:image:height\" content=\"700\" \/>\n\t<meta property=\"og:image:type\" content=\"image\/jpeg\" \/>\n<meta name=\"twitter:card\" content=\"summary_large_image\" \/>\n<meta name=\"twitter:label1\" content=\"Est. reading time\" \/>\n\t<meta name=\"twitter:data1\" content=\"1 minute\" \/>\n<script type=\"application\/ld+json\" class=\"yoast-schema-graph\">{\"@context\":\"https:\/\/schema.org\",\"@graph\":[{\"@type\":\"WebPage\",\"@id\":\"https:\/\/librairie7l.com\/en\/produit\/gisele-buthod-garcon-reminiscesnces\/\",\"url\":\"https:\/\/librairie7l.com\/en\/produit\/gisele-buthod-garcon-reminiscesnces\/\",\"name\":\"Gis\u00e8le Buthod-Gar\u00e7on, r\u00e9miniscesnces - Librairie 7L\",\"isPartOf\":{\"@id\":\"https:\/\/librairie7l.com\/en\/#website\"},\"datePublished\":\"2024-06-04T07:18:35+00:00\",\"dateModified\":\"2026-04-07T18:06:55+00:00\",\"breadcrumb\":{\"@id\":\"https:\/\/librairie7l.com\/en\/produit\/gisele-buthod-garcon-reminiscesnces\/#breadcrumb\"},\"inLanguage\":\"en-US\",\"potentialAction\":[{\"@type\":\"ReadAction\",\"target\":[\"https:\/\/librairie7l.com\/en\/produit\/gisele-buthod-garcon-reminiscesnces\/\"]}]},{\"@type\":\"BreadcrumbList\",\"@id\":\"https:\/\/librairie7l.com\/en\/produit\/gisele-buthod-garcon-reminiscesnces\/#breadcrumb\",\"itemListElement\":[{\"@type\":\"ListItem\",\"position\":1,\"name\":\"Accueil\",\"item\":\"https:\/\/librairie7l.com\/en\/\"},{\"@type\":\"ListItem\",\"position\":2,\"name\":\"Shop\",\"item\":\"https:\/\/librairie7l.com\/en\/shop\/\"},{\"@type\":\"ListItem\",\"position\":3,\"name\":\"GIS\u00c8LE BUTHOD-GAR\u00c7ON, R\u00c9MINISCESNCES\"}]},{\"@type\":\"WebSite\",\"@id\":\"https:\/\/librairie7l.com\/en\/#website\",\"url\":\"https:\/\/librairie7l.com\/en\/\",\"name\":\"Librairie 7L\",\"description\":\"Librairie fond\u00e9e en 1999 par Karl Lagerfeld \u00e0 Paris\",\"publisher\":{\"@id\":\"https:\/\/librairie7l.com\/en\/#organization\"},\"potentialAction\":[{\"@type\":\"SearchAction\",\"target\":{\"@type\":\"EntryPoint\",\"urlTemplate\":\"https:\/\/librairie7l.com\/en\/?s={search_term_string}\"},\"query-input\":\"required name=search_term_string\"}],\"inLanguage\":\"en-US\"},{\"@type\":\"Organization\",\"@id\":\"https:\/\/librairie7l.com\/en\/#organization\",\"name\":\"Librairie 7L\",\"url\":\"https:\/\/librairie7l.com\/en\/\",\"logo\":{\"@type\":\"ImageObject\",\"inLanguage\":\"en-US\",\"@id\":\"https:\/\/librairie7l.com\/en\/#\/schema\/logo\/image\/\",\"url\":\"https:\/\/librairie7l.com\/wp-content\/uploads\/2022\/08\/logo-1.png\",\"contentUrl\":\"https:\/\/librairie7l.com\/wp-content\/uploads\/2022\/08\/logo-1.png\",\"width\":227,\"height\":301,\"caption\":\"Librairie 7L\"},\"image\":{\"@id\":\"https:\/\/librairie7l.com\/en\/#\/schema\/logo\/image\/\"}}]}<\/script>\n<!-- \/ Yoast SEO plugin. -->","yoast_head_json":{"title":"Gis\u00e8le Buthod-Gar\u00e7on, r\u00e9miniscesnces - Librairie 7L","robots":{"index":"index","follow":"follow","max-snippet":"max-snippet:-1","max-image-preview":"max-image-preview:large","max-video-preview":"max-video-preview:-1"},"canonical":"https:\/\/librairie7l.com\/en\/produit\/gisele-buthod-garcon-reminiscesnces\/","og_locale":"en_US","og_type":"article","og_title":"Gis\u00e8le Buthod-Gar\u00e7on, r\u00e9miniscesnces - Librairie 7L","og_description":"Install\u00e9e \u00e0 Saint-Quentin-la-Poterie dans le Gard, Gis\u00e8le Buthod- Gar\u00e7on est une aventuri\u00e8re du raku contemporain. Depuis trente ans, elle en traque les possibilit\u00e9s, ouvrant sans cesse de nouvelles pistes. Elle a ainsi construit une oeuvre c\u00e9ramique dont chaque \u00e9tape porte le germe d&#8217;une d\u00e9couverte ult\u00e9rieure, dans un mouvement allant du contenant \u00e0 la sculpture. La [&hellip;]","og_url":"https:\/\/librairie7l.com\/en\/produit\/gisele-buthod-garcon-reminiscesnces\/","og_site_name":"Librairie 7L","article_modified_time":"2026-04-07T18:06:55+00:00","og_image":[{"width":525,"height":700,"url":"https:\/\/librairie7l.com\/wp-content\/uploads\/2020\/02\/9782908988802_1_75.jpg","type":"image\/jpeg"}],"twitter_card":"summary_large_image","twitter_misc":{"Est. reading time":"1 minute"},"schema":{"@context":"https:\/\/schema.org","@graph":[{"@type":"WebPage","@id":"https:\/\/librairie7l.com\/en\/produit\/gisele-buthod-garcon-reminiscesnces\/","url":"https:\/\/librairie7l.com\/en\/produit\/gisele-buthod-garcon-reminiscesnces\/","name":"Gis\u00e8le Buthod-Gar\u00e7on, r\u00e9miniscesnces - Librairie 7L","isPartOf":{"@id":"https:\/\/librairie7l.com\/en\/#website"},"datePublished":"2024-06-04T07:18:35+00:00","dateModified":"2026-04-07T18:06:55+00:00","breadcrumb":{"@id":"https:\/\/librairie7l.com\/en\/produit\/gisele-buthod-garcon-reminiscesnces\/#breadcrumb"},"inLanguage":"en-US","potentialAction":[{"@type":"ReadAction","target":["https:\/\/librairie7l.com\/en\/produit\/gisele-buthod-garcon-reminiscesnces\/"]}]},{"@type":"BreadcrumbList","@id":"https:\/\/librairie7l.com\/en\/produit\/gisele-buthod-garcon-reminiscesnces\/#breadcrumb","itemListElement":[{"@type":"ListItem","position":1,"name":"Accueil","item":"https:\/\/librairie7l.com\/en\/"},{"@type":"ListItem","position":2,"name":"Shop","item":"https:\/\/librairie7l.com\/en\/shop\/"},{"@type":"ListItem","position":3,"name":"GIS\u00c8LE BUTHOD-GAR\u00c7ON, R\u00c9MINISCESNCES"}]},{"@type":"WebSite","@id":"https:\/\/librairie7l.com\/en\/#website","url":"https:\/\/librairie7l.com\/en\/","name":"Librairie 7L","description":"Librairie fond\u00e9e en 1999 par Karl Lagerfeld \u00e0 Paris","publisher":{"@id":"https:\/\/librairie7l.com\/en\/#organization"},"potentialAction":[{"@type":"SearchAction","target":{"@type":"EntryPoint","urlTemplate":"https:\/\/librairie7l.com\/en\/?s={search_term_string}"},"query-input":"required name=search_term_string"}],"inLanguage":"en-US"},{"@type":"Organization","@id":"https:\/\/librairie7l.com\/en\/#organization","name":"Librairie 7L","url":"https:\/\/librairie7l.com\/en\/","logo":{"@type":"ImageObject","inLanguage":"en-US","@id":"https:\/\/librairie7l.com\/en\/#\/schema\/logo\/image\/","url":"https:\/\/librairie7l.com\/wp-content\/uploads\/2022\/08\/logo-1.png","contentUrl":"https:\/\/librairie7l.com\/wp-content\/uploads\/2022\/08\/logo-1.png","width":227,"height":301,"caption":"Librairie 7L"},"image":{"@id":"https:\/\/librairie7l.com\/en\/#\/schema\/logo\/image\/"}}]}},"_links":{"self":[{"href":"https:\/\/librairie7l.com\/en\/wp-json\/wp\/v2\/product\/41271"}],"collection":[{"href":"https:\/\/librairie7l.com\/en\/wp-json\/wp\/v2\/product"}],"about":[{"href":"https:\/\/librairie7l.com\/en\/wp-json\/wp\/v2\/types\/product"}],"wp:featuredmedia":[{"embeddable":true,"href":"https:\/\/librairie7l.com\/en\/wp-json\/wp\/v2\/media\/41269"}],"wp:attachment":[{"href":"https:\/\/librairie7l.com\/en\/wp-json\/wp\/v2\/media?parent=41271"}],"wp:term":[{"taxonomy":"product_cat","embeddable":true,"href":"https:\/\/librairie7l.com\/en\/wp-json\/wp\/v2\/product_cat?post=41271"},{"taxonomy":"product_tag","embeddable":true,"href":"https:\/\/librairie7l.com\/en\/wp-json\/wp\/v2\/product_tag?post=41271"}],"curies":[{"name":"wp","href":"https:\/\/api.w.org\/{rel}","templated":true}]}}