{"id":41275,"date":"2024-06-04T09:18:38","date_gmt":"2024-06-04T07:18:38","guid":{"rendered":"https:\/\/librairie7l.com\/?post_type=product&#038;p=41275"},"modified":"2026-04-11T11:50:46","modified_gmt":"2026-04-11T09:50:46","slug":"marc-uzan-formes-et-couleurs","status":"publish","type":"product","link":"https:\/\/librairie7l.com\/en\/produit\/marc-uzan-formes-et-couleurs\/","title":{"rendered":"MARC UZAN, FORMES ET COULEURS"},"content":{"rendered":"<p>Marc Uzan revendique une formation d&#8217;autodidacte qui r\u00e9pond \u00e0 son go\u00fbt d&#8217;ind\u00e9pendance. Son int\u00e9r\u00eat pour le mythique \u00ab sang de boeuf \u00bb l&#8217;a amen\u00e9 \u00e0 inventorier les nuances infinies que peut produire le rouge de cuivre, \u00e0 en pressentir la brillance et la matit\u00e9. Dans un constant aller-retour entre forme et couleur, il a progressivement enrichi sa palette, dont derni\u00e8rement un jaune citron rare. N\u00e9 en 1955, Marc Uzan garde intacte la fascination de sa jeunesse pour le tournage et les gla\u00e7ures c\u00e9ramiques. C\u00e9ramiste et chercheur, il cr\u00e9e ses p\u00e2tes de gr\u00e8s et de porcelaine et poursuit ses essais d&#8217;\u00e9maux, selon une m\u00e9thode personnelle qu&#8217;il a transmise dans un livre publi\u00e9 en 2002. Depuis peu, il laisse place \u00e0 des formes plus exp\u00e9rimentales et partage son activit\u00e9 entre d\u00e9clinaison de formes tourn\u00e9es d&#8217;une somptueuse sobri\u00e9t\u00e9 et novation de formes model\u00e9es, roul\u00e9es ou coul\u00e9es, fragiles ou massives. Par un registre amplifi\u00e9, Marc Uzan r\u00e9v\u00e8le deux facettes contrast\u00e9es de son art.<\/p>\n","protected":false},"excerpt":{"rendered":"<p>Marc Uzan revendique une formation d&#8217;autodidacte qui r\u00e9pond \u00e0 son go\u00fbt d&#8217;ind\u00e9pendance. Son int\u00e9r\u00eat pour le mythique \u00ab sang de boeuf \u00bb l&#8217;a amen\u00e9 \u00e0 inventorier les nuances infinies que peut produire le rouge de cuivre, \u00e0 en pressentir la brillance et la matit\u00e9. Dans un constant aller-retour entre forme et couleur, il a progressivement [&hellip;]<\/p>\n","protected":false},"featured_media":41273,"template":"","meta":[],"product_cat":[2948,2952],"product_tag":[],"acf":[],"yoast_head":"<!-- This site is optimized with the Yoast SEO plugin v20.11 - https:\/\/yoast.com\/wordpress\/plugins\/seo\/ -->\n<title>Marc Uzan, formes et couleurs - Librairie 7L<\/title>\n<meta name=\"robots\" content=\"index, follow, max-snippet:-1, max-image-preview:large, max-video-preview:-1\" \/>\n<link rel=\"canonical\" href=\"https:\/\/librairie7l.com\/en\/produit\/marc-uzan-formes-et-couleurs\/\" \/>\n<meta property=\"og:locale\" content=\"en_US\" \/>\n<meta property=\"og:type\" content=\"article\" \/>\n<meta property=\"og:title\" content=\"Marc Uzan, formes et couleurs - Librairie 7L\" \/>\n<meta property=\"og:description\" content=\"Marc Uzan revendique une formation d&#8217;autodidacte qui r\u00e9pond \u00e0 son go\u00fbt d&#8217;ind\u00e9pendance. Son int\u00e9r\u00eat pour le mythique \u00ab sang de boeuf \u00bb l&#8217;a amen\u00e9 \u00e0 inventorier les nuances infinies que peut produire le rouge de cuivre, \u00e0 en pressentir la brillance et la matit\u00e9. Dans un constant aller-retour entre forme et couleur, il a progressivement [&hellip;]\" \/>\n<meta property=\"og:url\" content=\"https:\/\/librairie7l.com\/en\/produit\/marc-uzan-formes-et-couleurs\/\" \/>\n<meta property=\"og:site_name\" content=\"Librairie 7L\" \/>\n<meta property=\"article:modified_time\" content=\"2026-04-11T09:50:46+00:00\" \/>\n<meta property=\"og:image\" content=\"https:\/\/librairie7l.com\/wp-content\/uploads\/2020\/02\/9782908988574_1_75.jpg\" \/>\n\t<meta property=\"og:image:width\" content=\"225\" \/>\n\t<meta property=\"og:image:height\" content=\"321\" \/>\n\t<meta property=\"og:image:type\" content=\"image\/jpeg\" \/>\n<meta name=\"twitter:card\" content=\"summary_large_image\" \/>\n<meta name=\"twitter:label1\" content=\"Est. reading time\" \/>\n\t<meta name=\"twitter:data1\" content=\"1 minute\" \/>\n<script type=\"application\/ld+json\" class=\"yoast-schema-graph\">{\"@context\":\"https:\/\/schema.org\",\"@graph\":[{\"@type\":\"WebPage\",\"@id\":\"https:\/\/librairie7l.com\/en\/produit\/marc-uzan-formes-et-couleurs\/\",\"url\":\"https:\/\/librairie7l.com\/en\/produit\/marc-uzan-formes-et-couleurs\/\",\"name\":\"Marc Uzan, formes et couleurs - Librairie 7L\",\"isPartOf\":{\"@id\":\"https:\/\/librairie7l.com\/en\/#website\"},\"datePublished\":\"2024-06-04T07:18:38+00:00\",\"dateModified\":\"2026-04-11T09:50:46+00:00\",\"breadcrumb\":{\"@id\":\"https:\/\/librairie7l.com\/en\/produit\/marc-uzan-formes-et-couleurs\/#breadcrumb\"},\"inLanguage\":\"en-US\",\"potentialAction\":[{\"@type\":\"ReadAction\",\"target\":[\"https:\/\/librairie7l.com\/en\/produit\/marc-uzan-formes-et-couleurs\/\"]}]},{\"@type\":\"BreadcrumbList\",\"@id\":\"https:\/\/librairie7l.com\/en\/produit\/marc-uzan-formes-et-couleurs\/#breadcrumb\",\"itemListElement\":[{\"@type\":\"ListItem\",\"position\":1,\"name\":\"Accueil\",\"item\":\"https:\/\/librairie7l.com\/en\/\"},{\"@type\":\"ListItem\",\"position\":2,\"name\":\"Shop\",\"item\":\"https:\/\/librairie7l.com\/en\/shop\/\"},{\"@type\":\"ListItem\",\"position\":3,\"name\":\"MARC UZAN, FORMES ET COULEURS\"}]},{\"@type\":\"WebSite\",\"@id\":\"https:\/\/librairie7l.com\/en\/#website\",\"url\":\"https:\/\/librairie7l.com\/en\/\",\"name\":\"Librairie 7L\",\"description\":\"Librairie fond\u00e9e en 1999 par Karl Lagerfeld \u00e0 Paris\",\"publisher\":{\"@id\":\"https:\/\/librairie7l.com\/en\/#organization\"},\"potentialAction\":[{\"@type\":\"SearchAction\",\"target\":{\"@type\":\"EntryPoint\",\"urlTemplate\":\"https:\/\/librairie7l.com\/en\/?s={search_term_string}\"},\"query-input\":\"required name=search_term_string\"}],\"inLanguage\":\"en-US\"},{\"@type\":\"Organization\",\"@id\":\"https:\/\/librairie7l.com\/en\/#organization\",\"name\":\"Librairie 7L\",\"url\":\"https:\/\/librairie7l.com\/en\/\",\"logo\":{\"@type\":\"ImageObject\",\"inLanguage\":\"en-US\",\"@id\":\"https:\/\/librairie7l.com\/en\/#\/schema\/logo\/image\/\",\"url\":\"https:\/\/librairie7l.com\/wp-content\/uploads\/2022\/08\/logo-1.png\",\"contentUrl\":\"https:\/\/librairie7l.com\/wp-content\/uploads\/2022\/08\/logo-1.png\",\"width\":227,\"height\":301,\"caption\":\"Librairie 7L\"},\"image\":{\"@id\":\"https:\/\/librairie7l.com\/en\/#\/schema\/logo\/image\/\"}}]}<\/script>\n<!-- \/ Yoast SEO plugin. -->","yoast_head_json":{"title":"Marc Uzan, formes et couleurs - Librairie 7L","robots":{"index":"index","follow":"follow","max-snippet":"max-snippet:-1","max-image-preview":"max-image-preview:large","max-video-preview":"max-video-preview:-1"},"canonical":"https:\/\/librairie7l.com\/en\/produit\/marc-uzan-formes-et-couleurs\/","og_locale":"en_US","og_type":"article","og_title":"Marc Uzan, formes et couleurs - Librairie 7L","og_description":"Marc Uzan revendique une formation d&#8217;autodidacte qui r\u00e9pond \u00e0 son go\u00fbt d&#8217;ind\u00e9pendance. Son int\u00e9r\u00eat pour le mythique \u00ab sang de boeuf \u00bb l&#8217;a amen\u00e9 \u00e0 inventorier les nuances infinies que peut produire le rouge de cuivre, \u00e0 en pressentir la brillance et la matit\u00e9. Dans un constant aller-retour entre forme et couleur, il a progressivement [&hellip;]","og_url":"https:\/\/librairie7l.com\/en\/produit\/marc-uzan-formes-et-couleurs\/","og_site_name":"Librairie 7L","article_modified_time":"2026-04-11T09:50:46+00:00","og_image":[{"width":225,"height":321,"url":"https:\/\/librairie7l.com\/wp-content\/uploads\/2020\/02\/9782908988574_1_75.jpg","type":"image\/jpeg"}],"twitter_card":"summary_large_image","twitter_misc":{"Est. reading time":"1 minute"},"schema":{"@context":"https:\/\/schema.org","@graph":[{"@type":"WebPage","@id":"https:\/\/librairie7l.com\/en\/produit\/marc-uzan-formes-et-couleurs\/","url":"https:\/\/librairie7l.com\/en\/produit\/marc-uzan-formes-et-couleurs\/","name":"Marc Uzan, formes et couleurs - Librairie 7L","isPartOf":{"@id":"https:\/\/librairie7l.com\/en\/#website"},"datePublished":"2024-06-04T07:18:38+00:00","dateModified":"2026-04-11T09:50:46+00:00","breadcrumb":{"@id":"https:\/\/librairie7l.com\/en\/produit\/marc-uzan-formes-et-couleurs\/#breadcrumb"},"inLanguage":"en-US","potentialAction":[{"@type":"ReadAction","target":["https:\/\/librairie7l.com\/en\/produit\/marc-uzan-formes-et-couleurs\/"]}]},{"@type":"BreadcrumbList","@id":"https:\/\/librairie7l.com\/en\/produit\/marc-uzan-formes-et-couleurs\/#breadcrumb","itemListElement":[{"@type":"ListItem","position":1,"name":"Accueil","item":"https:\/\/librairie7l.com\/en\/"},{"@type":"ListItem","position":2,"name":"Shop","item":"https:\/\/librairie7l.com\/en\/shop\/"},{"@type":"ListItem","position":3,"name":"MARC UZAN, FORMES ET COULEURS"}]},{"@type":"WebSite","@id":"https:\/\/librairie7l.com\/en\/#website","url":"https:\/\/librairie7l.com\/en\/","name":"Librairie 7L","description":"Librairie fond\u00e9e en 1999 par Karl Lagerfeld \u00e0 Paris","publisher":{"@id":"https:\/\/librairie7l.com\/en\/#organization"},"potentialAction":[{"@type":"SearchAction","target":{"@type":"EntryPoint","urlTemplate":"https:\/\/librairie7l.com\/en\/?s={search_term_string}"},"query-input":"required name=search_term_string"}],"inLanguage":"en-US"},{"@type":"Organization","@id":"https:\/\/librairie7l.com\/en\/#organization","name":"Librairie 7L","url":"https:\/\/librairie7l.com\/en\/","logo":{"@type":"ImageObject","inLanguage":"en-US","@id":"https:\/\/librairie7l.com\/en\/#\/schema\/logo\/image\/","url":"https:\/\/librairie7l.com\/wp-content\/uploads\/2022\/08\/logo-1.png","contentUrl":"https:\/\/librairie7l.com\/wp-content\/uploads\/2022\/08\/logo-1.png","width":227,"height":301,"caption":"Librairie 7L"},"image":{"@id":"https:\/\/librairie7l.com\/en\/#\/schema\/logo\/image\/"}}]}},"_links":{"self":[{"href":"https:\/\/librairie7l.com\/en\/wp-json\/wp\/v2\/product\/41275"}],"collection":[{"href":"https:\/\/librairie7l.com\/en\/wp-json\/wp\/v2\/product"}],"about":[{"href":"https:\/\/librairie7l.com\/en\/wp-json\/wp\/v2\/types\/product"}],"wp:featuredmedia":[{"embeddable":true,"href":"https:\/\/librairie7l.com\/en\/wp-json\/wp\/v2\/media\/41273"}],"wp:attachment":[{"href":"https:\/\/librairie7l.com\/en\/wp-json\/wp\/v2\/media?parent=41275"}],"wp:term":[{"taxonomy":"product_cat","embeddable":true,"href":"https:\/\/librairie7l.com\/en\/wp-json\/wp\/v2\/product_cat?post=41275"},{"taxonomy":"product_tag","embeddable":true,"href":"https:\/\/librairie7l.com\/en\/wp-json\/wp\/v2\/product_tag?post=41275"}],"curies":[{"name":"wp","href":"https:\/\/api.w.org\/{rel}","templated":true}]}}