{"id":41279,"date":"2024-06-04T09:18:40","date_gmt":"2024-06-04T07:18:40","guid":{"rendered":"https:\/\/librairie7l.com\/?post_type=product&#038;p=41279"},"modified":"2026-05-09T17:09:45","modified_gmt":"2026-05-09T15:09:45","slug":"michel-lanos-terre-libertaire","status":"publish","type":"product","link":"https:\/\/librairie7l.com\/en\/produit\/michel-lanos-terre-libertaire\/","title":{"rendered":"MICHEL LANOS ; TERRE LIBERTAIRE"},"content":{"rendered":"<p>Des ann\u00e9es 1950 \u00e0 l&#8217;or\u00e9e du XXIe si\u00e8cle, Michel Lanos a \u00e9t\u00e9 potier, c\u00e9ramiste et artiste, au fil d&#8217;un parcours nourri d&#8217;exp\u00e9riences, d&#8217;\u00e9changes et de remises en question. C&#8217;est \u00e0 Biot, village m\u00e9diterran\u00e9en de tradition poti\u00e8re, qu&#8217;il a appris son m\u00e9tier, puis il a travaill\u00e9 dans diff\u00e9rents ateliers comme ouvrier tourneur, avant de s&#8217;installer \u00e0 son compte dans les ann\u00e9es 1970.<br \/>\nS&#8217;int\u00e9ressant au gr\u00e8s et aux \u00e9maux de hautes temp\u00e9ratures comme beaucoup de potiers \u00e0 cette \u00e9poque, il a eu le courage d&#8217;\u00e9couter ses envies pour trouver sa propre voie. Dans son intimit\u00e9 avec la terre, guid\u00e9 par le plaisir de cr\u00e9er et par l&#8217;amour de la peinture qui l&#8217;a toujours habit\u00e9, il est parvenu \u00e0 exprimer pleinement sa personnalit\u00e9. L&#8217;oeuvre originale et forte qu&#8217;il a r\u00e9alis\u00e9e dans la derni\u00e8re partie de sa carri\u00e8re, \u00e0 partir de la fin des ann\u00e9es 1980, en t\u00e9moigne. Elle r\u00e9sonne aujourd&#8217;hui en accord profond avec l&#8217;homme qu&#8217;il fut, haute en couleurs, libre, parfois d\u00e9concertante, toujours authentique<\/p>\n","protected":false},"excerpt":{"rendered":"<p>Des ann\u00e9es 1950 \u00e0 l&#8217;or\u00e9e du XXIe si\u00e8cle, Michel Lanos a \u00e9t\u00e9 potier, c\u00e9ramiste et artiste, au fil d&#8217;un parcours nourri d&#8217;exp\u00e9riences, d&#8217;\u00e9changes et de remises en question. C&#8217;est \u00e0 Biot, village m\u00e9diterran\u00e9en de tradition poti\u00e8re, qu&#8217;il a appris son m\u00e9tier, puis il a travaill\u00e9 dans diff\u00e9rents ateliers comme ouvrier tourneur, avant de s&#8217;installer \u00e0 [&hellip;]<\/p>\n","protected":false},"featured_media":41277,"template":"","meta":[],"product_cat":[2948,2952],"product_tag":[],"acf":[],"yoast_head":"<!-- This site is optimized with the Yoast SEO plugin v20.11 - https:\/\/yoast.com\/wordpress\/plugins\/seo\/ -->\n<title>Michel Lanos ; terre libertaire - Librairie 7L<\/title>\n<meta name=\"robots\" content=\"index, follow, max-snippet:-1, max-image-preview:large, max-video-preview:-1\" \/>\n<link rel=\"canonical\" href=\"https:\/\/librairie7l.com\/en\/produit\/michel-lanos-terre-libertaire\/\" \/>\n<meta property=\"og:locale\" content=\"en_US\" \/>\n<meta property=\"og:type\" content=\"article\" \/>\n<meta property=\"og:title\" content=\"Michel Lanos ; terre libertaire - Librairie 7L\" \/>\n<meta property=\"og:description\" content=\"Des ann\u00e9es 1950 \u00e0 l&#8217;or\u00e9e du XXIe si\u00e8cle, Michel Lanos a \u00e9t\u00e9 potier, c\u00e9ramiste et artiste, au fil d&#8217;un parcours nourri d&#8217;exp\u00e9riences, d&#8217;\u00e9changes et de remises en question. C&#8217;est \u00e0 Biot, village m\u00e9diterran\u00e9en de tradition poti\u00e8re, qu&#8217;il a appris son m\u00e9tier, puis il a travaill\u00e9 dans diff\u00e9rents ateliers comme ouvrier tourneur, avant de s&#8217;installer \u00e0 [&hellip;]\" \/>\n<meta property=\"og:url\" content=\"https:\/\/librairie7l.com\/en\/produit\/michel-lanos-terre-libertaire\/\" \/>\n<meta property=\"og:site_name\" content=\"Librairie 7L\" \/>\n<meta property=\"article:modified_time\" content=\"2026-05-09T15:09:45+00:00\" \/>\n<meta property=\"og:image\" content=\"https:\/\/librairie7l.com\/wp-content\/uploads\/2020\/03\/9782908988833_1_75.jpg\" \/>\n\t<meta property=\"og:image:width\" content=\"525\" \/>\n\t<meta property=\"og:image:height\" content=\"700\" \/>\n\t<meta property=\"og:image:type\" content=\"image\/jpeg\" \/>\n<meta name=\"twitter:card\" content=\"summary_large_image\" \/>\n<meta name=\"twitter:label1\" content=\"Est. reading time\" \/>\n\t<meta name=\"twitter:data1\" content=\"1 minute\" \/>\n<script type=\"application\/ld+json\" class=\"yoast-schema-graph\">{\"@context\":\"https:\/\/schema.org\",\"@graph\":[{\"@type\":\"WebPage\",\"@id\":\"https:\/\/librairie7l.com\/en\/produit\/michel-lanos-terre-libertaire\/\",\"url\":\"https:\/\/librairie7l.com\/en\/produit\/michel-lanos-terre-libertaire\/\",\"name\":\"Michel Lanos ; terre libertaire - Librairie 7L\",\"isPartOf\":{\"@id\":\"https:\/\/librairie7l.com\/en\/#website\"},\"datePublished\":\"2024-06-04T07:18:40+00:00\",\"dateModified\":\"2026-05-09T15:09:45+00:00\",\"breadcrumb\":{\"@id\":\"https:\/\/librairie7l.com\/en\/produit\/michel-lanos-terre-libertaire\/#breadcrumb\"},\"inLanguage\":\"en-US\",\"potentialAction\":[{\"@type\":\"ReadAction\",\"target\":[\"https:\/\/librairie7l.com\/en\/produit\/michel-lanos-terre-libertaire\/\"]}]},{\"@type\":\"BreadcrumbList\",\"@id\":\"https:\/\/librairie7l.com\/en\/produit\/michel-lanos-terre-libertaire\/#breadcrumb\",\"itemListElement\":[{\"@type\":\"ListItem\",\"position\":1,\"name\":\"Accueil\",\"item\":\"https:\/\/librairie7l.com\/en\/\"},{\"@type\":\"ListItem\",\"position\":2,\"name\":\"Shop\",\"item\":\"https:\/\/librairie7l.com\/en\/shop\/\"},{\"@type\":\"ListItem\",\"position\":3,\"name\":\"MICHEL LANOS ; TERRE LIBERTAIRE\"}]},{\"@type\":\"WebSite\",\"@id\":\"https:\/\/librairie7l.com\/en\/#website\",\"url\":\"https:\/\/librairie7l.com\/en\/\",\"name\":\"Librairie 7L\",\"description\":\"Librairie fond\u00e9e en 1999 par Karl Lagerfeld \u00e0 Paris\",\"publisher\":{\"@id\":\"https:\/\/librairie7l.com\/en\/#organization\"},\"potentialAction\":[{\"@type\":\"SearchAction\",\"target\":{\"@type\":\"EntryPoint\",\"urlTemplate\":\"https:\/\/librairie7l.com\/en\/?s={search_term_string}\"},\"query-input\":\"required name=search_term_string\"}],\"inLanguage\":\"en-US\"},{\"@type\":\"Organization\",\"@id\":\"https:\/\/librairie7l.com\/en\/#organization\",\"name\":\"Librairie 7L\",\"url\":\"https:\/\/librairie7l.com\/en\/\",\"logo\":{\"@type\":\"ImageObject\",\"inLanguage\":\"en-US\",\"@id\":\"https:\/\/librairie7l.com\/en\/#\/schema\/logo\/image\/\",\"url\":\"https:\/\/librairie7l.com\/wp-content\/uploads\/2022\/08\/logo-1.png\",\"contentUrl\":\"https:\/\/librairie7l.com\/wp-content\/uploads\/2022\/08\/logo-1.png\",\"width\":227,\"height\":301,\"caption\":\"Librairie 7L\"},\"image\":{\"@id\":\"https:\/\/librairie7l.com\/en\/#\/schema\/logo\/image\/\"}}]}<\/script>\n<!-- \/ Yoast SEO plugin. -->","yoast_head_json":{"title":"Michel Lanos ; terre libertaire - Librairie 7L","robots":{"index":"index","follow":"follow","max-snippet":"max-snippet:-1","max-image-preview":"max-image-preview:large","max-video-preview":"max-video-preview:-1"},"canonical":"https:\/\/librairie7l.com\/en\/produit\/michel-lanos-terre-libertaire\/","og_locale":"en_US","og_type":"article","og_title":"Michel Lanos ; terre libertaire - Librairie 7L","og_description":"Des ann\u00e9es 1950 \u00e0 l&#8217;or\u00e9e du XXIe si\u00e8cle, Michel Lanos a \u00e9t\u00e9 potier, c\u00e9ramiste et artiste, au fil d&#8217;un parcours nourri d&#8217;exp\u00e9riences, d&#8217;\u00e9changes et de remises en question. C&#8217;est \u00e0 Biot, village m\u00e9diterran\u00e9en de tradition poti\u00e8re, qu&#8217;il a appris son m\u00e9tier, puis il a travaill\u00e9 dans diff\u00e9rents ateliers comme ouvrier tourneur, avant de s&#8217;installer \u00e0 [&hellip;]","og_url":"https:\/\/librairie7l.com\/en\/produit\/michel-lanos-terre-libertaire\/","og_site_name":"Librairie 7L","article_modified_time":"2026-05-09T15:09:45+00:00","og_image":[{"width":525,"height":700,"url":"https:\/\/librairie7l.com\/wp-content\/uploads\/2020\/03\/9782908988833_1_75.jpg","type":"image\/jpeg"}],"twitter_card":"summary_large_image","twitter_misc":{"Est. reading time":"1 minute"},"schema":{"@context":"https:\/\/schema.org","@graph":[{"@type":"WebPage","@id":"https:\/\/librairie7l.com\/en\/produit\/michel-lanos-terre-libertaire\/","url":"https:\/\/librairie7l.com\/en\/produit\/michel-lanos-terre-libertaire\/","name":"Michel Lanos ; terre libertaire - Librairie 7L","isPartOf":{"@id":"https:\/\/librairie7l.com\/en\/#website"},"datePublished":"2024-06-04T07:18:40+00:00","dateModified":"2026-05-09T15:09:45+00:00","breadcrumb":{"@id":"https:\/\/librairie7l.com\/en\/produit\/michel-lanos-terre-libertaire\/#breadcrumb"},"inLanguage":"en-US","potentialAction":[{"@type":"ReadAction","target":["https:\/\/librairie7l.com\/en\/produit\/michel-lanos-terre-libertaire\/"]}]},{"@type":"BreadcrumbList","@id":"https:\/\/librairie7l.com\/en\/produit\/michel-lanos-terre-libertaire\/#breadcrumb","itemListElement":[{"@type":"ListItem","position":1,"name":"Accueil","item":"https:\/\/librairie7l.com\/en\/"},{"@type":"ListItem","position":2,"name":"Shop","item":"https:\/\/librairie7l.com\/en\/shop\/"},{"@type":"ListItem","position":3,"name":"MICHEL LANOS ; TERRE LIBERTAIRE"}]},{"@type":"WebSite","@id":"https:\/\/librairie7l.com\/en\/#website","url":"https:\/\/librairie7l.com\/en\/","name":"Librairie 7L","description":"Librairie fond\u00e9e en 1999 par Karl Lagerfeld \u00e0 Paris","publisher":{"@id":"https:\/\/librairie7l.com\/en\/#organization"},"potentialAction":[{"@type":"SearchAction","target":{"@type":"EntryPoint","urlTemplate":"https:\/\/librairie7l.com\/en\/?s={search_term_string}"},"query-input":"required name=search_term_string"}],"inLanguage":"en-US"},{"@type":"Organization","@id":"https:\/\/librairie7l.com\/en\/#organization","name":"Librairie 7L","url":"https:\/\/librairie7l.com\/en\/","logo":{"@type":"ImageObject","inLanguage":"en-US","@id":"https:\/\/librairie7l.com\/en\/#\/schema\/logo\/image\/","url":"https:\/\/librairie7l.com\/wp-content\/uploads\/2022\/08\/logo-1.png","contentUrl":"https:\/\/librairie7l.com\/wp-content\/uploads\/2022\/08\/logo-1.png","width":227,"height":301,"caption":"Librairie 7L"},"image":{"@id":"https:\/\/librairie7l.com\/en\/#\/schema\/logo\/image\/"}}]}},"_links":{"self":[{"href":"https:\/\/librairie7l.com\/en\/wp-json\/wp\/v2\/product\/41279"}],"collection":[{"href":"https:\/\/librairie7l.com\/en\/wp-json\/wp\/v2\/product"}],"about":[{"href":"https:\/\/librairie7l.com\/en\/wp-json\/wp\/v2\/types\/product"}],"wp:featuredmedia":[{"embeddable":true,"href":"https:\/\/librairie7l.com\/en\/wp-json\/wp\/v2\/media\/41277"}],"wp:attachment":[{"href":"https:\/\/librairie7l.com\/en\/wp-json\/wp\/v2\/media?parent=41279"}],"wp:term":[{"taxonomy":"product_cat","embeddable":true,"href":"https:\/\/librairie7l.com\/en\/wp-json\/wp\/v2\/product_cat?post=41279"},{"taxonomy":"product_tag","embeddable":true,"href":"https:\/\/librairie7l.com\/en\/wp-json\/wp\/v2\/product_tag?post=41279"}],"curies":[{"name":"wp","href":"https:\/\/api.w.org\/{rel}","templated":true}]}}