{"id":41291,"date":"2024-06-04T09:18:51","date_gmt":"2024-06-04T07:18:51","guid":{"rendered":"https:\/\/librairie7l.com\/?post_type=product&#038;p=41291"},"modified":"2026-04-23T13:43:36","modified_gmt":"2026-04-23T11:43:36","slug":"ysabel-de-maisonneuve-la-couleur-sur-le-fil","status":"publish","type":"product","link":"https:\/\/librairie7l.com\/en\/produit\/ysabel-de-maisonneuve-la-couleur-sur-le-fil\/","title":{"rendered":"YSABEL DE MAISONNEUVE, LA COULEUR SUR LE FIL"},"content":{"rendered":"<p>A travers le tissu et la couleur, Ysabel de Maisonneuve est en exploration constante de l&#8217;espace et du mouvement. Gr\u00e2ce aux techniques du shibori d\u00e9couvertes au Japon et qu&#8217;elle ne se lasse pas d&#8217;exp\u00e9rimenter, elle rend hommage \u00e0 tous ceux qui, au fil des si\u00e8cles, ont tent\u00e9 d&#8217;imprimer par leurs gestes un instant d&#8217;\u00e9ternit\u00e9. Devant l&#8217;oc\u00e9an comme devant ses bassines de teinture, cette artiste accueille l&#8217;acte de cr\u00e9ation comme un cadeau. Elle aime \u00e0 faire dialoguer la fibre avec la lumi\u00e8re, la couleur, les fac\u00e9ties de l&#8217;eau et du vent, pour tenter de reproduire les impressions qui saisissent son corps \u00e0 fleur de peau. Les oeuvres d&#8217;Ysabel de Maisonneuve sont toujours pr\u00e9texte \u00e0 nouer des rencontres. Sa danse est une offrande, un engagement de son \u00eatre dans le monde, que le tissu est vou\u00e9 \u00e0 prolonger ind\u00e9finiment.<\/p>\n","protected":false},"excerpt":{"rendered":"<p>A travers le tissu et la couleur, Ysabel de Maisonneuve est en exploration constante de l&#8217;espace et du mouvement. Gr\u00e2ce aux techniques du shibori d\u00e9couvertes au Japon et qu&#8217;elle ne se lasse pas d&#8217;exp\u00e9rimenter, elle rend hommage \u00e0 tous ceux qui, au fil des si\u00e8cles, ont tent\u00e9 d&#8217;imprimer par leurs gestes un instant d&#8217;\u00e9ternit\u00e9. Devant [&hellip;]<\/p>\n","protected":false},"featured_media":41289,"template":"","meta":[],"product_cat":[2948,2952],"product_tag":[],"acf":[],"yoast_head":"<!-- This site is optimized with the Yoast SEO plugin v20.11 - https:\/\/yoast.com\/wordpress\/plugins\/seo\/ -->\n<title>Ysabel de Maisonneuve, la couleur sur le fil - Librairie 7L<\/title>\n<meta name=\"robots\" content=\"index, follow, max-snippet:-1, max-image-preview:large, max-video-preview:-1\" \/>\n<link rel=\"canonical\" href=\"https:\/\/librairie7l.com\/en\/produit\/ysabel-de-maisonneuve-la-couleur-sur-le-fil\/\" \/>\n<meta property=\"og:locale\" content=\"en_US\" \/>\n<meta property=\"og:type\" content=\"article\" \/>\n<meta property=\"og:title\" content=\"Ysabel de Maisonneuve, la couleur sur le fil - Librairie 7L\" \/>\n<meta property=\"og:description\" content=\"A travers le tissu et la couleur, Ysabel de Maisonneuve est en exploration constante de l&#8217;espace et du mouvement. Gr\u00e2ce aux techniques du shibori d\u00e9couvertes au Japon et qu&#8217;elle ne se lasse pas d&#8217;exp\u00e9rimenter, elle rend hommage \u00e0 tous ceux qui, au fil des si\u00e8cles, ont tent\u00e9 d&#8217;imprimer par leurs gestes un instant d&#8217;\u00e9ternit\u00e9. Devant [&hellip;]\" \/>\n<meta property=\"og:url\" content=\"https:\/\/librairie7l.com\/en\/produit\/ysabel-de-maisonneuve-la-couleur-sur-le-fil\/\" \/>\n<meta property=\"og:site_name\" content=\"Librairie 7L\" \/>\n<meta property=\"article:modified_time\" content=\"2026-04-23T11:43:36+00:00\" \/>\n<meta property=\"og:image\" content=\"https:\/\/librairie7l.com\/wp-content\/uploads\/2024\/03\/9791096404360_1_75.jpg\" \/>\n\t<meta property=\"og:image:width\" content=\"600\" \/>\n\t<meta property=\"og:image:height\" content=\"720\" \/>\n\t<meta property=\"og:image:type\" content=\"image\/jpeg\" \/>\n<meta name=\"twitter:card\" content=\"summary_large_image\" \/>\n<meta name=\"twitter:label1\" content=\"Est. reading time\" \/>\n\t<meta name=\"twitter:data1\" content=\"1 minute\" \/>\n<script type=\"application\/ld+json\" class=\"yoast-schema-graph\">{\"@context\":\"https:\/\/schema.org\",\"@graph\":[{\"@type\":\"WebPage\",\"@id\":\"https:\/\/librairie7l.com\/en\/produit\/ysabel-de-maisonneuve-la-couleur-sur-le-fil\/\",\"url\":\"https:\/\/librairie7l.com\/en\/produit\/ysabel-de-maisonneuve-la-couleur-sur-le-fil\/\",\"name\":\"Ysabel de Maisonneuve, la couleur sur le fil - Librairie 7L\",\"isPartOf\":{\"@id\":\"https:\/\/librairie7l.com\/en\/#website\"},\"datePublished\":\"2024-06-04T07:18:51+00:00\",\"dateModified\":\"2026-04-23T11:43:36+00:00\",\"breadcrumb\":{\"@id\":\"https:\/\/librairie7l.com\/en\/produit\/ysabel-de-maisonneuve-la-couleur-sur-le-fil\/#breadcrumb\"},\"inLanguage\":\"en-US\",\"potentialAction\":[{\"@type\":\"ReadAction\",\"target\":[\"https:\/\/librairie7l.com\/en\/produit\/ysabel-de-maisonneuve-la-couleur-sur-le-fil\/\"]}]},{\"@type\":\"BreadcrumbList\",\"@id\":\"https:\/\/librairie7l.com\/en\/produit\/ysabel-de-maisonneuve-la-couleur-sur-le-fil\/#breadcrumb\",\"itemListElement\":[{\"@type\":\"ListItem\",\"position\":1,\"name\":\"Accueil\",\"item\":\"https:\/\/librairie7l.com\/en\/\"},{\"@type\":\"ListItem\",\"position\":2,\"name\":\"Shop\",\"item\":\"https:\/\/librairie7l.com\/en\/shop\/\"},{\"@type\":\"ListItem\",\"position\":3,\"name\":\"YSABEL DE MAISONNEUVE, LA COULEUR SUR LE FIL\"}]},{\"@type\":\"WebSite\",\"@id\":\"https:\/\/librairie7l.com\/en\/#website\",\"url\":\"https:\/\/librairie7l.com\/en\/\",\"name\":\"Librairie 7L\",\"description\":\"Librairie fond\u00e9e en 1999 par Karl Lagerfeld \u00e0 Paris\",\"publisher\":{\"@id\":\"https:\/\/librairie7l.com\/en\/#organization\"},\"potentialAction\":[{\"@type\":\"SearchAction\",\"target\":{\"@type\":\"EntryPoint\",\"urlTemplate\":\"https:\/\/librairie7l.com\/en\/?s={search_term_string}\"},\"query-input\":\"required name=search_term_string\"}],\"inLanguage\":\"en-US\"},{\"@type\":\"Organization\",\"@id\":\"https:\/\/librairie7l.com\/en\/#organization\",\"name\":\"Librairie 7L\",\"url\":\"https:\/\/librairie7l.com\/en\/\",\"logo\":{\"@type\":\"ImageObject\",\"inLanguage\":\"en-US\",\"@id\":\"https:\/\/librairie7l.com\/en\/#\/schema\/logo\/image\/\",\"url\":\"https:\/\/librairie7l.com\/wp-content\/uploads\/2022\/08\/logo-1.png\",\"contentUrl\":\"https:\/\/librairie7l.com\/wp-content\/uploads\/2022\/08\/logo-1.png\",\"width\":227,\"height\":301,\"caption\":\"Librairie 7L\"},\"image\":{\"@id\":\"https:\/\/librairie7l.com\/en\/#\/schema\/logo\/image\/\"}}]}<\/script>\n<!-- \/ Yoast SEO plugin. -->","yoast_head_json":{"title":"Ysabel de Maisonneuve, la couleur sur le fil - Librairie 7L","robots":{"index":"index","follow":"follow","max-snippet":"max-snippet:-1","max-image-preview":"max-image-preview:large","max-video-preview":"max-video-preview:-1"},"canonical":"https:\/\/librairie7l.com\/en\/produit\/ysabel-de-maisonneuve-la-couleur-sur-le-fil\/","og_locale":"en_US","og_type":"article","og_title":"Ysabel de Maisonneuve, la couleur sur le fil - Librairie 7L","og_description":"A travers le tissu et la couleur, Ysabel de Maisonneuve est en exploration constante de l&#8217;espace et du mouvement. Gr\u00e2ce aux techniques du shibori d\u00e9couvertes au Japon et qu&#8217;elle ne se lasse pas d&#8217;exp\u00e9rimenter, elle rend hommage \u00e0 tous ceux qui, au fil des si\u00e8cles, ont tent\u00e9 d&#8217;imprimer par leurs gestes un instant d&#8217;\u00e9ternit\u00e9. Devant [&hellip;]","og_url":"https:\/\/librairie7l.com\/en\/produit\/ysabel-de-maisonneuve-la-couleur-sur-le-fil\/","og_site_name":"Librairie 7L","article_modified_time":"2026-04-23T11:43:36+00:00","og_image":[{"width":600,"height":720,"url":"https:\/\/librairie7l.com\/wp-content\/uploads\/2024\/03\/9791096404360_1_75.jpg","type":"image\/jpeg"}],"twitter_card":"summary_large_image","twitter_misc":{"Est. reading time":"1 minute"},"schema":{"@context":"https:\/\/schema.org","@graph":[{"@type":"WebPage","@id":"https:\/\/librairie7l.com\/en\/produit\/ysabel-de-maisonneuve-la-couleur-sur-le-fil\/","url":"https:\/\/librairie7l.com\/en\/produit\/ysabel-de-maisonneuve-la-couleur-sur-le-fil\/","name":"Ysabel de Maisonneuve, la couleur sur le fil - Librairie 7L","isPartOf":{"@id":"https:\/\/librairie7l.com\/en\/#website"},"datePublished":"2024-06-04T07:18:51+00:00","dateModified":"2026-04-23T11:43:36+00:00","breadcrumb":{"@id":"https:\/\/librairie7l.com\/en\/produit\/ysabel-de-maisonneuve-la-couleur-sur-le-fil\/#breadcrumb"},"inLanguage":"en-US","potentialAction":[{"@type":"ReadAction","target":["https:\/\/librairie7l.com\/en\/produit\/ysabel-de-maisonneuve-la-couleur-sur-le-fil\/"]}]},{"@type":"BreadcrumbList","@id":"https:\/\/librairie7l.com\/en\/produit\/ysabel-de-maisonneuve-la-couleur-sur-le-fil\/#breadcrumb","itemListElement":[{"@type":"ListItem","position":1,"name":"Accueil","item":"https:\/\/librairie7l.com\/en\/"},{"@type":"ListItem","position":2,"name":"Shop","item":"https:\/\/librairie7l.com\/en\/shop\/"},{"@type":"ListItem","position":3,"name":"YSABEL DE MAISONNEUVE, LA COULEUR SUR LE FIL"}]},{"@type":"WebSite","@id":"https:\/\/librairie7l.com\/en\/#website","url":"https:\/\/librairie7l.com\/en\/","name":"Librairie 7L","description":"Librairie fond\u00e9e en 1999 par Karl Lagerfeld \u00e0 Paris","publisher":{"@id":"https:\/\/librairie7l.com\/en\/#organization"},"potentialAction":[{"@type":"SearchAction","target":{"@type":"EntryPoint","urlTemplate":"https:\/\/librairie7l.com\/en\/?s={search_term_string}"},"query-input":"required name=search_term_string"}],"inLanguage":"en-US"},{"@type":"Organization","@id":"https:\/\/librairie7l.com\/en\/#organization","name":"Librairie 7L","url":"https:\/\/librairie7l.com\/en\/","logo":{"@type":"ImageObject","inLanguage":"en-US","@id":"https:\/\/librairie7l.com\/en\/#\/schema\/logo\/image\/","url":"https:\/\/librairie7l.com\/wp-content\/uploads\/2022\/08\/logo-1.png","contentUrl":"https:\/\/librairie7l.com\/wp-content\/uploads\/2022\/08\/logo-1.png","width":227,"height":301,"caption":"Librairie 7L"},"image":{"@id":"https:\/\/librairie7l.com\/en\/#\/schema\/logo\/image\/"}}]}},"_links":{"self":[{"href":"https:\/\/librairie7l.com\/en\/wp-json\/wp\/v2\/product\/41291"}],"collection":[{"href":"https:\/\/librairie7l.com\/en\/wp-json\/wp\/v2\/product"}],"about":[{"href":"https:\/\/librairie7l.com\/en\/wp-json\/wp\/v2\/types\/product"}],"wp:featuredmedia":[{"embeddable":true,"href":"https:\/\/librairie7l.com\/en\/wp-json\/wp\/v2\/media\/41289"}],"wp:attachment":[{"href":"https:\/\/librairie7l.com\/en\/wp-json\/wp\/v2\/media?parent=41291"}],"wp:term":[{"taxonomy":"product_cat","embeddable":true,"href":"https:\/\/librairie7l.com\/en\/wp-json\/wp\/v2\/product_cat?post=41291"},{"taxonomy":"product_tag","embeddable":true,"href":"https:\/\/librairie7l.com\/en\/wp-json\/wp\/v2\/product_tag?post=41291"}],"curies":[{"name":"wp","href":"https:\/\/api.w.org\/{rel}","templated":true}]}}