{"id":41299,"date":"2024-06-26T08:07:05","date_gmt":"2024-06-26T06:07:05","guid":{"rendered":"https:\/\/librairie7l.com\/?post_type=product&#038;p=41299"},"modified":"2026-04-13T01:00:27","modified_gmt":"2026-04-12T23:00:27","slug":"catherine-vanier-la-matiere-du-decor","status":"publish","type":"product","link":"https:\/\/librairie7l.com\/en\/produit\/catherine-vanier-la-matiere-du-decor\/","title":{"rendered":"CATHERINE VANIER, LA MATI\u00c8RE DU D\u00c9COR"},"content":{"rendered":"<p>Catherine Vanier, n\u00e9e en 1943, est une figure essentielle de la poterie europ\u00e9enne. Bien pr\u00e9par\u00e9e aupr\u00e8s de l&#8217;enseignant et c\u00e9ramiste suisse Philippe Lambercy, elle s&#8217;est fray\u00e9 un chemin tr\u00e8s personnel dans le contexte du renouveau de la poterie verniss\u00e9e. Renon\u00e7ant au barolet au profit de ses pinceaux elle orne ses pi\u00e8ces en virtuose de l&#8217;\u00e9quilibre et de la juste tension entre densit\u00e9 et graphisme a\u00e9rien. Fascin\u00e9e par la c\u00e9ramique de l&#8217;Asie centrale, terre de ses lointains anc\u00eatres, elle a r\u00e9cemment mis au point une mati\u00e8re blanche satin\u00e9e qui re\u00e7oit bien son d\u00e9cor. Dans sa palette modifi\u00e9e, domine maintenant un brun fonc\u00e9 chaleureux qu&#8217;\u00e9clairent quelques touches l\u00e9g\u00e8res de bleu ou de vert. Loin de toute tradition populaire, ses d\u00e9cors, jamais descriptifs, sont travers\u00e9s par le souvenir des signes de force et de gr\u00e2ce que ses yeux \u00e9merveill\u00e9s ont recueillis dans la nature. Ses pi\u00e8ces r\u00e9centes, tourn\u00e9es ou model\u00e9es, pr\u00e9sent\u00e9es \u00e0 la Compagnie de la Chine et des Indes, confirment la place unique de cette artiste dans la c\u00e9ramique d&#8217;aujourd&#8217;hui.<\/p>\n","protected":false},"excerpt":{"rendered":"<p>Catherine Vanier, n\u00e9e en 1943, est une figure essentielle de la poterie europ\u00e9enne. Bien pr\u00e9par\u00e9e aupr\u00e8s de l&#8217;enseignant et c\u00e9ramiste suisse Philippe Lambercy, elle s&#8217;est fray\u00e9 un chemin tr\u00e8s personnel dans le contexte du renouveau de la poterie verniss\u00e9e. Renon\u00e7ant au barolet au profit de ses pinceaux elle orne ses pi\u00e8ces en virtuose de l&#8217;\u00e9quilibre [&hellip;]<\/p>\n","protected":false},"featured_media":41297,"template":"","meta":[],"product_cat":[2948,2952],"product_tag":[],"acf":[],"yoast_head":"<!-- This site is optimized with the Yoast SEO plugin v20.11 - https:\/\/yoast.com\/wordpress\/plugins\/seo\/ -->\n<title>Catherine Vanier, la mati\u00e8re du d\u00e9cor - Librairie 7L<\/title>\n<meta name=\"robots\" content=\"index, follow, max-snippet:-1, max-image-preview:large, max-video-preview:-1\" \/>\n<link rel=\"canonical\" href=\"https:\/\/librairie7l.com\/en\/produit\/catherine-vanier-la-matiere-du-decor\/\" \/>\n<meta property=\"og:locale\" content=\"en_US\" \/>\n<meta property=\"og:type\" content=\"article\" \/>\n<meta property=\"og:title\" content=\"Catherine Vanier, la mati\u00e8re du d\u00e9cor - Librairie 7L\" \/>\n<meta property=\"og:description\" content=\"Catherine Vanier, n\u00e9e en 1943, est une figure essentielle de la poterie europ\u00e9enne. Bien pr\u00e9par\u00e9e aupr\u00e8s de l&#8217;enseignant et c\u00e9ramiste suisse Philippe Lambercy, elle s&#8217;est fray\u00e9 un chemin tr\u00e8s personnel dans le contexte du renouveau de la poterie verniss\u00e9e. Renon\u00e7ant au barolet au profit de ses pinceaux elle orne ses pi\u00e8ces en virtuose de l&#8217;\u00e9quilibre [&hellip;]\" \/>\n<meta property=\"og:url\" content=\"https:\/\/librairie7l.com\/en\/produit\/catherine-vanier-la-matiere-du-decor\/\" \/>\n<meta property=\"og:site_name\" content=\"Librairie 7L\" \/>\n<meta property=\"article:modified_time\" content=\"2026-04-12T23:00:27+00:00\" \/>\n<meta property=\"og:image\" content=\"https:\/\/librairie7l.com\/wp-content\/uploads\/2020\/01\/9791096404155_1_75.jpg\" \/>\n\t<meta property=\"og:image:width\" content=\"567\" \/>\n\t<meta property=\"og:image:height\" content=\"800\" \/>\n\t<meta property=\"og:image:type\" content=\"image\/jpeg\" \/>\n<meta name=\"twitter:card\" content=\"summary_large_image\" \/>\n<meta name=\"twitter:label1\" content=\"Est. reading time\" \/>\n\t<meta name=\"twitter:data1\" content=\"1 minute\" \/>\n<script type=\"application\/ld+json\" class=\"yoast-schema-graph\">{\"@context\":\"https:\/\/schema.org\",\"@graph\":[{\"@type\":\"WebPage\",\"@id\":\"https:\/\/librairie7l.com\/en\/produit\/catherine-vanier-la-matiere-du-decor\/\",\"url\":\"https:\/\/librairie7l.com\/en\/produit\/catherine-vanier-la-matiere-du-decor\/\",\"name\":\"Catherine Vanier, la mati\u00e8re du d\u00e9cor - Librairie 7L\",\"isPartOf\":{\"@id\":\"https:\/\/librairie7l.com\/en\/#website\"},\"datePublished\":\"2024-06-26T06:07:05+00:00\",\"dateModified\":\"2026-04-12T23:00:27+00:00\",\"breadcrumb\":{\"@id\":\"https:\/\/librairie7l.com\/en\/produit\/catherine-vanier-la-matiere-du-decor\/#breadcrumb\"},\"inLanguage\":\"en-US\",\"potentialAction\":[{\"@type\":\"ReadAction\",\"target\":[\"https:\/\/librairie7l.com\/en\/produit\/catherine-vanier-la-matiere-du-decor\/\"]}]},{\"@type\":\"BreadcrumbList\",\"@id\":\"https:\/\/librairie7l.com\/en\/produit\/catherine-vanier-la-matiere-du-decor\/#breadcrumb\",\"itemListElement\":[{\"@type\":\"ListItem\",\"position\":1,\"name\":\"Accueil\",\"item\":\"https:\/\/librairie7l.com\/en\/\"},{\"@type\":\"ListItem\",\"position\":2,\"name\":\"Shop\",\"item\":\"https:\/\/librairie7l.com\/en\/shop\/\"},{\"@type\":\"ListItem\",\"position\":3,\"name\":\"CATHERINE VANIER, LA MATI\u00c8RE DU D\u00c9COR\"}]},{\"@type\":\"WebSite\",\"@id\":\"https:\/\/librairie7l.com\/en\/#website\",\"url\":\"https:\/\/librairie7l.com\/en\/\",\"name\":\"Librairie 7L\",\"description\":\"Librairie fond\u00e9e en 1999 par Karl Lagerfeld \u00e0 Paris\",\"publisher\":{\"@id\":\"https:\/\/librairie7l.com\/en\/#organization\"},\"potentialAction\":[{\"@type\":\"SearchAction\",\"target\":{\"@type\":\"EntryPoint\",\"urlTemplate\":\"https:\/\/librairie7l.com\/en\/?s={search_term_string}\"},\"query-input\":\"required name=search_term_string\"}],\"inLanguage\":\"en-US\"},{\"@type\":\"Organization\",\"@id\":\"https:\/\/librairie7l.com\/en\/#organization\",\"name\":\"Librairie 7L\",\"url\":\"https:\/\/librairie7l.com\/en\/\",\"logo\":{\"@type\":\"ImageObject\",\"inLanguage\":\"en-US\",\"@id\":\"https:\/\/librairie7l.com\/en\/#\/schema\/logo\/image\/\",\"url\":\"https:\/\/librairie7l.com\/wp-content\/uploads\/2022\/08\/logo-1.png\",\"contentUrl\":\"https:\/\/librairie7l.com\/wp-content\/uploads\/2022\/08\/logo-1.png\",\"width\":227,\"height\":301,\"caption\":\"Librairie 7L\"},\"image\":{\"@id\":\"https:\/\/librairie7l.com\/en\/#\/schema\/logo\/image\/\"}}]}<\/script>\n<!-- \/ Yoast SEO plugin. -->","yoast_head_json":{"title":"Catherine Vanier, la mati\u00e8re du d\u00e9cor - Librairie 7L","robots":{"index":"index","follow":"follow","max-snippet":"max-snippet:-1","max-image-preview":"max-image-preview:large","max-video-preview":"max-video-preview:-1"},"canonical":"https:\/\/librairie7l.com\/en\/produit\/catherine-vanier-la-matiere-du-decor\/","og_locale":"en_US","og_type":"article","og_title":"Catherine Vanier, la mati\u00e8re du d\u00e9cor - Librairie 7L","og_description":"Catherine Vanier, n\u00e9e en 1943, est une figure essentielle de la poterie europ\u00e9enne. Bien pr\u00e9par\u00e9e aupr\u00e8s de l&#8217;enseignant et c\u00e9ramiste suisse Philippe Lambercy, elle s&#8217;est fray\u00e9 un chemin tr\u00e8s personnel dans le contexte du renouveau de la poterie verniss\u00e9e. Renon\u00e7ant au barolet au profit de ses pinceaux elle orne ses pi\u00e8ces en virtuose de l&#8217;\u00e9quilibre [&hellip;]","og_url":"https:\/\/librairie7l.com\/en\/produit\/catherine-vanier-la-matiere-du-decor\/","og_site_name":"Librairie 7L","article_modified_time":"2026-04-12T23:00:27+00:00","og_image":[{"width":567,"height":800,"url":"https:\/\/librairie7l.com\/wp-content\/uploads\/2020\/01\/9791096404155_1_75.jpg","type":"image\/jpeg"}],"twitter_card":"summary_large_image","twitter_misc":{"Est. reading time":"1 minute"},"schema":{"@context":"https:\/\/schema.org","@graph":[{"@type":"WebPage","@id":"https:\/\/librairie7l.com\/en\/produit\/catherine-vanier-la-matiere-du-decor\/","url":"https:\/\/librairie7l.com\/en\/produit\/catherine-vanier-la-matiere-du-decor\/","name":"Catherine Vanier, la mati\u00e8re du d\u00e9cor - Librairie 7L","isPartOf":{"@id":"https:\/\/librairie7l.com\/en\/#website"},"datePublished":"2024-06-26T06:07:05+00:00","dateModified":"2026-04-12T23:00:27+00:00","breadcrumb":{"@id":"https:\/\/librairie7l.com\/en\/produit\/catherine-vanier-la-matiere-du-decor\/#breadcrumb"},"inLanguage":"en-US","potentialAction":[{"@type":"ReadAction","target":["https:\/\/librairie7l.com\/en\/produit\/catherine-vanier-la-matiere-du-decor\/"]}]},{"@type":"BreadcrumbList","@id":"https:\/\/librairie7l.com\/en\/produit\/catherine-vanier-la-matiere-du-decor\/#breadcrumb","itemListElement":[{"@type":"ListItem","position":1,"name":"Accueil","item":"https:\/\/librairie7l.com\/en\/"},{"@type":"ListItem","position":2,"name":"Shop","item":"https:\/\/librairie7l.com\/en\/shop\/"},{"@type":"ListItem","position":3,"name":"CATHERINE VANIER, LA MATI\u00c8RE DU D\u00c9COR"}]},{"@type":"WebSite","@id":"https:\/\/librairie7l.com\/en\/#website","url":"https:\/\/librairie7l.com\/en\/","name":"Librairie 7L","description":"Librairie fond\u00e9e en 1999 par Karl Lagerfeld \u00e0 Paris","publisher":{"@id":"https:\/\/librairie7l.com\/en\/#organization"},"potentialAction":[{"@type":"SearchAction","target":{"@type":"EntryPoint","urlTemplate":"https:\/\/librairie7l.com\/en\/?s={search_term_string}"},"query-input":"required name=search_term_string"}],"inLanguage":"en-US"},{"@type":"Organization","@id":"https:\/\/librairie7l.com\/en\/#organization","name":"Librairie 7L","url":"https:\/\/librairie7l.com\/en\/","logo":{"@type":"ImageObject","inLanguage":"en-US","@id":"https:\/\/librairie7l.com\/en\/#\/schema\/logo\/image\/","url":"https:\/\/librairie7l.com\/wp-content\/uploads\/2022\/08\/logo-1.png","contentUrl":"https:\/\/librairie7l.com\/wp-content\/uploads\/2022\/08\/logo-1.png","width":227,"height":301,"caption":"Librairie 7L"},"image":{"@id":"https:\/\/librairie7l.com\/en\/#\/schema\/logo\/image\/"}}]}},"_links":{"self":[{"href":"https:\/\/librairie7l.com\/en\/wp-json\/wp\/v2\/product\/41299"}],"collection":[{"href":"https:\/\/librairie7l.com\/en\/wp-json\/wp\/v2\/product"}],"about":[{"href":"https:\/\/librairie7l.com\/en\/wp-json\/wp\/v2\/types\/product"}],"wp:featuredmedia":[{"embeddable":true,"href":"https:\/\/librairie7l.com\/en\/wp-json\/wp\/v2\/media\/41297"}],"wp:attachment":[{"href":"https:\/\/librairie7l.com\/en\/wp-json\/wp\/v2\/media?parent=41299"}],"wp:term":[{"taxonomy":"product_cat","embeddable":true,"href":"https:\/\/librairie7l.com\/en\/wp-json\/wp\/v2\/product_cat?post=41299"},{"taxonomy":"product_tag","embeddable":true,"href":"https:\/\/librairie7l.com\/en\/wp-json\/wp\/v2\/product_tag?post=41299"}],"curies":[{"name":"wp","href":"https:\/\/api.w.org\/{rel}","templated":true}]}}