{"id":41303,"date":"2024-06-04T09:19:00","date_gmt":"2024-06-04T07:19:00","guid":{"rendered":"https:\/\/librairie7l.com\/?post_type=product&#038;p=41303"},"modified":"2026-05-10T03:10:51","modified_gmt":"2026-05-10T01:10:51","slug":"antoine-de-vinck","status":"publish","type":"product","link":"https:\/\/librairie7l.com\/en\/produit\/antoine-de-vinck\/","title":{"rendered":"ANTOINE DE VINCK"},"content":{"rendered":"<p>Extrait de la pr\u00e9face par Philippe Dasnoy \u00ab Une des grandes forces d&#8217;Antoine de Vinck fut de ne jamais abandonner ses recherches dans le domaine du design ni la fabrication de pi\u00e8ces de c\u00e9ramique utilitaire au profit de ses autres cr\u00e9ations artistiques que l&#8217;on peut consid\u00e9rer comme plus originales. Il n&#8217;\u00e9tablissait aucune hi\u00e9rarchie entre les deux aspects de son activit\u00e9, celui de potier et celui de sculpteur. Cela faisait partie de sa philosophie de la vie et de son asc\u00e8se personnelle, et c&#8217;est pourquoi son oeuvre, repr\u00e9sent\u00e9e ici pour la premi\u00e8re fois dans son ensemble, offre une aussi grande et riche diversit\u00e9. \u00bb<\/p>\n","protected":false},"excerpt":{"rendered":"<p>Extrait de la pr\u00e9face par Philippe Dasnoy \u00ab Une des grandes forces d&#8217;Antoine de Vinck fut de ne jamais abandonner ses recherches dans le domaine du design ni la fabrication de pi\u00e8ces de c\u00e9ramique utilitaire au profit de ses autres cr\u00e9ations artistiques que l&#8217;on peut consid\u00e9rer comme plus originales. Il n&#8217;\u00e9tablissait aucune hi\u00e9rarchie entre les [&hellip;]<\/p>\n","protected":false},"featured_media":41301,"template":"","meta":[],"product_cat":[2948,2952],"product_tag":[],"acf":[],"yoast_head":"<!-- This site is optimized with the Yoast SEO plugin v20.11 - https:\/\/yoast.com\/wordpress\/plugins\/seo\/ -->\n<title>Antoine de Vinck - Librairie 7L<\/title>\n<meta name=\"robots\" content=\"index, follow, max-snippet:-1, max-image-preview:large, max-video-preview:-1\" \/>\n<link rel=\"canonical\" href=\"https:\/\/librairie7l.com\/en\/produit\/antoine-de-vinck\/\" \/>\n<meta property=\"og:locale\" content=\"en_US\" \/>\n<meta property=\"og:type\" content=\"article\" \/>\n<meta property=\"og:title\" content=\"Antoine de Vinck - Librairie 7L\" \/>\n<meta property=\"og:description\" content=\"Extrait de la pr\u00e9face par Philippe Dasnoy \u00ab Une des grandes forces d&#8217;Antoine de Vinck fut de ne jamais abandonner ses recherches dans le domaine du design ni la fabrication de pi\u00e8ces de c\u00e9ramique utilitaire au profit de ses autres cr\u00e9ations artistiques que l&#8217;on peut consid\u00e9rer comme plus originales. Il n&#8217;\u00e9tablissait aucune hi\u00e9rarchie entre les [&hellip;]\" \/>\n<meta property=\"og:url\" content=\"https:\/\/librairie7l.com\/en\/produit\/antoine-de-vinck\/\" \/>\n<meta property=\"og:site_name\" content=\"Librairie 7L\" \/>\n<meta property=\"article:modified_time\" content=\"2026-05-10T01:10:51+00:00\" \/>\n<meta property=\"og:image\" content=\"https:\/\/librairie7l.com\/wp-content\/uploads\/2020\/02\/9782908988857_1_75.jpg\" \/>\n\t<meta property=\"og:image:width\" content=\"536\" \/>\n\t<meta property=\"og:image:height\" content=\"650\" \/>\n\t<meta property=\"og:image:type\" content=\"image\/jpeg\" \/>\n<meta name=\"twitter:card\" content=\"summary_large_image\" \/>\n<meta name=\"twitter:label1\" content=\"Est. reading time\" \/>\n\t<meta name=\"twitter:data1\" content=\"1 minute\" \/>\n<script type=\"application\/ld+json\" class=\"yoast-schema-graph\">{\"@context\":\"https:\/\/schema.org\",\"@graph\":[{\"@type\":\"WebPage\",\"@id\":\"https:\/\/librairie7l.com\/en\/produit\/antoine-de-vinck\/\",\"url\":\"https:\/\/librairie7l.com\/en\/produit\/antoine-de-vinck\/\",\"name\":\"Antoine de Vinck - Librairie 7L\",\"isPartOf\":{\"@id\":\"https:\/\/librairie7l.com\/en\/#website\"},\"datePublished\":\"2024-06-04T07:19:00+00:00\",\"dateModified\":\"2026-05-10T01:10:51+00:00\",\"breadcrumb\":{\"@id\":\"https:\/\/librairie7l.com\/en\/produit\/antoine-de-vinck\/#breadcrumb\"},\"inLanguage\":\"en-US\",\"potentialAction\":[{\"@type\":\"ReadAction\",\"target\":[\"https:\/\/librairie7l.com\/en\/produit\/antoine-de-vinck\/\"]}]},{\"@type\":\"BreadcrumbList\",\"@id\":\"https:\/\/librairie7l.com\/en\/produit\/antoine-de-vinck\/#breadcrumb\",\"itemListElement\":[{\"@type\":\"ListItem\",\"position\":1,\"name\":\"Accueil\",\"item\":\"https:\/\/librairie7l.com\/en\/\"},{\"@type\":\"ListItem\",\"position\":2,\"name\":\"Shop\",\"item\":\"https:\/\/librairie7l.com\/en\/shop\/\"},{\"@type\":\"ListItem\",\"position\":3,\"name\":\"ANTOINE DE VINCK\"}]},{\"@type\":\"WebSite\",\"@id\":\"https:\/\/librairie7l.com\/en\/#website\",\"url\":\"https:\/\/librairie7l.com\/en\/\",\"name\":\"Librairie 7L\",\"description\":\"Librairie fond\u00e9e en 1999 par Karl Lagerfeld \u00e0 Paris\",\"publisher\":{\"@id\":\"https:\/\/librairie7l.com\/en\/#organization\"},\"potentialAction\":[{\"@type\":\"SearchAction\",\"target\":{\"@type\":\"EntryPoint\",\"urlTemplate\":\"https:\/\/librairie7l.com\/en\/?s={search_term_string}\"},\"query-input\":\"required name=search_term_string\"}],\"inLanguage\":\"en-US\"},{\"@type\":\"Organization\",\"@id\":\"https:\/\/librairie7l.com\/en\/#organization\",\"name\":\"Librairie 7L\",\"url\":\"https:\/\/librairie7l.com\/en\/\",\"logo\":{\"@type\":\"ImageObject\",\"inLanguage\":\"en-US\",\"@id\":\"https:\/\/librairie7l.com\/en\/#\/schema\/logo\/image\/\",\"url\":\"https:\/\/librairie7l.com\/wp-content\/uploads\/2022\/08\/logo-1.png\",\"contentUrl\":\"https:\/\/librairie7l.com\/wp-content\/uploads\/2022\/08\/logo-1.png\",\"width\":227,\"height\":301,\"caption\":\"Librairie 7L\"},\"image\":{\"@id\":\"https:\/\/librairie7l.com\/en\/#\/schema\/logo\/image\/\"}}]}<\/script>\n<!-- \/ Yoast SEO plugin. -->","yoast_head_json":{"title":"Antoine de Vinck - Librairie 7L","robots":{"index":"index","follow":"follow","max-snippet":"max-snippet:-1","max-image-preview":"max-image-preview:large","max-video-preview":"max-video-preview:-1"},"canonical":"https:\/\/librairie7l.com\/en\/produit\/antoine-de-vinck\/","og_locale":"en_US","og_type":"article","og_title":"Antoine de Vinck - Librairie 7L","og_description":"Extrait de la pr\u00e9face par Philippe Dasnoy \u00ab Une des grandes forces d&#8217;Antoine de Vinck fut de ne jamais abandonner ses recherches dans le domaine du design ni la fabrication de pi\u00e8ces de c\u00e9ramique utilitaire au profit de ses autres cr\u00e9ations artistiques que l&#8217;on peut consid\u00e9rer comme plus originales. Il n&#8217;\u00e9tablissait aucune hi\u00e9rarchie entre les [&hellip;]","og_url":"https:\/\/librairie7l.com\/en\/produit\/antoine-de-vinck\/","og_site_name":"Librairie 7L","article_modified_time":"2026-05-10T01:10:51+00:00","og_image":[{"width":536,"height":650,"url":"https:\/\/librairie7l.com\/wp-content\/uploads\/2020\/02\/9782908988857_1_75.jpg","type":"image\/jpeg"}],"twitter_card":"summary_large_image","twitter_misc":{"Est. reading time":"1 minute"},"schema":{"@context":"https:\/\/schema.org","@graph":[{"@type":"WebPage","@id":"https:\/\/librairie7l.com\/en\/produit\/antoine-de-vinck\/","url":"https:\/\/librairie7l.com\/en\/produit\/antoine-de-vinck\/","name":"Antoine de Vinck - Librairie 7L","isPartOf":{"@id":"https:\/\/librairie7l.com\/en\/#website"},"datePublished":"2024-06-04T07:19:00+00:00","dateModified":"2026-05-10T01:10:51+00:00","breadcrumb":{"@id":"https:\/\/librairie7l.com\/en\/produit\/antoine-de-vinck\/#breadcrumb"},"inLanguage":"en-US","potentialAction":[{"@type":"ReadAction","target":["https:\/\/librairie7l.com\/en\/produit\/antoine-de-vinck\/"]}]},{"@type":"BreadcrumbList","@id":"https:\/\/librairie7l.com\/en\/produit\/antoine-de-vinck\/#breadcrumb","itemListElement":[{"@type":"ListItem","position":1,"name":"Accueil","item":"https:\/\/librairie7l.com\/en\/"},{"@type":"ListItem","position":2,"name":"Shop","item":"https:\/\/librairie7l.com\/en\/shop\/"},{"@type":"ListItem","position":3,"name":"ANTOINE DE VINCK"}]},{"@type":"WebSite","@id":"https:\/\/librairie7l.com\/en\/#website","url":"https:\/\/librairie7l.com\/en\/","name":"Librairie 7L","description":"Librairie fond\u00e9e en 1999 par Karl Lagerfeld \u00e0 Paris","publisher":{"@id":"https:\/\/librairie7l.com\/en\/#organization"},"potentialAction":[{"@type":"SearchAction","target":{"@type":"EntryPoint","urlTemplate":"https:\/\/librairie7l.com\/en\/?s={search_term_string}"},"query-input":"required name=search_term_string"}],"inLanguage":"en-US"},{"@type":"Organization","@id":"https:\/\/librairie7l.com\/en\/#organization","name":"Librairie 7L","url":"https:\/\/librairie7l.com\/en\/","logo":{"@type":"ImageObject","inLanguage":"en-US","@id":"https:\/\/librairie7l.com\/en\/#\/schema\/logo\/image\/","url":"https:\/\/librairie7l.com\/wp-content\/uploads\/2022\/08\/logo-1.png","contentUrl":"https:\/\/librairie7l.com\/wp-content\/uploads\/2022\/08\/logo-1.png","width":227,"height":301,"caption":"Librairie 7L"},"image":{"@id":"https:\/\/librairie7l.com\/en\/#\/schema\/logo\/image\/"}}]}},"_links":{"self":[{"href":"https:\/\/librairie7l.com\/en\/wp-json\/wp\/v2\/product\/41303"}],"collection":[{"href":"https:\/\/librairie7l.com\/en\/wp-json\/wp\/v2\/product"}],"about":[{"href":"https:\/\/librairie7l.com\/en\/wp-json\/wp\/v2\/types\/product"}],"wp:featuredmedia":[{"embeddable":true,"href":"https:\/\/librairie7l.com\/en\/wp-json\/wp\/v2\/media\/41301"}],"wp:attachment":[{"href":"https:\/\/librairie7l.com\/en\/wp-json\/wp\/v2\/media?parent=41303"}],"wp:term":[{"taxonomy":"product_cat","embeddable":true,"href":"https:\/\/librairie7l.com\/en\/wp-json\/wp\/v2\/product_cat?post=41303"},{"taxonomy":"product_tag","embeddable":true,"href":"https:\/\/librairie7l.com\/en\/wp-json\/wp\/v2\/product_tag?post=41303"}],"curies":[{"name":"wp","href":"https:\/\/api.w.org\/{rel}","templated":true}]}}