{"id":41307,"date":"2024-06-04T09:19:03","date_gmt":"2024-06-04T07:19:03","guid":{"rendered":"https:\/\/librairie7l.com\/?post_type=product&#038;p=41307"},"modified":"2026-04-23T11:32:41","modified_gmt":"2026-04-23T09:32:41","slug":"valerie-boy-la-liberte-de-creer","status":"publish","type":"product","link":"https:\/\/librairie7l.com\/en\/produit\/valerie-boy-la-liberte-de-creer\/","title":{"rendered":"VAL\u00c9RIE BOY ; LA LIBERT\u00c9 DE CR\u00c9ER"},"content":{"rendered":"<p>\u00ab Je cultive la libert\u00e9 de cr\u00e9er dans tous les domaines. \u00bb Val\u00e9rie Boy s&#8217;affiche cr\u00e9ative et boh\u00e8me. Elle s&#8217;autorise \u00e0 tout faire, de la laine \u00e0 l&#8217;acier, du raphia au laiton, du meuble unique \u00e0 la sculpture lumineuse, en passant par les miroirs qui r\u00e9v\u00e8lent l&#8217;\u00e2me des hommes. Tel le vif-argent, elle est aussi insaisissable que les projets qu&#8217;elle r\u00e9alise, mais tous proc\u00e8dent d&#8217;un m\u00eame vocabulaire esth\u00e9tique. Son oeuvre se constitue comme un conte dont les personnages &#8211; meubles et objets &#8211; auraient grandi \u00e0 l&#8217;ombre de son imagination. Ses sujets refl\u00e8tent les r\u00e9alit\u00e9s de la nature et le jeu des Correspondances, ch\u00e8res \u00e0 Charles Baudelaire, \u00ab qui chantent les transports de l&#8217;esprit et des sens \u00bb. Libre et sans attaches, elle occupe une position singuli\u00e8re dans le monde des m\u00e9tiers d&#8217;art, qui la situe dans le champ de l&#8217;exception.<\/p>\n","protected":false},"excerpt":{"rendered":"<p>\u00ab Je cultive la libert\u00e9 de cr\u00e9er dans tous les domaines. \u00bb Val\u00e9rie Boy s&#8217;affiche cr\u00e9ative et boh\u00e8me. Elle s&#8217;autorise \u00e0 tout faire, de la laine \u00e0 l&#8217;acier, du raphia au laiton, du meuble unique \u00e0 la sculpture lumineuse, en passant par les miroirs qui r\u00e9v\u00e8lent l&#8217;\u00e2me des hommes. Tel le vif-argent, elle est aussi [&hellip;]<\/p>\n","protected":false},"featured_media":41305,"template":"","meta":[],"product_cat":[2948,2952],"product_tag":[],"acf":[],"yoast_head":"<!-- This site is optimized with the Yoast SEO plugin v20.11 - https:\/\/yoast.com\/wordpress\/plugins\/seo\/ -->\n<title>Val\u00e9rie Boy ; la libert\u00e9 de cr\u00e9er - Librairie 7L<\/title>\n<meta name=\"robots\" content=\"index, follow, max-snippet:-1, max-image-preview:large, max-video-preview:-1\" \/>\n<link rel=\"canonical\" href=\"https:\/\/librairie7l.com\/en\/produit\/valerie-boy-la-liberte-de-creer\/\" \/>\n<meta property=\"og:locale\" content=\"en_US\" \/>\n<meta property=\"og:type\" content=\"article\" \/>\n<meta property=\"og:title\" content=\"Val\u00e9rie Boy ; la libert\u00e9 de cr\u00e9er - Librairie 7L\" \/>\n<meta property=\"og:description\" content=\"\u00ab Je cultive la libert\u00e9 de cr\u00e9er dans tous les domaines. \u00bb Val\u00e9rie Boy s&#8217;affiche cr\u00e9ative et boh\u00e8me. Elle s&#8217;autorise \u00e0 tout faire, de la laine \u00e0 l&#8217;acier, du raphia au laiton, du meuble unique \u00e0 la sculpture lumineuse, en passant par les miroirs qui r\u00e9v\u00e8lent l&#8217;\u00e2me des hommes. Tel le vif-argent, elle est aussi [&hellip;]\" \/>\n<meta property=\"og:url\" content=\"https:\/\/librairie7l.com\/en\/produit\/valerie-boy-la-liberte-de-creer\/\" \/>\n<meta property=\"og:site_name\" content=\"Librairie 7L\" \/>\n<meta property=\"article:modified_time\" content=\"2026-04-23T09:32:41+00:00\" \/>\n<meta property=\"og:image\" content=\"https:\/\/librairie7l.com\/wp-content\/uploads\/2020\/02\/9791096404056_1_75.jpg\" \/>\n\t<meta property=\"og:image:width\" content=\"537\" \/>\n\t<meta property=\"og:image:height\" content=\"650\" \/>\n\t<meta property=\"og:image:type\" content=\"image\/jpeg\" \/>\n<meta name=\"twitter:card\" content=\"summary_large_image\" \/>\n<meta name=\"twitter:label1\" content=\"Est. reading time\" \/>\n\t<meta name=\"twitter:data1\" content=\"1 minute\" \/>\n<script type=\"application\/ld+json\" class=\"yoast-schema-graph\">{\"@context\":\"https:\/\/schema.org\",\"@graph\":[{\"@type\":\"WebPage\",\"@id\":\"https:\/\/librairie7l.com\/en\/produit\/valerie-boy-la-liberte-de-creer\/\",\"url\":\"https:\/\/librairie7l.com\/en\/produit\/valerie-boy-la-liberte-de-creer\/\",\"name\":\"Val\u00e9rie Boy ; la libert\u00e9 de cr\u00e9er - Librairie 7L\",\"isPartOf\":{\"@id\":\"https:\/\/librairie7l.com\/en\/#website\"},\"datePublished\":\"2024-06-04T07:19:03+00:00\",\"dateModified\":\"2026-04-23T09:32:41+00:00\",\"breadcrumb\":{\"@id\":\"https:\/\/librairie7l.com\/en\/produit\/valerie-boy-la-liberte-de-creer\/#breadcrumb\"},\"inLanguage\":\"en-US\",\"potentialAction\":[{\"@type\":\"ReadAction\",\"target\":[\"https:\/\/librairie7l.com\/en\/produit\/valerie-boy-la-liberte-de-creer\/\"]}]},{\"@type\":\"BreadcrumbList\",\"@id\":\"https:\/\/librairie7l.com\/en\/produit\/valerie-boy-la-liberte-de-creer\/#breadcrumb\",\"itemListElement\":[{\"@type\":\"ListItem\",\"position\":1,\"name\":\"Accueil\",\"item\":\"https:\/\/librairie7l.com\/en\/\"},{\"@type\":\"ListItem\",\"position\":2,\"name\":\"Shop\",\"item\":\"https:\/\/librairie7l.com\/en\/shop\/\"},{\"@type\":\"ListItem\",\"position\":3,\"name\":\"VAL\u00c9RIE BOY ; LA LIBERT\u00c9 DE CR\u00c9ER\"}]},{\"@type\":\"WebSite\",\"@id\":\"https:\/\/librairie7l.com\/en\/#website\",\"url\":\"https:\/\/librairie7l.com\/en\/\",\"name\":\"Librairie 7L\",\"description\":\"Librairie fond\u00e9e en 1999 par Karl Lagerfeld \u00e0 Paris\",\"publisher\":{\"@id\":\"https:\/\/librairie7l.com\/en\/#organization\"},\"potentialAction\":[{\"@type\":\"SearchAction\",\"target\":{\"@type\":\"EntryPoint\",\"urlTemplate\":\"https:\/\/librairie7l.com\/en\/?s={search_term_string}\"},\"query-input\":\"required name=search_term_string\"}],\"inLanguage\":\"en-US\"},{\"@type\":\"Organization\",\"@id\":\"https:\/\/librairie7l.com\/en\/#organization\",\"name\":\"Librairie 7L\",\"url\":\"https:\/\/librairie7l.com\/en\/\",\"logo\":{\"@type\":\"ImageObject\",\"inLanguage\":\"en-US\",\"@id\":\"https:\/\/librairie7l.com\/en\/#\/schema\/logo\/image\/\",\"url\":\"https:\/\/librairie7l.com\/wp-content\/uploads\/2022\/08\/logo-1.png\",\"contentUrl\":\"https:\/\/librairie7l.com\/wp-content\/uploads\/2022\/08\/logo-1.png\",\"width\":227,\"height\":301,\"caption\":\"Librairie 7L\"},\"image\":{\"@id\":\"https:\/\/librairie7l.com\/en\/#\/schema\/logo\/image\/\"}}]}<\/script>\n<!-- \/ Yoast SEO plugin. -->","yoast_head_json":{"title":"Val\u00e9rie Boy ; la libert\u00e9 de cr\u00e9er - Librairie 7L","robots":{"index":"index","follow":"follow","max-snippet":"max-snippet:-1","max-image-preview":"max-image-preview:large","max-video-preview":"max-video-preview:-1"},"canonical":"https:\/\/librairie7l.com\/en\/produit\/valerie-boy-la-liberte-de-creer\/","og_locale":"en_US","og_type":"article","og_title":"Val\u00e9rie Boy ; la libert\u00e9 de cr\u00e9er - Librairie 7L","og_description":"\u00ab Je cultive la libert\u00e9 de cr\u00e9er dans tous les domaines. \u00bb Val\u00e9rie Boy s&#8217;affiche cr\u00e9ative et boh\u00e8me. Elle s&#8217;autorise \u00e0 tout faire, de la laine \u00e0 l&#8217;acier, du raphia au laiton, du meuble unique \u00e0 la sculpture lumineuse, en passant par les miroirs qui r\u00e9v\u00e8lent l&#8217;\u00e2me des hommes. Tel le vif-argent, elle est aussi [&hellip;]","og_url":"https:\/\/librairie7l.com\/en\/produit\/valerie-boy-la-liberte-de-creer\/","og_site_name":"Librairie 7L","article_modified_time":"2026-04-23T09:32:41+00:00","og_image":[{"width":537,"height":650,"url":"https:\/\/librairie7l.com\/wp-content\/uploads\/2020\/02\/9791096404056_1_75.jpg","type":"image\/jpeg"}],"twitter_card":"summary_large_image","twitter_misc":{"Est. reading time":"1 minute"},"schema":{"@context":"https:\/\/schema.org","@graph":[{"@type":"WebPage","@id":"https:\/\/librairie7l.com\/en\/produit\/valerie-boy-la-liberte-de-creer\/","url":"https:\/\/librairie7l.com\/en\/produit\/valerie-boy-la-liberte-de-creer\/","name":"Val\u00e9rie Boy ; la libert\u00e9 de cr\u00e9er - Librairie 7L","isPartOf":{"@id":"https:\/\/librairie7l.com\/en\/#website"},"datePublished":"2024-06-04T07:19:03+00:00","dateModified":"2026-04-23T09:32:41+00:00","breadcrumb":{"@id":"https:\/\/librairie7l.com\/en\/produit\/valerie-boy-la-liberte-de-creer\/#breadcrumb"},"inLanguage":"en-US","potentialAction":[{"@type":"ReadAction","target":["https:\/\/librairie7l.com\/en\/produit\/valerie-boy-la-liberte-de-creer\/"]}]},{"@type":"BreadcrumbList","@id":"https:\/\/librairie7l.com\/en\/produit\/valerie-boy-la-liberte-de-creer\/#breadcrumb","itemListElement":[{"@type":"ListItem","position":1,"name":"Accueil","item":"https:\/\/librairie7l.com\/en\/"},{"@type":"ListItem","position":2,"name":"Shop","item":"https:\/\/librairie7l.com\/en\/shop\/"},{"@type":"ListItem","position":3,"name":"VAL\u00c9RIE BOY ; LA LIBERT\u00c9 DE CR\u00c9ER"}]},{"@type":"WebSite","@id":"https:\/\/librairie7l.com\/en\/#website","url":"https:\/\/librairie7l.com\/en\/","name":"Librairie 7L","description":"Librairie fond\u00e9e en 1999 par Karl Lagerfeld \u00e0 Paris","publisher":{"@id":"https:\/\/librairie7l.com\/en\/#organization"},"potentialAction":[{"@type":"SearchAction","target":{"@type":"EntryPoint","urlTemplate":"https:\/\/librairie7l.com\/en\/?s={search_term_string}"},"query-input":"required name=search_term_string"}],"inLanguage":"en-US"},{"@type":"Organization","@id":"https:\/\/librairie7l.com\/en\/#organization","name":"Librairie 7L","url":"https:\/\/librairie7l.com\/en\/","logo":{"@type":"ImageObject","inLanguage":"en-US","@id":"https:\/\/librairie7l.com\/en\/#\/schema\/logo\/image\/","url":"https:\/\/librairie7l.com\/wp-content\/uploads\/2022\/08\/logo-1.png","contentUrl":"https:\/\/librairie7l.com\/wp-content\/uploads\/2022\/08\/logo-1.png","width":227,"height":301,"caption":"Librairie 7L"},"image":{"@id":"https:\/\/librairie7l.com\/en\/#\/schema\/logo\/image\/"}}]}},"_links":{"self":[{"href":"https:\/\/librairie7l.com\/en\/wp-json\/wp\/v2\/product\/41307"}],"collection":[{"href":"https:\/\/librairie7l.com\/en\/wp-json\/wp\/v2\/product"}],"about":[{"href":"https:\/\/librairie7l.com\/en\/wp-json\/wp\/v2\/types\/product"}],"wp:featuredmedia":[{"embeddable":true,"href":"https:\/\/librairie7l.com\/en\/wp-json\/wp\/v2\/media\/41305"}],"wp:attachment":[{"href":"https:\/\/librairie7l.com\/en\/wp-json\/wp\/v2\/media?parent=41307"}],"wp:term":[{"taxonomy":"product_cat","embeddable":true,"href":"https:\/\/librairie7l.com\/en\/wp-json\/wp\/v2\/product_cat?post=41307"},{"taxonomy":"product_tag","embeddable":true,"href":"https:\/\/librairie7l.com\/en\/wp-json\/wp\/v2\/product_tag?post=41307"}],"curies":[{"name":"wp","href":"https:\/\/api.w.org\/{rel}","templated":true}]}}