{"id":41311,"date":"2024-06-05T09:18:08","date_gmt":"2024-06-05T07:18:08","guid":{"rendered":"https:\/\/librairie7l.com\/?post_type=product&#038;p=41311"},"modified":"2026-04-12T18:33:45","modified_gmt":"2026-04-12T16:33:45","slug":"club-tout-colle-si-bien-avec-ju%c2%b7do-textes-poemes-par-julie-doucet","status":"publish","type":"product","link":"https:\/\/librairie7l.com\/en\/produit\/club-tout-colle-si-bien-avec-ju%c2%b7do-textes-poemes-par-julie-doucet\/","title":{"rendered":"CLUB TOUT COLLE SI BIEN AVEC JU\u00b7DO &#8211; TEXTES\/PO\u00c8MES PAR JULIE DOUCET"},"content":{"rendered":"<p>L&#8217;artiste qu\u00e9b\u00e9coise Julie Doucet est invit\u00e9e par le mus\u00e9e Tomi Ungerer &#8211; Centre international de l&#8217;Illustration en 2024. \u00c0 cette occasion, elle propose un travail personnel et in\u00e9dit, un petit &#8221; livre d&#8217;artiste &#8220;, entre le collage et la po\u00e9sie, pour d\u00e9couvrir une autre facette de cette b\u00e9d\u00e9iste culte, Grand Prix du Festival d&#8217;Angoul\u00eame en 2022.<br \/>\nL&#8217;artiste qu\u00e9b\u00e9coise Julie Doucet compte parmi les auteurs et autrices les plus important&middot;es et les plus influent&middot;es de la bande dessin\u00e9e alternative au Canada, aux \u00c9tats-Unis, en France et en Allemagne depuis les ann\u00e9es 1990. En 2022, elle a re\u00e7u le Grand Prix du Festival d&#8217;Angoul\u00eame pour l&#8217;ensemble de son oeuvre. Cette autrice culte a cr\u00e9\u00e9 une oeuvre foisonnante qui, outre le dessin, s&#8217;\u00e9tend aussi \u00e0 la gravure, au collage, \u00e0 la vid\u00e9o et \u00e0 la po\u00e9sie.<br \/>\nAu coeur de cette oeuvre se trouve un profond d\u00e9sir de rupture avec les contraintes sociales et artistiques formelles. Dans les ann\u00e9es 1990, \u00e0 travers sa s\u00e9rie de bandes dessin\u00e9es autofictionnelles Dirty Plotte, Julie Doucet apporte \u00e0 la sc\u00e8ne alternative de la bande dessin\u00e9e une vision subjective et radicale de la condition f\u00e9minine. Sa repr\u00e9sentation des menstruations, de la masturbation, de la sant\u00e9 mentale, mais aussi les exp\u00e9riences de concurrence et de r\u00e9ussite dans un domaine domin\u00e9 par les hommes, ouvrent pour toute une g\u00e9n\u00e9ration de dessinatrices la possibilit\u00e9 d&#8217;une \u00e9criture situ\u00e9e. Elle pr\u00e9figure ainsi l&#8217;autofiction comme m\u00e9thode d&#8217;empowerment, de prise de pouvoir sur sa propre vie. Dans les ann\u00e9es 2000, Julie Doucet abandonne la bande dessin\u00e9e pour passer \u00e0 d&#8217;autres formes d&#8217;art. Elle d\u00e9veloppe alors une pratique plastique dans laquelle il s&#8217;agit toujours de r\u00e9inventer le rapport entre l&#8217;image et l&#8217;\u00e9criture. Ses illustrations et collages sont des images de mati\u00e8re, ses films sont des \u00e9tudes sur la ligne, ses photocomics sont des images \u00e0 lire \u00e0 voix haute.<br \/>\nEn terme de fabrication et d&#8217;\u00e9dition, sa pratique va du fanzine underground, en passant par ses publications dans les toutes premi\u00e8res maisons d&#8217;\u00e9dition de BD, jusqu&#8217;\u00e0 une pratique exp\u00e9rimentale sur la forme mat\u00e9rielle du livre, \u00e0 laquelle elle est revenue ces derni\u00e8res ann\u00e9es. \u00c0 l&#8217;occasion de l&#8217;exposition qui lui est d\u00e9di\u00e9e au mus\u00e9e Tomi Ungerer, elle proposera un travail in\u00e9dit, personnel, \u00e0 mi-chemin entre le collage et la po\u00e9sie : un petit &#8221; livre d&#8217;artiste &#8221; qui permettra de d\u00e9couvrir une autre facette de cette grande figure de la bande dessin\u00e9e.<\/p>\n","protected":false},"excerpt":{"rendered":"<p>L&#8217;artiste qu\u00e9b\u00e9coise Julie Doucet est invit\u00e9e par le mus\u00e9e Tomi Ungerer &#8211; Centre international de l&#8217;Illustration en 2024. \u00c0 cette occasion, elle propose un travail personnel et in\u00e9dit, un petit &#8221; livre d&#8217;artiste &#8220;, entre le collage et la po\u00e9sie, pour d\u00e9couvrir une autre facette de cette b\u00e9d\u00e9iste culte, Grand Prix du Festival d&#8217;Angoul\u00eame en [&hellip;]<\/p>\n","protected":false},"featured_media":41309,"template":"","meta":[],"product_cat":[2948,2953],"product_tag":[],"acf":[],"yoast_head":"<!-- This site is optimized with the Yoast SEO plugin v20.11 - https:\/\/yoast.com\/wordpress\/plugins\/seo\/ -->\n<title>Club tout colle si bien avec ju\u00b7do - Textes\/po\u00e8mes par Julie Doucet - Librairie 7L<\/title>\n<meta name=\"robots\" content=\"index, follow, max-snippet:-1, max-image-preview:large, max-video-preview:-1\" \/>\n<link rel=\"canonical\" href=\"https:\/\/librairie7l.com\/en\/produit\/club-tout-colle-si-bien-avec-ju%c2%b7do-textes-poemes-par-julie-doucet\/\" \/>\n<meta property=\"og:locale\" content=\"en_US\" \/>\n<meta property=\"og:type\" content=\"article\" \/>\n<meta property=\"og:title\" content=\"Club tout colle si bien avec ju\u00b7do - Textes\/po\u00e8mes par Julie Doucet - Librairie 7L\" \/>\n<meta property=\"og:description\" content=\"L&#8217;artiste qu\u00e9b\u00e9coise Julie Doucet est invit\u00e9e par le mus\u00e9e Tomi Ungerer &#8211; Centre international de l&#8217;Illustration en 2024. \u00c0 cette occasion, elle propose un travail personnel et in\u00e9dit, un petit &#8221; livre d&#8217;artiste &#8220;, entre le collage et la po\u00e9sie, pour d\u00e9couvrir une autre facette de cette b\u00e9d\u00e9iste culte, Grand Prix du Festival d&#8217;Angoul\u00eame en [&hellip;]\" \/>\n<meta property=\"og:url\" content=\"https:\/\/librairie7l.com\/en\/produit\/club-tout-colle-si-bien-avec-ju%c2%b7do-textes-poemes-par-julie-doucet\/\" \/>\n<meta property=\"og:site_name\" content=\"Librairie 7L\" \/>\n<meta property=\"article:modified_time\" content=\"2026-04-12T16:33:45+00:00\" \/>\n<meta property=\"og:image\" content=\"https:\/\/librairie7l.com\/wp-content\/uploads\/2024\/02\/9782351252215_1_75.jpg\" \/>\n\t<meta property=\"og:image:width\" content=\"600\" \/>\n\t<meta property=\"og:image:height\" content=\"733\" \/>\n\t<meta property=\"og:image:type\" content=\"image\/jpeg\" \/>\n<meta name=\"twitter:card\" content=\"summary_large_image\" \/>\n<meta name=\"twitter:label1\" content=\"Est. reading time\" \/>\n\t<meta name=\"twitter:data1\" content=\"2 minutes\" \/>\n<script type=\"application\/ld+json\" class=\"yoast-schema-graph\">{\"@context\":\"https:\/\/schema.org\",\"@graph\":[{\"@type\":\"WebPage\",\"@id\":\"https:\/\/librairie7l.com\/en\/produit\/club-tout-colle-si-bien-avec-ju%c2%b7do-textes-poemes-par-julie-doucet\/\",\"url\":\"https:\/\/librairie7l.com\/en\/produit\/club-tout-colle-si-bien-avec-ju%c2%b7do-textes-poemes-par-julie-doucet\/\",\"name\":\"Club tout colle si bien avec ju\u00b7do - Textes\/po\u00e8mes par Julie Doucet - Librairie 7L\",\"isPartOf\":{\"@id\":\"https:\/\/librairie7l.com\/en\/#website\"},\"datePublished\":\"2024-06-05T07:18:08+00:00\",\"dateModified\":\"2026-04-12T16:33:45+00:00\",\"breadcrumb\":{\"@id\":\"https:\/\/librairie7l.com\/en\/produit\/club-tout-colle-si-bien-avec-ju%c2%b7do-textes-poemes-par-julie-doucet\/#breadcrumb\"},\"inLanguage\":\"en-US\",\"potentialAction\":[{\"@type\":\"ReadAction\",\"target\":[\"https:\/\/librairie7l.com\/en\/produit\/club-tout-colle-si-bien-avec-ju%c2%b7do-textes-poemes-par-julie-doucet\/\"]}]},{\"@type\":\"BreadcrumbList\",\"@id\":\"https:\/\/librairie7l.com\/en\/produit\/club-tout-colle-si-bien-avec-ju%c2%b7do-textes-poemes-par-julie-doucet\/#breadcrumb\",\"itemListElement\":[{\"@type\":\"ListItem\",\"position\":1,\"name\":\"Accueil\",\"item\":\"https:\/\/librairie7l.com\/en\/\"},{\"@type\":\"ListItem\",\"position\":2,\"name\":\"Shop\",\"item\":\"https:\/\/librairie7l.com\/en\/shop\/\"},{\"@type\":\"ListItem\",\"position\":3,\"name\":\"CLUB TOUT COLLE SI BIEN AVEC JU\u00b7DO &#8211; TEXTES\/PO\u00c8MES PAR JULIE DOUCET\"}]},{\"@type\":\"WebSite\",\"@id\":\"https:\/\/librairie7l.com\/en\/#website\",\"url\":\"https:\/\/librairie7l.com\/en\/\",\"name\":\"Librairie 7L\",\"description\":\"Librairie fond\u00e9e en 1999 par Karl Lagerfeld \u00e0 Paris\",\"publisher\":{\"@id\":\"https:\/\/librairie7l.com\/en\/#organization\"},\"potentialAction\":[{\"@type\":\"SearchAction\",\"target\":{\"@type\":\"EntryPoint\",\"urlTemplate\":\"https:\/\/librairie7l.com\/en\/?s={search_term_string}\"},\"query-input\":\"required name=search_term_string\"}],\"inLanguage\":\"en-US\"},{\"@type\":\"Organization\",\"@id\":\"https:\/\/librairie7l.com\/en\/#organization\",\"name\":\"Librairie 7L\",\"url\":\"https:\/\/librairie7l.com\/en\/\",\"logo\":{\"@type\":\"ImageObject\",\"inLanguage\":\"en-US\",\"@id\":\"https:\/\/librairie7l.com\/en\/#\/schema\/logo\/image\/\",\"url\":\"https:\/\/librairie7l.com\/wp-content\/uploads\/2022\/08\/logo-1.png\",\"contentUrl\":\"https:\/\/librairie7l.com\/wp-content\/uploads\/2022\/08\/logo-1.png\",\"width\":227,\"height\":301,\"caption\":\"Librairie 7L\"},\"image\":{\"@id\":\"https:\/\/librairie7l.com\/en\/#\/schema\/logo\/image\/\"}}]}<\/script>\n<!-- \/ Yoast SEO plugin. -->","yoast_head_json":{"title":"Club tout colle si bien avec ju\u00b7do - Textes\/po\u00e8mes par Julie Doucet - Librairie 7L","robots":{"index":"index","follow":"follow","max-snippet":"max-snippet:-1","max-image-preview":"max-image-preview:large","max-video-preview":"max-video-preview:-1"},"canonical":"https:\/\/librairie7l.com\/en\/produit\/club-tout-colle-si-bien-avec-ju%c2%b7do-textes-poemes-par-julie-doucet\/","og_locale":"en_US","og_type":"article","og_title":"Club tout colle si bien avec ju\u00b7do - Textes\/po\u00e8mes par Julie Doucet - Librairie 7L","og_description":"L&#8217;artiste qu\u00e9b\u00e9coise Julie Doucet est invit\u00e9e par le mus\u00e9e Tomi Ungerer &#8211; Centre international de l&#8217;Illustration en 2024. \u00c0 cette occasion, elle propose un travail personnel et in\u00e9dit, un petit &#8221; livre d&#8217;artiste &#8220;, entre le collage et la po\u00e9sie, pour d\u00e9couvrir une autre facette de cette b\u00e9d\u00e9iste culte, Grand Prix du Festival d&#8217;Angoul\u00eame en [&hellip;]","og_url":"https:\/\/librairie7l.com\/en\/produit\/club-tout-colle-si-bien-avec-ju%c2%b7do-textes-poemes-par-julie-doucet\/","og_site_name":"Librairie 7L","article_modified_time":"2026-04-12T16:33:45+00:00","og_image":[{"width":600,"height":733,"url":"https:\/\/librairie7l.com\/wp-content\/uploads\/2024\/02\/9782351252215_1_75.jpg","type":"image\/jpeg"}],"twitter_card":"summary_large_image","twitter_misc":{"Est. reading time":"2 minutes"},"schema":{"@context":"https:\/\/schema.org","@graph":[{"@type":"WebPage","@id":"https:\/\/librairie7l.com\/en\/produit\/club-tout-colle-si-bien-avec-ju%c2%b7do-textes-poemes-par-julie-doucet\/","url":"https:\/\/librairie7l.com\/en\/produit\/club-tout-colle-si-bien-avec-ju%c2%b7do-textes-poemes-par-julie-doucet\/","name":"Club tout colle si bien avec ju\u00b7do - Textes\/po\u00e8mes par Julie Doucet - Librairie 7L","isPartOf":{"@id":"https:\/\/librairie7l.com\/en\/#website"},"datePublished":"2024-06-05T07:18:08+00:00","dateModified":"2026-04-12T16:33:45+00:00","breadcrumb":{"@id":"https:\/\/librairie7l.com\/en\/produit\/club-tout-colle-si-bien-avec-ju%c2%b7do-textes-poemes-par-julie-doucet\/#breadcrumb"},"inLanguage":"en-US","potentialAction":[{"@type":"ReadAction","target":["https:\/\/librairie7l.com\/en\/produit\/club-tout-colle-si-bien-avec-ju%c2%b7do-textes-poemes-par-julie-doucet\/"]}]},{"@type":"BreadcrumbList","@id":"https:\/\/librairie7l.com\/en\/produit\/club-tout-colle-si-bien-avec-ju%c2%b7do-textes-poemes-par-julie-doucet\/#breadcrumb","itemListElement":[{"@type":"ListItem","position":1,"name":"Accueil","item":"https:\/\/librairie7l.com\/en\/"},{"@type":"ListItem","position":2,"name":"Shop","item":"https:\/\/librairie7l.com\/en\/shop\/"},{"@type":"ListItem","position":3,"name":"CLUB TOUT COLLE SI BIEN AVEC JU\u00b7DO &#8211; TEXTES\/PO\u00c8MES PAR JULIE DOUCET"}]},{"@type":"WebSite","@id":"https:\/\/librairie7l.com\/en\/#website","url":"https:\/\/librairie7l.com\/en\/","name":"Librairie 7L","description":"Librairie fond\u00e9e en 1999 par Karl Lagerfeld \u00e0 Paris","publisher":{"@id":"https:\/\/librairie7l.com\/en\/#organization"},"potentialAction":[{"@type":"SearchAction","target":{"@type":"EntryPoint","urlTemplate":"https:\/\/librairie7l.com\/en\/?s={search_term_string}"},"query-input":"required name=search_term_string"}],"inLanguage":"en-US"},{"@type":"Organization","@id":"https:\/\/librairie7l.com\/en\/#organization","name":"Librairie 7L","url":"https:\/\/librairie7l.com\/en\/","logo":{"@type":"ImageObject","inLanguage":"en-US","@id":"https:\/\/librairie7l.com\/en\/#\/schema\/logo\/image\/","url":"https:\/\/librairie7l.com\/wp-content\/uploads\/2022\/08\/logo-1.png","contentUrl":"https:\/\/librairie7l.com\/wp-content\/uploads\/2022\/08\/logo-1.png","width":227,"height":301,"caption":"Librairie 7L"},"image":{"@id":"https:\/\/librairie7l.com\/en\/#\/schema\/logo\/image\/"}}]}},"_links":{"self":[{"href":"https:\/\/librairie7l.com\/en\/wp-json\/wp\/v2\/product\/41311"}],"collection":[{"href":"https:\/\/librairie7l.com\/en\/wp-json\/wp\/v2\/product"}],"about":[{"href":"https:\/\/librairie7l.com\/en\/wp-json\/wp\/v2\/types\/product"}],"wp:featuredmedia":[{"embeddable":true,"href":"https:\/\/librairie7l.com\/en\/wp-json\/wp\/v2\/media\/41309"}],"wp:attachment":[{"href":"https:\/\/librairie7l.com\/en\/wp-json\/wp\/v2\/media?parent=41311"}],"wp:term":[{"taxonomy":"product_cat","embeddable":true,"href":"https:\/\/librairie7l.com\/en\/wp-json\/wp\/v2\/product_cat?post=41311"},{"taxonomy":"product_tag","embeddable":true,"href":"https:\/\/librairie7l.com\/en\/wp-json\/wp\/v2\/product_tag?post=41311"}],"curies":[{"name":"wp","href":"https:\/\/api.w.org\/{rel}","templated":true}]}}