{"id":41328,"date":"2024-06-07T09:18:03","date_gmt":"2024-06-07T07:18:03","guid":{"rendered":"https:\/\/librairie7l.com\/?post_type=product&#038;p=41328"},"modified":"2026-04-12T12:37:32","modified_gmt":"2026-04-12T10:37:32","slug":"teresa-lanceta-la-memoire-tissee","status":"publish","type":"product","link":"https:\/\/librairie7l.com\/en\/produit\/teresa-lanceta-la-memoire-tissee\/","title":{"rendered":"TERESA LANCETA : LA M\u00c9MOIRE TISS\u00c9E"},"content":{"rendered":"<p>Teresa Lanceta, n\u00e9e \u00e0 Barcelone en 1951, se distingue comme l&#8217;une des plus grandes artistes contemporaines espagnoles, salu\u00e9e par le Premio Nacional de Artes Pl\u00e1sticas en septembre 2023. Son travail polyvalent explore le tissage, la peinture, le dessin, la vid\u00e9o et l&#8217;\u00e9criture.<br \/>\nAdoptant le tissage comme moyen d&#8217;expression d\u00e8s les ann\u00e9es 1970, Lanceta s&#8217;immerge dans les communaut\u00e9s de tisserands du Moyen Atlas au Maroc dans les ann\u00e9es 1980 et fusionne leurs traditions textiles avec sa vision unique. Son art transcende les cat\u00e9gories artistiques, offrant des variations de formes et de couleurs entre signes et figuration.<br \/>\nLe nomadisme et le multiculturalisme sont des fils conducteurs de son travail, qui s&#8217;inspire des communaut\u00e9s gitanes espagnoles et explore la m\u00e9moire et la fonction des tissus en tant que langage collectif. Engag\u00e9e socialement et \u00e9cologiquement, Lanceta d\u00e9fend un art durable.<br \/>\nCet ouvrage pr\u00e9sente un panorama de ses cr\u00e9ations des ann\u00e9es 1980 \u00e0 nos jours en \u00e9tudiant la part d&#8217;engagement social de l&#8217;artiste et son rapport \u00e0 l&#8217;identit\u00e9 catalane et espagnole.<\/p>\n","protected":false},"excerpt":{"rendered":"<p>Teresa Lanceta, n\u00e9e \u00e0 Barcelone en 1951, se distingue comme l&#8217;une des plus grandes artistes contemporaines espagnoles, salu\u00e9e par le Premio Nacional de Artes Pl\u00e1sticas en septembre 2023. Son travail polyvalent explore le tissage, la peinture, le dessin, la vid\u00e9o et l&#8217;\u00e9criture. Adoptant le tissage comme moyen d&#8217;expression d\u00e8s les ann\u00e9es 1970, Lanceta s&#8217;immerge dans [&hellip;]<\/p>\n","protected":false},"featured_media":41326,"template":"","meta":[],"product_cat":[2948,2957],"product_tag":[],"acf":[],"yoast_head":"<!-- This site is optimized with the Yoast SEO plugin v20.11 - https:\/\/yoast.com\/wordpress\/plugins\/seo\/ -->\n<title>Teresa Lanceta : La m\u00e9moire tiss\u00e9e - Librairie 7L<\/title>\n<meta name=\"robots\" content=\"index, follow, max-snippet:-1, max-image-preview:large, max-video-preview:-1\" \/>\n<link rel=\"canonical\" href=\"https:\/\/librairie7l.com\/en\/produit\/teresa-lanceta-la-memoire-tissee\/\" \/>\n<meta property=\"og:locale\" content=\"en_US\" \/>\n<meta property=\"og:type\" content=\"article\" \/>\n<meta property=\"og:title\" content=\"Teresa Lanceta : La m\u00e9moire tiss\u00e9e - Librairie 7L\" \/>\n<meta property=\"og:description\" content=\"Teresa Lanceta, n\u00e9e \u00e0 Barcelone en 1951, se distingue comme l&#8217;une des plus grandes artistes contemporaines espagnoles, salu\u00e9e par le Premio Nacional de Artes Pl\u00e1sticas en septembre 2023. Son travail polyvalent explore le tissage, la peinture, le dessin, la vid\u00e9o et l&#8217;\u00e9criture. Adoptant le tissage comme moyen d&#8217;expression d\u00e8s les ann\u00e9es 1970, Lanceta s&#8217;immerge dans [&hellip;]\" \/>\n<meta property=\"og:url\" content=\"https:\/\/librairie7l.com\/en\/produit\/teresa-lanceta-la-memoire-tissee\/\" \/>\n<meta property=\"og:site_name\" content=\"Librairie 7L\" \/>\n<meta property=\"article:modified_time\" content=\"2026-04-12T10:37:32+00:00\" \/>\n<meta property=\"og:image\" content=\"https:\/\/librairie7l.com\/wp-content\/uploads\/2023\/11\/9782359064315_1_75.jpg\" \/>\n\t<meta property=\"og:image:width\" content=\"600\" \/>\n\t<meta property=\"og:image:height\" content=\"777\" \/>\n\t<meta property=\"og:image:type\" content=\"image\/jpeg\" \/>\n<meta name=\"twitter:card\" content=\"summary_large_image\" \/>\n<meta name=\"twitter:label1\" content=\"Est. reading time\" \/>\n\t<meta name=\"twitter:data1\" content=\"1 minute\" \/>\n<script type=\"application\/ld+json\" class=\"yoast-schema-graph\">{\"@context\":\"https:\/\/schema.org\",\"@graph\":[{\"@type\":\"WebPage\",\"@id\":\"https:\/\/librairie7l.com\/en\/produit\/teresa-lanceta-la-memoire-tissee\/\",\"url\":\"https:\/\/librairie7l.com\/en\/produit\/teresa-lanceta-la-memoire-tissee\/\",\"name\":\"Teresa Lanceta : La m\u00e9moire tiss\u00e9e - Librairie 7L\",\"isPartOf\":{\"@id\":\"https:\/\/librairie7l.com\/en\/#website\"},\"datePublished\":\"2024-06-07T07:18:03+00:00\",\"dateModified\":\"2026-04-12T10:37:32+00:00\",\"breadcrumb\":{\"@id\":\"https:\/\/librairie7l.com\/en\/produit\/teresa-lanceta-la-memoire-tissee\/#breadcrumb\"},\"inLanguage\":\"en-US\",\"potentialAction\":[{\"@type\":\"ReadAction\",\"target\":[\"https:\/\/librairie7l.com\/en\/produit\/teresa-lanceta-la-memoire-tissee\/\"]}]},{\"@type\":\"BreadcrumbList\",\"@id\":\"https:\/\/librairie7l.com\/en\/produit\/teresa-lanceta-la-memoire-tissee\/#breadcrumb\",\"itemListElement\":[{\"@type\":\"ListItem\",\"position\":1,\"name\":\"Accueil\",\"item\":\"https:\/\/librairie7l.com\/en\/\"},{\"@type\":\"ListItem\",\"position\":2,\"name\":\"Shop\",\"item\":\"https:\/\/librairie7l.com\/en\/shop\/\"},{\"@type\":\"ListItem\",\"position\":3,\"name\":\"TERESA LANCETA : LA M\u00c9MOIRE TISS\u00c9E\"}]},{\"@type\":\"WebSite\",\"@id\":\"https:\/\/librairie7l.com\/en\/#website\",\"url\":\"https:\/\/librairie7l.com\/en\/\",\"name\":\"Librairie 7L\",\"description\":\"Librairie fond\u00e9e en 1999 par Karl Lagerfeld \u00e0 Paris\",\"publisher\":{\"@id\":\"https:\/\/librairie7l.com\/en\/#organization\"},\"potentialAction\":[{\"@type\":\"SearchAction\",\"target\":{\"@type\":\"EntryPoint\",\"urlTemplate\":\"https:\/\/librairie7l.com\/en\/?s={search_term_string}\"},\"query-input\":\"required name=search_term_string\"}],\"inLanguage\":\"en-US\"},{\"@type\":\"Organization\",\"@id\":\"https:\/\/librairie7l.com\/en\/#organization\",\"name\":\"Librairie 7L\",\"url\":\"https:\/\/librairie7l.com\/en\/\",\"logo\":{\"@type\":\"ImageObject\",\"inLanguage\":\"en-US\",\"@id\":\"https:\/\/librairie7l.com\/en\/#\/schema\/logo\/image\/\",\"url\":\"https:\/\/librairie7l.com\/wp-content\/uploads\/2022\/08\/logo-1.png\",\"contentUrl\":\"https:\/\/librairie7l.com\/wp-content\/uploads\/2022\/08\/logo-1.png\",\"width\":227,\"height\":301,\"caption\":\"Librairie 7L\"},\"image\":{\"@id\":\"https:\/\/librairie7l.com\/en\/#\/schema\/logo\/image\/\"}}]}<\/script>\n<!-- \/ Yoast SEO plugin. -->","yoast_head_json":{"title":"Teresa Lanceta : La m\u00e9moire tiss\u00e9e - Librairie 7L","robots":{"index":"index","follow":"follow","max-snippet":"max-snippet:-1","max-image-preview":"max-image-preview:large","max-video-preview":"max-video-preview:-1"},"canonical":"https:\/\/librairie7l.com\/en\/produit\/teresa-lanceta-la-memoire-tissee\/","og_locale":"en_US","og_type":"article","og_title":"Teresa Lanceta : La m\u00e9moire tiss\u00e9e - Librairie 7L","og_description":"Teresa Lanceta, n\u00e9e \u00e0 Barcelone en 1951, se distingue comme l&#8217;une des plus grandes artistes contemporaines espagnoles, salu\u00e9e par le Premio Nacional de Artes Pl\u00e1sticas en septembre 2023. Son travail polyvalent explore le tissage, la peinture, le dessin, la vid\u00e9o et l&#8217;\u00e9criture. Adoptant le tissage comme moyen d&#8217;expression d\u00e8s les ann\u00e9es 1970, Lanceta s&#8217;immerge dans [&hellip;]","og_url":"https:\/\/librairie7l.com\/en\/produit\/teresa-lanceta-la-memoire-tissee\/","og_site_name":"Librairie 7L","article_modified_time":"2026-04-12T10:37:32+00:00","og_image":[{"width":600,"height":777,"url":"https:\/\/librairie7l.com\/wp-content\/uploads\/2023\/11\/9782359064315_1_75.jpg","type":"image\/jpeg"}],"twitter_card":"summary_large_image","twitter_misc":{"Est. reading time":"1 minute"},"schema":{"@context":"https:\/\/schema.org","@graph":[{"@type":"WebPage","@id":"https:\/\/librairie7l.com\/en\/produit\/teresa-lanceta-la-memoire-tissee\/","url":"https:\/\/librairie7l.com\/en\/produit\/teresa-lanceta-la-memoire-tissee\/","name":"Teresa Lanceta : La m\u00e9moire tiss\u00e9e - Librairie 7L","isPartOf":{"@id":"https:\/\/librairie7l.com\/en\/#website"},"datePublished":"2024-06-07T07:18:03+00:00","dateModified":"2026-04-12T10:37:32+00:00","breadcrumb":{"@id":"https:\/\/librairie7l.com\/en\/produit\/teresa-lanceta-la-memoire-tissee\/#breadcrumb"},"inLanguage":"en-US","potentialAction":[{"@type":"ReadAction","target":["https:\/\/librairie7l.com\/en\/produit\/teresa-lanceta-la-memoire-tissee\/"]}]},{"@type":"BreadcrumbList","@id":"https:\/\/librairie7l.com\/en\/produit\/teresa-lanceta-la-memoire-tissee\/#breadcrumb","itemListElement":[{"@type":"ListItem","position":1,"name":"Accueil","item":"https:\/\/librairie7l.com\/en\/"},{"@type":"ListItem","position":2,"name":"Shop","item":"https:\/\/librairie7l.com\/en\/shop\/"},{"@type":"ListItem","position":3,"name":"TERESA LANCETA : LA M\u00c9MOIRE TISS\u00c9E"}]},{"@type":"WebSite","@id":"https:\/\/librairie7l.com\/en\/#website","url":"https:\/\/librairie7l.com\/en\/","name":"Librairie 7L","description":"Librairie fond\u00e9e en 1999 par Karl Lagerfeld \u00e0 Paris","publisher":{"@id":"https:\/\/librairie7l.com\/en\/#organization"},"potentialAction":[{"@type":"SearchAction","target":{"@type":"EntryPoint","urlTemplate":"https:\/\/librairie7l.com\/en\/?s={search_term_string}"},"query-input":"required name=search_term_string"}],"inLanguage":"en-US"},{"@type":"Organization","@id":"https:\/\/librairie7l.com\/en\/#organization","name":"Librairie 7L","url":"https:\/\/librairie7l.com\/en\/","logo":{"@type":"ImageObject","inLanguage":"en-US","@id":"https:\/\/librairie7l.com\/en\/#\/schema\/logo\/image\/","url":"https:\/\/librairie7l.com\/wp-content\/uploads\/2022\/08\/logo-1.png","contentUrl":"https:\/\/librairie7l.com\/wp-content\/uploads\/2022\/08\/logo-1.png","width":227,"height":301,"caption":"Librairie 7L"},"image":{"@id":"https:\/\/librairie7l.com\/en\/#\/schema\/logo\/image\/"}}]}},"_links":{"self":[{"href":"https:\/\/librairie7l.com\/en\/wp-json\/wp\/v2\/product\/41328"}],"collection":[{"href":"https:\/\/librairie7l.com\/en\/wp-json\/wp\/v2\/product"}],"about":[{"href":"https:\/\/librairie7l.com\/en\/wp-json\/wp\/v2\/types\/product"}],"wp:featuredmedia":[{"embeddable":true,"href":"https:\/\/librairie7l.com\/en\/wp-json\/wp\/v2\/media\/41326"}],"wp:attachment":[{"href":"https:\/\/librairie7l.com\/en\/wp-json\/wp\/v2\/media?parent=41328"}],"wp:term":[{"taxonomy":"product_cat","embeddable":true,"href":"https:\/\/librairie7l.com\/en\/wp-json\/wp\/v2\/product_cat?post=41328"},{"taxonomy":"product_tag","embeddable":true,"href":"https:\/\/librairie7l.com\/en\/wp-json\/wp\/v2\/product_tag?post=41328"}],"curies":[{"name":"wp","href":"https:\/\/api.w.org\/{rel}","templated":true}]}}