{"id":41336,"date":"2024-06-14T14:06:08","date_gmt":"2024-06-14T12:06:08","guid":{"rendered":"https:\/\/librairie7l.com\/?post_type=product&#038;p=41336"},"modified":"2026-04-22T18:40:50","modified_gmt":"2026-04-22T16:40:50","slug":"vehiculaire-et-vernaculaire","status":"publish","type":"product","link":"https:\/\/librairie7l.com\/en\/produit\/vehiculaire-et-vernaculaire\/","title":{"rendered":"V\u00c9HICULAIRE ET VERNACULAIRE"},"content":{"rendered":"<p>Stephen Shore a pass\u00e9 sa vie \u00e0 photographier les paysages ruraux et urbains de son pays et \u00e0 documenter leur \u00e9volution. Publi\u00e9 \u00e0 l&#8217;occasion d&#8217;une grande exposition r\u00e9trospective \u00e0 Paris, ce livre aborde le travail de Shore \u00e0 travers un prisme inexplor\u00e9 : celui du v\u00e9hiculaire.<br \/>\nFigure de proue de la sc\u00e8ne am\u00e9ricaine, Stephen Shore a pass\u00e9 sa vie \u00e0 photographier les paysages ruraux et urbains de son pays et \u00e0 documenter leur \u00e9volution. Publi\u00e9 \u00e0 l&#8217;occasion d&#8217;une grande exposition r\u00e9trospective \u00e0 Paris, ce livre aborde le travail de Shore \u00e0 travers un prisme inexplor\u00e9 : celui du v\u00e9hiculaire. Il montre comment le photographe a utilis\u00e9 les diff\u00e9rents moyens de locomotion (voiture, train, avion et m\u00eame drone) pour explorer, visiter et exp\u00e9rimenter le territoire, et comment ses voyages ont fa\u00e7onn\u00e9 son travail. Le territoire, th\u00e8me majeur de la photographie am\u00e9ricaine en raison de la g\u00e9ographie si particuli\u00e8re du pays et de ses grands espaces, est intimement li\u00e9 \u00e0 la soci\u00e9t\u00e9 am\u00e9ricaine elle-m\u00eame.<br \/>\nDepuis l&#8217;une de ses premi\u00e8res s\u00e9ries en noir et blanc, Los Angeles<br \/>\nen 1969, jusqu&#8217;aux c\u00e9l\u00e8bres American Surfaces et Uncommon Places, Stephen Shore accorde une place importante \u00e0 l&#8217;automobile, qui passe du statut de sujet \u00e0 celui de moyen photographique. La voiture sera toujours utilis\u00e9e pour la photographie, et cette relecture de l&#8217;oeuvre de Shore vise \u00e0 observer comment le vernaculaire am\u00e9ricain, le mode de vie des Am\u00e9ricains, est rendu visible par Stephen Shore gr\u00e2ce au v\u00e9hicule. L&#8217;ouvrage explore une dizaine de s\u00e9ries importantes jusqu&#8217;\u00e0 son travail le plus r\u00e9cent. Le photographe s&#8217;est engag\u00e9 dans une exp\u00e9rimentation continue, notamment en utilisant le drone dans les ann\u00e9es 2020 pour t\u00e9moigner des traces de l&#8217;am\u00e9nagement du territoire qui fa\u00e7onne de nouveaux espaces. Les images du livre sont accompagn\u00e9es d&#8217;un entretien in\u00e9dit entre Cl\u00e9ment Ch\u00e9roux, directeur<br \/>\nde la Fondation Henri Cartier-Bresson, et Stephen Shore, qui apportera un \u00e9clairage nouveau sur le travail du photographe.<\/p>\n","protected":false},"excerpt":{"rendered":"<p>Stephen Shore a pass\u00e9 sa vie \u00e0 photographier les paysages ruraux et urbains de son pays et \u00e0 documenter leur \u00e9volution. Publi\u00e9 \u00e0 l&#8217;occasion d&#8217;une grande exposition r\u00e9trospective \u00e0 Paris, ce livre aborde le travail de Shore \u00e0 travers un prisme inexplor\u00e9 : celui du v\u00e9hiculaire. Figure de proue de la sc\u00e8ne am\u00e9ricaine, Stephen Shore [&hellip;]<\/p>\n","protected":false},"featured_media":41334,"template":"","meta":[],"product_cat":[2948,2958],"product_tag":[],"acf":[],"yoast_head":"<!-- This site is optimized with the Yoast SEO plugin v20.11 - https:\/\/yoast.com\/wordpress\/plugins\/seo\/ -->\n<title>V\u00e9hiculaire et vernaculaire - Librairie 7L<\/title>\n<meta name=\"robots\" content=\"index, follow, max-snippet:-1, max-image-preview:large, max-video-preview:-1\" \/>\n<link rel=\"canonical\" href=\"https:\/\/librairie7l.com\/en\/produit\/vehiculaire-et-vernaculaire\/\" \/>\n<meta property=\"og:locale\" content=\"en_US\" \/>\n<meta property=\"og:type\" content=\"article\" \/>\n<meta property=\"og:title\" content=\"V\u00e9hiculaire et vernaculaire - Librairie 7L\" \/>\n<meta property=\"og:description\" content=\"Stephen Shore a pass\u00e9 sa vie \u00e0 photographier les paysages ruraux et urbains de son pays et \u00e0 documenter leur \u00e9volution. Publi\u00e9 \u00e0 l&#8217;occasion d&#8217;une grande exposition r\u00e9trospective \u00e0 Paris, ce livre aborde le travail de Shore \u00e0 travers un prisme inexplor\u00e9 : celui du v\u00e9hiculaire. Figure de proue de la sc\u00e8ne am\u00e9ricaine, Stephen Shore [&hellip;]\" \/>\n<meta property=\"og:url\" content=\"https:\/\/librairie7l.com\/en\/produit\/vehiculaire-et-vernaculaire\/\" \/>\n<meta property=\"og:site_name\" content=\"Librairie 7L\" \/>\n<meta property=\"article:modified_time\" content=\"2026-04-22T16:40:50+00:00\" \/>\n<meta property=\"og:image\" content=\"https:\/\/librairie7l.com\/wp-content\/uploads\/2024\/02\/9782365113991_1_75.jpg\" \/>\n\t<meta property=\"og:image:width\" content=\"600\" \/>\n\t<meta property=\"og:image:height\" content=\"740\" \/>\n\t<meta property=\"og:image:type\" content=\"image\/jpeg\" \/>\n<meta name=\"twitter:card\" content=\"summary_large_image\" \/>\n<meta name=\"twitter:label1\" content=\"Est. reading time\" \/>\n\t<meta name=\"twitter:data1\" content=\"2 minutes\" \/>\n<script type=\"application\/ld+json\" class=\"yoast-schema-graph\">{\"@context\":\"https:\/\/schema.org\",\"@graph\":[{\"@type\":\"WebPage\",\"@id\":\"https:\/\/librairie7l.com\/en\/produit\/vehiculaire-et-vernaculaire\/\",\"url\":\"https:\/\/librairie7l.com\/en\/produit\/vehiculaire-et-vernaculaire\/\",\"name\":\"V\u00e9hiculaire et vernaculaire - Librairie 7L\",\"isPartOf\":{\"@id\":\"https:\/\/librairie7l.com\/en\/#website\"},\"datePublished\":\"2024-06-14T12:06:08+00:00\",\"dateModified\":\"2026-04-22T16:40:50+00:00\",\"breadcrumb\":{\"@id\":\"https:\/\/librairie7l.com\/en\/produit\/vehiculaire-et-vernaculaire\/#breadcrumb\"},\"inLanguage\":\"en-US\",\"potentialAction\":[{\"@type\":\"ReadAction\",\"target\":[\"https:\/\/librairie7l.com\/en\/produit\/vehiculaire-et-vernaculaire\/\"]}]},{\"@type\":\"BreadcrumbList\",\"@id\":\"https:\/\/librairie7l.com\/en\/produit\/vehiculaire-et-vernaculaire\/#breadcrumb\",\"itemListElement\":[{\"@type\":\"ListItem\",\"position\":1,\"name\":\"Accueil\",\"item\":\"https:\/\/librairie7l.com\/en\/\"},{\"@type\":\"ListItem\",\"position\":2,\"name\":\"Shop\",\"item\":\"https:\/\/librairie7l.com\/en\/shop\/\"},{\"@type\":\"ListItem\",\"position\":3,\"name\":\"V\u00c9HICULAIRE ET VERNACULAIRE\"}]},{\"@type\":\"WebSite\",\"@id\":\"https:\/\/librairie7l.com\/en\/#website\",\"url\":\"https:\/\/librairie7l.com\/en\/\",\"name\":\"Librairie 7L\",\"description\":\"Librairie fond\u00e9e en 1999 par Karl Lagerfeld \u00e0 Paris\",\"publisher\":{\"@id\":\"https:\/\/librairie7l.com\/en\/#organization\"},\"potentialAction\":[{\"@type\":\"SearchAction\",\"target\":{\"@type\":\"EntryPoint\",\"urlTemplate\":\"https:\/\/librairie7l.com\/en\/?s={search_term_string}\"},\"query-input\":\"required name=search_term_string\"}],\"inLanguage\":\"en-US\"},{\"@type\":\"Organization\",\"@id\":\"https:\/\/librairie7l.com\/en\/#organization\",\"name\":\"Librairie 7L\",\"url\":\"https:\/\/librairie7l.com\/en\/\",\"logo\":{\"@type\":\"ImageObject\",\"inLanguage\":\"en-US\",\"@id\":\"https:\/\/librairie7l.com\/en\/#\/schema\/logo\/image\/\",\"url\":\"https:\/\/librairie7l.com\/wp-content\/uploads\/2022\/08\/logo-1.png\",\"contentUrl\":\"https:\/\/librairie7l.com\/wp-content\/uploads\/2022\/08\/logo-1.png\",\"width\":227,\"height\":301,\"caption\":\"Librairie 7L\"},\"image\":{\"@id\":\"https:\/\/librairie7l.com\/en\/#\/schema\/logo\/image\/\"}}]}<\/script>\n<!-- \/ Yoast SEO plugin. -->","yoast_head_json":{"title":"V\u00e9hiculaire et vernaculaire - Librairie 7L","robots":{"index":"index","follow":"follow","max-snippet":"max-snippet:-1","max-image-preview":"max-image-preview:large","max-video-preview":"max-video-preview:-1"},"canonical":"https:\/\/librairie7l.com\/en\/produit\/vehiculaire-et-vernaculaire\/","og_locale":"en_US","og_type":"article","og_title":"V\u00e9hiculaire et vernaculaire - Librairie 7L","og_description":"Stephen Shore a pass\u00e9 sa vie \u00e0 photographier les paysages ruraux et urbains de son pays et \u00e0 documenter leur \u00e9volution. Publi\u00e9 \u00e0 l&#8217;occasion d&#8217;une grande exposition r\u00e9trospective \u00e0 Paris, ce livre aborde le travail de Shore \u00e0 travers un prisme inexplor\u00e9 : celui du v\u00e9hiculaire. Figure de proue de la sc\u00e8ne am\u00e9ricaine, Stephen Shore [&hellip;]","og_url":"https:\/\/librairie7l.com\/en\/produit\/vehiculaire-et-vernaculaire\/","og_site_name":"Librairie 7L","article_modified_time":"2026-04-22T16:40:50+00:00","og_image":[{"width":600,"height":740,"url":"https:\/\/librairie7l.com\/wp-content\/uploads\/2024\/02\/9782365113991_1_75.jpg","type":"image\/jpeg"}],"twitter_card":"summary_large_image","twitter_misc":{"Est. reading time":"2 minutes"},"schema":{"@context":"https:\/\/schema.org","@graph":[{"@type":"WebPage","@id":"https:\/\/librairie7l.com\/en\/produit\/vehiculaire-et-vernaculaire\/","url":"https:\/\/librairie7l.com\/en\/produit\/vehiculaire-et-vernaculaire\/","name":"V\u00e9hiculaire et vernaculaire - Librairie 7L","isPartOf":{"@id":"https:\/\/librairie7l.com\/en\/#website"},"datePublished":"2024-06-14T12:06:08+00:00","dateModified":"2026-04-22T16:40:50+00:00","breadcrumb":{"@id":"https:\/\/librairie7l.com\/en\/produit\/vehiculaire-et-vernaculaire\/#breadcrumb"},"inLanguage":"en-US","potentialAction":[{"@type":"ReadAction","target":["https:\/\/librairie7l.com\/en\/produit\/vehiculaire-et-vernaculaire\/"]}]},{"@type":"BreadcrumbList","@id":"https:\/\/librairie7l.com\/en\/produit\/vehiculaire-et-vernaculaire\/#breadcrumb","itemListElement":[{"@type":"ListItem","position":1,"name":"Accueil","item":"https:\/\/librairie7l.com\/en\/"},{"@type":"ListItem","position":2,"name":"Shop","item":"https:\/\/librairie7l.com\/en\/shop\/"},{"@type":"ListItem","position":3,"name":"V\u00c9HICULAIRE ET VERNACULAIRE"}]},{"@type":"WebSite","@id":"https:\/\/librairie7l.com\/en\/#website","url":"https:\/\/librairie7l.com\/en\/","name":"Librairie 7L","description":"Librairie fond\u00e9e en 1999 par Karl Lagerfeld \u00e0 Paris","publisher":{"@id":"https:\/\/librairie7l.com\/en\/#organization"},"potentialAction":[{"@type":"SearchAction","target":{"@type":"EntryPoint","urlTemplate":"https:\/\/librairie7l.com\/en\/?s={search_term_string}"},"query-input":"required name=search_term_string"}],"inLanguage":"en-US"},{"@type":"Organization","@id":"https:\/\/librairie7l.com\/en\/#organization","name":"Librairie 7L","url":"https:\/\/librairie7l.com\/en\/","logo":{"@type":"ImageObject","inLanguage":"en-US","@id":"https:\/\/librairie7l.com\/en\/#\/schema\/logo\/image\/","url":"https:\/\/librairie7l.com\/wp-content\/uploads\/2022\/08\/logo-1.png","contentUrl":"https:\/\/librairie7l.com\/wp-content\/uploads\/2022\/08\/logo-1.png","width":227,"height":301,"caption":"Librairie 7L"},"image":{"@id":"https:\/\/librairie7l.com\/en\/#\/schema\/logo\/image\/"}}]}},"_links":{"self":[{"href":"https:\/\/librairie7l.com\/en\/wp-json\/wp\/v2\/product\/41336"}],"collection":[{"href":"https:\/\/librairie7l.com\/en\/wp-json\/wp\/v2\/product"}],"about":[{"href":"https:\/\/librairie7l.com\/en\/wp-json\/wp\/v2\/types\/product"}],"wp:featuredmedia":[{"embeddable":true,"href":"https:\/\/librairie7l.com\/en\/wp-json\/wp\/v2\/media\/41334"}],"wp:attachment":[{"href":"https:\/\/librairie7l.com\/en\/wp-json\/wp\/v2\/media?parent=41336"}],"wp:term":[{"taxonomy":"product_cat","embeddable":true,"href":"https:\/\/librairie7l.com\/en\/wp-json\/wp\/v2\/product_cat?post=41336"},{"taxonomy":"product_tag","embeddable":true,"href":"https:\/\/librairie7l.com\/en\/wp-json\/wp\/v2\/product_tag?post=41336"}],"curies":[{"name":"wp","href":"https:\/\/api.w.org\/{rel}","templated":true}]}}