{"id":41340,"date":"2024-06-26T00:06:57","date_gmt":"2024-06-25T22:06:57","guid":{"rendered":"https:\/\/librairie7l.com\/?post_type=product&#038;p=41340"},"modified":"2026-04-13T00:56:18","modified_gmt":"2026-04-12T22:56:18","slug":"la-maison-japonaise-depuis-1945","status":"publish","type":"product","link":"https:\/\/librairie7l.com\/en\/produit\/la-maison-japonaise-depuis-1945\/","title":{"rendered":"LA MAISON JAPONAISE DEPUIS 1945"},"content":{"rendered":"<p>Associant cr\u00e9ativit\u00e9 et tradition, les maisons d&#8217;architecte construites au Japon depuis 1945 sont parmi les plus insolites et les plus fascinantes au monde. Soumis apr\u00e8s-guerre \u00e0 de strictes contraintes l\u00e9gales et spatiales, les architectes nippons n&#8217;ont en effet pas eu d&#8217;autre choix, pour r\u00e9pondre aux exigences du mode d&#8217;habiter japonais, que d&#8217;explorer et d&#8217;exp\u00e9rimenter des solutions extr\u00eames. Le r\u00e9sultat est cette architecture unique, d\u00e9routante et inspirante sign\u00e9e de nombreux architectes comme Tadao Ando, Kenzo Tange, Shigeru Ban ou Kengo Kuma, dont l&#8217;audace moderne, si ce n&#8217;est futuriste, est port\u00e9e par une culture mill\u00e9naire. Dans cette galerie d&#8217;une centaine de portraits d&#8217;habitations, il n&#8217;est toutefois pas seulement question d&#8217;architecture. De maison Ciel en maison Escalier, de Hutte d&#8217;argent en maison Pluie\/Soleil, se donnent \u00e9galement \u00e0 lire quatre-vingts ans de l&#8217;histoire d&#8217;un pays qui, tant de fois, fut mis au d\u00e9fi de se reconstruire.<\/p>\n","protected":false},"excerpt":{"rendered":"<p>Associant cr\u00e9ativit\u00e9 et tradition, les maisons d&#8217;architecte construites au Japon depuis 1945 sont parmi les plus insolites et les plus fascinantes au monde. Soumis apr\u00e8s-guerre \u00e0 de strictes contraintes l\u00e9gales et spatiales, les architectes nippons n&#8217;ont en effet pas eu d&#8217;autre choix, pour r\u00e9pondre aux exigences du mode d&#8217;habiter japonais, que d&#8217;explorer et d&#8217;exp\u00e9rimenter des [&hellip;]<\/p>\n","protected":false},"featured_media":41338,"template":"","meta":[],"product_cat":[2948,2950],"product_tag":[],"acf":[],"yoast_head":"<!-- This site is optimized with the Yoast SEO plugin v20.11 - https:\/\/yoast.com\/wordpress\/plugins\/seo\/ -->\n<title>La maison japonaise depuis 1945 - Librairie 7L<\/title>\n<meta name=\"robots\" content=\"index, follow, max-snippet:-1, max-image-preview:large, max-video-preview:-1\" \/>\n<link rel=\"canonical\" href=\"https:\/\/librairie7l.com\/en\/produit\/la-maison-japonaise-depuis-1945\/\" \/>\n<meta property=\"og:locale\" content=\"en_US\" \/>\n<meta property=\"og:type\" content=\"article\" \/>\n<meta property=\"og:title\" content=\"La maison japonaise depuis 1945 - Librairie 7L\" \/>\n<meta property=\"og:description\" content=\"Associant cr\u00e9ativit\u00e9 et tradition, les maisons d&#8217;architecte construites au Japon depuis 1945 sont parmi les plus insolites et les plus fascinantes au monde. Soumis apr\u00e8s-guerre \u00e0 de strictes contraintes l\u00e9gales et spatiales, les architectes nippons n&#8217;ont en effet pas eu d&#8217;autre choix, pour r\u00e9pondre aux exigences du mode d&#8217;habiter japonais, que d&#8217;explorer et d&#8217;exp\u00e9rimenter des [&hellip;]\" \/>\n<meta property=\"og:url\" content=\"https:\/\/librairie7l.com\/en\/produit\/la-maison-japonaise-depuis-1945\/\" \/>\n<meta property=\"og:site_name\" content=\"Librairie 7L\" \/>\n<meta property=\"article:modified_time\" content=\"2026-04-12T22:56:18+00:00\" \/>\n<meta property=\"og:image\" content=\"https:\/\/librairie7l.com\/wp-content\/uploads\/2023\/06\/9782863644096_1_75.jpg\" \/>\n\t<meta property=\"og:image:width\" content=\"600\" \/>\n\t<meta property=\"og:image:height\" content=\"724\" \/>\n\t<meta property=\"og:image:type\" content=\"image\/jpeg\" \/>\n<meta name=\"twitter:card\" content=\"summary_large_image\" \/>\n<meta name=\"twitter:label1\" content=\"Est. reading time\" \/>\n\t<meta name=\"twitter:data1\" content=\"1 minute\" \/>\n<script type=\"application\/ld+json\" class=\"yoast-schema-graph\">{\"@context\":\"https:\/\/schema.org\",\"@graph\":[{\"@type\":\"WebPage\",\"@id\":\"https:\/\/librairie7l.com\/en\/produit\/la-maison-japonaise-depuis-1945\/\",\"url\":\"https:\/\/librairie7l.com\/en\/produit\/la-maison-japonaise-depuis-1945\/\",\"name\":\"La maison japonaise depuis 1945 - Librairie 7L\",\"isPartOf\":{\"@id\":\"https:\/\/librairie7l.com\/en\/#website\"},\"datePublished\":\"2024-06-25T22:06:57+00:00\",\"dateModified\":\"2026-04-12T22:56:18+00:00\",\"breadcrumb\":{\"@id\":\"https:\/\/librairie7l.com\/en\/produit\/la-maison-japonaise-depuis-1945\/#breadcrumb\"},\"inLanguage\":\"en-US\",\"potentialAction\":[{\"@type\":\"ReadAction\",\"target\":[\"https:\/\/librairie7l.com\/en\/produit\/la-maison-japonaise-depuis-1945\/\"]}]},{\"@type\":\"BreadcrumbList\",\"@id\":\"https:\/\/librairie7l.com\/en\/produit\/la-maison-japonaise-depuis-1945\/#breadcrumb\",\"itemListElement\":[{\"@type\":\"ListItem\",\"position\":1,\"name\":\"Accueil\",\"item\":\"https:\/\/librairie7l.com\/en\/\"},{\"@type\":\"ListItem\",\"position\":2,\"name\":\"Shop\",\"item\":\"https:\/\/librairie7l.com\/en\/shop\/\"},{\"@type\":\"ListItem\",\"position\":3,\"name\":\"LA MAISON JAPONAISE DEPUIS 1945\"}]},{\"@type\":\"WebSite\",\"@id\":\"https:\/\/librairie7l.com\/en\/#website\",\"url\":\"https:\/\/librairie7l.com\/en\/\",\"name\":\"Librairie 7L\",\"description\":\"Librairie fond\u00e9e en 1999 par Karl Lagerfeld \u00e0 Paris\",\"publisher\":{\"@id\":\"https:\/\/librairie7l.com\/en\/#organization\"},\"potentialAction\":[{\"@type\":\"SearchAction\",\"target\":{\"@type\":\"EntryPoint\",\"urlTemplate\":\"https:\/\/librairie7l.com\/en\/?s={search_term_string}\"},\"query-input\":\"required name=search_term_string\"}],\"inLanguage\":\"en-US\"},{\"@type\":\"Organization\",\"@id\":\"https:\/\/librairie7l.com\/en\/#organization\",\"name\":\"Librairie 7L\",\"url\":\"https:\/\/librairie7l.com\/en\/\",\"logo\":{\"@type\":\"ImageObject\",\"inLanguage\":\"en-US\",\"@id\":\"https:\/\/librairie7l.com\/en\/#\/schema\/logo\/image\/\",\"url\":\"https:\/\/librairie7l.com\/wp-content\/uploads\/2022\/08\/logo-1.png\",\"contentUrl\":\"https:\/\/librairie7l.com\/wp-content\/uploads\/2022\/08\/logo-1.png\",\"width\":227,\"height\":301,\"caption\":\"Librairie 7L\"},\"image\":{\"@id\":\"https:\/\/librairie7l.com\/en\/#\/schema\/logo\/image\/\"}}]}<\/script>\n<!-- \/ Yoast SEO plugin. -->","yoast_head_json":{"title":"La maison japonaise depuis 1945 - Librairie 7L","robots":{"index":"index","follow":"follow","max-snippet":"max-snippet:-1","max-image-preview":"max-image-preview:large","max-video-preview":"max-video-preview:-1"},"canonical":"https:\/\/librairie7l.com\/en\/produit\/la-maison-japonaise-depuis-1945\/","og_locale":"en_US","og_type":"article","og_title":"La maison japonaise depuis 1945 - Librairie 7L","og_description":"Associant cr\u00e9ativit\u00e9 et tradition, les maisons d&#8217;architecte construites au Japon depuis 1945 sont parmi les plus insolites et les plus fascinantes au monde. Soumis apr\u00e8s-guerre \u00e0 de strictes contraintes l\u00e9gales et spatiales, les architectes nippons n&#8217;ont en effet pas eu d&#8217;autre choix, pour r\u00e9pondre aux exigences du mode d&#8217;habiter japonais, que d&#8217;explorer et d&#8217;exp\u00e9rimenter des [&hellip;]","og_url":"https:\/\/librairie7l.com\/en\/produit\/la-maison-japonaise-depuis-1945\/","og_site_name":"Librairie 7L","article_modified_time":"2026-04-12T22:56:18+00:00","og_image":[{"width":600,"height":724,"url":"https:\/\/librairie7l.com\/wp-content\/uploads\/2023\/06\/9782863644096_1_75.jpg","type":"image\/jpeg"}],"twitter_card":"summary_large_image","twitter_misc":{"Est. reading time":"1 minute"},"schema":{"@context":"https:\/\/schema.org","@graph":[{"@type":"WebPage","@id":"https:\/\/librairie7l.com\/en\/produit\/la-maison-japonaise-depuis-1945\/","url":"https:\/\/librairie7l.com\/en\/produit\/la-maison-japonaise-depuis-1945\/","name":"La maison japonaise depuis 1945 - Librairie 7L","isPartOf":{"@id":"https:\/\/librairie7l.com\/en\/#website"},"datePublished":"2024-06-25T22:06:57+00:00","dateModified":"2026-04-12T22:56:18+00:00","breadcrumb":{"@id":"https:\/\/librairie7l.com\/en\/produit\/la-maison-japonaise-depuis-1945\/#breadcrumb"},"inLanguage":"en-US","potentialAction":[{"@type":"ReadAction","target":["https:\/\/librairie7l.com\/en\/produit\/la-maison-japonaise-depuis-1945\/"]}]},{"@type":"BreadcrumbList","@id":"https:\/\/librairie7l.com\/en\/produit\/la-maison-japonaise-depuis-1945\/#breadcrumb","itemListElement":[{"@type":"ListItem","position":1,"name":"Accueil","item":"https:\/\/librairie7l.com\/en\/"},{"@type":"ListItem","position":2,"name":"Shop","item":"https:\/\/librairie7l.com\/en\/shop\/"},{"@type":"ListItem","position":3,"name":"LA MAISON JAPONAISE DEPUIS 1945"}]},{"@type":"WebSite","@id":"https:\/\/librairie7l.com\/en\/#website","url":"https:\/\/librairie7l.com\/en\/","name":"Librairie 7L","description":"Librairie fond\u00e9e en 1999 par Karl Lagerfeld \u00e0 Paris","publisher":{"@id":"https:\/\/librairie7l.com\/en\/#organization"},"potentialAction":[{"@type":"SearchAction","target":{"@type":"EntryPoint","urlTemplate":"https:\/\/librairie7l.com\/en\/?s={search_term_string}"},"query-input":"required name=search_term_string"}],"inLanguage":"en-US"},{"@type":"Organization","@id":"https:\/\/librairie7l.com\/en\/#organization","name":"Librairie 7L","url":"https:\/\/librairie7l.com\/en\/","logo":{"@type":"ImageObject","inLanguage":"en-US","@id":"https:\/\/librairie7l.com\/en\/#\/schema\/logo\/image\/","url":"https:\/\/librairie7l.com\/wp-content\/uploads\/2022\/08\/logo-1.png","contentUrl":"https:\/\/librairie7l.com\/wp-content\/uploads\/2022\/08\/logo-1.png","width":227,"height":301,"caption":"Librairie 7L"},"image":{"@id":"https:\/\/librairie7l.com\/en\/#\/schema\/logo\/image\/"}}]}},"_links":{"self":[{"href":"https:\/\/librairie7l.com\/en\/wp-json\/wp\/v2\/product\/41340"}],"collection":[{"href":"https:\/\/librairie7l.com\/en\/wp-json\/wp\/v2\/product"}],"about":[{"href":"https:\/\/librairie7l.com\/en\/wp-json\/wp\/v2\/types\/product"}],"wp:featuredmedia":[{"embeddable":true,"href":"https:\/\/librairie7l.com\/en\/wp-json\/wp\/v2\/media\/41338"}],"wp:attachment":[{"href":"https:\/\/librairie7l.com\/en\/wp-json\/wp\/v2\/media?parent=41340"}],"wp:term":[{"taxonomy":"product_cat","embeddable":true,"href":"https:\/\/librairie7l.com\/en\/wp-json\/wp\/v2\/product_cat?post=41340"},{"taxonomy":"product_tag","embeddable":true,"href":"https:\/\/librairie7l.com\/en\/wp-json\/wp\/v2\/product_tag?post=41340"}],"curies":[{"name":"wp","href":"https:\/\/api.w.org\/{rel}","templated":true}]}}