{"id":41344,"date":"2024-06-07T09:18:26","date_gmt":"2024-06-07T07:18:26","guid":{"rendered":"https:\/\/librairie7l.com\/?post_type=product&#038;p=41344"},"modified":"2026-04-04T16:25:56","modified_gmt":"2026-04-04T14:25:56","slug":"le-gout-des-jardins","status":"publish","type":"product","link":"https:\/\/librairie7l.com\/en\/produit\/le-gout-des-jardins\/","title":{"rendered":"LE GO\u00dbT DES JARDINS"},"content":{"rendered":"<p>M\u00e9taphysiques, \u00e0 la fran\u00e7aise, anglais, artificiels, de cur\u00e9s, de paradis, d&#8217;\u00e9ternit\u00e9, de fiction ou d&#8217;images&#8230; les jardins sont multiples. D&#8217;Hom\u00e8re \u00e0 Marguerite Duras, de Virgile \u00e0 Marcel Proust, de Gustave Flaubert \u00e0 Am\u00e9lie Nothomb, de Mme de S\u00e9vign\u00e9 \u00e0 Renaud Camus, ils sont omnipr\u00e9sents dans la litt\u00e9rature, toutes \u00e9poques et tous genres confondus. Imaginaires pour les uns (la Gen\u00e8se, \u00c9sope, La Fontaine), objets de trait\u00e9s savants pour d&#8217;autres (Walpole), mais aussi lieux affectifs (Chateaubriand, George Sand, Colette), moyens d&#8217;expression d&#8217;un pouvoir (Louis XIV), de connaissance (Jardin des Plantes), de loisir (parc des Buttes-Chaumont), ils suscitent l&#8217;engouement et parfois la passion. Structur\u00e9s ou fous, ils ont tous un m\u00eame go\u00fbt de libert\u00e9 qui nous raccroche plus ou moins consciemment \u00e0 notre enfance, et \u00e0 celle de l&#8217;humanit\u00e9&#8230;<\/p>\n","protected":false},"excerpt":{"rendered":"<p>M\u00e9taphysiques, \u00e0 la fran\u00e7aise, anglais, artificiels, de cur\u00e9s, de paradis, d&#8217;\u00e9ternit\u00e9, de fiction ou d&#8217;images&#8230; les jardins sont multiples. D&#8217;Hom\u00e8re \u00e0 Marguerite Duras, de Virgile \u00e0 Marcel Proust, de Gustave Flaubert \u00e0 Am\u00e9lie Nothomb, de Mme de S\u00e9vign\u00e9 \u00e0 Renaud Camus, ils sont omnipr\u00e9sents dans la litt\u00e9rature, toutes \u00e9poques et tous genres confondus. Imaginaires pour [&hellip;]<\/p>\n","protected":false},"featured_media":41342,"template":"","meta":[],"product_cat":[2948,2956],"product_tag":[],"acf":[],"yoast_head":"<!-- This site is optimized with the Yoast SEO plugin v20.11 - https:\/\/yoast.com\/wordpress\/plugins\/seo\/ -->\n<title>Le go\u00fbt des jardins - Librairie 7L<\/title>\n<meta name=\"robots\" content=\"index, follow, max-snippet:-1, max-image-preview:large, max-video-preview:-1\" \/>\n<link rel=\"canonical\" href=\"https:\/\/librairie7l.com\/en\/produit\/le-gout-des-jardins\/\" \/>\n<meta property=\"og:locale\" content=\"en_US\" \/>\n<meta property=\"og:type\" content=\"article\" \/>\n<meta property=\"og:title\" content=\"Le go\u00fbt des jardins - Librairie 7L\" \/>\n<meta property=\"og:description\" content=\"M\u00e9taphysiques, \u00e0 la fran\u00e7aise, anglais, artificiels, de cur\u00e9s, de paradis, d&#8217;\u00e9ternit\u00e9, de fiction ou d&#8217;images&#8230; les jardins sont multiples. D&#8217;Hom\u00e8re \u00e0 Marguerite Duras, de Virgile \u00e0 Marcel Proust, de Gustave Flaubert \u00e0 Am\u00e9lie Nothomb, de Mme de S\u00e9vign\u00e9 \u00e0 Renaud Camus, ils sont omnipr\u00e9sents dans la litt\u00e9rature, toutes \u00e9poques et tous genres confondus. Imaginaires pour [&hellip;]\" \/>\n<meta property=\"og:url\" content=\"https:\/\/librairie7l.com\/en\/produit\/le-gout-des-jardins\/\" \/>\n<meta property=\"og:site_name\" content=\"Librairie 7L\" \/>\n<meta property=\"article:modified_time\" content=\"2026-04-04T14:25:56+00:00\" \/>\n<meta property=\"og:image\" content=\"https:\/\/librairie7l.com\/wp-content\/uploads\/2005\/11\/9782715226234_1_75.jpg\" \/>\n\t<meta property=\"og:image:width\" content=\"1000\" \/>\n\t<meta property=\"og:image:height\" content=\"1597\" \/>\n\t<meta property=\"og:image:type\" content=\"image\/jpeg\" \/>\n<meta name=\"twitter:card\" content=\"summary_large_image\" \/>\n<meta name=\"twitter:label1\" content=\"Est. reading time\" \/>\n\t<meta name=\"twitter:data1\" content=\"1 minute\" \/>\n<script type=\"application\/ld+json\" class=\"yoast-schema-graph\">{\"@context\":\"https:\/\/schema.org\",\"@graph\":[{\"@type\":\"WebPage\",\"@id\":\"https:\/\/librairie7l.com\/en\/produit\/le-gout-des-jardins\/\",\"url\":\"https:\/\/librairie7l.com\/en\/produit\/le-gout-des-jardins\/\",\"name\":\"Le go\u00fbt des jardins - Librairie 7L\",\"isPartOf\":{\"@id\":\"https:\/\/librairie7l.com\/en\/#website\"},\"datePublished\":\"2024-06-07T07:18:26+00:00\",\"dateModified\":\"2026-04-04T14:25:56+00:00\",\"breadcrumb\":{\"@id\":\"https:\/\/librairie7l.com\/en\/produit\/le-gout-des-jardins\/#breadcrumb\"},\"inLanguage\":\"en-US\",\"potentialAction\":[{\"@type\":\"ReadAction\",\"target\":[\"https:\/\/librairie7l.com\/en\/produit\/le-gout-des-jardins\/\"]}]},{\"@type\":\"BreadcrumbList\",\"@id\":\"https:\/\/librairie7l.com\/en\/produit\/le-gout-des-jardins\/#breadcrumb\",\"itemListElement\":[{\"@type\":\"ListItem\",\"position\":1,\"name\":\"Accueil\",\"item\":\"https:\/\/librairie7l.com\/en\/\"},{\"@type\":\"ListItem\",\"position\":2,\"name\":\"Shop\",\"item\":\"https:\/\/librairie7l.com\/en\/shop\/\"},{\"@type\":\"ListItem\",\"position\":3,\"name\":\"LE GO\u00dbT DES JARDINS\"}]},{\"@type\":\"WebSite\",\"@id\":\"https:\/\/librairie7l.com\/en\/#website\",\"url\":\"https:\/\/librairie7l.com\/en\/\",\"name\":\"Librairie 7L\",\"description\":\"Librairie fond\u00e9e en 1999 par Karl Lagerfeld \u00e0 Paris\",\"publisher\":{\"@id\":\"https:\/\/librairie7l.com\/en\/#organization\"},\"potentialAction\":[{\"@type\":\"SearchAction\",\"target\":{\"@type\":\"EntryPoint\",\"urlTemplate\":\"https:\/\/librairie7l.com\/en\/?s={search_term_string}\"},\"query-input\":\"required name=search_term_string\"}],\"inLanguage\":\"en-US\"},{\"@type\":\"Organization\",\"@id\":\"https:\/\/librairie7l.com\/en\/#organization\",\"name\":\"Librairie 7L\",\"url\":\"https:\/\/librairie7l.com\/en\/\",\"logo\":{\"@type\":\"ImageObject\",\"inLanguage\":\"en-US\",\"@id\":\"https:\/\/librairie7l.com\/en\/#\/schema\/logo\/image\/\",\"url\":\"https:\/\/librairie7l.com\/wp-content\/uploads\/2022\/08\/logo-1.png\",\"contentUrl\":\"https:\/\/librairie7l.com\/wp-content\/uploads\/2022\/08\/logo-1.png\",\"width\":227,\"height\":301,\"caption\":\"Librairie 7L\"},\"image\":{\"@id\":\"https:\/\/librairie7l.com\/en\/#\/schema\/logo\/image\/\"}}]}<\/script>\n<!-- \/ Yoast SEO plugin. -->","yoast_head_json":{"title":"Le go\u00fbt des jardins - Librairie 7L","robots":{"index":"index","follow":"follow","max-snippet":"max-snippet:-1","max-image-preview":"max-image-preview:large","max-video-preview":"max-video-preview:-1"},"canonical":"https:\/\/librairie7l.com\/en\/produit\/le-gout-des-jardins\/","og_locale":"en_US","og_type":"article","og_title":"Le go\u00fbt des jardins - Librairie 7L","og_description":"M\u00e9taphysiques, \u00e0 la fran\u00e7aise, anglais, artificiels, de cur\u00e9s, de paradis, d&#8217;\u00e9ternit\u00e9, de fiction ou d&#8217;images&#8230; les jardins sont multiples. D&#8217;Hom\u00e8re \u00e0 Marguerite Duras, de Virgile \u00e0 Marcel Proust, de Gustave Flaubert \u00e0 Am\u00e9lie Nothomb, de Mme de S\u00e9vign\u00e9 \u00e0 Renaud Camus, ils sont omnipr\u00e9sents dans la litt\u00e9rature, toutes \u00e9poques et tous genres confondus. Imaginaires pour [&hellip;]","og_url":"https:\/\/librairie7l.com\/en\/produit\/le-gout-des-jardins\/","og_site_name":"Librairie 7L","article_modified_time":"2026-04-04T14:25:56+00:00","og_image":[{"width":1000,"height":1597,"url":"https:\/\/librairie7l.com\/wp-content\/uploads\/2005\/11\/9782715226234_1_75.jpg","type":"image\/jpeg"}],"twitter_card":"summary_large_image","twitter_misc":{"Est. reading time":"1 minute"},"schema":{"@context":"https:\/\/schema.org","@graph":[{"@type":"WebPage","@id":"https:\/\/librairie7l.com\/en\/produit\/le-gout-des-jardins\/","url":"https:\/\/librairie7l.com\/en\/produit\/le-gout-des-jardins\/","name":"Le go\u00fbt des jardins - Librairie 7L","isPartOf":{"@id":"https:\/\/librairie7l.com\/en\/#website"},"datePublished":"2024-06-07T07:18:26+00:00","dateModified":"2026-04-04T14:25:56+00:00","breadcrumb":{"@id":"https:\/\/librairie7l.com\/en\/produit\/le-gout-des-jardins\/#breadcrumb"},"inLanguage":"en-US","potentialAction":[{"@type":"ReadAction","target":["https:\/\/librairie7l.com\/en\/produit\/le-gout-des-jardins\/"]}]},{"@type":"BreadcrumbList","@id":"https:\/\/librairie7l.com\/en\/produit\/le-gout-des-jardins\/#breadcrumb","itemListElement":[{"@type":"ListItem","position":1,"name":"Accueil","item":"https:\/\/librairie7l.com\/en\/"},{"@type":"ListItem","position":2,"name":"Shop","item":"https:\/\/librairie7l.com\/en\/shop\/"},{"@type":"ListItem","position":3,"name":"LE GO\u00dbT DES JARDINS"}]},{"@type":"WebSite","@id":"https:\/\/librairie7l.com\/en\/#website","url":"https:\/\/librairie7l.com\/en\/","name":"Librairie 7L","description":"Librairie fond\u00e9e en 1999 par Karl Lagerfeld \u00e0 Paris","publisher":{"@id":"https:\/\/librairie7l.com\/en\/#organization"},"potentialAction":[{"@type":"SearchAction","target":{"@type":"EntryPoint","urlTemplate":"https:\/\/librairie7l.com\/en\/?s={search_term_string}"},"query-input":"required name=search_term_string"}],"inLanguage":"en-US"},{"@type":"Organization","@id":"https:\/\/librairie7l.com\/en\/#organization","name":"Librairie 7L","url":"https:\/\/librairie7l.com\/en\/","logo":{"@type":"ImageObject","inLanguage":"en-US","@id":"https:\/\/librairie7l.com\/en\/#\/schema\/logo\/image\/","url":"https:\/\/librairie7l.com\/wp-content\/uploads\/2022\/08\/logo-1.png","contentUrl":"https:\/\/librairie7l.com\/wp-content\/uploads\/2022\/08\/logo-1.png","width":227,"height":301,"caption":"Librairie 7L"},"image":{"@id":"https:\/\/librairie7l.com\/en\/#\/schema\/logo\/image\/"}}]}},"_links":{"self":[{"href":"https:\/\/librairie7l.com\/en\/wp-json\/wp\/v2\/product\/41344"}],"collection":[{"href":"https:\/\/librairie7l.com\/en\/wp-json\/wp\/v2\/product"}],"about":[{"href":"https:\/\/librairie7l.com\/en\/wp-json\/wp\/v2\/types\/product"}],"wp:featuredmedia":[{"embeddable":true,"href":"https:\/\/librairie7l.com\/en\/wp-json\/wp\/v2\/media\/41342"}],"wp:attachment":[{"href":"https:\/\/librairie7l.com\/en\/wp-json\/wp\/v2\/media?parent=41344"}],"wp:term":[{"taxonomy":"product_cat","embeddable":true,"href":"https:\/\/librairie7l.com\/en\/wp-json\/wp\/v2\/product_cat?post=41344"},{"taxonomy":"product_tag","embeddable":true,"href":"https:\/\/librairie7l.com\/en\/wp-json\/wp\/v2\/product_tag?post=41344"}],"curies":[{"name":"wp","href":"https:\/\/api.w.org\/{rel}","templated":true}]}}