{"id":41391,"date":"2024-06-13T09:18:04","date_gmt":"2024-06-13T07:18:04","guid":{"rendered":"https:\/\/librairie7l.com\/?post_type=product&#038;p=41391"},"modified":"2026-04-18T00:13:04","modified_gmt":"2026-04-17T22:13:04","slug":"le-paris-des-photographes-anonymes-anonymous-vintage-slides-1950-1970","status":"publish","type":"product","link":"https:\/\/librairie7l.com\/en\/produit\/le-paris-des-photographes-anonymes-anonymous-vintage-slides-1950-1970\/","title":{"rendered":"LE PARIS DES PHOTOGRAPHES ANONYMES \/ ANONYMOUS VINTAGE SLIDES (1950-1970)"},"content":{"rendered":"<p>Le pass\u00e9 a-t-il des couleurs ? Pour l&#8217;apr\u00e8s-guerre et jusqu&#8217;aux ann\u00e9es 1970, ce seraient certainement celles du film Kodachrome, utilis\u00e9 massivement par les amateurs pour fixer des souvenirs familiaux ou de voyage. Les touristes visitant Paris ne font pas exception, qui immortalisent les sujets leur paraissant dignes de l&#8217;\u00eatre : les grands monuments, bien s\u00fbr, mais aussi les sc\u00e8nes de rues, de march\u00e9s, de caf\u00e9s&#8230; Ce r\u00e9pertoire de leurs repr\u00e9sentations, plein de charme et de fra\u00eecheur, nous offre de feuilleter l&#8217;album d&#8217;un Paris \u00e9ternel, si pr\u00e8s de nous&#8230; et d\u00e9j\u00e0 si loin.<\/p>\n<p>Did colors exist in the past? From the postwar period until the 1970s, they were undoubtedly the shades of Kodachrome film, widely used by amateurs to capture family or travel memories. Tourists visiting Paris were no exception, immortalizing subjects they deemed worthy: great monuments of course, but also street scenes, markets, cafes&#8230; This collection of shots, both refreshing and charming, invites us to leaf through an album showing an eternal Paris, so close to us&#8230; and already so distant.<\/p>\n","protected":false},"excerpt":{"rendered":"<p>Le pass\u00e9 a-t-il des couleurs ? Pour l&#8217;apr\u00e8s-guerre et jusqu&#8217;aux ann\u00e9es 1970, ce seraient certainement celles du film Kodachrome, utilis\u00e9 massivement par les amateurs pour fixer des souvenirs familiaux ou de voyage. Les touristes visitant Paris ne font pas exception, qui immortalisent les sujets leur paraissant dignes de l&#8217;\u00eatre : les grands monuments, bien s\u00fbr, [&hellip;]<\/p>\n","protected":false},"featured_media":41389,"template":"","meta":[],"product_cat":[2948,2958],"product_tag":[],"acf":[],"yoast_head":"<!-- This site is optimized with the Yoast SEO plugin v20.11 - https:\/\/yoast.com\/wordpress\/plugins\/seo\/ -->\n<title>Le Paris des photographes anonymes \/ Anonymous Vintage Slides (1950-1970) - Librairie 7L<\/title>\n<meta name=\"robots\" content=\"index, follow, max-snippet:-1, max-image-preview:large, max-video-preview:-1\" \/>\n<link rel=\"canonical\" href=\"https:\/\/librairie7l.com\/en\/produit\/le-paris-des-photographes-anonymes-anonymous-vintage-slides-1950-1970\/\" \/>\n<meta property=\"og:locale\" content=\"en_US\" \/>\n<meta property=\"og:type\" content=\"article\" \/>\n<meta property=\"og:title\" content=\"Le Paris des photographes anonymes \/ Anonymous Vintage Slides (1950-1970) - Librairie 7L\" \/>\n<meta property=\"og:description\" content=\"Le pass\u00e9 a-t-il des couleurs ? Pour l&#8217;apr\u00e8s-guerre et jusqu&#8217;aux ann\u00e9es 1970, ce seraient certainement celles du film Kodachrome, utilis\u00e9 massivement par les amateurs pour fixer des souvenirs familiaux ou de voyage. Les touristes visitant Paris ne font pas exception, qui immortalisent les sujets leur paraissant dignes de l&#8217;\u00eatre : les grands monuments, bien s\u00fbr, [&hellip;]\" \/>\n<meta property=\"og:url\" content=\"https:\/\/librairie7l.com\/en\/produit\/le-paris-des-photographes-anonymes-anonymous-vintage-slides-1950-1970\/\" \/>\n<meta property=\"og:site_name\" content=\"Librairie 7L\" \/>\n<meta property=\"article:modified_time\" content=\"2026-04-17T22:13:04+00:00\" \/>\n<meta property=\"og:image\" content=\"https:\/\/librairie7l.com\/wp-content\/uploads\/2023\/12\/9782373952445_1_75.jpg\" \/>\n\t<meta property=\"og:image:width\" content=\"600\" \/>\n\t<meta property=\"og:image:height\" content=\"600\" \/>\n\t<meta property=\"og:image:type\" content=\"image\/jpeg\" \/>\n<meta name=\"twitter:card\" content=\"summary_large_image\" \/>\n<meta name=\"twitter:label1\" content=\"Est. reading time\" \/>\n\t<meta name=\"twitter:data1\" content=\"1 minute\" \/>\n<script type=\"application\/ld+json\" class=\"yoast-schema-graph\">{\"@context\":\"https:\/\/schema.org\",\"@graph\":[{\"@type\":\"WebPage\",\"@id\":\"https:\/\/librairie7l.com\/en\/produit\/le-paris-des-photographes-anonymes-anonymous-vintage-slides-1950-1970\/\",\"url\":\"https:\/\/librairie7l.com\/en\/produit\/le-paris-des-photographes-anonymes-anonymous-vintage-slides-1950-1970\/\",\"name\":\"Le Paris des photographes anonymes \/ Anonymous Vintage Slides (1950-1970) - Librairie 7L\",\"isPartOf\":{\"@id\":\"https:\/\/librairie7l.com\/en\/#website\"},\"datePublished\":\"2024-06-13T07:18:04+00:00\",\"dateModified\":\"2026-04-17T22:13:04+00:00\",\"breadcrumb\":{\"@id\":\"https:\/\/librairie7l.com\/en\/produit\/le-paris-des-photographes-anonymes-anonymous-vintage-slides-1950-1970\/#breadcrumb\"},\"inLanguage\":\"en-US\",\"potentialAction\":[{\"@type\":\"ReadAction\",\"target\":[\"https:\/\/librairie7l.com\/en\/produit\/le-paris-des-photographes-anonymes-anonymous-vintage-slides-1950-1970\/\"]}]},{\"@type\":\"BreadcrumbList\",\"@id\":\"https:\/\/librairie7l.com\/en\/produit\/le-paris-des-photographes-anonymes-anonymous-vintage-slides-1950-1970\/#breadcrumb\",\"itemListElement\":[{\"@type\":\"ListItem\",\"position\":1,\"name\":\"Accueil\",\"item\":\"https:\/\/librairie7l.com\/en\/\"},{\"@type\":\"ListItem\",\"position\":2,\"name\":\"Shop\",\"item\":\"https:\/\/librairie7l.com\/en\/shop\/\"},{\"@type\":\"ListItem\",\"position\":3,\"name\":\"LE PARIS DES PHOTOGRAPHES ANONYMES \/ ANONYMOUS VINTAGE SLIDES (1950-1970)\"}]},{\"@type\":\"WebSite\",\"@id\":\"https:\/\/librairie7l.com\/en\/#website\",\"url\":\"https:\/\/librairie7l.com\/en\/\",\"name\":\"Librairie 7L\",\"description\":\"Librairie fond\u00e9e en 1999 par Karl Lagerfeld \u00e0 Paris\",\"publisher\":{\"@id\":\"https:\/\/librairie7l.com\/en\/#organization\"},\"potentialAction\":[{\"@type\":\"SearchAction\",\"target\":{\"@type\":\"EntryPoint\",\"urlTemplate\":\"https:\/\/librairie7l.com\/en\/?s={search_term_string}\"},\"query-input\":\"required name=search_term_string\"}],\"inLanguage\":\"en-US\"},{\"@type\":\"Organization\",\"@id\":\"https:\/\/librairie7l.com\/en\/#organization\",\"name\":\"Librairie 7L\",\"url\":\"https:\/\/librairie7l.com\/en\/\",\"logo\":{\"@type\":\"ImageObject\",\"inLanguage\":\"en-US\",\"@id\":\"https:\/\/librairie7l.com\/en\/#\/schema\/logo\/image\/\",\"url\":\"https:\/\/librairie7l.com\/wp-content\/uploads\/2022\/08\/logo-1.png\",\"contentUrl\":\"https:\/\/librairie7l.com\/wp-content\/uploads\/2022\/08\/logo-1.png\",\"width\":227,\"height\":301,\"caption\":\"Librairie 7L\"},\"image\":{\"@id\":\"https:\/\/librairie7l.com\/en\/#\/schema\/logo\/image\/\"}}]}<\/script>\n<!-- \/ Yoast SEO plugin. -->","yoast_head_json":{"title":"Le Paris des photographes anonymes \/ Anonymous Vintage Slides (1950-1970) - Librairie 7L","robots":{"index":"index","follow":"follow","max-snippet":"max-snippet:-1","max-image-preview":"max-image-preview:large","max-video-preview":"max-video-preview:-1"},"canonical":"https:\/\/librairie7l.com\/en\/produit\/le-paris-des-photographes-anonymes-anonymous-vintage-slides-1950-1970\/","og_locale":"en_US","og_type":"article","og_title":"Le Paris des photographes anonymes \/ Anonymous Vintage Slides (1950-1970) - Librairie 7L","og_description":"Le pass\u00e9 a-t-il des couleurs ? Pour l&#8217;apr\u00e8s-guerre et jusqu&#8217;aux ann\u00e9es 1970, ce seraient certainement celles du film Kodachrome, utilis\u00e9 massivement par les amateurs pour fixer des souvenirs familiaux ou de voyage. Les touristes visitant Paris ne font pas exception, qui immortalisent les sujets leur paraissant dignes de l&#8217;\u00eatre : les grands monuments, bien s\u00fbr, [&hellip;]","og_url":"https:\/\/librairie7l.com\/en\/produit\/le-paris-des-photographes-anonymes-anonymous-vintage-slides-1950-1970\/","og_site_name":"Librairie 7L","article_modified_time":"2026-04-17T22:13:04+00:00","og_image":[{"width":600,"height":600,"url":"https:\/\/librairie7l.com\/wp-content\/uploads\/2023\/12\/9782373952445_1_75.jpg","type":"image\/jpeg"}],"twitter_card":"summary_large_image","twitter_misc":{"Est. reading time":"1 minute"},"schema":{"@context":"https:\/\/schema.org","@graph":[{"@type":"WebPage","@id":"https:\/\/librairie7l.com\/en\/produit\/le-paris-des-photographes-anonymes-anonymous-vintage-slides-1950-1970\/","url":"https:\/\/librairie7l.com\/en\/produit\/le-paris-des-photographes-anonymes-anonymous-vintage-slides-1950-1970\/","name":"Le Paris des photographes anonymes \/ Anonymous Vintage Slides (1950-1970) - Librairie 7L","isPartOf":{"@id":"https:\/\/librairie7l.com\/en\/#website"},"datePublished":"2024-06-13T07:18:04+00:00","dateModified":"2026-04-17T22:13:04+00:00","breadcrumb":{"@id":"https:\/\/librairie7l.com\/en\/produit\/le-paris-des-photographes-anonymes-anonymous-vintage-slides-1950-1970\/#breadcrumb"},"inLanguage":"en-US","potentialAction":[{"@type":"ReadAction","target":["https:\/\/librairie7l.com\/en\/produit\/le-paris-des-photographes-anonymes-anonymous-vintage-slides-1950-1970\/"]}]},{"@type":"BreadcrumbList","@id":"https:\/\/librairie7l.com\/en\/produit\/le-paris-des-photographes-anonymes-anonymous-vintage-slides-1950-1970\/#breadcrumb","itemListElement":[{"@type":"ListItem","position":1,"name":"Accueil","item":"https:\/\/librairie7l.com\/en\/"},{"@type":"ListItem","position":2,"name":"Shop","item":"https:\/\/librairie7l.com\/en\/shop\/"},{"@type":"ListItem","position":3,"name":"LE PARIS DES PHOTOGRAPHES ANONYMES \/ ANONYMOUS VINTAGE SLIDES (1950-1970)"}]},{"@type":"WebSite","@id":"https:\/\/librairie7l.com\/en\/#website","url":"https:\/\/librairie7l.com\/en\/","name":"Librairie 7L","description":"Librairie fond\u00e9e en 1999 par Karl Lagerfeld \u00e0 Paris","publisher":{"@id":"https:\/\/librairie7l.com\/en\/#organization"},"potentialAction":[{"@type":"SearchAction","target":{"@type":"EntryPoint","urlTemplate":"https:\/\/librairie7l.com\/en\/?s={search_term_string}"},"query-input":"required name=search_term_string"}],"inLanguage":"en-US"},{"@type":"Organization","@id":"https:\/\/librairie7l.com\/en\/#organization","name":"Librairie 7L","url":"https:\/\/librairie7l.com\/en\/","logo":{"@type":"ImageObject","inLanguage":"en-US","@id":"https:\/\/librairie7l.com\/en\/#\/schema\/logo\/image\/","url":"https:\/\/librairie7l.com\/wp-content\/uploads\/2022\/08\/logo-1.png","contentUrl":"https:\/\/librairie7l.com\/wp-content\/uploads\/2022\/08\/logo-1.png","width":227,"height":301,"caption":"Librairie 7L"},"image":{"@id":"https:\/\/librairie7l.com\/en\/#\/schema\/logo\/image\/"}}]}},"_links":{"self":[{"href":"https:\/\/librairie7l.com\/en\/wp-json\/wp\/v2\/product\/41391"}],"collection":[{"href":"https:\/\/librairie7l.com\/en\/wp-json\/wp\/v2\/product"}],"about":[{"href":"https:\/\/librairie7l.com\/en\/wp-json\/wp\/v2\/types\/product"}],"wp:featuredmedia":[{"embeddable":true,"href":"https:\/\/librairie7l.com\/en\/wp-json\/wp\/v2\/media\/41389"}],"wp:attachment":[{"href":"https:\/\/librairie7l.com\/en\/wp-json\/wp\/v2\/media?parent=41391"}],"wp:term":[{"taxonomy":"product_cat","embeddable":true,"href":"https:\/\/librairie7l.com\/en\/wp-json\/wp\/v2\/product_cat?post=41391"},{"taxonomy":"product_tag","embeddable":true,"href":"https:\/\/librairie7l.com\/en\/wp-json\/wp\/v2\/product_tag?post=41391"}],"curies":[{"name":"wp","href":"https:\/\/api.w.org\/{rel}","templated":true}]}}