{"id":41395,"date":"2024-06-13T09:18:10","date_gmt":"2024-06-13T07:18:10","guid":{"rendered":"https:\/\/librairie7l.com\/?post_type=product&#038;p=41395"},"modified":"2026-04-30T19:28:25","modified_gmt":"2026-04-30T17:28:25","slug":"femmes-chez-les-nabis-de-fil-en-aiguille","status":"publish","type":"product","link":"https:\/\/librairie7l.com\/en\/produit\/femmes-chez-les-nabis-de-fil-en-aiguille\/","title":{"rendered":"FEMMES CHEZ LES NABIS : DE FIL EN AIGUILLE"},"content":{"rendered":"<p>En 1954, l&#8217;historienne de l&#8217;art Agn\u00e8s Humbert remarque dans son ouvrage Les Nabis et leur \u00e9poque (1888-1900) qu&#8217;\u00ab il n&#8217;y a jamais eu de Nabie \u00bb. Certes, toutes les femmes qui gravit\u00e8rent autour de Mogens Ballin, J\u00f3zsef Rippl-R\u00f3na\u00ef, Pierre Bonnard, \u00c9douard Vuillard, Maurice Denis, Georges Lacombe, Paul-\u00c9lie Ranson, \u00c9douard Vuillard, Ker-Xavier Roussel, Aristide Maillol, Paul S\u00e9rusier, Georges Lacombe, ne sont pas \u00e0 proprement parler des \u00ab Nabies \u00bb.<\/p>\n<p>Elles \u00e9volu\u00e8rent au sein du groupe, non comme artistes \u00e0 part enti\u00e8re, mais bien comme collaboratrice, assistante, soutien moral, financier et affectif. Le r\u00f4le et l&#8217;action des femmes chez les Nabis sont pr\u00e9sent\u00e9s comme \u00e9tant \u00e9troitement corr\u00e9l\u00e9s \u00e0 ceux des hommes, \u00e9pousant des conventions et des places qui sont \u00e0 l&#8217;\u00e9poque traditionnellement assign\u00e9es aux femmes. Cet entourage peupl\u00e9 d&#8217;\u00e9pouses, de soeurs, de m\u00e8res, de belles-m\u00e8res et d&#8217;amantes se veut un point d&#8217;entr\u00e9e pour regarder finement les conditions de r\u00e9alisation, les logiques d&#8217;influences et les processus de cr\u00e9ation \u00e0 l&#8217;oeuvre chez les Nabis. Dans le prolongement de plusieurs travaux r\u00e9cents, l&#8217;exposition souhaite questionner les tensions existantes entre l&#8217;oeuvre et l&#8217;ouvrage, l&#8217;esth\u00e9tique et l&#8217;utile, l&#8217;art et l&#8217;artisanat, l&#8217;amateurisme et le professionnalisme, l&#8217;artiste et le mod\u00e8le, l&#8217;actif et le passif, le visible et l&#8217;invisible, pour complexifier une vision qui a souvent \u00e9t\u00e9 masculine, cliv\u00e9e et peu mixte du groupe.<\/p>\n","protected":false},"excerpt":{"rendered":"<p>En 1954, l&#8217;historienne de l&#8217;art Agn\u00e8s Humbert remarque dans son ouvrage Les Nabis et leur \u00e9poque (1888-1900) qu&#8217;\u00ab il n&#8217;y a jamais eu de Nabie \u00bb. Certes, toutes les femmes qui gravit\u00e8rent autour de Mogens Ballin, J\u00f3zsef Rippl-R\u00f3na\u00ef, Pierre Bonnard, \u00c9douard Vuillard, Maurice Denis, Georges Lacombe, Paul-\u00c9lie Ranson, \u00c9douard Vuillard, Ker-Xavier Roussel, Aristide Maillol, Paul [&hellip;]<\/p>\n","protected":false},"featured_media":41393,"template":"","meta":[],"product_cat":[2948,2953],"product_tag":[],"acf":[],"yoast_head":"<!-- This site is optimized with the Yoast SEO plugin v20.11 - https:\/\/yoast.com\/wordpress\/plugins\/seo\/ -->\n<title>Femmes chez les Nabis : De fil en aiguille - Librairie 7L<\/title>\n<meta name=\"robots\" content=\"index, follow, max-snippet:-1, max-image-preview:large, max-video-preview:-1\" \/>\n<link rel=\"canonical\" href=\"https:\/\/librairie7l.com\/en\/produit\/femmes-chez-les-nabis-de-fil-en-aiguille\/\" \/>\n<meta property=\"og:locale\" content=\"en_US\" \/>\n<meta property=\"og:type\" content=\"article\" \/>\n<meta property=\"og:title\" content=\"Femmes chez les Nabis : De fil en aiguille - Librairie 7L\" \/>\n<meta property=\"og:description\" content=\"En 1954, l&#8217;historienne de l&#8217;art Agn\u00e8s Humbert remarque dans son ouvrage Les Nabis et leur \u00e9poque (1888-1900) qu&#8217;\u00ab il n&#8217;y a jamais eu de Nabie \u00bb. Certes, toutes les femmes qui gravit\u00e8rent autour de Mogens Ballin, J\u00f3zsef Rippl-R\u00f3na\u00ef, Pierre Bonnard, \u00c9douard Vuillard, Maurice Denis, Georges Lacombe, Paul-\u00c9lie Ranson, \u00c9douard Vuillard, Ker-Xavier Roussel, Aristide Maillol, Paul [&hellip;]\" \/>\n<meta property=\"og:url\" content=\"https:\/\/librairie7l.com\/en\/produit\/femmes-chez-les-nabis-de-fil-en-aiguille\/\" \/>\n<meta property=\"og:site_name\" content=\"Librairie 7L\" \/>\n<meta property=\"article:modified_time\" content=\"2026-04-30T17:28:25+00:00\" \/>\n<meta property=\"og:image\" content=\"https:\/\/librairie7l.com\/wp-content\/uploads\/2024\/01\/9782878443677_1_75.jpg\" \/>\n\t<meta property=\"og:image:width\" content=\"600\" \/>\n\t<meta property=\"og:image:height\" content=\"781\" \/>\n\t<meta property=\"og:image:type\" content=\"image\/jpeg\" \/>\n<meta name=\"twitter:card\" content=\"summary_large_image\" \/>\n<meta name=\"twitter:label1\" content=\"Est. reading time\" \/>\n\t<meta name=\"twitter:data1\" content=\"1 minute\" \/>\n<script type=\"application\/ld+json\" class=\"yoast-schema-graph\">{\"@context\":\"https:\/\/schema.org\",\"@graph\":[{\"@type\":\"WebPage\",\"@id\":\"https:\/\/librairie7l.com\/en\/produit\/femmes-chez-les-nabis-de-fil-en-aiguille\/\",\"url\":\"https:\/\/librairie7l.com\/en\/produit\/femmes-chez-les-nabis-de-fil-en-aiguille\/\",\"name\":\"Femmes chez les Nabis : De fil en aiguille - Librairie 7L\",\"isPartOf\":{\"@id\":\"https:\/\/librairie7l.com\/en\/#website\"},\"datePublished\":\"2024-06-13T07:18:10+00:00\",\"dateModified\":\"2026-04-30T17:28:25+00:00\",\"breadcrumb\":{\"@id\":\"https:\/\/librairie7l.com\/en\/produit\/femmes-chez-les-nabis-de-fil-en-aiguille\/#breadcrumb\"},\"inLanguage\":\"en-US\",\"potentialAction\":[{\"@type\":\"ReadAction\",\"target\":[\"https:\/\/librairie7l.com\/en\/produit\/femmes-chez-les-nabis-de-fil-en-aiguille\/\"]}]},{\"@type\":\"BreadcrumbList\",\"@id\":\"https:\/\/librairie7l.com\/en\/produit\/femmes-chez-les-nabis-de-fil-en-aiguille\/#breadcrumb\",\"itemListElement\":[{\"@type\":\"ListItem\",\"position\":1,\"name\":\"Accueil\",\"item\":\"https:\/\/librairie7l.com\/en\/\"},{\"@type\":\"ListItem\",\"position\":2,\"name\":\"Shop\",\"item\":\"https:\/\/librairie7l.com\/en\/shop\/\"},{\"@type\":\"ListItem\",\"position\":3,\"name\":\"FEMMES CHEZ LES NABIS : DE FIL EN AIGUILLE\"}]},{\"@type\":\"WebSite\",\"@id\":\"https:\/\/librairie7l.com\/en\/#website\",\"url\":\"https:\/\/librairie7l.com\/en\/\",\"name\":\"Librairie 7L\",\"description\":\"Librairie fond\u00e9e en 1999 par Karl Lagerfeld \u00e0 Paris\",\"publisher\":{\"@id\":\"https:\/\/librairie7l.com\/en\/#organization\"},\"potentialAction\":[{\"@type\":\"SearchAction\",\"target\":{\"@type\":\"EntryPoint\",\"urlTemplate\":\"https:\/\/librairie7l.com\/en\/?s={search_term_string}\"},\"query-input\":\"required name=search_term_string\"}],\"inLanguage\":\"en-US\"},{\"@type\":\"Organization\",\"@id\":\"https:\/\/librairie7l.com\/en\/#organization\",\"name\":\"Librairie 7L\",\"url\":\"https:\/\/librairie7l.com\/en\/\",\"logo\":{\"@type\":\"ImageObject\",\"inLanguage\":\"en-US\",\"@id\":\"https:\/\/librairie7l.com\/en\/#\/schema\/logo\/image\/\",\"url\":\"https:\/\/librairie7l.com\/wp-content\/uploads\/2022\/08\/logo-1.png\",\"contentUrl\":\"https:\/\/librairie7l.com\/wp-content\/uploads\/2022\/08\/logo-1.png\",\"width\":227,\"height\":301,\"caption\":\"Librairie 7L\"},\"image\":{\"@id\":\"https:\/\/librairie7l.com\/en\/#\/schema\/logo\/image\/\"}}]}<\/script>\n<!-- \/ Yoast SEO plugin. -->","yoast_head_json":{"title":"Femmes chez les Nabis : De fil en aiguille - Librairie 7L","robots":{"index":"index","follow":"follow","max-snippet":"max-snippet:-1","max-image-preview":"max-image-preview:large","max-video-preview":"max-video-preview:-1"},"canonical":"https:\/\/librairie7l.com\/en\/produit\/femmes-chez-les-nabis-de-fil-en-aiguille\/","og_locale":"en_US","og_type":"article","og_title":"Femmes chez les Nabis : De fil en aiguille - Librairie 7L","og_description":"En 1954, l&#8217;historienne de l&#8217;art Agn\u00e8s Humbert remarque dans son ouvrage Les Nabis et leur \u00e9poque (1888-1900) qu&#8217;\u00ab il n&#8217;y a jamais eu de Nabie \u00bb. Certes, toutes les femmes qui gravit\u00e8rent autour de Mogens Ballin, J\u00f3zsef Rippl-R\u00f3na\u00ef, Pierre Bonnard, \u00c9douard Vuillard, Maurice Denis, Georges Lacombe, Paul-\u00c9lie Ranson, \u00c9douard Vuillard, Ker-Xavier Roussel, Aristide Maillol, Paul [&hellip;]","og_url":"https:\/\/librairie7l.com\/en\/produit\/femmes-chez-les-nabis-de-fil-en-aiguille\/","og_site_name":"Librairie 7L","article_modified_time":"2026-04-30T17:28:25+00:00","og_image":[{"width":600,"height":781,"url":"https:\/\/librairie7l.com\/wp-content\/uploads\/2024\/01\/9782878443677_1_75.jpg","type":"image\/jpeg"}],"twitter_card":"summary_large_image","twitter_misc":{"Est. reading time":"1 minute"},"schema":{"@context":"https:\/\/schema.org","@graph":[{"@type":"WebPage","@id":"https:\/\/librairie7l.com\/en\/produit\/femmes-chez-les-nabis-de-fil-en-aiguille\/","url":"https:\/\/librairie7l.com\/en\/produit\/femmes-chez-les-nabis-de-fil-en-aiguille\/","name":"Femmes chez les Nabis : De fil en aiguille - Librairie 7L","isPartOf":{"@id":"https:\/\/librairie7l.com\/en\/#website"},"datePublished":"2024-06-13T07:18:10+00:00","dateModified":"2026-04-30T17:28:25+00:00","breadcrumb":{"@id":"https:\/\/librairie7l.com\/en\/produit\/femmes-chez-les-nabis-de-fil-en-aiguille\/#breadcrumb"},"inLanguage":"en-US","potentialAction":[{"@type":"ReadAction","target":["https:\/\/librairie7l.com\/en\/produit\/femmes-chez-les-nabis-de-fil-en-aiguille\/"]}]},{"@type":"BreadcrumbList","@id":"https:\/\/librairie7l.com\/en\/produit\/femmes-chez-les-nabis-de-fil-en-aiguille\/#breadcrumb","itemListElement":[{"@type":"ListItem","position":1,"name":"Accueil","item":"https:\/\/librairie7l.com\/en\/"},{"@type":"ListItem","position":2,"name":"Shop","item":"https:\/\/librairie7l.com\/en\/shop\/"},{"@type":"ListItem","position":3,"name":"FEMMES CHEZ LES NABIS : DE FIL EN AIGUILLE"}]},{"@type":"WebSite","@id":"https:\/\/librairie7l.com\/en\/#website","url":"https:\/\/librairie7l.com\/en\/","name":"Librairie 7L","description":"Librairie fond\u00e9e en 1999 par Karl Lagerfeld \u00e0 Paris","publisher":{"@id":"https:\/\/librairie7l.com\/en\/#organization"},"potentialAction":[{"@type":"SearchAction","target":{"@type":"EntryPoint","urlTemplate":"https:\/\/librairie7l.com\/en\/?s={search_term_string}"},"query-input":"required name=search_term_string"}],"inLanguage":"en-US"},{"@type":"Organization","@id":"https:\/\/librairie7l.com\/en\/#organization","name":"Librairie 7L","url":"https:\/\/librairie7l.com\/en\/","logo":{"@type":"ImageObject","inLanguage":"en-US","@id":"https:\/\/librairie7l.com\/en\/#\/schema\/logo\/image\/","url":"https:\/\/librairie7l.com\/wp-content\/uploads\/2022\/08\/logo-1.png","contentUrl":"https:\/\/librairie7l.com\/wp-content\/uploads\/2022\/08\/logo-1.png","width":227,"height":301,"caption":"Librairie 7L"},"image":{"@id":"https:\/\/librairie7l.com\/en\/#\/schema\/logo\/image\/"}}]}},"_links":{"self":[{"href":"https:\/\/librairie7l.com\/en\/wp-json\/wp\/v2\/product\/41395"}],"collection":[{"href":"https:\/\/librairie7l.com\/en\/wp-json\/wp\/v2\/product"}],"about":[{"href":"https:\/\/librairie7l.com\/en\/wp-json\/wp\/v2\/types\/product"}],"wp:featuredmedia":[{"embeddable":true,"href":"https:\/\/librairie7l.com\/en\/wp-json\/wp\/v2\/media\/41393"}],"wp:attachment":[{"href":"https:\/\/librairie7l.com\/en\/wp-json\/wp\/v2\/media?parent=41395"}],"wp:term":[{"taxonomy":"product_cat","embeddable":true,"href":"https:\/\/librairie7l.com\/en\/wp-json\/wp\/v2\/product_cat?post=41395"},{"taxonomy":"product_tag","embeddable":true,"href":"https:\/\/librairie7l.com\/en\/wp-json\/wp\/v2\/product_tag?post=41395"}],"curies":[{"name":"wp","href":"https:\/\/api.w.org\/{rel}","templated":true}]}}