{"id":41403,"date":"2024-06-13T09:18:17","date_gmt":"2024-06-13T07:18:17","guid":{"rendered":"https:\/\/librairie7l.com\/?post_type=product&#038;p=41403"},"modified":"2026-04-09T19:00:17","modified_gmt":"2026-04-09T17:00:17","slug":"raymond-delamarre-sculpteur-et-medailleur","status":"publish","type":"product","link":"https:\/\/librairie7l.com\/en\/produit\/raymond-delamarre-sculpteur-et-medailleur\/","title":{"rendered":"RAYMOND DELAMARRE : SCULPTEUR ET M\u00c9DAILLEUR"},"content":{"rendered":"<p>Sculpteur prolifique, Raymond Delamarre (1890-1986) a exprim\u00e9, de la m\u00e9daille au monumental, sa qu\u00eate d&#8217;une statuaire \u00e9pur\u00e9e, aux formes \u00e9l\u00e9gantes \u00e0 travers soixante ann\u00e9es de cr\u00e9ation. Grand Prix de Rome en 1919, il est propuls\u00e9 avec \u00e9clat dans l&#8217;entre-deux-guerres. L&#8217;Exposition internationale de 1925 est le premier pas d&#8217;une collaboration f\u00e9conde avec Michel Roux-Spitz, qui les m\u00e8nera \u00e0 la r\u00e9alisation du c\u00e9l\u00e8bre Monument \u00e0 la d\u00e9fense du canal de Suez et au d\u00e9cor de la fa\u00e7ade de la chapelle du CHU de Nantes. Lors de l&#8217;Exposition coloniale de 1931, il s&#8217;illustre en r\u00e9alisant quatre B\u00e9atitudes et un Sacr\u00e9-Coeur. Les all\u00e9gories de cet artiste du sacr\u00e9, comme du profane &#8211; Paris, Ville lumi\u00e8re pour l&#8217;Exposition universelle de Bruxelles, Arts et monuments r\u00e9gionaux pour le paquebot Normandie, Les Connaissances humaines pour le palais de Chaillot, surplombant aujourd&#8217;hui encore la place du Trocad\u00e9ro -, exaltent le savoir scientifique et culturel fran\u00e7ais. Engag\u00e9 dans la reconstruction d&#8217;apr\u00e8s 1945, il pare de bas-reliefs l&#8217;h\u00f4tel de ville de Grand-Couronne, l&#8217;h\u00f4tel des Postes de Louviers ou encore le centre des ch\u00e8ques postaux de Dijon. Ses sculptures redonnent de l&#8217;\u00e9lan aux lyc\u00e9es de Brest, Perpignan et Fort-de-France. Ardent cr\u00e9ateur de la p\u00e9riode Art d\u00e9co, il r\u00e9pond \u00e0 des commandes priv\u00e9es, dont Mowgli restera la plus marquante, tant par l&#8217;originalit\u00e9 que par la richesse de sa composition.<\/p>\n","protected":false},"excerpt":{"rendered":"<p>Sculpteur prolifique, Raymond Delamarre (1890-1986) a exprim\u00e9, de la m\u00e9daille au monumental, sa qu\u00eate d&#8217;une statuaire \u00e9pur\u00e9e, aux formes \u00e9l\u00e9gantes \u00e0 travers soixante ann\u00e9es de cr\u00e9ation. Grand Prix de Rome en 1919, il est propuls\u00e9 avec \u00e9clat dans l&#8217;entre-deux-guerres. L&#8217;Exposition internationale de 1925 est le premier pas d&#8217;une collaboration f\u00e9conde avec Michel Roux-Spitz, qui les [&hellip;]<\/p>\n","protected":false},"featured_media":41401,"template":"","meta":[],"product_cat":[2948,2953],"product_tag":[],"acf":[],"yoast_head":"<!-- This site is optimized with the Yoast SEO plugin v20.11 - https:\/\/yoast.com\/wordpress\/plugins\/seo\/ -->\n<title>Raymond Delamarre : sculpteur et m\u00e9dailleur - Librairie 7L<\/title>\n<meta name=\"robots\" content=\"index, follow, max-snippet:-1, max-image-preview:large, max-video-preview:-1\" \/>\n<link rel=\"canonical\" href=\"https:\/\/librairie7l.com\/en\/produit\/raymond-delamarre-sculpteur-et-medailleur\/\" \/>\n<meta property=\"og:locale\" content=\"en_US\" \/>\n<meta property=\"og:type\" content=\"article\" \/>\n<meta property=\"og:title\" content=\"Raymond Delamarre : sculpteur et m\u00e9dailleur - Librairie 7L\" \/>\n<meta property=\"og:description\" content=\"Sculpteur prolifique, Raymond Delamarre (1890-1986) a exprim\u00e9, de la m\u00e9daille au monumental, sa qu\u00eate d&#8217;une statuaire \u00e9pur\u00e9e, aux formes \u00e9l\u00e9gantes \u00e0 travers soixante ann\u00e9es de cr\u00e9ation. Grand Prix de Rome en 1919, il est propuls\u00e9 avec \u00e9clat dans l&#8217;entre-deux-guerres. L&#8217;Exposition internationale de 1925 est le premier pas d&#8217;une collaboration f\u00e9conde avec Michel Roux-Spitz, qui les [&hellip;]\" \/>\n<meta property=\"og:url\" content=\"https:\/\/librairie7l.com\/en\/produit\/raymond-delamarre-sculpteur-et-medailleur\/\" \/>\n<meta property=\"og:site_name\" content=\"Librairie 7L\" \/>\n<meta property=\"article:modified_time\" content=\"2026-04-09T17:00:17+00:00\" \/>\n<meta property=\"og:image\" content=\"https:\/\/librairie7l.com\/wp-content\/uploads\/2024\/01\/9782376660842_1_75.jpg\" \/>\n\t<meta property=\"og:image:width\" content=\"600\" \/>\n\t<meta property=\"og:image:height\" content=\"790\" \/>\n\t<meta property=\"og:image:type\" content=\"image\/jpeg\" \/>\n<meta name=\"twitter:card\" content=\"summary_large_image\" \/>\n<meta name=\"twitter:label1\" content=\"Est. reading time\" \/>\n\t<meta name=\"twitter:data1\" content=\"1 minute\" \/>\n<script type=\"application\/ld+json\" class=\"yoast-schema-graph\">{\"@context\":\"https:\/\/schema.org\",\"@graph\":[{\"@type\":\"WebPage\",\"@id\":\"https:\/\/librairie7l.com\/en\/produit\/raymond-delamarre-sculpteur-et-medailleur\/\",\"url\":\"https:\/\/librairie7l.com\/en\/produit\/raymond-delamarre-sculpteur-et-medailleur\/\",\"name\":\"Raymond Delamarre : sculpteur et m\u00e9dailleur - Librairie 7L\",\"isPartOf\":{\"@id\":\"https:\/\/librairie7l.com\/en\/#website\"},\"datePublished\":\"2024-06-13T07:18:17+00:00\",\"dateModified\":\"2026-04-09T17:00:17+00:00\",\"breadcrumb\":{\"@id\":\"https:\/\/librairie7l.com\/en\/produit\/raymond-delamarre-sculpteur-et-medailleur\/#breadcrumb\"},\"inLanguage\":\"en-US\",\"potentialAction\":[{\"@type\":\"ReadAction\",\"target\":[\"https:\/\/librairie7l.com\/en\/produit\/raymond-delamarre-sculpteur-et-medailleur\/\"]}]},{\"@type\":\"BreadcrumbList\",\"@id\":\"https:\/\/librairie7l.com\/en\/produit\/raymond-delamarre-sculpteur-et-medailleur\/#breadcrumb\",\"itemListElement\":[{\"@type\":\"ListItem\",\"position\":1,\"name\":\"Accueil\",\"item\":\"https:\/\/librairie7l.com\/en\/\"},{\"@type\":\"ListItem\",\"position\":2,\"name\":\"Shop\",\"item\":\"https:\/\/librairie7l.com\/en\/shop\/\"},{\"@type\":\"ListItem\",\"position\":3,\"name\":\"RAYMOND DELAMARRE : SCULPTEUR ET M\u00c9DAILLEUR\"}]},{\"@type\":\"WebSite\",\"@id\":\"https:\/\/librairie7l.com\/en\/#website\",\"url\":\"https:\/\/librairie7l.com\/en\/\",\"name\":\"Librairie 7L\",\"description\":\"Librairie fond\u00e9e en 1999 par Karl Lagerfeld \u00e0 Paris\",\"publisher\":{\"@id\":\"https:\/\/librairie7l.com\/en\/#organization\"},\"potentialAction\":[{\"@type\":\"SearchAction\",\"target\":{\"@type\":\"EntryPoint\",\"urlTemplate\":\"https:\/\/librairie7l.com\/en\/?s={search_term_string}\"},\"query-input\":\"required name=search_term_string\"}],\"inLanguage\":\"en-US\"},{\"@type\":\"Organization\",\"@id\":\"https:\/\/librairie7l.com\/en\/#organization\",\"name\":\"Librairie 7L\",\"url\":\"https:\/\/librairie7l.com\/en\/\",\"logo\":{\"@type\":\"ImageObject\",\"inLanguage\":\"en-US\",\"@id\":\"https:\/\/librairie7l.com\/en\/#\/schema\/logo\/image\/\",\"url\":\"https:\/\/librairie7l.com\/wp-content\/uploads\/2022\/08\/logo-1.png\",\"contentUrl\":\"https:\/\/librairie7l.com\/wp-content\/uploads\/2022\/08\/logo-1.png\",\"width\":227,\"height\":301,\"caption\":\"Librairie 7L\"},\"image\":{\"@id\":\"https:\/\/librairie7l.com\/en\/#\/schema\/logo\/image\/\"}}]}<\/script>\n<!-- \/ Yoast SEO plugin. -->","yoast_head_json":{"title":"Raymond Delamarre : sculpteur et m\u00e9dailleur - Librairie 7L","robots":{"index":"index","follow":"follow","max-snippet":"max-snippet:-1","max-image-preview":"max-image-preview:large","max-video-preview":"max-video-preview:-1"},"canonical":"https:\/\/librairie7l.com\/en\/produit\/raymond-delamarre-sculpteur-et-medailleur\/","og_locale":"en_US","og_type":"article","og_title":"Raymond Delamarre : sculpteur et m\u00e9dailleur - Librairie 7L","og_description":"Sculpteur prolifique, Raymond Delamarre (1890-1986) a exprim\u00e9, de la m\u00e9daille au monumental, sa qu\u00eate d&#8217;une statuaire \u00e9pur\u00e9e, aux formes \u00e9l\u00e9gantes \u00e0 travers soixante ann\u00e9es de cr\u00e9ation. Grand Prix de Rome en 1919, il est propuls\u00e9 avec \u00e9clat dans l&#8217;entre-deux-guerres. L&#8217;Exposition internationale de 1925 est le premier pas d&#8217;une collaboration f\u00e9conde avec Michel Roux-Spitz, qui les [&hellip;]","og_url":"https:\/\/librairie7l.com\/en\/produit\/raymond-delamarre-sculpteur-et-medailleur\/","og_site_name":"Librairie 7L","article_modified_time":"2026-04-09T17:00:17+00:00","og_image":[{"width":600,"height":790,"url":"https:\/\/librairie7l.com\/wp-content\/uploads\/2024\/01\/9782376660842_1_75.jpg","type":"image\/jpeg"}],"twitter_card":"summary_large_image","twitter_misc":{"Est. reading time":"1 minute"},"schema":{"@context":"https:\/\/schema.org","@graph":[{"@type":"WebPage","@id":"https:\/\/librairie7l.com\/en\/produit\/raymond-delamarre-sculpteur-et-medailleur\/","url":"https:\/\/librairie7l.com\/en\/produit\/raymond-delamarre-sculpteur-et-medailleur\/","name":"Raymond Delamarre : sculpteur et m\u00e9dailleur - Librairie 7L","isPartOf":{"@id":"https:\/\/librairie7l.com\/en\/#website"},"datePublished":"2024-06-13T07:18:17+00:00","dateModified":"2026-04-09T17:00:17+00:00","breadcrumb":{"@id":"https:\/\/librairie7l.com\/en\/produit\/raymond-delamarre-sculpteur-et-medailleur\/#breadcrumb"},"inLanguage":"en-US","potentialAction":[{"@type":"ReadAction","target":["https:\/\/librairie7l.com\/en\/produit\/raymond-delamarre-sculpteur-et-medailleur\/"]}]},{"@type":"BreadcrumbList","@id":"https:\/\/librairie7l.com\/en\/produit\/raymond-delamarre-sculpteur-et-medailleur\/#breadcrumb","itemListElement":[{"@type":"ListItem","position":1,"name":"Accueil","item":"https:\/\/librairie7l.com\/en\/"},{"@type":"ListItem","position":2,"name":"Shop","item":"https:\/\/librairie7l.com\/en\/shop\/"},{"@type":"ListItem","position":3,"name":"RAYMOND DELAMARRE : SCULPTEUR ET M\u00c9DAILLEUR"}]},{"@type":"WebSite","@id":"https:\/\/librairie7l.com\/en\/#website","url":"https:\/\/librairie7l.com\/en\/","name":"Librairie 7L","description":"Librairie fond\u00e9e en 1999 par Karl Lagerfeld \u00e0 Paris","publisher":{"@id":"https:\/\/librairie7l.com\/en\/#organization"},"potentialAction":[{"@type":"SearchAction","target":{"@type":"EntryPoint","urlTemplate":"https:\/\/librairie7l.com\/en\/?s={search_term_string}"},"query-input":"required name=search_term_string"}],"inLanguage":"en-US"},{"@type":"Organization","@id":"https:\/\/librairie7l.com\/en\/#organization","name":"Librairie 7L","url":"https:\/\/librairie7l.com\/en\/","logo":{"@type":"ImageObject","inLanguage":"en-US","@id":"https:\/\/librairie7l.com\/en\/#\/schema\/logo\/image\/","url":"https:\/\/librairie7l.com\/wp-content\/uploads\/2022\/08\/logo-1.png","contentUrl":"https:\/\/librairie7l.com\/wp-content\/uploads\/2022\/08\/logo-1.png","width":227,"height":301,"caption":"Librairie 7L"},"image":{"@id":"https:\/\/librairie7l.com\/en\/#\/schema\/logo\/image\/"}}]}},"_links":{"self":[{"href":"https:\/\/librairie7l.com\/en\/wp-json\/wp\/v2\/product\/41403"}],"collection":[{"href":"https:\/\/librairie7l.com\/en\/wp-json\/wp\/v2\/product"}],"about":[{"href":"https:\/\/librairie7l.com\/en\/wp-json\/wp\/v2\/types\/product"}],"wp:featuredmedia":[{"embeddable":true,"href":"https:\/\/librairie7l.com\/en\/wp-json\/wp\/v2\/media\/41401"}],"wp:attachment":[{"href":"https:\/\/librairie7l.com\/en\/wp-json\/wp\/v2\/media?parent=41403"}],"wp:term":[{"taxonomy":"product_cat","embeddable":true,"href":"https:\/\/librairie7l.com\/en\/wp-json\/wp\/v2\/product_cat?post=41403"},{"taxonomy":"product_tag","embeddable":true,"href":"https:\/\/librairie7l.com\/en\/wp-json\/wp\/v2\/product_tag?post=41403"}],"curies":[{"name":"wp","href":"https:\/\/api.w.org\/{rel}","templated":true}]}}