{"id":41405,"date":"2024-06-13T09:18:20","date_gmt":"2024-06-13T07:18:20","guid":{"rendered":"https:\/\/librairie7l.com\/?post_type=product&#038;p=41405"},"modified":"2026-04-23T13:11:54","modified_gmt":"2026-04-23T11:11:54","slug":"oudry-oudrymania-fables-chasses-et-animalites-fables-chasses-et-animalites","status":"publish","type":"product","link":"https:\/\/librairie7l.com\/en\/produit\/oudry-oudrymania-fables-chasses-et-animalites-fables-chasses-et-animalites\/","title":{"rendered":"OUDRY : OUDRYMANIA, FABLES, CHASSES ET ANIMALIT\u00c9S FABLES, CHASSES ET ANIMALITES"},"content":{"rendered":"<p>Repr\u00e9sent\u00e9s \u00e0 la chasse, en portrait ou au combat, les animaux de<br \/>\nJean-Baptiste Oudry sont des r\u00e9f\u00e9rences incontournables du r\u00e8gne<br \/>\nanimal en images. Servies par un pinceau virtuose et une technique<br \/>\nirr\u00e9prochable, elles nous plongent au coeur du r\u00e9pertoire animalier<br \/>\ndu XVIIIe si\u00e8cle. Dispers\u00e9 apr\u00e8s la R\u00e9volution fran\u00e7aise, un cycle<br \/>\nde trois chasses express\u00e9ment peintes par Oudry pour le ch\u00e2teau<br \/>\nde Chantilly y sera exceptionnellement r\u00e9uni \u00e0 l&#8217;occasion de<br \/>\ncette exposition.<br \/>\nUn ensemble sensationnel de dessins d&#8217;Oudry conserv\u00e9 en mains<br \/>\npriv\u00e9es sera pr\u00e9sent\u00e9 aux c\u00f4t\u00e9s des collections de Chantilly pour<br \/>\nd\u00e9voiler aux visiteurs des oeuvres jamais expos\u00e9es auparavant.<br \/>\nParmi elles, de nombreuses illustrations pour les fables de La<br \/>\nFontaine montrent que le fabuliste autant que l&#8217;artiste se servent en<br \/>\nfait du r\u00e8gne animal pour mieux faire rire ou r\u00e9fl\u00e9chir \u00e0 la nature<br \/>\nhumaine. L&#8217;efficacit\u00e9 de ces illustrations fut telle que les arts<br \/>\nd\u00e9coratifs les copient et les int\u00e8grent \u00e0 des \u00e9l\u00e9ments de d\u00e9cor<br \/>\n\u00e9galement pr\u00e9sent\u00e9s au mus\u00e9e Cond\u00e9. R\u00e9unissant peintures,<br \/>\ndessins, objets d&#8217;art et livres rares, cette exposition \u00e9clairera toutes<br \/>\nles facettes de l&#8217; \u00ab Oudrymania \u00bb qui saisit les amateurs d&#8217;art au fil<br \/>\ndes si\u00e8cles. <\/p>\n","protected":false},"excerpt":{"rendered":"<p>Repr\u00e9sent\u00e9s \u00e0 la chasse, en portrait ou au combat, les animaux de Jean-Baptiste Oudry sont des r\u00e9f\u00e9rences incontournables du r\u00e8gne animal en images. Servies par un pinceau virtuose et une technique irr\u00e9prochable, elles nous plongent au coeur du r\u00e9pertoire animalier du XVIIIe si\u00e8cle. Dispers\u00e9 apr\u00e8s la R\u00e9volution fran\u00e7aise, un cycle de trois chasses express\u00e9ment peintes [&hellip;]<\/p>\n","protected":false},"featured_media":41545,"template":"","meta":[],"product_cat":[2948,2952],"product_tag":[],"acf":[],"yoast_head":"<!-- This site is optimized with the Yoast SEO plugin v20.11 - https:\/\/yoast.com\/wordpress\/plugins\/seo\/ -->\n<title>Oudry : Oudrymania, fables, chasses et animalit\u00e9s fables, chasses et animalites - Librairie 7L<\/title>\n<meta name=\"robots\" content=\"index, follow, max-snippet:-1, max-image-preview:large, max-video-preview:-1\" \/>\n<link rel=\"canonical\" href=\"https:\/\/librairie7l.com\/en\/produit\/oudry-oudrymania-fables-chasses-et-animalites-fables-chasses-et-animalites\/\" \/>\n<meta property=\"og:locale\" content=\"en_US\" \/>\n<meta property=\"og:type\" content=\"article\" \/>\n<meta property=\"og:title\" content=\"Oudry : Oudrymania, fables, chasses et animalit\u00e9s fables, chasses et animalites - Librairie 7L\" \/>\n<meta property=\"og:description\" content=\"Repr\u00e9sent\u00e9s \u00e0 la chasse, en portrait ou au combat, les animaux de Jean-Baptiste Oudry sont des r\u00e9f\u00e9rences incontournables du r\u00e8gne animal en images. Servies par un pinceau virtuose et une technique irr\u00e9prochable, elles nous plongent au coeur du r\u00e9pertoire animalier du XVIIIe si\u00e8cle. Dispers\u00e9 apr\u00e8s la R\u00e9volution fran\u00e7aise, un cycle de trois chasses express\u00e9ment peintes [&hellip;]\" \/>\n<meta property=\"og:url\" content=\"https:\/\/librairie7l.com\/en\/produit\/oudry-oudrymania-fables-chasses-et-animalites-fables-chasses-et-animalites\/\" \/>\n<meta property=\"og:site_name\" content=\"Librairie 7L\" \/>\n<meta property=\"article:modified_time\" content=\"2026-04-23T11:11:54+00:00\" \/>\n<meta property=\"og:image\" content=\"https:\/\/librairie7l.com\/wp-content\/uploads\/2024\/06\/9782878443585_1_75.jpg\" \/>\n\t<meta property=\"og:image:width\" content=\"600\" \/>\n\t<meta property=\"og:image:height\" content=\"600\" \/>\n\t<meta property=\"og:image:type\" content=\"image\/jpeg\" \/>\n<meta name=\"twitter:card\" content=\"summary_large_image\" \/>\n<meta name=\"twitter:label1\" content=\"Est. reading time\" \/>\n\t<meta name=\"twitter:data1\" content=\"1 minute\" \/>\n<script type=\"application\/ld+json\" class=\"yoast-schema-graph\">{\"@context\":\"https:\/\/schema.org\",\"@graph\":[{\"@type\":\"WebPage\",\"@id\":\"https:\/\/librairie7l.com\/en\/produit\/oudry-oudrymania-fables-chasses-et-animalites-fables-chasses-et-animalites\/\",\"url\":\"https:\/\/librairie7l.com\/en\/produit\/oudry-oudrymania-fables-chasses-et-animalites-fables-chasses-et-animalites\/\",\"name\":\"Oudry : Oudrymania, fables, chasses et animalit\u00e9s fables, chasses et animalites - Librairie 7L\",\"isPartOf\":{\"@id\":\"https:\/\/librairie7l.com\/en\/#website\"},\"datePublished\":\"2024-06-13T07:18:20+00:00\",\"dateModified\":\"2026-04-23T11:11:54+00:00\",\"breadcrumb\":{\"@id\":\"https:\/\/librairie7l.com\/en\/produit\/oudry-oudrymania-fables-chasses-et-animalites-fables-chasses-et-animalites\/#breadcrumb\"},\"inLanguage\":\"en-US\",\"potentialAction\":[{\"@type\":\"ReadAction\",\"target\":[\"https:\/\/librairie7l.com\/en\/produit\/oudry-oudrymania-fables-chasses-et-animalites-fables-chasses-et-animalites\/\"]}]},{\"@type\":\"BreadcrumbList\",\"@id\":\"https:\/\/librairie7l.com\/en\/produit\/oudry-oudrymania-fables-chasses-et-animalites-fables-chasses-et-animalites\/#breadcrumb\",\"itemListElement\":[{\"@type\":\"ListItem\",\"position\":1,\"name\":\"Accueil\",\"item\":\"https:\/\/librairie7l.com\/en\/\"},{\"@type\":\"ListItem\",\"position\":2,\"name\":\"Shop\",\"item\":\"https:\/\/librairie7l.com\/en\/shop\/\"},{\"@type\":\"ListItem\",\"position\":3,\"name\":\"OUDRY : OUDRYMANIA, FABLES, CHASSES ET ANIMALIT\u00c9S FABLES, CHASSES ET ANIMALITES\"}]},{\"@type\":\"WebSite\",\"@id\":\"https:\/\/librairie7l.com\/en\/#website\",\"url\":\"https:\/\/librairie7l.com\/en\/\",\"name\":\"Librairie 7L\",\"description\":\"Librairie fond\u00e9e en 1999 par Karl Lagerfeld \u00e0 Paris\",\"publisher\":{\"@id\":\"https:\/\/librairie7l.com\/en\/#organization\"},\"potentialAction\":[{\"@type\":\"SearchAction\",\"target\":{\"@type\":\"EntryPoint\",\"urlTemplate\":\"https:\/\/librairie7l.com\/en\/?s={search_term_string}\"},\"query-input\":\"required name=search_term_string\"}],\"inLanguage\":\"en-US\"},{\"@type\":\"Organization\",\"@id\":\"https:\/\/librairie7l.com\/en\/#organization\",\"name\":\"Librairie 7L\",\"url\":\"https:\/\/librairie7l.com\/en\/\",\"logo\":{\"@type\":\"ImageObject\",\"inLanguage\":\"en-US\",\"@id\":\"https:\/\/librairie7l.com\/en\/#\/schema\/logo\/image\/\",\"url\":\"https:\/\/librairie7l.com\/wp-content\/uploads\/2022\/08\/logo-1.png\",\"contentUrl\":\"https:\/\/librairie7l.com\/wp-content\/uploads\/2022\/08\/logo-1.png\",\"width\":227,\"height\":301,\"caption\":\"Librairie 7L\"},\"image\":{\"@id\":\"https:\/\/librairie7l.com\/en\/#\/schema\/logo\/image\/\"}}]}<\/script>\n<!-- \/ Yoast SEO plugin. -->","yoast_head_json":{"title":"Oudry : Oudrymania, fables, chasses et animalit\u00e9s fables, chasses et animalites - Librairie 7L","robots":{"index":"index","follow":"follow","max-snippet":"max-snippet:-1","max-image-preview":"max-image-preview:large","max-video-preview":"max-video-preview:-1"},"canonical":"https:\/\/librairie7l.com\/en\/produit\/oudry-oudrymania-fables-chasses-et-animalites-fables-chasses-et-animalites\/","og_locale":"en_US","og_type":"article","og_title":"Oudry : Oudrymania, fables, chasses et animalit\u00e9s fables, chasses et animalites - Librairie 7L","og_description":"Repr\u00e9sent\u00e9s \u00e0 la chasse, en portrait ou au combat, les animaux de Jean-Baptiste Oudry sont des r\u00e9f\u00e9rences incontournables du r\u00e8gne animal en images. Servies par un pinceau virtuose et une technique irr\u00e9prochable, elles nous plongent au coeur du r\u00e9pertoire animalier du XVIIIe si\u00e8cle. Dispers\u00e9 apr\u00e8s la R\u00e9volution fran\u00e7aise, un cycle de trois chasses express\u00e9ment peintes [&hellip;]","og_url":"https:\/\/librairie7l.com\/en\/produit\/oudry-oudrymania-fables-chasses-et-animalites-fables-chasses-et-animalites\/","og_site_name":"Librairie 7L","article_modified_time":"2026-04-23T11:11:54+00:00","og_image":[{"width":600,"height":600,"url":"https:\/\/librairie7l.com\/wp-content\/uploads\/2024\/06\/9782878443585_1_75.jpg","type":"image\/jpeg"}],"twitter_card":"summary_large_image","twitter_misc":{"Est. reading time":"1 minute"},"schema":{"@context":"https:\/\/schema.org","@graph":[{"@type":"WebPage","@id":"https:\/\/librairie7l.com\/en\/produit\/oudry-oudrymania-fables-chasses-et-animalites-fables-chasses-et-animalites\/","url":"https:\/\/librairie7l.com\/en\/produit\/oudry-oudrymania-fables-chasses-et-animalites-fables-chasses-et-animalites\/","name":"Oudry : Oudrymania, fables, chasses et animalit\u00e9s fables, chasses et animalites - Librairie 7L","isPartOf":{"@id":"https:\/\/librairie7l.com\/en\/#website"},"datePublished":"2024-06-13T07:18:20+00:00","dateModified":"2026-04-23T11:11:54+00:00","breadcrumb":{"@id":"https:\/\/librairie7l.com\/en\/produit\/oudry-oudrymania-fables-chasses-et-animalites-fables-chasses-et-animalites\/#breadcrumb"},"inLanguage":"en-US","potentialAction":[{"@type":"ReadAction","target":["https:\/\/librairie7l.com\/en\/produit\/oudry-oudrymania-fables-chasses-et-animalites-fables-chasses-et-animalites\/"]}]},{"@type":"BreadcrumbList","@id":"https:\/\/librairie7l.com\/en\/produit\/oudry-oudrymania-fables-chasses-et-animalites-fables-chasses-et-animalites\/#breadcrumb","itemListElement":[{"@type":"ListItem","position":1,"name":"Accueil","item":"https:\/\/librairie7l.com\/en\/"},{"@type":"ListItem","position":2,"name":"Shop","item":"https:\/\/librairie7l.com\/en\/shop\/"},{"@type":"ListItem","position":3,"name":"OUDRY : OUDRYMANIA, FABLES, CHASSES ET ANIMALIT\u00c9S FABLES, CHASSES ET ANIMALITES"}]},{"@type":"WebSite","@id":"https:\/\/librairie7l.com\/en\/#website","url":"https:\/\/librairie7l.com\/en\/","name":"Librairie 7L","description":"Librairie fond\u00e9e en 1999 par Karl Lagerfeld \u00e0 Paris","publisher":{"@id":"https:\/\/librairie7l.com\/en\/#organization"},"potentialAction":[{"@type":"SearchAction","target":{"@type":"EntryPoint","urlTemplate":"https:\/\/librairie7l.com\/en\/?s={search_term_string}"},"query-input":"required name=search_term_string"}],"inLanguage":"en-US"},{"@type":"Organization","@id":"https:\/\/librairie7l.com\/en\/#organization","name":"Librairie 7L","url":"https:\/\/librairie7l.com\/en\/","logo":{"@type":"ImageObject","inLanguage":"en-US","@id":"https:\/\/librairie7l.com\/en\/#\/schema\/logo\/image\/","url":"https:\/\/librairie7l.com\/wp-content\/uploads\/2022\/08\/logo-1.png","contentUrl":"https:\/\/librairie7l.com\/wp-content\/uploads\/2022\/08\/logo-1.png","width":227,"height":301,"caption":"Librairie 7L"},"image":{"@id":"https:\/\/librairie7l.com\/en\/#\/schema\/logo\/image\/"}}]}},"_links":{"self":[{"href":"https:\/\/librairie7l.com\/en\/wp-json\/wp\/v2\/product\/41405"}],"collection":[{"href":"https:\/\/librairie7l.com\/en\/wp-json\/wp\/v2\/product"}],"about":[{"href":"https:\/\/librairie7l.com\/en\/wp-json\/wp\/v2\/types\/product"}],"wp:featuredmedia":[{"embeddable":true,"href":"https:\/\/librairie7l.com\/en\/wp-json\/wp\/v2\/media\/41545"}],"wp:attachment":[{"href":"https:\/\/librairie7l.com\/en\/wp-json\/wp\/v2\/media?parent=41405"}],"wp:term":[{"taxonomy":"product_cat","embeddable":true,"href":"https:\/\/librairie7l.com\/en\/wp-json\/wp\/v2\/product_cat?post=41405"},{"taxonomy":"product_tag","embeddable":true,"href":"https:\/\/librairie7l.com\/en\/wp-json\/wp\/v2\/product_tag?post=41405"}],"curies":[{"name":"wp","href":"https:\/\/api.w.org\/{rel}","templated":true}]}}