{"id":41407,"date":"2024-06-13T09:18:24","date_gmt":"2024-06-13T07:18:24","guid":{"rendered":"https:\/\/librairie7l.com\/?post_type=product&#038;p=41407"},"modified":"2026-04-30T20:58:29","modified_gmt":"2026-04-30T18:58:29","slug":"the-palazzo-vecchio","status":"publish","type":"product","link":"https:\/\/librairie7l.com\/en\/produit\/the-palazzo-vecchio\/","title":{"rendered":"THE PALAZZO VECCHIO"},"content":{"rendered":"<p>Le r\u00e9cit monumental du Palazzo Vecchio, ic\u00f4ne du pouvoir civil florentin du Moyen \u00c2ge \u00e0 nos jours, est accompagn\u00e9 de merveilleuses d\u00e9corations grotesques, qui animent les murs et les plafonds des salles, d\u00e9fiant tout principe de r\u00e9alit\u00e9 : figures hybrides et monstrueuses, gracieuses all\u00e9gories, cr\u00e9atures m\u00e9tamorphiques, esprits nonchalants entrelac\u00e9s de volutes et de d\u00e9corations ou \u00e9l\u00e9gamment rythm\u00e9s par des partitions, des cand\u00e9labres ou des festons.<br \/>\nDes ornements vivants et extravagants, g\u00e9n\u00e9r\u00e9s par la cr\u00e9ativit\u00e9 des artistes &#8211; parmi lesquels Ridolfo del Ghirlandaio et Marco Marchetti da Faenza se distinguent &#8211; et \u00e9galement nourris par des symbologies cultiv\u00e9es, qui nous ouvrent encore aujourd&#8217;hui \u00e0 un monde imaginatif et inconstant o\u00f9 tout peut arriver.<br \/>\nLe livre nous conduit, du bout du pinceau, \u00e0 la d\u00e9couverte de ces peintures fascinantes, nous permettant d&#8217;en appr\u00e9cier la qualit\u00e9 et la richesse et offrant de nouvelles perspectives sur un t\u00e9moignage exemplaire de la culture figurative du XVIe si\u00e8cle.<br \/>\nLes grotesques sont un type de d\u00e9coration murale, en stuc ou en fresque, souvent avec ajout d&#8217;or, qui s&#8217;est d\u00e9velopp\u00e9 \u00e0 la fin du XVe si\u00e8cle et tout au long du XVIe si\u00e8cle lorsque les vo\u00fbtes de la Domus Aurea, explor\u00e9es comme des grottes (d&#8217;o\u00f9 le nom), ont \u00e9t\u00e9 red\u00e9couvertes par des artistes de la Renaissance qui se sont inspir\u00e9s de ces d\u00e9corations.<\/p>\n","protected":false},"excerpt":{"rendered":"<p>Le r\u00e9cit monumental du Palazzo Vecchio, ic\u00f4ne du pouvoir civil florentin du Moyen \u00c2ge \u00e0 nos jours, est accompagn\u00e9 de merveilleuses d\u00e9corations grotesques, qui animent les murs et les plafonds des salles, d\u00e9fiant tout principe de r\u00e9alit\u00e9 : figures hybrides et monstrueuses, gracieuses all\u00e9gories, cr\u00e9atures m\u00e9tamorphiques, esprits nonchalants entrelac\u00e9s de volutes et de d\u00e9corations ou [&hellip;]<\/p>\n","protected":false},"featured_media":41437,"template":"","meta":[],"product_cat":[2948,2953],"product_tag":[],"acf":[],"yoast_head":"<!-- This site is optimized with the Yoast SEO plugin v20.11 - https:\/\/yoast.com\/wordpress\/plugins\/seo\/ -->\n<title>The Palazzo Vecchio - Librairie 7L<\/title>\n<meta name=\"robots\" content=\"index, follow, max-snippet:-1, max-image-preview:large, max-video-preview:-1\" \/>\n<link rel=\"canonical\" href=\"https:\/\/librairie7l.com\/en\/produit\/the-palazzo-vecchio\/\" \/>\n<meta property=\"og:locale\" content=\"en_US\" \/>\n<meta property=\"og:type\" content=\"article\" \/>\n<meta property=\"og:title\" content=\"The Palazzo Vecchio - Librairie 7L\" \/>\n<meta property=\"og:description\" content=\"Le r\u00e9cit monumental du Palazzo Vecchio, ic\u00f4ne du pouvoir civil florentin du Moyen \u00c2ge \u00e0 nos jours, est accompagn\u00e9 de merveilleuses d\u00e9corations grotesques, qui animent les murs et les plafonds des salles, d\u00e9fiant tout principe de r\u00e9alit\u00e9 : figures hybrides et monstrueuses, gracieuses all\u00e9gories, cr\u00e9atures m\u00e9tamorphiques, esprits nonchalants entrelac\u00e9s de volutes et de d\u00e9corations ou [&hellip;]\" \/>\n<meta property=\"og:url\" content=\"https:\/\/librairie7l.com\/en\/produit\/the-palazzo-vecchio\/\" \/>\n<meta property=\"og:site_name\" content=\"Librairie 7L\" \/>\n<meta property=\"article:modified_time\" content=\"2026-04-30T18:58:29+00:00\" \/>\n<meta property=\"og:image\" content=\"https:\/\/librairie7l.com\/wp-content\/uploads\/2022\/12\/9788833672144_1_75.jpg\" \/>\n\t<meta property=\"og:image:width\" content=\"600\" \/>\n\t<meta property=\"og:image:height\" content=\"762\" \/>\n\t<meta property=\"og:image:type\" content=\"image\/jpeg\" \/>\n<meta name=\"twitter:card\" content=\"summary_large_image\" \/>\n<meta name=\"twitter:label1\" content=\"Est. reading time\" \/>\n\t<meta name=\"twitter:data1\" content=\"1 minute\" \/>\n<script type=\"application\/ld+json\" class=\"yoast-schema-graph\">{\"@context\":\"https:\/\/schema.org\",\"@graph\":[{\"@type\":\"WebPage\",\"@id\":\"https:\/\/librairie7l.com\/en\/produit\/the-palazzo-vecchio\/\",\"url\":\"https:\/\/librairie7l.com\/en\/produit\/the-palazzo-vecchio\/\",\"name\":\"The Palazzo Vecchio - Librairie 7L\",\"isPartOf\":{\"@id\":\"https:\/\/librairie7l.com\/en\/#website\"},\"datePublished\":\"2024-06-13T07:18:24+00:00\",\"dateModified\":\"2026-04-30T18:58:29+00:00\",\"breadcrumb\":{\"@id\":\"https:\/\/librairie7l.com\/en\/produit\/the-palazzo-vecchio\/#breadcrumb\"},\"inLanguage\":\"en-US\",\"potentialAction\":[{\"@type\":\"ReadAction\",\"target\":[\"https:\/\/librairie7l.com\/en\/produit\/the-palazzo-vecchio\/\"]}]},{\"@type\":\"BreadcrumbList\",\"@id\":\"https:\/\/librairie7l.com\/en\/produit\/the-palazzo-vecchio\/#breadcrumb\",\"itemListElement\":[{\"@type\":\"ListItem\",\"position\":1,\"name\":\"Accueil\",\"item\":\"https:\/\/librairie7l.com\/en\/\"},{\"@type\":\"ListItem\",\"position\":2,\"name\":\"Shop\",\"item\":\"https:\/\/librairie7l.com\/en\/shop\/\"},{\"@type\":\"ListItem\",\"position\":3,\"name\":\"THE PALAZZO VECCHIO\"}]},{\"@type\":\"WebSite\",\"@id\":\"https:\/\/librairie7l.com\/en\/#website\",\"url\":\"https:\/\/librairie7l.com\/en\/\",\"name\":\"Librairie 7L\",\"description\":\"Librairie fond\u00e9e en 1999 par Karl Lagerfeld \u00e0 Paris\",\"publisher\":{\"@id\":\"https:\/\/librairie7l.com\/en\/#organization\"},\"potentialAction\":[{\"@type\":\"SearchAction\",\"target\":{\"@type\":\"EntryPoint\",\"urlTemplate\":\"https:\/\/librairie7l.com\/en\/?s={search_term_string}\"},\"query-input\":\"required name=search_term_string\"}],\"inLanguage\":\"en-US\"},{\"@type\":\"Organization\",\"@id\":\"https:\/\/librairie7l.com\/en\/#organization\",\"name\":\"Librairie 7L\",\"url\":\"https:\/\/librairie7l.com\/en\/\",\"logo\":{\"@type\":\"ImageObject\",\"inLanguage\":\"en-US\",\"@id\":\"https:\/\/librairie7l.com\/en\/#\/schema\/logo\/image\/\",\"url\":\"https:\/\/librairie7l.com\/wp-content\/uploads\/2022\/08\/logo-1.png\",\"contentUrl\":\"https:\/\/librairie7l.com\/wp-content\/uploads\/2022\/08\/logo-1.png\",\"width\":227,\"height\":301,\"caption\":\"Librairie 7L\"},\"image\":{\"@id\":\"https:\/\/librairie7l.com\/en\/#\/schema\/logo\/image\/\"}}]}<\/script>\n<!-- \/ Yoast SEO plugin. -->","yoast_head_json":{"title":"The Palazzo Vecchio - Librairie 7L","robots":{"index":"index","follow":"follow","max-snippet":"max-snippet:-1","max-image-preview":"max-image-preview:large","max-video-preview":"max-video-preview:-1"},"canonical":"https:\/\/librairie7l.com\/en\/produit\/the-palazzo-vecchio\/","og_locale":"en_US","og_type":"article","og_title":"The Palazzo Vecchio - Librairie 7L","og_description":"Le r\u00e9cit monumental du Palazzo Vecchio, ic\u00f4ne du pouvoir civil florentin du Moyen \u00c2ge \u00e0 nos jours, est accompagn\u00e9 de merveilleuses d\u00e9corations grotesques, qui animent les murs et les plafonds des salles, d\u00e9fiant tout principe de r\u00e9alit\u00e9 : figures hybrides et monstrueuses, gracieuses all\u00e9gories, cr\u00e9atures m\u00e9tamorphiques, esprits nonchalants entrelac\u00e9s de volutes et de d\u00e9corations ou [&hellip;]","og_url":"https:\/\/librairie7l.com\/en\/produit\/the-palazzo-vecchio\/","og_site_name":"Librairie 7L","article_modified_time":"2026-04-30T18:58:29+00:00","og_image":[{"width":600,"height":762,"url":"https:\/\/librairie7l.com\/wp-content\/uploads\/2022\/12\/9788833672144_1_75.jpg","type":"image\/jpeg"}],"twitter_card":"summary_large_image","twitter_misc":{"Est. reading time":"1 minute"},"schema":{"@context":"https:\/\/schema.org","@graph":[{"@type":"WebPage","@id":"https:\/\/librairie7l.com\/en\/produit\/the-palazzo-vecchio\/","url":"https:\/\/librairie7l.com\/en\/produit\/the-palazzo-vecchio\/","name":"The Palazzo Vecchio - Librairie 7L","isPartOf":{"@id":"https:\/\/librairie7l.com\/en\/#website"},"datePublished":"2024-06-13T07:18:24+00:00","dateModified":"2026-04-30T18:58:29+00:00","breadcrumb":{"@id":"https:\/\/librairie7l.com\/en\/produit\/the-palazzo-vecchio\/#breadcrumb"},"inLanguage":"en-US","potentialAction":[{"@type":"ReadAction","target":["https:\/\/librairie7l.com\/en\/produit\/the-palazzo-vecchio\/"]}]},{"@type":"BreadcrumbList","@id":"https:\/\/librairie7l.com\/en\/produit\/the-palazzo-vecchio\/#breadcrumb","itemListElement":[{"@type":"ListItem","position":1,"name":"Accueil","item":"https:\/\/librairie7l.com\/en\/"},{"@type":"ListItem","position":2,"name":"Shop","item":"https:\/\/librairie7l.com\/en\/shop\/"},{"@type":"ListItem","position":3,"name":"THE PALAZZO VECCHIO"}]},{"@type":"WebSite","@id":"https:\/\/librairie7l.com\/en\/#website","url":"https:\/\/librairie7l.com\/en\/","name":"Librairie 7L","description":"Librairie fond\u00e9e en 1999 par Karl Lagerfeld \u00e0 Paris","publisher":{"@id":"https:\/\/librairie7l.com\/en\/#organization"},"potentialAction":[{"@type":"SearchAction","target":{"@type":"EntryPoint","urlTemplate":"https:\/\/librairie7l.com\/en\/?s={search_term_string}"},"query-input":"required name=search_term_string"}],"inLanguage":"en-US"},{"@type":"Organization","@id":"https:\/\/librairie7l.com\/en\/#organization","name":"Librairie 7L","url":"https:\/\/librairie7l.com\/en\/","logo":{"@type":"ImageObject","inLanguage":"en-US","@id":"https:\/\/librairie7l.com\/en\/#\/schema\/logo\/image\/","url":"https:\/\/librairie7l.com\/wp-content\/uploads\/2022\/08\/logo-1.png","contentUrl":"https:\/\/librairie7l.com\/wp-content\/uploads\/2022\/08\/logo-1.png","width":227,"height":301,"caption":"Librairie 7L"},"image":{"@id":"https:\/\/librairie7l.com\/en\/#\/schema\/logo\/image\/"}}]}},"_links":{"self":[{"href":"https:\/\/librairie7l.com\/en\/wp-json\/wp\/v2\/product\/41407"}],"collection":[{"href":"https:\/\/librairie7l.com\/en\/wp-json\/wp\/v2\/product"}],"about":[{"href":"https:\/\/librairie7l.com\/en\/wp-json\/wp\/v2\/types\/product"}],"wp:featuredmedia":[{"embeddable":true,"href":"https:\/\/librairie7l.com\/en\/wp-json\/wp\/v2\/media\/41437"}],"wp:attachment":[{"href":"https:\/\/librairie7l.com\/en\/wp-json\/wp\/v2\/media?parent=41407"}],"wp:term":[{"taxonomy":"product_cat","embeddable":true,"href":"https:\/\/librairie7l.com\/en\/wp-json\/wp\/v2\/product_cat?post=41407"},{"taxonomy":"product_tag","embeddable":true,"href":"https:\/\/librairie7l.com\/en\/wp-json\/wp\/v2\/product_tag?post=41407"}],"curies":[{"name":"wp","href":"https:\/\/api.w.org\/{rel}","templated":true}]}}