{"id":41432,"date":"2024-06-15T09:18:10","date_gmt":"2024-06-15T07:18:10","guid":{"rendered":"https:\/\/librairie7l.com\/?post_type=product&#038;p=41432"},"modified":"2026-04-10T06:39:12","modified_gmt":"2026-04-10T04:39:12","slug":"les-acquisitions-des-collections-publiques","status":"publish","type":"product","link":"https:\/\/librairie7l.com\/en\/produit\/les-acquisitions-des-collections-publiques\/","title":{"rendered":"LES ACQUISITIONS DES COLLECTIONS PUBLIQUES"},"content":{"rendered":"<p>Chaque ann\u00e9e, des milliers de photographies int\u00e8grent les collections publiques fran\u00e7aises (mus\u00e9es nationaux ou r\u00e9gionaux, grandes institutions, Frac, centres d&#8217;art, archives d\u00e9partementales, biblioth\u00e8ques&#8230;). La collection +Photographie propose depuis 2020 un large panorama de ces acquisitions.<br \/>\nCette ann\u00e9e, aux c\u00f4t\u00e9s de photographies anciennes et anonymes, on retrouve des classiques comme Jean Dieuzaide, Vivian Maier, William Klein ou Gis\u00e8le Freund, ainsi que des artistes contemporains tels Alberto Garcia-Alix, Ouka Leele, Charles Fr\u00e9ger, Samuel Fosso&#8230; Un chapitre est confi\u00e9 \u00e0 l&#8217;historienne L\u00e9a Miranda.<br \/>\nPar cette s\u00e9lection d&#8217;oeuvres replac\u00e9es dans leurs contextes de cr\u00e9ation et d&#8217;acquisition, +Photographie revisite l&#8217;histoire du m\u00e9dium de ses origines \u00e0 ses champs contemporains.<\/p>\n","protected":false},"excerpt":{"rendered":"<p>Chaque ann\u00e9e, des milliers de photographies int\u00e8grent les collections publiques fran\u00e7aises (mus\u00e9es nationaux ou r\u00e9gionaux, grandes institutions, Frac, centres d&#8217;art, archives d\u00e9partementales, biblioth\u00e8ques&#8230;). La collection +Photographie propose depuis 2020 un large panorama de ces acquisitions. Cette ann\u00e9e, aux c\u00f4t\u00e9s de photographies anciennes et anonymes, on retrouve des classiques comme Jean Dieuzaide, Vivian Maier, William Klein [&hellip;]<\/p>\n","protected":false},"featured_media":41430,"template":"","meta":[],"product_cat":[2948,2958],"product_tag":[],"acf":[],"yoast_head":"<!-- This site is optimized with the Yoast SEO plugin v20.11 - https:\/\/yoast.com\/wordpress\/plugins\/seo\/ -->\n<title>Les acquisitions des collections publiques - Librairie 7L<\/title>\n<meta name=\"robots\" content=\"index, follow, max-snippet:-1, max-image-preview:large, max-video-preview:-1\" \/>\n<link rel=\"canonical\" href=\"https:\/\/librairie7l.com\/en\/produit\/les-acquisitions-des-collections-publiques\/\" \/>\n<meta property=\"og:locale\" content=\"en_US\" \/>\n<meta property=\"og:type\" content=\"article\" \/>\n<meta property=\"og:title\" content=\"Les acquisitions des collections publiques - Librairie 7L\" \/>\n<meta property=\"og:description\" content=\"Chaque ann\u00e9e, des milliers de photographies int\u00e8grent les collections publiques fran\u00e7aises (mus\u00e9es nationaux ou r\u00e9gionaux, grandes institutions, Frac, centres d&#8217;art, archives d\u00e9partementales, biblioth\u00e8ques&#8230;). La collection +Photographie propose depuis 2020 un large panorama de ces acquisitions. Cette ann\u00e9e, aux c\u00f4t\u00e9s de photographies anciennes et anonymes, on retrouve des classiques comme Jean Dieuzaide, Vivian Maier, William Klein [&hellip;]\" \/>\n<meta property=\"og:url\" content=\"https:\/\/librairie7l.com\/en\/produit\/les-acquisitions-des-collections-publiques\/\" \/>\n<meta property=\"og:site_name\" content=\"Librairie 7L\" \/>\n<meta property=\"article:modified_time\" content=\"2026-04-10T04:39:12+00:00\" \/>\n<meta property=\"og:image\" content=\"https:\/\/librairie7l.com\/wp-content\/uploads\/2024\/01\/9782367441894_1_75.jpg\" \/>\n\t<meta property=\"og:image:width\" content=\"600\" \/>\n\t<meta property=\"og:image:height\" content=\"813\" \/>\n\t<meta property=\"og:image:type\" content=\"image\/jpeg\" \/>\n<meta name=\"twitter:card\" content=\"summary_large_image\" \/>\n<meta name=\"twitter:label1\" content=\"Est. reading time\" \/>\n\t<meta name=\"twitter:data1\" content=\"1 minute\" \/>\n<script type=\"application\/ld+json\" class=\"yoast-schema-graph\">{\"@context\":\"https:\/\/schema.org\",\"@graph\":[{\"@type\":\"WebPage\",\"@id\":\"https:\/\/librairie7l.com\/en\/produit\/les-acquisitions-des-collections-publiques\/\",\"url\":\"https:\/\/librairie7l.com\/en\/produit\/les-acquisitions-des-collections-publiques\/\",\"name\":\"Les acquisitions des collections publiques - Librairie 7L\",\"isPartOf\":{\"@id\":\"https:\/\/librairie7l.com\/en\/#website\"},\"datePublished\":\"2024-06-15T07:18:10+00:00\",\"dateModified\":\"2026-04-10T04:39:12+00:00\",\"breadcrumb\":{\"@id\":\"https:\/\/librairie7l.com\/en\/produit\/les-acquisitions-des-collections-publiques\/#breadcrumb\"},\"inLanguage\":\"en-US\",\"potentialAction\":[{\"@type\":\"ReadAction\",\"target\":[\"https:\/\/librairie7l.com\/en\/produit\/les-acquisitions-des-collections-publiques\/\"]}]},{\"@type\":\"BreadcrumbList\",\"@id\":\"https:\/\/librairie7l.com\/en\/produit\/les-acquisitions-des-collections-publiques\/#breadcrumb\",\"itemListElement\":[{\"@type\":\"ListItem\",\"position\":1,\"name\":\"Accueil\",\"item\":\"https:\/\/librairie7l.com\/en\/\"},{\"@type\":\"ListItem\",\"position\":2,\"name\":\"Shop\",\"item\":\"https:\/\/librairie7l.com\/en\/shop\/\"},{\"@type\":\"ListItem\",\"position\":3,\"name\":\"LES ACQUISITIONS DES COLLECTIONS PUBLIQUES\"}]},{\"@type\":\"WebSite\",\"@id\":\"https:\/\/librairie7l.com\/en\/#website\",\"url\":\"https:\/\/librairie7l.com\/en\/\",\"name\":\"Librairie 7L\",\"description\":\"Librairie fond\u00e9e en 1999 par Karl Lagerfeld \u00e0 Paris\",\"publisher\":{\"@id\":\"https:\/\/librairie7l.com\/en\/#organization\"},\"potentialAction\":[{\"@type\":\"SearchAction\",\"target\":{\"@type\":\"EntryPoint\",\"urlTemplate\":\"https:\/\/librairie7l.com\/en\/?s={search_term_string}\"},\"query-input\":\"required name=search_term_string\"}],\"inLanguage\":\"en-US\"},{\"@type\":\"Organization\",\"@id\":\"https:\/\/librairie7l.com\/en\/#organization\",\"name\":\"Librairie 7L\",\"url\":\"https:\/\/librairie7l.com\/en\/\",\"logo\":{\"@type\":\"ImageObject\",\"inLanguage\":\"en-US\",\"@id\":\"https:\/\/librairie7l.com\/en\/#\/schema\/logo\/image\/\",\"url\":\"https:\/\/librairie7l.com\/wp-content\/uploads\/2022\/08\/logo-1.png\",\"contentUrl\":\"https:\/\/librairie7l.com\/wp-content\/uploads\/2022\/08\/logo-1.png\",\"width\":227,\"height\":301,\"caption\":\"Librairie 7L\"},\"image\":{\"@id\":\"https:\/\/librairie7l.com\/en\/#\/schema\/logo\/image\/\"}}]}<\/script>\n<!-- \/ Yoast SEO plugin. -->","yoast_head_json":{"title":"Les acquisitions des collections publiques - Librairie 7L","robots":{"index":"index","follow":"follow","max-snippet":"max-snippet:-1","max-image-preview":"max-image-preview:large","max-video-preview":"max-video-preview:-1"},"canonical":"https:\/\/librairie7l.com\/en\/produit\/les-acquisitions-des-collections-publiques\/","og_locale":"en_US","og_type":"article","og_title":"Les acquisitions des collections publiques - Librairie 7L","og_description":"Chaque ann\u00e9e, des milliers de photographies int\u00e8grent les collections publiques fran\u00e7aises (mus\u00e9es nationaux ou r\u00e9gionaux, grandes institutions, Frac, centres d&#8217;art, archives d\u00e9partementales, biblioth\u00e8ques&#8230;). La collection +Photographie propose depuis 2020 un large panorama de ces acquisitions. Cette ann\u00e9e, aux c\u00f4t\u00e9s de photographies anciennes et anonymes, on retrouve des classiques comme Jean Dieuzaide, Vivian Maier, William Klein [&hellip;]","og_url":"https:\/\/librairie7l.com\/en\/produit\/les-acquisitions-des-collections-publiques\/","og_site_name":"Librairie 7L","article_modified_time":"2026-04-10T04:39:12+00:00","og_image":[{"width":600,"height":813,"url":"https:\/\/librairie7l.com\/wp-content\/uploads\/2024\/01\/9782367441894_1_75.jpg","type":"image\/jpeg"}],"twitter_card":"summary_large_image","twitter_misc":{"Est. reading time":"1 minute"},"schema":{"@context":"https:\/\/schema.org","@graph":[{"@type":"WebPage","@id":"https:\/\/librairie7l.com\/en\/produit\/les-acquisitions-des-collections-publiques\/","url":"https:\/\/librairie7l.com\/en\/produit\/les-acquisitions-des-collections-publiques\/","name":"Les acquisitions des collections publiques - Librairie 7L","isPartOf":{"@id":"https:\/\/librairie7l.com\/en\/#website"},"datePublished":"2024-06-15T07:18:10+00:00","dateModified":"2026-04-10T04:39:12+00:00","breadcrumb":{"@id":"https:\/\/librairie7l.com\/en\/produit\/les-acquisitions-des-collections-publiques\/#breadcrumb"},"inLanguage":"en-US","potentialAction":[{"@type":"ReadAction","target":["https:\/\/librairie7l.com\/en\/produit\/les-acquisitions-des-collections-publiques\/"]}]},{"@type":"BreadcrumbList","@id":"https:\/\/librairie7l.com\/en\/produit\/les-acquisitions-des-collections-publiques\/#breadcrumb","itemListElement":[{"@type":"ListItem","position":1,"name":"Accueil","item":"https:\/\/librairie7l.com\/en\/"},{"@type":"ListItem","position":2,"name":"Shop","item":"https:\/\/librairie7l.com\/en\/shop\/"},{"@type":"ListItem","position":3,"name":"LES ACQUISITIONS DES COLLECTIONS PUBLIQUES"}]},{"@type":"WebSite","@id":"https:\/\/librairie7l.com\/en\/#website","url":"https:\/\/librairie7l.com\/en\/","name":"Librairie 7L","description":"Librairie fond\u00e9e en 1999 par Karl Lagerfeld \u00e0 Paris","publisher":{"@id":"https:\/\/librairie7l.com\/en\/#organization"},"potentialAction":[{"@type":"SearchAction","target":{"@type":"EntryPoint","urlTemplate":"https:\/\/librairie7l.com\/en\/?s={search_term_string}"},"query-input":"required name=search_term_string"}],"inLanguage":"en-US"},{"@type":"Organization","@id":"https:\/\/librairie7l.com\/en\/#organization","name":"Librairie 7L","url":"https:\/\/librairie7l.com\/en\/","logo":{"@type":"ImageObject","inLanguage":"en-US","@id":"https:\/\/librairie7l.com\/en\/#\/schema\/logo\/image\/","url":"https:\/\/librairie7l.com\/wp-content\/uploads\/2022\/08\/logo-1.png","contentUrl":"https:\/\/librairie7l.com\/wp-content\/uploads\/2022\/08\/logo-1.png","width":227,"height":301,"caption":"Librairie 7L"},"image":{"@id":"https:\/\/librairie7l.com\/en\/#\/schema\/logo\/image\/"}}]}},"_links":{"self":[{"href":"https:\/\/librairie7l.com\/en\/wp-json\/wp\/v2\/product\/41432"}],"collection":[{"href":"https:\/\/librairie7l.com\/en\/wp-json\/wp\/v2\/product"}],"about":[{"href":"https:\/\/librairie7l.com\/en\/wp-json\/wp\/v2\/types\/product"}],"wp:featuredmedia":[{"embeddable":true,"href":"https:\/\/librairie7l.com\/en\/wp-json\/wp\/v2\/media\/41430"}],"wp:attachment":[{"href":"https:\/\/librairie7l.com\/en\/wp-json\/wp\/v2\/media?parent=41432"}],"wp:term":[{"taxonomy":"product_cat","embeddable":true,"href":"https:\/\/librairie7l.com\/en\/wp-json\/wp\/v2\/product_cat?post=41432"},{"taxonomy":"product_tag","embeddable":true,"href":"https:\/\/librairie7l.com\/en\/wp-json\/wp\/v2\/product_tag?post=41432"}],"curies":[{"name":"wp","href":"https:\/\/api.w.org\/{rel}","templated":true}]}}