{"id":41454,"date":"2024-06-26T12:22:53","date_gmt":"2024-06-26T10:22:53","guid":{"rendered":"https:\/\/librairie7l.com\/?post_type=product&#038;p=41454"},"modified":"2026-04-06T08:41:33","modified_gmt":"2026-04-06T06:41:33","slug":"marilyn-monroe-la-femme-derriere-licone","status":"publish","type":"product","link":"https:\/\/librairie7l.com\/en\/produit\/marilyn-monroe-la-femme-derriere-licone\/","title":{"rendered":"MARILYN MONROE : LA FEMME DERRI\u00c8RE L&#8217;IC\u00d4NE"},"content":{"rendered":"<p>Soixante ans apr\u00e8s sa disparition, Marilyn Monroe, ic\u00f4ne culturelle, demeure une \u00e9nigme \u00e0 bien des \u00e9gards. Comment d\u00e9m\u00ealer le vrai du faux quand tant de choses ont d\u00e9j\u00e0 \u00e9t\u00e9 dites, \u00e9crites et montr\u00e9es ? Comment r\u00e9pondre \u00e0 la multitude de questions encore non \u00e9lucid\u00e9es ?<br \/>\nPour comprendre qui \u00e9tait la femme cach\u00e9e derri\u00e8re la star, Ian Ayres s&#8217;est attach\u00e9 \u00e0 retrouver de nombreux t\u00e9moins, dont ceux ayant assist\u00e9 \u00e0 l&#8217;ascension et \u00e0 la m\u00e9tamorphose de Norma Jeane en Marilyn Monroe.<br \/>\nLes confessions de ses proches (sa soeur d&#8217;adoption Nancy Bolender-Jeffrey ; Gladys Wilson et Bob Stott, ses amis du lyc\u00e9e ; William Carroll, le premier photographe \u00e0 l&#8217;avoir r\u00e9mun\u00e9r\u00e9e&#8230;) \u00e9clairent son incroyable parcours. Les r\u00e9cits pr\u00e9cieux de personnalit\u00e9s aujourd&#8217;hui d\u00e9c\u00e9d\u00e9es (Jerry Lewis, Tony Curtis, le patron de presse Hugh Hefner ou le producteur Stanley Rubin) compl\u00e8tent cet ouvrage bouleversant, illustr\u00e9 de photographies intimes et pour certaines in\u00e9dites.<\/p>\n<p>Le livre est pr\u00e9fac\u00e9 par l&#8217;actrice Elsa Zylberstein, grande admiratrice de Marilyn.<\/p>\n","protected":false},"excerpt":{"rendered":"<p>Soixante ans apr\u00e8s sa disparition, Marilyn Monroe, ic\u00f4ne culturelle, demeure une \u00e9nigme \u00e0 bien des \u00e9gards. Comment d\u00e9m\u00ealer le vrai du faux quand tant de choses ont d\u00e9j\u00e0 \u00e9t\u00e9 dites, \u00e9crites et montr\u00e9es ? Comment r\u00e9pondre \u00e0 la multitude de questions encore non \u00e9lucid\u00e9es ? Pour comprendre qui \u00e9tait la femme cach\u00e9e derri\u00e8re la star, [&hellip;]<\/p>\n","protected":false},"featured_media":41452,"template":"","meta":[],"product_cat":[2948,2958],"product_tag":[],"acf":[],"yoast_head":"<!-- This site is optimized with the Yoast SEO plugin v20.11 - https:\/\/yoast.com\/wordpress\/plugins\/seo\/ -->\n<title>Marilyn Monroe : la femme derri\u00e8re l&#039;ic\u00f4ne - Librairie 7L<\/title>\n<meta name=\"robots\" content=\"index, follow, max-snippet:-1, max-image-preview:large, max-video-preview:-1\" \/>\n<link rel=\"canonical\" href=\"https:\/\/librairie7l.com\/en\/produit\/marilyn-monroe-la-femme-derriere-licone\/\" \/>\n<meta property=\"og:locale\" content=\"en_US\" \/>\n<meta property=\"og:type\" content=\"article\" \/>\n<meta property=\"og:title\" content=\"Marilyn Monroe : la femme derri\u00e8re l&#039;ic\u00f4ne - Librairie 7L\" \/>\n<meta property=\"og:description\" content=\"Soixante ans apr\u00e8s sa disparition, Marilyn Monroe, ic\u00f4ne culturelle, demeure une \u00e9nigme \u00e0 bien des \u00e9gards. Comment d\u00e9m\u00ealer le vrai du faux quand tant de choses ont d\u00e9j\u00e0 \u00e9t\u00e9 dites, \u00e9crites et montr\u00e9es ? Comment r\u00e9pondre \u00e0 la multitude de questions encore non \u00e9lucid\u00e9es ? Pour comprendre qui \u00e9tait la femme cach\u00e9e derri\u00e8re la star, [&hellip;]\" \/>\n<meta property=\"og:url\" content=\"https:\/\/librairie7l.com\/en\/produit\/marilyn-monroe-la-femme-derriere-licone\/\" \/>\n<meta property=\"og:site_name\" content=\"Librairie 7L\" \/>\n<meta property=\"article:modified_time\" content=\"2026-04-06T06:41:33+00:00\" \/>\n<meta property=\"og:image\" content=\"https:\/\/librairie7l.com\/wp-content\/uploads\/2022\/04\/9782732498188_1_75.jpg\" \/>\n\t<meta property=\"og:image:width\" content=\"600\" \/>\n\t<meta property=\"og:image:height\" content=\"775\" \/>\n\t<meta property=\"og:image:type\" content=\"image\/jpeg\" \/>\n<meta name=\"twitter:card\" content=\"summary_large_image\" \/>\n<meta name=\"twitter:label1\" content=\"Est. reading time\" \/>\n\t<meta name=\"twitter:data1\" content=\"1 minute\" \/>\n<script type=\"application\/ld+json\" class=\"yoast-schema-graph\">{\"@context\":\"https:\/\/schema.org\",\"@graph\":[{\"@type\":\"WebPage\",\"@id\":\"https:\/\/librairie7l.com\/en\/produit\/marilyn-monroe-la-femme-derriere-licone\/\",\"url\":\"https:\/\/librairie7l.com\/en\/produit\/marilyn-monroe-la-femme-derriere-licone\/\",\"name\":\"Marilyn Monroe : la femme derri\u00e8re l'ic\u00f4ne - Librairie 7L\",\"isPartOf\":{\"@id\":\"https:\/\/librairie7l.com\/en\/#website\"},\"datePublished\":\"2024-06-26T10:22:53+00:00\",\"dateModified\":\"2026-04-06T06:41:33+00:00\",\"breadcrumb\":{\"@id\":\"https:\/\/librairie7l.com\/en\/produit\/marilyn-monroe-la-femme-derriere-licone\/#breadcrumb\"},\"inLanguage\":\"en-US\",\"potentialAction\":[{\"@type\":\"ReadAction\",\"target\":[\"https:\/\/librairie7l.com\/en\/produit\/marilyn-monroe-la-femme-derriere-licone\/\"]}]},{\"@type\":\"BreadcrumbList\",\"@id\":\"https:\/\/librairie7l.com\/en\/produit\/marilyn-monroe-la-femme-derriere-licone\/#breadcrumb\",\"itemListElement\":[{\"@type\":\"ListItem\",\"position\":1,\"name\":\"Accueil\",\"item\":\"https:\/\/librairie7l.com\/en\/\"},{\"@type\":\"ListItem\",\"position\":2,\"name\":\"Shop\",\"item\":\"https:\/\/librairie7l.com\/en\/shop\/\"},{\"@type\":\"ListItem\",\"position\":3,\"name\":\"MARILYN MONROE : LA FEMME DERRI\u00c8RE L&#8217;IC\u00d4NE\"}]},{\"@type\":\"WebSite\",\"@id\":\"https:\/\/librairie7l.com\/en\/#website\",\"url\":\"https:\/\/librairie7l.com\/en\/\",\"name\":\"Librairie 7L\",\"description\":\"Librairie fond\u00e9e en 1999 par Karl Lagerfeld \u00e0 Paris\",\"publisher\":{\"@id\":\"https:\/\/librairie7l.com\/en\/#organization\"},\"potentialAction\":[{\"@type\":\"SearchAction\",\"target\":{\"@type\":\"EntryPoint\",\"urlTemplate\":\"https:\/\/librairie7l.com\/en\/?s={search_term_string}\"},\"query-input\":\"required name=search_term_string\"}],\"inLanguage\":\"en-US\"},{\"@type\":\"Organization\",\"@id\":\"https:\/\/librairie7l.com\/en\/#organization\",\"name\":\"Librairie 7L\",\"url\":\"https:\/\/librairie7l.com\/en\/\",\"logo\":{\"@type\":\"ImageObject\",\"inLanguage\":\"en-US\",\"@id\":\"https:\/\/librairie7l.com\/en\/#\/schema\/logo\/image\/\",\"url\":\"https:\/\/librairie7l.com\/wp-content\/uploads\/2022\/08\/logo-1.png\",\"contentUrl\":\"https:\/\/librairie7l.com\/wp-content\/uploads\/2022\/08\/logo-1.png\",\"width\":227,\"height\":301,\"caption\":\"Librairie 7L\"},\"image\":{\"@id\":\"https:\/\/librairie7l.com\/en\/#\/schema\/logo\/image\/\"}}]}<\/script>\n<!-- \/ Yoast SEO plugin. -->","yoast_head_json":{"title":"Marilyn Monroe : la femme derri\u00e8re l'ic\u00f4ne - Librairie 7L","robots":{"index":"index","follow":"follow","max-snippet":"max-snippet:-1","max-image-preview":"max-image-preview:large","max-video-preview":"max-video-preview:-1"},"canonical":"https:\/\/librairie7l.com\/en\/produit\/marilyn-monroe-la-femme-derriere-licone\/","og_locale":"en_US","og_type":"article","og_title":"Marilyn Monroe : la femme derri\u00e8re l'ic\u00f4ne - Librairie 7L","og_description":"Soixante ans apr\u00e8s sa disparition, Marilyn Monroe, ic\u00f4ne culturelle, demeure une \u00e9nigme \u00e0 bien des \u00e9gards. Comment d\u00e9m\u00ealer le vrai du faux quand tant de choses ont d\u00e9j\u00e0 \u00e9t\u00e9 dites, \u00e9crites et montr\u00e9es ? Comment r\u00e9pondre \u00e0 la multitude de questions encore non \u00e9lucid\u00e9es ? Pour comprendre qui \u00e9tait la femme cach\u00e9e derri\u00e8re la star, [&hellip;]","og_url":"https:\/\/librairie7l.com\/en\/produit\/marilyn-monroe-la-femme-derriere-licone\/","og_site_name":"Librairie 7L","article_modified_time":"2026-04-06T06:41:33+00:00","og_image":[{"width":600,"height":775,"url":"https:\/\/librairie7l.com\/wp-content\/uploads\/2022\/04\/9782732498188_1_75.jpg","type":"image\/jpeg"}],"twitter_card":"summary_large_image","twitter_misc":{"Est. reading time":"1 minute"},"schema":{"@context":"https:\/\/schema.org","@graph":[{"@type":"WebPage","@id":"https:\/\/librairie7l.com\/en\/produit\/marilyn-monroe-la-femme-derriere-licone\/","url":"https:\/\/librairie7l.com\/en\/produit\/marilyn-monroe-la-femme-derriere-licone\/","name":"Marilyn Monroe : la femme derri\u00e8re l'ic\u00f4ne - Librairie 7L","isPartOf":{"@id":"https:\/\/librairie7l.com\/en\/#website"},"datePublished":"2024-06-26T10:22:53+00:00","dateModified":"2026-04-06T06:41:33+00:00","breadcrumb":{"@id":"https:\/\/librairie7l.com\/en\/produit\/marilyn-monroe-la-femme-derriere-licone\/#breadcrumb"},"inLanguage":"en-US","potentialAction":[{"@type":"ReadAction","target":["https:\/\/librairie7l.com\/en\/produit\/marilyn-monroe-la-femme-derriere-licone\/"]}]},{"@type":"BreadcrumbList","@id":"https:\/\/librairie7l.com\/en\/produit\/marilyn-monroe-la-femme-derriere-licone\/#breadcrumb","itemListElement":[{"@type":"ListItem","position":1,"name":"Accueil","item":"https:\/\/librairie7l.com\/en\/"},{"@type":"ListItem","position":2,"name":"Shop","item":"https:\/\/librairie7l.com\/en\/shop\/"},{"@type":"ListItem","position":3,"name":"MARILYN MONROE : LA FEMME DERRI\u00c8RE L&#8217;IC\u00d4NE"}]},{"@type":"WebSite","@id":"https:\/\/librairie7l.com\/en\/#website","url":"https:\/\/librairie7l.com\/en\/","name":"Librairie 7L","description":"Librairie fond\u00e9e en 1999 par Karl Lagerfeld \u00e0 Paris","publisher":{"@id":"https:\/\/librairie7l.com\/en\/#organization"},"potentialAction":[{"@type":"SearchAction","target":{"@type":"EntryPoint","urlTemplate":"https:\/\/librairie7l.com\/en\/?s={search_term_string}"},"query-input":"required name=search_term_string"}],"inLanguage":"en-US"},{"@type":"Organization","@id":"https:\/\/librairie7l.com\/en\/#organization","name":"Librairie 7L","url":"https:\/\/librairie7l.com\/en\/","logo":{"@type":"ImageObject","inLanguage":"en-US","@id":"https:\/\/librairie7l.com\/en\/#\/schema\/logo\/image\/","url":"https:\/\/librairie7l.com\/wp-content\/uploads\/2022\/08\/logo-1.png","contentUrl":"https:\/\/librairie7l.com\/wp-content\/uploads\/2022\/08\/logo-1.png","width":227,"height":301,"caption":"Librairie 7L"},"image":{"@id":"https:\/\/librairie7l.com\/en\/#\/schema\/logo\/image\/"}}]}},"_links":{"self":[{"href":"https:\/\/librairie7l.com\/en\/wp-json\/wp\/v2\/product\/41454"}],"collection":[{"href":"https:\/\/librairie7l.com\/en\/wp-json\/wp\/v2\/product"}],"about":[{"href":"https:\/\/librairie7l.com\/en\/wp-json\/wp\/v2\/types\/product"}],"wp:featuredmedia":[{"embeddable":true,"href":"https:\/\/librairie7l.com\/en\/wp-json\/wp\/v2\/media\/41452"}],"wp:attachment":[{"href":"https:\/\/librairie7l.com\/en\/wp-json\/wp\/v2\/media?parent=41454"}],"wp:term":[{"taxonomy":"product_cat","embeddable":true,"href":"https:\/\/librairie7l.com\/en\/wp-json\/wp\/v2\/product_cat?post=41454"},{"taxonomy":"product_tag","embeddable":true,"href":"https:\/\/librairie7l.com\/en\/wp-json\/wp\/v2\/product_tag?post=41454"}],"curies":[{"name":"wp","href":"https:\/\/api.w.org\/{rel}","templated":true}]}}